{"id":7334,"date":"2018-12-06T18:25:05","date_gmt":"2018-12-06T20:25:05","guid":{"rendered":"https:\/\/www.ufsm.br\/orgaos-suplementares\/radio\/?page_id=7334"},"modified":"2024-07-17T12:56:13","modified_gmt":"2024-07-17T15:56:13","slug":"contatos-radios-ufsm","status":"publish","type":"page","link":"https:\/\/www.ufsm.br\/orgaos-suplementares\/radio\/contatos-radios-ufsm","title":{"rendered":"Contatos R\u00e1dios UFSM"},"content":{"rendered":"<p><span style=\"color: #003366\"><strong>E-mail<\/strong><\/span><\/p>\n<p>Envio de pautas e demais contatos: <strong><a href=\"mailto:radios@ufsm.br\">radios@ufsm.br<\/a><\/strong><\/p>\n<p><span style=\"color: #003366\"><strong>Telefones<\/strong><\/span><\/p>\n<p>Est\u00fadio UniFM e WhatsApp: <strong>(55) 3220-8106<\/strong><\/p>\n<p>Est\u00fadio Universidade AM: <strong>(55) 3220-8377<\/strong> e <strong>3220-8660<\/strong><\/p>\n<p>Dire\u00e7\u00e3o: <strong>(55) 3220-8481<\/strong><\/p>\n\n","protected":false},"excerpt":{"rendered":"<p>E-mail Envio de pautas e demais contatos: radios@ufsm.br Telefones Est\u00fadio UniFM e WhatsApp: (55) 3220-8106 Est\u00fadio Universidade AM: (55) 3220-8377 e 3220-8660 Dire\u00e7\u00e3o: (55) 3220-8481<\/p>\n","protected":false},"author":285,"featured_media":0,"parent":0,"menu_order":0,"comment_status":"closed","ping_status":"closed","template":"","meta":{"episode_type":"","audio_file":"","cover_image":"","cover_image_id":"","duration":"","filesize":"","date_recorded":"","explicit":"","block":"","filesize_raw":"","footnotes":""},"categories":[],"tags":[],"class_list":["post-7334","page","type-page","status-publish","hentry"],"acf":[],"_links":{"self":[{"href":"https:\/\/www.ufsm.br\/orgaos-suplementares\/radio\/wp-json\/wp\/v2\/pages\/7334","targetHints":{"allow":["GET"]}}],"collection":[{"href":"https:\/\/www.ufsm.br\/orgaos-suplementares\/radio\/wp-json\/wp\/v2\/pages"}],"about":[{"href":"https:\/\/www.ufsm.br\/orgaos-suplementares\/radio\/wp-json\/wp\/v2\/types\/page"}],"author":[{"embeddable":true,"href":"https:\/\/www.ufsm.br\/orgaos-suplementares\/radio\/wp-json\/wp\/v2\/users\/285"}],"replies":[{"embeddable":true,"href":"https:\/\/www.ufsm.br\/orgaos-suplementares\/radio\/wp-json\/wp\/v2\/comments?post=7334"}],"version-history":[{"count":0,"href":"https:\/\/www.ufsm.br\/orgaos-suplementares\/radio\/wp-json\/wp\/v2\/pages\/7334\/revisions"}],"wp:attachment":[{"href":"https:\/\/www.ufsm.br\/orgaos-suplementares\/radio\/wp-json\/wp\/v2\/media?parent=7334"}],"wp:term":[{"taxonomy":"category","embeddable":true,"href":"https:\/\/www.ufsm.br\/orgaos-suplementares\/radio\/wp-json\/wp\/v2\/categories?post=7334"},{"taxonomy":"post_tag","embeddable":true,"href":"https:\/\/www.ufsm.br\/orgaos-suplementares\/radio\/wp-json\/wp\/v2\/tags?post=7334"}],"curies":[{"name":"wp","href":"https:\/\/api.w.org\/{rel}","templated":true}]}}