{"id":7765,"date":"2024-02-23T10:52:03","date_gmt":"2024-02-23T13:52:03","guid":{"rendered":"https:\/\/www.ufsm.br\/orgaos-suplementares\/radio\/?page_id=7765"},"modified":"2025-07-18T14:34:12","modified_gmt":"2025-07-18T17:34:12","slug":"nucleo-de-radios-da-ufsm","status":"publish","type":"page","link":"https:\/\/www.ufsm.br\/orgaos-suplementares\/radio\/nucleo-de-radios-da-ufsm","title":{"rendered":"N\u00facleo de R\u00e1dios da UFSM"},"content":{"rendered":"\t\t<div data-elementor-type=\"wp-page\" data-elementor-id=\"7765\" class=\"elementor elementor-7765\">\n\t\t\t\t\t\t<section class=\"elementor-section elementor-top-section elementor-element elementor-element-e202b68 elementor-section-boxed elementor-section-height-default elementor-section-height-default\" data-id=\"e202b68\" data-element_type=\"section\">\n\t\t\t\t\t\t<div class=\"elementor-container elementor-column-gap-default\">\n\t\t\t\t\t<div class=\"elementor-column elementor-col-100 elementor-top-column elementor-element elementor-element-8cb79b9\" data-id=\"8cb79b9\" data-element_type=\"column\">\n\t\t\t<div class=\"elementor-widget-wrap elementor-element-populated\">\n\t\t\t\t\t\t<div class=\"elementor-element elementor-element-8741cdc elementor-widget elementor-widget-text-editor\" data-id=\"8741cdc\" data-element_type=\"widget\" data-widget_type=\"text-editor.default\">\n\t\t\t\t<div class=\"elementor-widget-container\">\n\t\t\t\t\t\t\t<p><span style=\"color: #000000;font-size: 1rem\">As r\u00e1dios Universidade AM e UniFM integram a Coordenadoria de Comunica\u00e7\u00e3o Social da Universidade Federal de Santa Maria. A <\/span><b style=\"color: #000000;font-size: 1rem\">Universidade AM<\/b><span style=\"color: #000000;font-size: 1rem\"> foi instalada oficialmente em 27 de maio de 1968, sendo uma das primeiras emissoras educativas do Brasil, e opera na frequ\u00eancia de <\/span><b style=\"color: #000000;font-size: 1rem\">800 Khz<\/b><span style=\"color: #000000;font-size: 1rem\">, com cobertura que alcan\u00e7a mais de 100 munic\u00edpios do Rio Grande do Sul. A <\/span><b style=\"color: #000000;font-size: 1rem\">UniFM<\/b><span style=\"color: #000000;font-size: 1rem\"> est\u00e1 no ar desde dezembro de 2017, como canal em consigna\u00e7\u00e3o da Empresa Brasil de Comunica\u00e7\u00e3o (EBC) na frequ\u00eancia <\/span><b style=\"color: #000000;font-size: 1rem\">107.9 MHz<\/b><span style=\"color: #000000;font-size: 1rem\">, com o objetivo de ampliar o acesso \u00e0 cultura e ao que \u00e9 realizado e discutido na UFSM e al\u00e9m dela.<\/span><\/p><p><span style=\"color: #000000;font-size: 1rem\">Ambas mant\u00eam programa\u00e7\u00f5es distintas, que incluem jornalismo, entrevistas e m\u00fasica. As emissoras realizam programas ao vivo e gravados, coberturas de eventos e contam com programa\u00e7\u00e3o musical qualificada tanto no dial quanto em plataformas digitais, como o site das r\u00e1dios e o aplicativo RadiosNet. Tamb\u00e9m funcionam como espa\u00e7os de forma\u00e7\u00e3o pr\u00e1tica para estudantes, especialmente dos cursos de Comunica\u00e7\u00e3o Social.<\/span><\/p><p>\u00a0<\/p>\t\t\t\t\t\t<\/div>\n\t\t\t\t<\/div>\n\t\t\t\t\t<\/div>\n\t\t<\/div>\n\t\t\t\t\t<\/div>\n\t\t<\/section>\n\t\t\t\t<\/div>\n\t\t","protected":false},"excerpt":{"rendered":"<p>As r\u00e1dios Universidade AM e UniFM integram a Coordenadoria de Comunica\u00e7\u00e3o Social da Universidade Federal de Santa Maria. A Universidade AM foi instalada oficialmente em 27 de maio de 1968, sendo uma das primeiras emissoras educativas do Brasil, e opera na frequ\u00eancia de 800 Khz, com cobertura que alcan\u00e7a mais de 100 munic\u00edpios do Rio [&hellip;]<\/p>\n","protected":false},"author":3748,"featured_media":0,"parent":0,"menu_order":0,"comment_status":"closed","ping_status":"closed","template":"","meta":{"episode_type":"","audio_file":"","cover_image":"","cover_image_id":"","duration":"","filesize":"","date_recorded":"","explicit":"","block":"","filesize_raw":"","footnotes":""},"categories":[],"tags":[],"class_list":["post-7765","page","type-page","status-publish","hentry"],"acf":[],"_links":{"self":[{"href":"https:\/\/www.ufsm.br\/orgaos-suplementares\/radio\/wp-json\/wp\/v2\/pages\/7765","targetHints":{"allow":["GET"]}}],"collection":[{"href":"https:\/\/www.ufsm.br\/orgaos-suplementares\/radio\/wp-json\/wp\/v2\/pages"}],"about":[{"href":"https:\/\/www.ufsm.br\/orgaos-suplementares\/radio\/wp-json\/wp\/v2\/types\/page"}],"author":[{"embeddable":true,"href":"https:\/\/www.ufsm.br\/orgaos-suplementares\/radio\/wp-json\/wp\/v2\/users\/3748"}],"replies":[{"embeddable":true,"href":"https:\/\/www.ufsm.br\/orgaos-suplementares\/radio\/wp-json\/wp\/v2\/comments?post=7765"}],"version-history":[{"count":0,"href":"https:\/\/www.ufsm.br\/orgaos-suplementares\/radio\/wp-json\/wp\/v2\/pages\/7765\/revisions"}],"wp:attachment":[{"href":"https:\/\/www.ufsm.br\/orgaos-suplementares\/radio\/wp-json\/wp\/v2\/media?parent=7765"}],"wp:term":[{"taxonomy":"category","embeddable":true,"href":"https:\/\/www.ufsm.br\/orgaos-suplementares\/radio\/wp-json\/wp\/v2\/categories?post=7765"},{"taxonomy":"post_tag","embeddable":true,"href":"https:\/\/www.ufsm.br\/orgaos-suplementares\/radio\/wp-json\/wp\/v2\/tags?post=7765"}],"curies":[{"name":"wp","href":"https:\/\/api.w.org\/{rel}","templated":true}]}}