{"id":221,"date":"2018-07-10T15:38:27","date_gmt":"2018-07-10T18:38:27","guid":{"rendered":"https:\/\/www.ufsm.br\/orgaos-suplementares\/ru\/?page_id=221"},"modified":"2026-03-12T15:47:29","modified_gmt":"2026-03-12T18:47:29","slug":"unidades","status":"publish","type":"page","link":"https:\/\/www.ufsm.br\/orgaos-suplementares\/ru\/unidades","title":{"rendered":"Unidades"},"content":{"rendered":"\t\t<div data-elementor-type=\"wp-page\" data-elementor-id=\"221\" class=\"elementor elementor-221\">\n\t\t\t\t\t\t<section class=\"elementor-section elementor-top-section elementor-element elementor-element-799a6ac elementor-section-boxed elementor-section-height-default elementor-section-height-default\" data-id=\"799a6ac\" data-element_type=\"section\">\n\t\t\t\t\t\t<div class=\"elementor-container elementor-column-gap-default\">\n\t\t\t\t\t<div class=\"elementor-column elementor-col-100 elementor-top-column elementor-element elementor-element-154301d\" data-id=\"154301d\" data-element_type=\"column\">\n\t\t\t<div class=\"elementor-widget-wrap elementor-element-populated\">\n\t\t\t\t\t\t<div class=\"elementor-element elementor-element-2407960 elementor-tabs-view-horizontal elementor-widget elementor-widget-tabs\" data-id=\"2407960\" data-element_type=\"widget\" data-widget_type=\"tabs.default\">\n\t\t\t\t<div class=\"elementor-widget-container\">\n\t\t\t\t\t<div class=\"elementor-tabs\">\n\t\t\t<div class=\"elementor-tabs-wrapper\" role=\"tablist\" >\n\t\t\t\t\t\t\t\t\t<div id=\"elementor-tab-title-3771\" class=\"elementor-tab-title elementor-tab-desktop-title\" aria-selected=\"true\" data-tab=\"1\" role=\"tab\" tabindex=\"0\" aria-controls=\"elementor-tab-content-3771\" aria-expanded=\"false\">RU CAMPUS I <\/div>\n\t\t\t\t\t\t\t\t\t<div id=\"elementor-tab-title-3772\" class=\"elementor-tab-title elementor-tab-desktop-title\" aria-selected=\"false\" data-tab=\"2\" role=\"tab\" tabindex=\"-1\" aria-controls=\"elementor-tab-content-3772\" aria-expanded=\"false\">RU CAMPUS II<\/div>\n\t\t\t\t\t\t\t<\/div>\n\t\t\t<div class=\"elementor-tabs-content-wrapper\" role=\"tablist\" aria-orientation=\"vertical\">\n\t\t\t\t\t\t\t\t\t<div class=\"elementor-tab-title elementor-tab-mobile-title\" aria-selected=\"true\" data-tab=\"1\" role=\"tab\" tabindex=\"0\" aria-controls=\"elementor-tab-content-3771\" aria-expanded=\"false\">RU CAMPUS I <\/div>\n\t\t\t\t\t<div id=\"elementor-tab-content-3771\" class=\"elementor-tab-content elementor-clearfix\" data-tab=\"1\" role=\"tabpanel\" aria-labelledby=\"elementor-tab-title-3771\" tabindex=\"0\" hidden=\"false\"><p style=\"text-align: justify\">No RU Campus I encontram-se a Dire\u00e7\u00e3o, a Secretaria e o Setor de produ\u00e7\u00e3o das refei\u00e7\u00f5es dos RUs. O Restaurante conta com um refeit\u00f3rio de 1.000 metros quadrados, quatro buffets e disp\u00f5e de 539 lugares. Ainda, o RU Campus I conta ainda com quatro guich\u00eas de recep\u00e7\u00e3o e um caixa de venda de cr\u00e9ditos.<\/p><p style=\"text-align: justify\"><strong>Teto de ocupa\u00e7\u00e3o:<\/strong><\/p><ul><li style=\"text-align: justify\">3.000 agendamentos (caf\u00e9 da manh\u00e3)<\/li><li style=\"text-align: justify\">5.000 agendamentos (almo\u00e7o)<\/li><li style=\"text-align: justify\">5.000 agendamentos (jantar)<\/li><\/ul><p style=\"text-align: justify\">Lota\u00e7\u00e3o (PPCI): 590 lugares<\/p><p style=\"text-align: justify\"><strong>Localiza\u00e7\u00e3o:<\/strong><br \/>Pr\u00e9dio 31 \u2013 T\u00e9rreo Uni\u00e3o Universit\u00e1ria<br \/>Campus Universit\u00e1rio da UFSM<br \/>Fone: (55) 3220-8405<\/p><\/div>\n\t\t\t\t\t\t\t\t\t<div class=\"elementor-tab-title elementor-tab-mobile-title\" aria-selected=\"false\" data-tab=\"2\" role=\"tab\" tabindex=\"-1\" aria-controls=\"elementor-tab-content-3772\" aria-expanded=\"false\">RU CAMPUS II<\/div>\n\t\t\t\t\t<div id=\"elementor-tab-content-3772\" class=\"elementor-tab-content elementor-clearfix\" data-tab=\"2\" role=\"tabpanel\" aria-labelledby=\"elementor-tab-title-3772\" tabindex=\"0\" hidden=\"hidden\"><p style=\"text-align: justify\">Com uma \u00e1rea total de 1.177 metros quadrados, o refeit\u00f3rio do Restaurante Universit\u00e1rio (RU) conta com 4 buffets e capacidade de 440 lugares. Todas as refei\u00e7\u00f5es s\u00e3o preparadas no RU Campus I e transportadas at\u00e9 o refeit\u00f3rio. O RU Campus II conta ainda com copa, cozinha, tr\u00eas guich\u00eas de recep\u00e7\u00e3o e um caixa de venda de cr\u00e9ditos.<\/p><p style=\"text-align: justify\"><strong>Teto de ocupa\u00e7\u00e3o:<\/strong><\/p><ul><li style=\"text-align: justify\">4.000 agendamentos (almo\u00e7o)<\/li><\/ul><p style=\"text-align: justify\"><strong>Localiza\u00e7\u00e3o:<\/strong><br \/>Pr\u00e9dio 31A \u2013 Pr\u00f3ximo ao Centro de Educa\u00e7\u00e3o<br \/>Campus Universit\u00e1rio da UFSM<br \/>Fone: (55) 3220-9643<\/p><\/div>\n\t\t\t\t\t\t\t<\/div>\n\t\t<\/div>\n\t\t\t\t<\/div>\n\t\t\t\t<\/div>\n\t\t\t\t\t<\/div>\n\t\t<\/div>\n\t\t\t\t\t<\/div>\n\t\t<\/section>\n\t\t\t\t<\/div>\n\t\t","protected":false},"excerpt":{"rendered":"<p>RU CAMPUS I RU CAMPUS II RU CAMPUS I No RU Campus I encontram-se a Dire\u00e7\u00e3o, a Secretaria e o Setor de produ\u00e7\u00e3o das refei\u00e7\u00f5es dos RUs. O Restaurante conta com um refeit\u00f3rio de 1.000 metros quadrados, quatro buffets e disp\u00f5e de 539 lugares. Ainda, o RU Campus I conta ainda com quatro guich\u00eas de [&hellip;]<\/p>\n","protected":false},"author":124,"featured_media":0,"parent":0,"menu_order":0,"comment_status":"closed","ping_status":"closed","template":"","meta":{"footnotes":""},"categories":[],"tags":[],"class_list":["post-221","page","type-page","status-publish","hentry"],"acf":[],"_links":{"self":[{"href":"https:\/\/www.ufsm.br\/orgaos-suplementares\/ru\/wp-json\/wp\/v2\/pages\/221","targetHints":{"allow":["GET"]}}],"collection":[{"href":"https:\/\/www.ufsm.br\/orgaos-suplementares\/ru\/wp-json\/wp\/v2\/pages"}],"about":[{"href":"https:\/\/www.ufsm.br\/orgaos-suplementares\/ru\/wp-json\/wp\/v2\/types\/page"}],"author":[{"embeddable":true,"href":"https:\/\/www.ufsm.br\/orgaos-suplementares\/ru\/wp-json\/wp\/v2\/users\/124"}],"replies":[{"embeddable":true,"href":"https:\/\/www.ufsm.br\/orgaos-suplementares\/ru\/wp-json\/wp\/v2\/comments?post=221"}],"version-history":[{"count":0,"href":"https:\/\/www.ufsm.br\/orgaos-suplementares\/ru\/wp-json\/wp\/v2\/pages\/221\/revisions"}],"wp:attachment":[{"href":"https:\/\/www.ufsm.br\/orgaos-suplementares\/ru\/wp-json\/wp\/v2\/media?parent=221"}],"wp:term":[{"taxonomy":"category","embeddable":true,"href":"https:\/\/www.ufsm.br\/orgaos-suplementares\/ru\/wp-json\/wp\/v2\/categories?post=221"},{"taxonomy":"post_tag","embeddable":true,"href":"https:\/\/www.ufsm.br\/orgaos-suplementares\/ru\/wp-json\/wp\/v2\/tags?post=221"}],"curies":[{"name":"wp","href":"https:\/\/api.w.org\/{rel}","templated":true}]}}