{"id":669,"date":"2023-02-16T09:08:20","date_gmt":"2023-02-16T12:08:20","guid":{"rendered":"https:\/\/www.ufsm.br\/orgaos-suplementares\/ru\/?page_id=669"},"modified":"2026-04-02T14:44:50","modified_gmt":"2026-04-02T17:44:50","slug":"carteira-ru","status":"publish","type":"page","link":"https:\/\/www.ufsm.br\/orgaos-suplementares\/ru\/carteira-ru","title":{"rendered":"Carteira RU"},"content":{"rendered":"\t\t<div data-elementor-type=\"wp-page\" data-elementor-id=\"669\" class=\"elementor elementor-669\">\n\t\t\t\t\t\t<section class=\"elementor-section elementor-top-section elementor-element elementor-element-7063635 elementor-section-boxed elementor-section-height-default elementor-section-height-default\" data-id=\"7063635\" data-element_type=\"section\">\n\t\t\t\t\t\t<div class=\"elementor-container elementor-column-gap-default\">\n\t\t\t\t\t<div class=\"elementor-column elementor-col-100 elementor-top-column elementor-element elementor-element-c211f45\" data-id=\"c211f45\" data-element_type=\"column\">\n\t\t\t<div class=\"elementor-widget-wrap elementor-element-populated\">\n\t\t\t\t\t\t<div class=\"elementor-element elementor-element-f07b3ee elementor-tabs-view-horizontal elementor-widget elementor-widget-tabs\" data-id=\"f07b3ee\" data-element_type=\"widget\" data-widget_type=\"tabs.default\">\n\t\t\t\t<div class=\"elementor-widget-container\">\n\t\t\t\t\t<div class=\"elementor-tabs\">\n\t\t\t<div class=\"elementor-tabs-wrapper\" role=\"tablist\" >\n\t\t\t\t\t\t\t\t\t<div id=\"elementor-tab-title-2521\" class=\"elementor-tab-title elementor-tab-desktop-title\" aria-selected=\"true\" data-tab=\"1\" role=\"tab\" tabindex=\"0\" aria-controls=\"elementor-tab-content-2521\" aria-expanded=\"false\">Sobre a Carteira<\/div>\n\t\t\t\t\t\t\t\t\t<div id=\"elementor-tab-title-2522\" class=\"elementor-tab-title elementor-tab-desktop-title\" aria-selected=\"false\" data-tab=\"2\" role=\"tab\" tabindex=\"-1\" aria-controls=\"elementor-tab-content-2522\" aria-expanded=\"false\">Como Gerar<\/div>\n\t\t\t\t\t\t\t\t\t<div id=\"elementor-tab-title-2523\" class=\"elementor-tab-title elementor-tab-desktop-title\" aria-selected=\"false\" data-tab=\"3\" role=\"tab\" tabindex=\"-1\" aria-controls=\"elementor-tab-content-2523\" aria-expanded=\"false\">Foto da Carteira<\/div>\n\t\t\t\t\t\t\t\t\t<div id=\"elementor-tab-title-2524\" class=\"elementor-tab-title elementor-tab-desktop-title\" aria-selected=\"false\" data-tab=\"4\" role=\"tab\" tabindex=\"-1\" aria-controls=\"elementor-tab-content-2524\" aria-expanded=\"false\">Alterar Foto<\/div>\n\t\t\t\t\t\t\t\t\t<div id=\"elementor-tab-title-2525\" class=\"elementor-tab-title elementor-tab-desktop-title\" aria-selected=\"false\" data-tab=\"5\" role=\"tab\" tabindex=\"-1\" aria-controls=\"elementor-tab-content-2525\" aria-expanded=\"false\">Uso da Carteira<\/div>\n\t\t\t\t\t\t\t\t\t<div id=\"elementor-tab-title-2526\" class=\"elementor-tab-title elementor-tab-desktop-title\" aria-selected=\"false\" data-tab=\"6\" role=\"tab\" tabindex=\"-1\" aria-controls=\"elementor-tab-content-2526\" aria-expanded=\"false\">Impress\u00e3o da Carteira<\/div>\n\t\t\t\t\t\t\t\t\t<div id=\"elementor-tab-title-2527\" class=\"elementor-tab-title elementor-tab-desktop-title\" aria-selected=\"false\" data-tab=\"7\" role=\"tab\" tabindex=\"-1\" aria-controls=\"elementor-tab-content-2527\" aria-expanded=\"false\">Recomenda\u00e7\u00f5es<\/div>\n\t\t\t\t\t\t\t<\/div>\n\t\t\t<div class=\"elementor-tabs-content-wrapper\" role=\"tablist\" aria-orientation=\"vertical\">\n\t\t\t\t\t\t\t\t\t<div class=\"elementor-tab-title elementor-tab-mobile-title\" aria-selected=\"true\" data-tab=\"1\" role=\"tab\" tabindex=\"0\" aria-controls=\"elementor-tab-content-2521\" aria-expanded=\"false\">Sobre a Carteira<\/div>\n\t\t\t\t\t<div id=\"elementor-tab-content-2521\" class=\"elementor-tab-content elementor-clearfix\" data-tab=\"1\" role=\"tabpanel\" aria-labelledby=\"elementor-tab-title-2521\" tabindex=\"0\" hidden=\"false\"><p style=\"text-align: justify\">A carteira de identifica\u00e7\u00e3o do RU \u00e9 o <strong>documento oficial e obrigat\u00f3rio<\/strong> para acesso aos Restaurantes Universit\u00e1rios da UFSM, podendo ser apresentada na vers\u00e3o f\u00edsica ou digital.<\/p><\/div>\n\t\t\t\t\t\t\t\t\t<div class=\"elementor-tab-title elementor-tab-mobile-title\" aria-selected=\"false\" data-tab=\"2\" role=\"tab\" tabindex=\"-1\" aria-controls=\"elementor-tab-content-2522\" aria-expanded=\"false\">Como Gerar<\/div>\n\t\t\t\t\t<div id=\"elementor-tab-content-2522\" class=\"elementor-tab-content elementor-clearfix\" data-tab=\"2\" role=\"tabpanel\" aria-labelledby=\"elementor-tab-title-2522\" tabindex=\"0\" hidden=\"hidden\"><p style=\"text-align: justify\" data-start=\"2300\" data-end=\"2353\">\u2705 <strong>Se voc\u00ea j\u00e1 possui foto cadastrada na UFSM:<\/strong><\/p><ol style=\"text-align: justify\" data-start=\"2354\" data-end=\"2587\"><li data-start=\"2354\" data-end=\"2444\"><p data-start=\"2357\" data-end=\"2444\">Baixe o aplicativo UFSM Digital na Play Store (Android) ou App Store (iOS);<\/p><\/li><li data-start=\"2445\" data-end=\"2542\"><p data-start=\"2448\" data-end=\"2542\">Fa\u00e7a login com sua matr\u00edcula e senha (as mesmas do Portal Estudantil ou Portal do Servidor); e<\/p><\/li><li data-start=\"2543\" data-end=\"2587\"><p data-start=\"2546\" data-end=\"2587\">Acesse o menu &#8220;Restaurante Universit\u00e1rio&#8221; e clique em <strong>e-Carteira<\/strong>.<\/p><\/li><\/ol><p style=\"text-align: justify\" data-start=\"2589\" data-end=\"2639\">\ud83d\udcf8 <strong>Se voc\u00ea ainda n\u00e3o tem foto cadastrada:<\/strong><\/p><ol data-start=\"2640\" data-end=\"3280\"><li style=\"text-align: justify\" data-start=\"2640\" data-end=\"2730\"><p data-start=\"2643\" data-end=\"2730\">Baixe o aplicativo UFSM Digital na Play Store (Android) ou App Store (iOS);<\/p><\/li><li style=\"text-align: justify\" data-start=\"2731\" data-end=\"2775\"><p data-start=\"2734\" data-end=\"2775\">Fa\u00e7a login com sua matr\u00edcula e senha (as mesmas do Portal Estudantil ou Portal do Servidor);<\/p><\/li><li style=\"text-align: justify\" data-start=\"2776\" data-end=\"2841\"><p data-start=\"2779\" data-end=\"2841\">V\u00e1 ao menu: Restaurante Universit\u00e1rio &gt; <strong>Altera\u00e7\u00e3o da foto<\/strong>;<\/p><\/li><li style=\"text-align: justify\" data-start=\"2842\" data-end=\"2987\"><p data-start=\"2845\" data-end=\"2900\">Tire uma foto estilo selfie com os seguintes crit\u00e9rios:<\/p><ul data-start=\"2904\" data-end=\"2987\"><li data-start=\"2904\" data-end=\"2921\"><p data-start=\"2906\" data-end=\"2921\">Formato 3&#215;4<\/p><\/li><li data-start=\"2925\" data-end=\"2941\"><p data-start=\"2927\" data-end=\"2941\">Enquadramento frontal<\/p><\/li><li data-start=\"2945\" data-end=\"2969\"><p data-start=\"2947\" data-end=\"2969\">Rosto centralizado<\/p><\/li><li data-start=\"2973\" data-end=\"2987\"><p data-start=\"2975\" data-end=\"2987\">Fundo branco<\/p><\/li><\/ul><\/li><li style=\"text-align: justify\" data-start=\"2988\" data-end=\"3031\"><p data-start=\"2991\" data-end=\"3031\">Envie a solicita\u00e7\u00e3o de inclus\u00e3o da foto; e<\/p><\/li><li style=\"text-align: justify\">Acesse o menu &#8220;Restaurante Universit\u00e1rio&#8221; e clique em <strong>e-Carteira<\/strong>.<\/li><\/ol><\/div>\n\t\t\t\t\t\t\t\t\t<div class=\"elementor-tab-title elementor-tab-mobile-title\" aria-selected=\"false\" data-tab=\"3\" role=\"tab\" tabindex=\"-1\" aria-controls=\"elementor-tab-content-2523\" aria-expanded=\"false\">Foto da Carteira<\/div>\n\t\t\t\t\t<div id=\"elementor-tab-content-2523\" class=\"elementor-tab-content elementor-clearfix\" data-tab=\"3\" role=\"tabpanel\" aria-labelledby=\"elementor-tab-title-2523\" tabindex=\"0\" hidden=\"hidden\"><p data-start=\"2845\" data-end=\"2900\">A foto dever\u00e1 atender aos seguintes crit\u00e9rios:\u00a0<\/p><ul><li style=\"list-style-type: none\"><ul data-start=\"2904\" data-end=\"2987\"><li data-start=\"2904\" data-end=\"2921\"><p data-start=\"2906\" data-end=\"2921\">Formato 3&#215;4<\/p><\/li><li data-start=\"2925\" data-end=\"2941\"><p data-start=\"2927\" data-end=\"2941\">Enquadramento frontal<\/p><\/li><li data-start=\"2945\" data-end=\"2969\"><p data-start=\"2947\" data-end=\"2969\">Rosto centralizado<\/p><\/li><li data-start=\"2973\" data-end=\"2987\"><p data-start=\"2975\" data-end=\"2987\">Fundo branco<\/p><\/li><\/ul><\/li><\/ul><\/div>\n\t\t\t\t\t\t\t\t\t<div class=\"elementor-tab-title elementor-tab-mobile-title\" aria-selected=\"false\" data-tab=\"4\" role=\"tab\" tabindex=\"-1\" aria-controls=\"elementor-tab-content-2524\" aria-expanded=\"false\">Alterar Foto<\/div>\n\t\t\t\t\t<div id=\"elementor-tab-content-2524\" class=\"elementor-tab-content elementor-clearfix\" data-tab=\"4\" role=\"tabpanel\" aria-labelledby=\"elementor-tab-title-2524\" tabindex=\"0\" hidden=\"hidden\"><p style=\"text-align: justify\"><strong>\ud83d\udd04 Se voc\u00ea deseja alterar a foto cadastrada:<\/strong><\/p><ol data-start=\"2640\" data-end=\"3280\"><li style=\"text-align: justify\" data-start=\"2640\" data-end=\"2730\"><p data-start=\"2643\" data-end=\"2730\">Baixe o aplicativo UFSM Digital na Play Store (Android) ou App Store (iOS);<\/p><\/li><li style=\"text-align: justify\" data-start=\"2731\" data-end=\"2775\"><p data-start=\"2734\" data-end=\"2775\">Fa\u00e7a login com sua matr\u00edcula e senha (as mesmas do Portal Estudantil ou Portal do Servidor);<\/p><\/li><li style=\"text-align: justify\" data-start=\"2776\" data-end=\"2841\"><p data-start=\"2779\" data-end=\"2841\">V\u00e1 ao menu: Restaurante Universit\u00e1rio &gt; <strong>Altera\u00e7\u00e3o da foto<\/strong>;<\/p><\/li><li style=\"text-align: justify\" data-start=\"2842\" data-end=\"2987\"><p data-start=\"2845\" data-end=\"2900\">Tire uma foto estilo selfie com os seguintes crit\u00e9rios:<\/p><ul data-start=\"2904\" data-end=\"2987\"><li data-start=\"2904\" data-end=\"2921\"><p data-start=\"2906\" data-end=\"2921\">Formato 3&#215;4<\/p><\/li><li data-start=\"2925\" data-end=\"2941\"><p data-start=\"2927\" data-end=\"2941\">Enquadramento frontal<\/p><\/li><li data-start=\"2945\" data-end=\"2969\"><p data-start=\"2947\" data-end=\"2969\">Rosto centralizado<\/p><\/li><li data-start=\"2973\" data-end=\"2987\"><p data-start=\"2975\" data-end=\"2987\">Fundo branco<\/p><\/li><\/ul><\/li><li style=\"text-align: justify\" data-start=\"2988\" data-end=\"3031\"><p data-start=\"2991\" data-end=\"3031\">Envie a solicita\u00e7\u00e3o de altera\u00e7\u00e3o da foto;<\/p><\/li><li style=\"text-align: justify\" data-start=\"2988\" data-end=\"3031\"><p data-start=\"2991\" data-end=\"3031\">Aguarde a an\u00e1lise da equipe do RU (<strong>prazo de at\u00e9 1 dia \u00fatil<\/strong>);<\/p><\/li><li style=\"text-align: justify\" data-start=\"2988\" data-end=\"3031\"><p data-start=\"2991\" data-end=\"3031\">Ap\u00f3s aprova\u00e7\u00e3o, acesse o menu &#8220;Restaurante Universit\u00e1rio&#8221; e clique em <strong>e-Carteira<\/strong>;<\/p><\/li><li data-start=\"2988\" data-end=\"3031\"><p style=\"text-align: justify\" data-start=\"2991\" data-end=\"3031\">Em caso de recusa da foto, voc\u00ea receber\u00e1 uma notifica\u00e7\u00e3o por e-mail e poder\u00e1 reenviar uma nova foto corrigida.<\/p><\/li><\/ol><\/div>\n\t\t\t\t\t\t\t\t\t<div class=\"elementor-tab-title elementor-tab-mobile-title\" aria-selected=\"false\" data-tab=\"5\" role=\"tab\" tabindex=\"-1\" aria-controls=\"elementor-tab-content-2525\" aria-expanded=\"false\">Uso da Carteira<\/div>\n\t\t\t\t\t<div id=\"elementor-tab-content-2525\" class=\"elementor-tab-content elementor-clearfix\" data-tab=\"5\" role=\"tabpanel\" aria-labelledby=\"elementor-tab-title-2525\" tabindex=\"0\" hidden=\"hidden\"><p style=\"text-align: justify\">A carteira f\u00edsica ou digital do RU \u00e9 de<strong> uso pessoal e intransfer\u00edvel.<\/strong> O empr\u00e9stimo poder\u00e1 resultar em san\u00e7\u00f5es para os envolvidos, conforme o <a href=\"https:\/\/portal.ufsm.br\/documentos\/download.html?action=arquivosIndexados&amp;id=9979135&amp;download=false\"><strong>C\u00f3digo de \u00c9tica e Conviv\u00eancia Discente da UFSM<\/strong><\/a> e o C\u00f3digo Penal (Falsa identidade).\u00a0<\/p><\/div>\n\t\t\t\t\t\t\t\t\t<div class=\"elementor-tab-title elementor-tab-mobile-title\" aria-selected=\"false\" data-tab=\"6\" role=\"tab\" tabindex=\"-1\" aria-controls=\"elementor-tab-content-2526\" aria-expanded=\"false\">Impress\u00e3o da Carteira<\/div>\n\t\t\t\t\t<div id=\"elementor-tab-content-2526\" class=\"elementor-tab-content elementor-clearfix\" data-tab=\"6\" role=\"tabpanel\" aria-labelledby=\"elementor-tab-title-2526\" tabindex=\"0\" hidden=\"hidden\"><p style=\"text-align: justify\">Desde mar\u00e7o de 2023, o RU n\u00e3o emite mais carteiras f\u00edsicas. Usu\u00e1rios(as) que desejarem ter uma c\u00f3pia impressa poder\u00e3o realiz\u00e1-la diretamente no <strong>Portal RU: Menu: Carteira &gt; Minhas Carteiras <a href=\"https:\/\/portal.ufsm.br\/ru\/usuario\/carteira.html?action=list\">(acesse aqui)<\/a><\/strong><\/p><\/div>\n\t\t\t\t\t\t\t\t\t<div class=\"elementor-tab-title elementor-tab-mobile-title\" aria-selected=\"false\" data-tab=\"7\" role=\"tab\" tabindex=\"-1\" aria-controls=\"elementor-tab-content-2527\" aria-expanded=\"false\">Recomenda\u00e7\u00f5es<\/div>\n\t\t\t\t\t<div id=\"elementor-tab-content-2527\" class=\"elementor-tab-content elementor-clearfix\" data-tab=\"7\" role=\"tabpanel\" aria-labelledby=\"elementor-tab-title-2527\" tabindex=\"0\" hidden=\"hidden\"><p><strong>Tenha sempre um print da sua carteira digital.<\/strong><\/p><p>Use em caso de imprevistos, como:<\/p><ul><li>App indispon\u00edvel<\/li><li>Usu\u00e1rio(a) sem acesso \u00e0 internet<\/li><\/ul><p>Se preferir, o(a) usu\u00e1rio(a) pode baixar a carteira em PDF pelo Portal RU.<\/p><\/div>\n\t\t\t\t\t\t\t<\/div>\n\t\t<\/div>\n\t\t\t\t<\/div>\n\t\t\t\t<\/div>\n\t\t\t\t\t<\/div>\n\t\t<\/div>\n\t\t\t\t\t<\/div>\n\t\t<\/section>\n\t\t\t\t<section class=\"elementor-section elementor-top-section elementor-element elementor-element-93c7dc6 elementor-section-boxed elementor-section-height-default elementor-section-height-default\" data-id=\"93c7dc6\" data-element_type=\"section\">\n\t\t\t\t\t\t<div class=\"elementor-container elementor-column-gap-default\">\n\t\t\t\t\t<div class=\"elementor-column elementor-col-100 elementor-top-column elementor-element elementor-element-30137e6\" data-id=\"30137e6\" data-element_type=\"column\">\n\t\t\t<div class=\"elementor-widget-wrap elementor-element-populated\">\n\t\t\t\t\t\t<div class=\"elementor-element elementor-element-90041e3 elementor-widget elementor-widget-text-editor\" data-id=\"90041e3\" data-element_type=\"widget\" data-widget_type=\"text-editor.default\">\n\t\t\t\t<div class=\"elementor-widget-container\">\n\t\t\t\t\t\t\t<p style=\"text-align: justify\">Ainda tem d\u00favidas? Entre em contato com o suporte: <strong><a class=\"notranslate\" href=\"mailto:secretaria.ru@ufsm.br\">secretaria.ru@ufsm.br<\/a><\/strong><\/p>\t\t\t\t\t\t<\/div>\n\t\t\t\t<\/div>\n\t\t\t\t\t<\/div>\n\t\t<\/div>\n\t\t\t\t\t<\/div>\n\t\t<\/section>\n\t\t\t\t<\/div>\n\t\t","protected":false},"excerpt":{"rendered":"<p>Sobre a Carteira Como Gerar Foto da Carteira Alterar Foto Uso da Carteira Impress\u00e3o da Carteira Recomenda\u00e7\u00f5es Sobre a Carteira A carteira de identifica\u00e7\u00e3o do RU \u00e9 o documento oficial e obrigat\u00f3rio para acesso aos Restaurantes Universit\u00e1rios da UFSM, podendo ser apresentada na vers\u00e3o f\u00edsica ou digital. Como Gerar \u2705 Se voc\u00ea j\u00e1 possui foto [&hellip;]<\/p>\n","protected":false},"author":323,"featured_media":0,"parent":0,"menu_order":0,"comment_status":"closed","ping_status":"closed","template":"","meta":{"footnotes":""},"categories":[],"tags":[],"class_list":["post-669","page","type-page","status-publish","hentry"],"acf":[],"_links":{"self":[{"href":"https:\/\/www.ufsm.br\/orgaos-suplementares\/ru\/wp-json\/wp\/v2\/pages\/669","targetHints":{"allow":["GET"]}}],"collection":[{"href":"https:\/\/www.ufsm.br\/orgaos-suplementares\/ru\/wp-json\/wp\/v2\/pages"}],"about":[{"href":"https:\/\/www.ufsm.br\/orgaos-suplementares\/ru\/wp-json\/wp\/v2\/types\/page"}],"author":[{"embeddable":true,"href":"https:\/\/www.ufsm.br\/orgaos-suplementares\/ru\/wp-json\/wp\/v2\/users\/323"}],"replies":[{"embeddable":true,"href":"https:\/\/www.ufsm.br\/orgaos-suplementares\/ru\/wp-json\/wp\/v2\/comments?post=669"}],"version-history":[{"count":0,"href":"https:\/\/www.ufsm.br\/orgaos-suplementares\/ru\/wp-json\/wp\/v2\/pages\/669\/revisions"}],"wp:attachment":[{"href":"https:\/\/www.ufsm.br\/orgaos-suplementares\/ru\/wp-json\/wp\/v2\/media?parent=669"}],"wp:term":[{"taxonomy":"category","embeddable":true,"href":"https:\/\/www.ufsm.br\/orgaos-suplementares\/ru\/wp-json\/wp\/v2\/categories?post=669"},{"taxonomy":"post_tag","embeddable":true,"href":"https:\/\/www.ufsm.br\/orgaos-suplementares\/ru\/wp-json\/wp\/v2\/tags?post=669"}],"curies":[{"name":"wp","href":"https:\/\/api.w.org\/{rel}","templated":true}]}}