{"id":1118,"date":"2022-11-04T14:08:01","date_gmt":"2022-11-04T17:08:01","guid":{"rendered":"https:\/\/www.ufsm.br\/outros-orgaos\/cc\/?page_id=1118"},"modified":"2022-11-04T14:11:03","modified_gmt":"2022-11-04T17:11:03","slug":"marcio-cardozo-de-campos","status":"publish","type":"page","link":"https:\/\/www.ufsm.br\/outros-orgaos\/cc\/marcio-cardozo-de-campos","title":{"rendered":"Marcio Cardozo de Campos"},"content":{"rendered":"\t\t<div data-elementor-type=\"wp-page\" data-elementor-id=\"1118\" class=\"elementor elementor-1118\">\n\t\t\t\t\t\t<section class=\"elementor-section elementor-top-section elementor-element elementor-element-758abc5 elementor-section-boxed elementor-section-height-default elementor-section-height-default\" data-id=\"758abc5\" data-element_type=\"section\">\n\t\t\t\t\t\t<div class=\"elementor-container elementor-column-gap-default\">\n\t\t\t\t\t<div class=\"elementor-column elementor-col-100 elementor-top-column elementor-element elementor-element-330d0c6\" data-id=\"330d0c6\" data-element_type=\"column\">\n\t\t\t<div class=\"elementor-widget-wrap elementor-element-populated\">\n\t\t\t\t\t\t<div class=\"elementor-element elementor-element-88b8c05 elementor-widget-divider--view-line elementor-widget elementor-widget-divider\" data-id=\"88b8c05\" data-element_type=\"widget\" data-widget_type=\"divider.default\">\n\t\t\t\t<div class=\"elementor-widget-container\">\n\t\t\t\t\t<div class=\"elementor-divider\">\n\t\t\t<span class=\"elementor-divider-separator\">\n\t\t\t\t\t\t<\/span>\n\t\t<\/div>\n\t\t\t\t<\/div>\n\t\t\t\t<\/div>\n\t\t\t\t\t<\/div>\n\t\t<\/div>\n\t\t\t\t\t<\/div>\n\t\t<\/section>\n\t\t\t\t<section class=\"elementor-section elementor-top-section elementor-element elementor-element-c5e72d9 elementor-section-boxed elementor-section-height-default elementor-section-height-default\" data-id=\"c5e72d9\" data-element_type=\"section\">\n\t\t\t\t\t\t<div class=\"elementor-container elementor-column-gap-default\">\n\t\t\t\t\t<div class=\"elementor-column elementor-col-100 elementor-top-column elementor-element elementor-element-aa6f13d\" data-id=\"aa6f13d\" data-element_type=\"column\">\n\t\t\t<div class=\"elementor-widget-wrap elementor-element-populated\">\n\t\t\t\t\t\t<div class=\"elementor-element elementor-element-a42a8ce elementor-widget elementor-widget-text-editor\" data-id=\"a42a8ce\" data-element_type=\"widget\" data-widget_type=\"text-editor.default\">\n\t\t\t\t<div class=\"elementor-widget-container\">\n\t\t\t\t\t\t\t<p style=\"text-align: justify\"><span style=\"font-weight: 400\">A presente pesquisa aborda a representatividade pict\u00f3rica de pessoas negras na tem\u00e1tica regionalista sul rio-grandense da cultura ga\u00facha. Pensar a presen\u00e7a, o pertencimento e as a\u00e7\u00f5es da popula\u00e7\u00e3o negra no estado do Rio Grande do Sul, pode levar a um estranhamento, devido ao imagin\u00e1rio hist\u00f3rico segregacionista que ofuscou sua import\u00e2ncia no Sul do Brasil. A evid\u00eancia dessas constata\u00e7\u00f5es se materializa quando se observa a hist\u00f3ria da pintura ga\u00facha, em livros e acervos de institui\u00e7\u00f5es como museus, verificando-se a pouca representatividade de figuras pretas nas cenas pict\u00f3ricas. A presen\u00e7a negra foi silenciada na forma\u00e7\u00e3o do estado do Rio Grande do Sul e essa tentativa de apagamento se manifesta nas pinturas que representam a cultura ga\u00facha, onde as presen\u00e7as pretas frequentemente ocupam um papel secund\u00e1rio ou subalterno. Atrav\u00e9s de uma pesquisa em Po\u00e9ticas Visuais, que visa uma investiga\u00e7\u00e3o pr\u00e1tico-te\u00f3rica alicer\u00e7ada no processo de cria\u00e7\u00e3o art\u00edstica, h\u00e1 possibilidade de reflex\u00e3o e ressignifica\u00e7\u00e3o da presen\u00e7a negra nas cenas pict\u00f3ricas ga\u00fachas. A proposta consiste em elaborar pinturas \u00e0 \u00f3leo em diferentes dimens\u00f5es, de pessoas pretas como protagonistas de cenas caracter\u00edsticas da cultura ga\u00facha retratadas com dignidade e n\u00e3o subalternidade, o que poder\u00e1 contribuir para maior representatividade referente \u00e0 falta da presen\u00e7a negra na pintura do Rio Grande do Sul, sistematicamente negada e silenciada. Assim, a presente pesquisa resultou em dezesseis obras pict\u00f3ricas que retratam pessoas pretas em locais que fujam do olhar estereotipado e limitante percept\u00edvel nas referidas pinturas hist\u00f3ricas e tem como potencial corroborar para a constru\u00e7\u00e3o de uma nova mentalidade sobre qual seria o local de uma pessoa preta na sociedade brasileira, em especial na sociedade ga\u00facha, buscando contribuir para a constru\u00e7\u00e3o do negro como esse \u201cser ga\u00facho\u201d pertencente a este lugar e \u00e0 esta cultura.<\/span><\/p>\t\t\t\t\t\t<\/div>\n\t\t\t\t<\/div>\n\t\t\t\t\t<\/div>\n\t\t<\/div>\n\t\t\t\t\t<\/div>\n\t\t<\/section>\n\t\t\t\t<section class=\"elementor-section elementor-top-section elementor-element elementor-element-54bb61e elementor-section-boxed elementor-section-height-default elementor-section-height-default\" data-id=\"54bb61e\" data-element_type=\"section\">\n\t\t\t\t\t\t<div class=\"elementor-container elementor-column-gap-default\">\n\t\t\t\t\t<div class=\"elementor-column elementor-col-100 elementor-top-column elementor-element elementor-element-dcfebf1\" data-id=\"dcfebf1\" data-element_type=\"column\">\n\t\t\t<div class=\"elementor-widget-wrap elementor-element-populated\">\n\t\t\t\t\t\t<div class=\"elementor-element elementor-element-f09df0f elementor-widget-divider--view-line elementor-widget elementor-widget-divider\" data-id=\"f09df0f\" data-element_type=\"widget\" data-widget_type=\"divider.default\">\n\t\t\t\t<div class=\"elementor-widget-container\">\n\t\t\t\t\t<div class=\"elementor-divider\">\n\t\t\t<span class=\"elementor-divider-separator\">\n\t\t\t\t\t\t<\/span>\n\t\t<\/div>\n\t\t\t\t<\/div>\n\t\t\t\t<\/div>\n\t\t\t\t\t<\/div>\n\t\t<\/div>\n\t\t\t\t\t<\/div>\n\t\t<\/section>\n\t\t\t\t<section class=\"elementor-section elementor-top-section elementor-element elementor-element-7bbed5b elementor-section-boxed elementor-section-height-default elementor-section-height-default\" data-id=\"7bbed5b\" data-element_type=\"section\">\n\t\t\t\t\t\t<div class=\"elementor-container elementor-column-gap-default\">\n\t\t\t\t\t<div class=\"elementor-column elementor-col-50 elementor-top-column elementor-element elementor-element-d351f6b\" data-id=\"d351f6b\" data-element_type=\"column\">\n\t\t\t<div class=\"elementor-widget-wrap elementor-element-populated\">\n\t\t\t\t\t\t<div class=\"elementor-element elementor-element-eef9e7b elementor-button-info elementor-align-left elementor-widget elementor-widget-button\" data-id=\"eef9e7b\" data-element_type=\"widget\" data-widget_type=\"button.default\">\n\t\t\t\t<div class=\"elementor-widget-container\">\n\t\t\t\t\t\t\t<div class=\"elementor-button-wrapper\">\n\t\t\t\t\t<a class=\"elementor-button elementor-button-link elementor-size-xs\" href=\"https:\/\/www.ufsm.br\/outros-orgaos\/cc\/galeria-virtual\/compartilhando-saberes\/sala-07\/\">\n\t\t\t\t\t\t<span class=\"elementor-button-content-wrapper\">\n\t\t\t\t\t\t<span class=\"elementor-button-icon\">\n\t\t\t\t<i aria-hidden=\"true\" class=\"fas fa-caret-left\"><\/i>\t\t\t<\/span>\n\t\t\t\t\t\t\t\t\t<span class=\"elementor-button-text\">Retornar \u00e0 Exposi\u00e7\u00e3o<\/span>\n\t\t\t\t\t<\/span>\n\t\t\t\t\t<\/a>\n\t\t\t\t<\/div>\n\t\t\t\t\t\t<\/div>\n\t\t\t\t<\/div>\n\t\t\t\t\t<\/div>\n\t\t<\/div>\n\t\t\t\t<div class=\"elementor-column elementor-col-50 elementor-top-column elementor-element elementor-element-4bd8c27\" data-id=\"4bd8c27\" data-element_type=\"column\">\n\t\t\t<div class=\"elementor-widget-wrap elementor-element-populated\">\n\t\t\t\t\t\t<div class=\"elementor-element elementor-element-680e85d elementor-button-info elementor-align-right elementor-widget elementor-widget-button\" data-id=\"680e85d\" data-element_type=\"widget\" data-widget_type=\"button.default\">\n\t\t\t\t<div class=\"elementor-widget-container\">\n\t\t\t\t\t\t\t<div class=\"elementor-button-wrapper\">\n\t\t\t\t\t<a class=\"elementor-button elementor-button-link elementor-size-xs\" href=\"https:\/\/www.ufsm.br\/outros-orgaos\/cc\/galeria-virtual\/\">\n\t\t\t\t\t\t<span class=\"elementor-button-content-wrapper\">\n\t\t\t\t\t\t<span class=\"elementor-button-icon\">\n\t\t\t\t<i aria-hidden=\"true\" class=\"fas fa-caret-right\"><\/i>\t\t\t<\/span>\n\t\t\t\t\t\t\t\t\t<span class=\"elementor-button-text\">Galeria Virtual CC<\/span>\n\t\t\t\t\t<\/span>\n\t\t\t\t\t<\/a>\n\t\t\t\t<\/div>\n\t\t\t\t\t\t<\/div>\n\t\t\t\t<\/div>\n\t\t\t\t\t<\/div>\n\t\t<\/div>\n\t\t\t\t\t<\/div>\n\t\t<\/section>\n\t\t\t\t<\/div>\n\t\t","protected":false},"excerpt":{"rendered":"<p>A presente pesquisa aborda a representatividade pict\u00f3rica de pessoas negras na tem\u00e1tica regionalista sul rio-grandense da cultura ga\u00facha. Pensar a presen\u00e7a, o pertencimento e as a\u00e7\u00f5es da popula\u00e7\u00e3o negra no estado do Rio Grande do Sul, pode levar a um estranhamento, devido ao imagin\u00e1rio hist\u00f3rico segregacionista que ofuscou sua import\u00e2ncia no Sul do Brasil. A [&hellip;]<\/p>\n","protected":false},"author":1452,"featured_media":0,"parent":0,"menu_order":0,"comment_status":"closed","ping_status":"closed","template":"","meta":{"footnotes":""},"categories":[],"tags":[],"class_list":["post-1118","page","type-page","status-publish","hentry"],"acf":[],"_links":{"self":[{"href":"https:\/\/www.ufsm.br\/outros-orgaos\/cc\/wp-json\/wp\/v2\/pages\/1118","targetHints":{"allow":["GET"]}}],"collection":[{"href":"https:\/\/www.ufsm.br\/outros-orgaos\/cc\/wp-json\/wp\/v2\/pages"}],"about":[{"href":"https:\/\/www.ufsm.br\/outros-orgaos\/cc\/wp-json\/wp\/v2\/types\/page"}],"author":[{"embeddable":true,"href":"https:\/\/www.ufsm.br\/outros-orgaos\/cc\/wp-json\/wp\/v2\/users\/1452"}],"replies":[{"embeddable":true,"href":"https:\/\/www.ufsm.br\/outros-orgaos\/cc\/wp-json\/wp\/v2\/comments?post=1118"}],"version-history":[{"count":0,"href":"https:\/\/www.ufsm.br\/outros-orgaos\/cc\/wp-json\/wp\/v2\/pages\/1118\/revisions"}],"wp:attachment":[{"href":"https:\/\/www.ufsm.br\/outros-orgaos\/cc\/wp-json\/wp\/v2\/media?parent=1118"}],"wp:term":[{"taxonomy":"category","embeddable":true,"href":"https:\/\/www.ufsm.br\/outros-orgaos\/cc\/wp-json\/wp\/v2\/categories?post=1118"},{"taxonomy":"post_tag","embeddable":true,"href":"https:\/\/www.ufsm.br\/outros-orgaos\/cc\/wp-json\/wp\/v2\/tags?post=1118"}],"curies":[{"name":"wp","href":"https:\/\/api.w.org\/{rel}","templated":true}]}}