{"id":1123,"date":"2022-11-04T14:20:09","date_gmt":"2022-11-04T17:20:09","guid":{"rendered":"https:\/\/www.ufsm.br\/outros-orgaos\/cc\/?page_id=1123"},"modified":"2022-11-04T14:21:19","modified_gmt":"2022-11-04T17:21:19","slug":"barbara-almeida-de-souza","status":"publish","type":"page","link":"https:\/\/www.ufsm.br\/outros-orgaos\/cc\/barbara-almeida-de-souza","title":{"rendered":"Barbara Almeida de Souza"},"content":{"rendered":"\t\t<div data-elementor-type=\"wp-page\" data-elementor-id=\"1123\" class=\"elementor elementor-1123\">\n\t\t\t\t\t\t<section class=\"elementor-section elementor-top-section elementor-element elementor-element-90a4202 elementor-section-boxed elementor-section-height-default elementor-section-height-default\" data-id=\"90a4202\" data-element_type=\"section\">\n\t\t\t\t\t\t<div class=\"elementor-container elementor-column-gap-default\">\n\t\t\t\t\t<div class=\"elementor-column elementor-col-100 elementor-top-column elementor-element elementor-element-a96c5a4\" data-id=\"a96c5a4\" data-element_type=\"column\">\n\t\t\t<div class=\"elementor-widget-wrap elementor-element-populated\">\n\t\t\t\t\t\t<div class=\"elementor-element elementor-element-246c154 elementor-widget-divider--view-line elementor-widget elementor-widget-divider\" data-id=\"246c154\" data-element_type=\"widget\" data-widget_type=\"divider.default\">\n\t\t\t\t<div class=\"elementor-widget-container\">\n\t\t\t\t\t<div class=\"elementor-divider\">\n\t\t\t<span class=\"elementor-divider-separator\">\n\t\t\t\t\t\t<\/span>\n\t\t<\/div>\n\t\t\t\t<\/div>\n\t\t\t\t<\/div>\n\t\t\t\t\t<\/div>\n\t\t<\/div>\n\t\t\t\t\t<\/div>\n\t\t<\/section>\n\t\t\t\t<section class=\"elementor-section elementor-top-section elementor-element elementor-element-ee93dab elementor-section-boxed elementor-section-height-default elementor-section-height-default\" data-id=\"ee93dab\" data-element_type=\"section\">\n\t\t\t\t\t\t<div class=\"elementor-container elementor-column-gap-default\">\n\t\t\t\t\t<div class=\"elementor-column elementor-col-100 elementor-top-column elementor-element elementor-element-1378d6d\" data-id=\"1378d6d\" data-element_type=\"column\">\n\t\t\t<div class=\"elementor-widget-wrap elementor-element-populated\">\n\t\t\t\t\t\t<div class=\"elementor-element elementor-element-873873b elementor-widget elementor-widget-text-editor\" data-id=\"873873b\" data-element_type=\"widget\" data-widget_type=\"text-editor.default\">\n\t\t\t\t<div class=\"elementor-widget-container\">\n\t\t\t\t\t\t\t<p style=\"text-align: justify\"><span style=\"font-weight: 400\">A trajet\u00f3ria de investiga\u00e7\u00e3o da artista no curso de gradua\u00e7\u00e3o em Artes Visuais, resultou em diversas produ\u00e7\u00f5es sobre a tem\u00e1tica de \u201cmoradias\u201d no meio urbano (favelas) e na natureza (ninhos e casulos) servindo como base para a pesquisa de Trabalho de Conclus\u00e3o de Curso, em Po\u00e9ticas Visuais. Com tem\u00e1tica \u201celementos naturais\u201d, \u00e9 apresentada a produ\u00e7\u00e3o de dez pe\u00e7as tridimensionais que referenciam \u201ccasulos\u201d e \u201cninhos\u201d, usando material org\u00e2nico (folhas de \u00e1rvores, cascas, galhos, gravetos, barro, ra\u00edzes, palhas, taquaras, fios naturais (algod\u00e3o), estopa, l\u00e3 de ovelha, penas e sementes). A pesquisa parte da inquieta\u00e7\u00e3o diante da mudan\u00e7a de ambiente, da influ\u00eancia do contato com a natureza e da curiosidade em trabalhar com material natural, fazendo do que foi encontrado na rua o suporte para a produ\u00e7\u00e3o art\u00edstica. Ap\u00f3s a finaliza\u00e7\u00e3o, as pe\u00e7as fizeram parte de instala\u00e7\u00f5es, onde foram expostas em meio externo e interno de uma moradia, registradas atrav\u00e9s da fotografia, criando um di\u00e1logo com a arquitetura e com os objetos dentro dela. Para a realiza\u00e7\u00e3o deste trabalho, foram abordados referenciais te\u00f3ricos e visuais pertinentes, como tamb\u00e9m a utiliza\u00e7\u00e3o de uma metodologia voltada \u00e0 coleta de materiais e a cria\u00e7\u00e3o de pe\u00e7as de estudos. Os resultados obtidos evidenciam a grande varia\u00e7\u00e3o e pot\u00eancia do material ef\u00eamero para o fazer art\u00edstico, transmitem como a artista v\u00ea o mundo e proporcionam a continuidade da pesquisa.<\/span><\/p>\t\t\t\t\t\t<\/div>\n\t\t\t\t<\/div>\n\t\t\t\t\t<\/div>\n\t\t<\/div>\n\t\t\t\t\t<\/div>\n\t\t<\/section>\n\t\t\t\t<section class=\"elementor-section elementor-top-section elementor-element elementor-element-32689ef elementor-section-boxed elementor-section-height-default elementor-section-height-default\" data-id=\"32689ef\" data-element_type=\"section\">\n\t\t\t\t\t\t<div class=\"elementor-container elementor-column-gap-default\">\n\t\t\t\t\t<div class=\"elementor-column elementor-col-100 elementor-top-column elementor-element elementor-element-bcdca48\" data-id=\"bcdca48\" data-element_type=\"column\">\n\t\t\t<div class=\"elementor-widget-wrap elementor-element-populated\">\n\t\t\t\t\t\t<div class=\"elementor-element elementor-element-8cd4dff elementor-widget-divider--view-line elementor-widget elementor-widget-divider\" data-id=\"8cd4dff\" data-element_type=\"widget\" data-widget_type=\"divider.default\">\n\t\t\t\t<div class=\"elementor-widget-container\">\n\t\t\t\t\t<div class=\"elementor-divider\">\n\t\t\t<span class=\"elementor-divider-separator\">\n\t\t\t\t\t\t<\/span>\n\t\t<\/div>\n\t\t\t\t<\/div>\n\t\t\t\t<\/div>\n\t\t\t\t\t<\/div>\n\t\t<\/div>\n\t\t\t\t\t<\/div>\n\t\t<\/section>\n\t\t\t\t<section class=\"elementor-section elementor-top-section elementor-element elementor-element-c419610 elementor-section-boxed elementor-section-height-default elementor-section-height-default\" data-id=\"c419610\" data-element_type=\"section\">\n\t\t\t\t\t\t<div class=\"elementor-container elementor-column-gap-default\">\n\t\t\t\t\t<div class=\"elementor-column elementor-col-50 elementor-top-column elementor-element elementor-element-0b9e028\" data-id=\"0b9e028\" data-element_type=\"column\">\n\t\t\t<div class=\"elementor-widget-wrap elementor-element-populated\">\n\t\t\t\t\t\t<div class=\"elementor-element elementor-element-2ed8ace elementor-button-info elementor-align-left elementor-widget elementor-widget-button\" data-id=\"2ed8ace\" data-element_type=\"widget\" data-widget_type=\"button.default\">\n\t\t\t\t<div class=\"elementor-widget-container\">\n\t\t\t\t\t\t\t<div class=\"elementor-button-wrapper\">\n\t\t\t\t\t<a class=\"elementor-button elementor-button-link elementor-size-xs\" href=\"https:\/\/www.ufsm.br\/outros-orgaos\/cc\/galeria-virtual\/compartilhando-saberes\/sala-07\/\">\n\t\t\t\t\t\t<span class=\"elementor-button-content-wrapper\">\n\t\t\t\t\t\t<span class=\"elementor-button-icon\">\n\t\t\t\t<i aria-hidden=\"true\" class=\"fas fa-caret-left\"><\/i>\t\t\t<\/span>\n\t\t\t\t\t\t\t\t\t<span class=\"elementor-button-text\">Retornar \u00e0 Exposi\u00e7\u00e3o<\/span>\n\t\t\t\t\t<\/span>\n\t\t\t\t\t<\/a>\n\t\t\t\t<\/div>\n\t\t\t\t\t\t<\/div>\n\t\t\t\t<\/div>\n\t\t\t\t\t<\/div>\n\t\t<\/div>\n\t\t\t\t<div class=\"elementor-column elementor-col-50 elementor-top-column elementor-element elementor-element-089cea0\" data-id=\"089cea0\" data-element_type=\"column\">\n\t\t\t<div class=\"elementor-widget-wrap elementor-element-populated\">\n\t\t\t\t\t\t<div class=\"elementor-element elementor-element-9d40066 elementor-button-info elementor-align-right elementor-widget elementor-widget-button\" data-id=\"9d40066\" data-element_type=\"widget\" data-widget_type=\"button.default\">\n\t\t\t\t<div class=\"elementor-widget-container\">\n\t\t\t\t\t\t\t<div class=\"elementor-button-wrapper\">\n\t\t\t\t\t<a class=\"elementor-button elementor-button-link elementor-size-xs\" href=\"https:\/\/www.ufsm.br\/outros-orgaos\/cc\/galeria-virtual\/\">\n\t\t\t\t\t\t<span class=\"elementor-button-content-wrapper\">\n\t\t\t\t\t\t<span class=\"elementor-button-icon\">\n\t\t\t\t<i aria-hidden=\"true\" class=\"fas fa-caret-right\"><\/i>\t\t\t<\/span>\n\t\t\t\t\t\t\t\t\t<span class=\"elementor-button-text\">Galeria Virtual CC<\/span>\n\t\t\t\t\t<\/span>\n\t\t\t\t\t<\/a>\n\t\t\t\t<\/div>\n\t\t\t\t\t\t<\/div>\n\t\t\t\t<\/div>\n\t\t\t\t\t<\/div>\n\t\t<\/div>\n\t\t\t\t\t<\/div>\n\t\t<\/section>\n\t\t\t\t<\/div>\n\t\t","protected":false},"excerpt":{"rendered":"<p>A trajet\u00f3ria de investiga\u00e7\u00e3o da artista no curso de gradua\u00e7\u00e3o em Artes Visuais, resultou em diversas produ\u00e7\u00f5es sobre a tem\u00e1tica de \u201cmoradias\u201d no meio urbano (favelas) e na natureza (ninhos e casulos) servindo como base para a pesquisa de Trabalho de Conclus\u00e3o de Curso, em Po\u00e9ticas Visuais. Com tem\u00e1tica \u201celementos naturais\u201d, \u00e9 apresentada a produ\u00e7\u00e3o [&hellip;]<\/p>\n","protected":false},"author":1452,"featured_media":0,"parent":0,"menu_order":0,"comment_status":"closed","ping_status":"closed","template":"","meta":{"footnotes":""},"categories":[],"tags":[],"class_list":["post-1123","page","type-page","status-publish","hentry"],"acf":[],"_links":{"self":[{"href":"https:\/\/www.ufsm.br\/outros-orgaos\/cc\/wp-json\/wp\/v2\/pages\/1123","targetHints":{"allow":["GET"]}}],"collection":[{"href":"https:\/\/www.ufsm.br\/outros-orgaos\/cc\/wp-json\/wp\/v2\/pages"}],"about":[{"href":"https:\/\/www.ufsm.br\/outros-orgaos\/cc\/wp-json\/wp\/v2\/types\/page"}],"author":[{"embeddable":true,"href":"https:\/\/www.ufsm.br\/outros-orgaos\/cc\/wp-json\/wp\/v2\/users\/1452"}],"replies":[{"embeddable":true,"href":"https:\/\/www.ufsm.br\/outros-orgaos\/cc\/wp-json\/wp\/v2\/comments?post=1123"}],"version-history":[{"count":0,"href":"https:\/\/www.ufsm.br\/outros-orgaos\/cc\/wp-json\/wp\/v2\/pages\/1123\/revisions"}],"wp:attachment":[{"href":"https:\/\/www.ufsm.br\/outros-orgaos\/cc\/wp-json\/wp\/v2\/media?parent=1123"}],"wp:term":[{"taxonomy":"category","embeddable":true,"href":"https:\/\/www.ufsm.br\/outros-orgaos\/cc\/wp-json\/wp\/v2\/categories?post=1123"},{"taxonomy":"post_tag","embeddable":true,"href":"https:\/\/www.ufsm.br\/outros-orgaos\/cc\/wp-json\/wp\/v2\/tags?post=1123"}],"curies":[{"name":"wp","href":"https:\/\/api.w.org\/{rel}","templated":true}]}}