{"id":344,"date":"2020-03-26T15:04:25","date_gmt":"2020-03-26T18:04:25","guid":{"rendered":"https:\/\/www.ufsm.br\/outros-orgaos\/cc\/?page_id=344"},"modified":"2020-03-30T13:53:13","modified_gmt":"2020-03-30T16:53:13","slug":"podcast-musicuriosos","status":"publish","type":"page","link":"https:\/\/www.ufsm.br\/outros-orgaos\/cc\/podcast-musicuriosos","title":{"rendered":"PodCast &#8211; MusiCuriosos"},"content":{"rendered":"\t\t<div data-elementor-type=\"wp-page\" data-elementor-id=\"344\" class=\"elementor elementor-344\">\n\t\t\t\t\t\t<section class=\"elementor-section elementor-top-section elementor-element elementor-element-adefcb3 elementor-section-boxed elementor-section-height-default elementor-section-height-default\" data-id=\"adefcb3\" data-element_type=\"section\">\n\t\t\t\t\t\t<div class=\"elementor-container elementor-column-gap-default\">\n\t\t\t\t\t<div class=\"elementor-column elementor-col-100 elementor-top-column elementor-element elementor-element-b660e67\" data-id=\"b660e67\" data-element_type=\"column\">\n\t\t\t<div class=\"elementor-widget-wrap elementor-element-populated\">\n\t\t\t\t\t\t<div class=\"elementor-element elementor-element-3437e25 elementor-widget elementor-widget-image\" data-id=\"3437e25\" data-element_type=\"widget\" data-widget_type=\"image.default\">\n\t\t\t\t<div class=\"elementor-widget-container\">\n\t\t\t\t\t\t\t\t\t\t\t\t\t<img fetchpriority=\"high\" decoding=\"async\" width=\"1024\" height=\"388\" src=\"https:\/\/www.ufsm.br\/app\/uploads\/sites\/403\/2020\/03\/Conte\u00fados-Culturais4-1024x388.jpg\" class=\"attachment-large size-large wp-image-363\" alt=\"\" srcset=\"https:\/\/www.ufsm.br\/app\/uploads\/sites\/403\/2020\/03\/Conte\u00fados-Culturais4-1024x388.jpg 1024w, https:\/\/www.ufsm.br\/app\/uploads\/sites\/403\/2020\/03\/Conte\u00fados-Culturais4-300x114.jpg 300w, https:\/\/www.ufsm.br\/app\/uploads\/sites\/403\/2020\/03\/Conte\u00fados-Culturais4-768x291.jpg 768w, https:\/\/www.ufsm.br\/app\/uploads\/sites\/403\/2020\/03\/Conte\u00fados-Culturais4.jpg 1350w\" sizes=\"(max-width: 1024px) 100vw, 1024px\" \/>\t\t\t\t\t\t\t\t\t\t\t\t\t<\/div>\n\t\t\t\t<\/div>\n\t\t\t\t\t<\/div>\n\t\t<\/div>\n\t\t\t\t\t<\/div>\n\t\t<\/section>\n\t\t\t\t<section class=\"elementor-section elementor-top-section elementor-element elementor-element-2625716 elementor-section-boxed elementor-section-height-default elementor-section-height-default\" data-id=\"2625716\" data-element_type=\"section\">\n\t\t\t\t\t\t<div class=\"elementor-container elementor-column-gap-default\">\n\t\t\t\t\t<div class=\"elementor-column elementor-col-100 elementor-top-column elementor-element elementor-element-3688152\" data-id=\"3688152\" data-element_type=\"column\">\n\t\t\t<div class=\"elementor-widget-wrap elementor-element-populated\">\n\t\t\t\t\t\t<div class=\"elementor-element elementor-element-572938a elementor-tabs-view-horizontal elementor-widget elementor-widget-tabs\" data-id=\"572938a\" data-element_type=\"widget\" data-widget_type=\"tabs.default\">\n\t\t\t\t<div class=\"elementor-widget-container\">\n\t\t\t\t\t<div class=\"elementor-tabs\">\n\t\t\t<div class=\"elementor-tabs-wrapper\" role=\"tablist\" >\n\t\t\t\t\t\t\t\t\t<div id=\"elementor-tab-title-9131\" class=\"elementor-tab-title elementor-tab-desktop-title\" aria-selected=\"true\" data-tab=\"1\" role=\"tab\" tabindex=\"0\" aria-controls=\"elementor-tab-content-9131\" aria-expanded=\"false\">Sobre o programa<\/div>\n\t\t\t\t\t\t\t\t\t<div id=\"elementor-tab-title-9132\" class=\"elementor-tab-title elementor-tab-desktop-title\" aria-selected=\"false\" data-tab=\"2\" role=\"tab\" tabindex=\"-1\" aria-controls=\"elementor-tab-content-9132\" aria-expanded=\"false\">Redes Sociais<\/div>\n\t\t\t\t\t\t\t\t\t<div id=\"elementor-tab-title-9133\" class=\"elementor-tab-title elementor-tab-desktop-title\" aria-selected=\"false\" data-tab=\"3\" role=\"tab\" tabindex=\"-1\" aria-controls=\"elementor-tab-content-9133\" aria-expanded=\"false\">Acesso aos epis\u00f3dios<\/div>\n\t\t\t\t\t\t\t<\/div>\n\t\t\t<div class=\"elementor-tabs-content-wrapper\" role=\"tablist\" aria-orientation=\"vertical\">\n\t\t\t\t\t\t\t\t\t<div class=\"elementor-tab-title elementor-tab-mobile-title\" aria-selected=\"true\" data-tab=\"1\" role=\"tab\" tabindex=\"0\" aria-controls=\"elementor-tab-content-9131\" aria-expanded=\"false\">Sobre o programa<\/div>\n\t\t\t\t\t<div id=\"elementor-tab-content-9131\" class=\"elementor-tab-content elementor-clearfix\" data-tab=\"1\" role=\"tabpanel\" aria-labelledby=\"elementor-tab-title-9131\" tabindex=\"0\" hidden=\"false\"><p class=\"western\" align=\"justify\"><strong><span style=\"font-size: large\">MusiCuriosos<\/span><\/strong><span style=\"font-size: large\"> \u00e9 um <\/span><em><span style=\"font-size: large\">PodCast<\/span><\/em><span style=\"font-size: large\"> com conte\u00fados musicais interativos que visa compartilhar conhecimentos acerca de diversos assuntos relacionados \u00e0 m\u00fasica erudita, vida do m\u00fasico, pesquisa em m\u00fasica, percep\u00e7\u00e3o musical, ensino de m\u00fasica, ouvido absoluto, medo de palco, ansiedade na performance, cursos de forma\u00e7\u00e3o musical, cogni\u00e7\u00e3o musical, como o c\u00e9rebro processa m\u00fasica, entre outros assuntos. Os epis\u00f3dios s\u00e3o compostos por entrevistas com participantes especializados em cada um dos temas, que compartilham seus conhecimentos em forma de di\u00e1logos abertos.<\/span><\/p><p class=\"western\" align=\"justify\"><span style=\"font-size: large\"><br \/>Os produtos s\u00e3o idealizados pelo grupo de pesquisa \u201cM\u00fasica: Cria\u00e7\u00e3o, Recep\u00e7\u00e3o e Compreens\u00e3o\u201d, sob a coordena\u00e7\u00e3o da professora Nayana Di Giuseppe Germano, do <\/span><span style=\"font-size: large\"><b>Departamento de M\u00fasica<\/b><\/span><span style=\"font-size: large\"> da <\/span><strong><span style=\"font-size: large\">Universidade Federal de Santa Maria<\/span><\/strong><span style=\"font-size: large\"> (UFSM)<\/span><\/p><\/div>\n\t\t\t\t\t\t\t\t\t<div class=\"elementor-tab-title elementor-tab-mobile-title\" aria-selected=\"false\" data-tab=\"2\" role=\"tab\" tabindex=\"-1\" aria-controls=\"elementor-tab-content-9132\" aria-expanded=\"false\">Redes Sociais<\/div>\n\t\t\t\t\t<div id=\"elementor-tab-content-9132\" class=\"elementor-tab-content elementor-clearfix\" data-tab=\"2\" role=\"tabpanel\" aria-labelledby=\"elementor-tab-title-9132\" tabindex=\"0\" hidden=\"hidden\"><p class=\"western\" align=\"justify\"><span style=\"color: #000000\"><span style=\"font-size: large\">Instagram: <\/span><\/span><a href=\"https:\/\/www.instagram.com\/musicuriosos\/\"><u>@<\/u><span style=\"color: #1155cc\"><span style=\"font-size: large\"><u>musicuriosos<\/u><\/span><\/span><\/a><\/p><p class=\"western\" align=\"justify\"><span style=\"color: #000000\"><span style=\"font-size: large\">Facebook: <\/span><\/span><a href=\"https:\/\/www.facebook.com\/musicuriosos\" target=\"_blank\" rel=\"noopener\"><span style=\"color: #1155cc\"><span style=\"font-size: large\"><u>MusiCuriosos<\/u><\/span><\/span><\/a><\/p><p class=\"western\" align=\"justify\">Site: <a href=\"http:\/\/www.musicuriosos.com\/\">musicuriosos.com<\/a><\/p><\/div>\n\t\t\t\t\t\t\t\t\t<div class=\"elementor-tab-title elementor-tab-mobile-title\" aria-selected=\"false\" data-tab=\"3\" role=\"tab\" tabindex=\"-1\" aria-controls=\"elementor-tab-content-9133\" aria-expanded=\"false\">Acesso aos epis\u00f3dios<\/div>\n\t\t\t\t\t<div id=\"elementor-tab-content-9133\" class=\"elementor-tab-content elementor-clearfix\" data-tab=\"3\" role=\"tabpanel\" aria-labelledby=\"elementor-tab-title-9133\" tabindex=\"0\" hidden=\"hidden\"><p class=\"western\" align=\"justify\"><a href=\"http:\/\/www.musicuriosos.com\/episodios.html\"><span style=\"color: #000000\"><span style=\"font-size: large\">Acesso pelo Site<\/span><\/span><\/a><\/p><p class=\"western\" align=\"justify\"><span style=\"color: #000000\">\u00a0<\/span><a href=\"https:\/\/open.spotify.com\/show\/10QEvmzfUE3k0l50Bo8dIw\"><span style=\"color: #000000\"><span style=\"font-size: large\">Spotify<\/span><\/span><\/a><\/p><p class=\"western\" align=\"justify\"><a href=\"https:\/\/podcasts.apple.com\/br\/podcast\/musicuriosos\/id1490755362\"><span style=\"color: #000000\"><span style=\"font-size: large\"><span lang=\"en-US\">Apple podcasts<\/span><\/span><\/span><\/a><\/p><p class=\"western\" align=\"justify\"><a href=\"https:\/\/castbox.fm\/channel\/MusiCuriosos-id2499504?country=br\"><span style=\"color: #000000\"><span style=\"font-size: large\"><span lang=\"en-US\">Castbox<\/span><\/span><\/span><\/a><\/p><p class=\"western\" align=\"justify\"><a href=\"https:\/\/podcasts.google.com\/?feed=aHR0cHM6Ly9hbmNob3IuZm0vcy9kODljZGI0L3BvZGNhc3QvcnNz\"><span style=\"color: #000000\"><span style=\"font-size: large\"><span lang=\"en-US\">Google podcasts<\/span><\/span><\/span><\/a><\/p><p class=\"western\" align=\"justify\"><a href=\"https:\/\/www.stitcher.com\/podcast\/anchor-podcasts\/musicuriosos\"><span style=\"color: #000000\"><span style=\"font-size: large\"><span lang=\"en-US\">Stitcher<\/span><\/span><\/span><\/a><\/p><p class=\"western\" align=\"justify\"><a href=\"https:\/\/www.breaker.audio\/musicuriosos\"><span style=\"color: #000000\"><span style=\"font-size: large\"><span lang=\"en-US\">Breaker<\/span><\/span><\/span><\/a><\/p><p class=\"western\" align=\"justify\"><a href=\"https:\/\/radiopublic.com\/musicuriosos-WozDvM\"><span style=\"color: #000000\"><span style=\"font-size: large\"><span lang=\"en-US\">Radiopublic<\/span><\/span><\/span><\/a><\/p><p class=\"western\" align=\"justify\"><a href=\"https:\/\/anchor.fm\/musicuriosos\"><span style=\"color: #000000\"><span style=\"font-size: large\"><span lang=\"en-US\">Anchor<\/span><\/span><\/span><\/a><\/p><\/div>\n\t\t\t\t\t\t\t<\/div>\n\t\t<\/div>\n\t\t\t\t<\/div>\n\t\t\t\t<\/div>\n\t\t\t\t\t<\/div>\n\t\t<\/div>\n\t\t\t\t\t<\/div>\n\t\t<\/section>\n\t\t\t\t<\/div>\n\t\t","protected":false},"excerpt":{"rendered":"<p>Sobre o programa Redes Sociais Acesso aos epis\u00f3dios Sobre o programa MusiCuriosos \u00e9 um PodCast com conte\u00fados musicais interativos que visa compartilhar conhecimentos acerca de diversos assuntos relacionados \u00e0 m\u00fasica erudita, vida do m\u00fasico, pesquisa em m\u00fasica, percep\u00e7\u00e3o musical, ensino de m\u00fasica, ouvido absoluto, medo de palco, ansiedade na performance, cursos de forma\u00e7\u00e3o musical, cogni\u00e7\u00e3o [&hellip;]<\/p>\n","protected":false},"author":1452,"featured_media":363,"parent":0,"menu_order":0,"comment_status":"closed","ping_status":"closed","template":"","meta":{"footnotes":""},"categories":[],"tags":[],"class_list":["post-344","page","type-page","status-publish","has-post-thumbnail","hentry"],"acf":[],"_links":{"self":[{"href":"https:\/\/www.ufsm.br\/outros-orgaos\/cc\/wp-json\/wp\/v2\/pages\/344","targetHints":{"allow":["GET"]}}],"collection":[{"href":"https:\/\/www.ufsm.br\/outros-orgaos\/cc\/wp-json\/wp\/v2\/pages"}],"about":[{"href":"https:\/\/www.ufsm.br\/outros-orgaos\/cc\/wp-json\/wp\/v2\/types\/page"}],"author":[{"embeddable":true,"href":"https:\/\/www.ufsm.br\/outros-orgaos\/cc\/wp-json\/wp\/v2\/users\/1452"}],"replies":[{"embeddable":true,"href":"https:\/\/www.ufsm.br\/outros-orgaos\/cc\/wp-json\/wp\/v2\/comments?post=344"}],"version-history":[{"count":0,"href":"https:\/\/www.ufsm.br\/outros-orgaos\/cc\/wp-json\/wp\/v2\/pages\/344\/revisions"}],"wp:featuredmedia":[{"embeddable":true,"href":"https:\/\/www.ufsm.br\/outros-orgaos\/cc\/wp-json\/wp\/v2\/media\/363"}],"wp:attachment":[{"href":"https:\/\/www.ufsm.br\/outros-orgaos\/cc\/wp-json\/wp\/v2\/media?parent=344"}],"wp:term":[{"taxonomy":"category","embeddable":true,"href":"https:\/\/www.ufsm.br\/outros-orgaos\/cc\/wp-json\/wp\/v2\/categories?post=344"},{"taxonomy":"post_tag","embeddable":true,"href":"https:\/\/www.ufsm.br\/outros-orgaos\/cc\/wp-json\/wp\/v2\/tags?post=344"}],"curies":[{"name":"wp","href":"https:\/\/api.w.org\/{rel}","templated":true}]}}