{"id":377,"date":"2020-04-02T11:17:57","date_gmt":"2020-04-02T14:17:57","guid":{"rendered":"https:\/\/www.ufsm.br\/outros-orgaos\/cc\/?page_id=377"},"modified":"2020-04-14T18:27:08","modified_gmt":"2020-04-14T21:27:08","slug":"curadoria-prof-dr-amaro-borges","status":"publish","type":"page","link":"https:\/\/www.ufsm.br\/outros-orgaos\/cc\/curadoria-prof-dr-amaro-borges","title":{"rendered":"Curadoria: Prof. Dr. Amaro Borges"},"content":{"rendered":"\t\t<div data-elementor-type=\"wp-page\" data-elementor-id=\"377\" class=\"elementor elementor-377\">\n\t\t\t\t\t\t<section class=\"elementor-section elementor-top-section elementor-element elementor-element-0e5255d elementor-section-boxed elementor-section-height-default elementor-section-height-default\" data-id=\"0e5255d\" data-element_type=\"section\">\n\t\t\t\t\t\t<div class=\"elementor-container elementor-column-gap-default\">\n\t\t\t\t\t<div class=\"elementor-column elementor-col-100 elementor-top-column elementor-element elementor-element-0d5d868\" data-id=\"0d5d868\" data-element_type=\"column\">\n\t\t\t<div class=\"elementor-widget-wrap elementor-element-populated\">\n\t\t\t\t\t\t<div class=\"elementor-element elementor-element-33dbafa elementor-widget elementor-widget-text-editor\" data-id=\"33dbafa\" data-element_type=\"widget\" data-widget_type=\"text-editor.default\">\n\t\t\t\t<div class=\"elementor-widget-container\">\n\t\t\t\t\t\t\t<p><span style=\"color: #000000\">\u201cDentre as performances em v\u00eddeo encontr\u00e1veis no Youtube eu pensei em indicar pelo menos duas: a fant\u00e1stica interpreta\u00e7\u00e3o em 1967, que muitos consideram definitiva, da violoncelista brit\u00e2nica Jacqueline du Pr\u00e9 do Concerto para Violoncelo e Orquestra, de Elgar, junto com Daniel Barenboim regendo a Filarm\u00f4nica de Londres, como tamb\u00e9m a n\u00e3o menos extraordin\u00e1ria performance do maestro e compositor Leonard Bernstein regendo a Nona Sinfonia de Beethoven na Celebra\u00e7\u00e3o da queda do muro de Berlim em 1989.<\/span><\/p><p><span style=\"color: #000000\">Mas talvez estas duas obras n\u00e3o fossem a melhor resposta pa<\/span>ra esta proposta<span style=\"color: #000000\"> em decorr\u00eancia da situa\u00e7\u00e3o em que o pa\u00eds se encontra na atualidade. A melancolia da m\u00fasica bel\u00edssima de Elgar talvez n\u00e3o se adequasse, embora o otimismo da m\u00fasica de Beethoven pudesse ser um ant\u00eddoto.<\/span><\/p><p><span style=\"color: #000000\">Pensando, ent\u00e3o, numa m\u00fasica mais a ver com este momento \u00e9 que me veio \u00e0 cabe\u00e7a uma grava\u00e7\u00e3o n\u00e3o de m\u00fasica de concerto, mas de m\u00fasica popular brasileira. Trata-se de um v\u00eddeo transmitido em 1985 pela rede Globo, com Chico Buarque interpretando o samba enredo Vai Passar, dele e de Francis Hime. Nesta grava\u00e7\u00e3o, destaco a presen\u00e7a do cavaquinho, cujo instrumentista realiza uma grande performance e d\u00e1 um brilho extra a esta bela obra da nossa MPB.<\/span><\/p><p><span style=\"color: #000000\">Assim, espero que, na escuta destes v\u00eddeos,\u00a0possam ser renovadas\u00a0as esperan\u00e7as de que o estandarte do sanat\u00f3rio geral vai passar.\u201d<\/span><\/p><p style=\"text-align: right\"><strong>Prof. Dr. Amaro Borges |<\/strong><\/p><p style=\"text-align: right\"><b>Professor de Composi\u00e7\u00e3o aposentado do Departamento de M\u00fasica\/UFSM<\/b><\/p>\t\t\t\t\t\t<\/div>\n\t\t\t\t<\/div>\n\t\t\t\t\t<\/div>\n\t\t<\/div>\n\t\t\t\t\t<\/div>\n\t\t<\/section>\n\t\t\t\t<section class=\"elementor-section elementor-top-section elementor-element elementor-element-d2ba668 elementor-section-boxed elementor-section-height-default elementor-section-height-default\" data-id=\"d2ba668\" data-element_type=\"section\">\n\t\t\t\t\t\t<div class=\"elementor-container elementor-column-gap-default\">\n\t\t\t\t\t<div class=\"elementor-column elementor-col-100 elementor-top-column elementor-element elementor-element-1d4db41\" data-id=\"1d4db41\" data-element_type=\"column\">\n\t\t\t<div class=\"elementor-widget-wrap elementor-element-populated\">\n\t\t\t\t\t\t<div class=\"elementor-element elementor-element-c2ba03f elementor-widget elementor-widget-text-editor\" data-id=\"c2ba03f\" data-element_type=\"widget\" data-widget_type=\"text-editor.default\">\n\t\t\t\t<div class=\"elementor-widget-container\">\n\t\t\t\t\t\t\t<h5 style=\"text-align: center\"><strong>Concerto para Violoncelo e Orquestra<\/strong><\/h5><p><em>Compositor: Edward Elgar<\/em><\/p><p><em>Obra: Concerto para Violoncelo e Orquestra<\/em><\/p><p><em>Int\u00e9rprete: Jacqueline du Pr\u00e9, violoncelo &amp; Orquestra Filarm\u00f4nica de Londres \u2013 Daniel Barenboim, maestro<\/em><\/p>\t\t\t\t\t\t<\/div>\n\t\t\t\t<\/div>\n\t\t\t\t<div class=\"elementor-element elementor-element-9bc8c80 elementor-widget elementor-widget-video\" data-id=\"9bc8c80\" data-element_type=\"widget\" data-settings=\"{&quot;youtube_url&quot;:&quot;https:\\\/\\\/www.youtube.com\\\/watch?v=OPhkZW_jwc0&quot;,&quot;video_type&quot;:&quot;youtube&quot;,&quot;controls&quot;:&quot;yes&quot;}\" data-widget_type=\"video.default\">\n\t\t\t\t<div class=\"elementor-widget-container\">\n\t\t\t\t\t<div class=\"elementor-wrapper elementor-open-inline\">\n\t\t\t<div class=\"elementor-video\"><\/div>\t\t<\/div>\n\t\t\t\t<\/div>\n\t\t\t\t<\/div>\n\t\t\t\t\t<\/div>\n\t\t<\/div>\n\t\t\t\t\t<\/div>\n\t\t<\/section>\n\t\t\t\t<section class=\"elementor-section elementor-top-section elementor-element elementor-element-a4aa30e elementor-section-boxed elementor-section-height-default elementor-section-height-default\" data-id=\"a4aa30e\" data-element_type=\"section\">\n\t\t\t\t\t\t<div class=\"elementor-container elementor-column-gap-default\">\n\t\t\t\t\t<div class=\"elementor-column elementor-col-100 elementor-top-column elementor-element elementor-element-0a56fe7\" data-id=\"0a56fe7\" data-element_type=\"column\">\n\t\t\t<div class=\"elementor-widget-wrap elementor-element-populated\">\n\t\t\t\t\t\t<div class=\"elementor-element elementor-element-db8decf elementor-widget elementor-widget-text-editor\" data-id=\"db8decf\" data-element_type=\"widget\" data-widget_type=\"text-editor.default\">\n\t\t\t\t<div class=\"elementor-widget-container\">\n\t\t\t\t\t\t\t<h5 style=\"text-align: center\"><strong>Nona Sinfonia<br \/><\/strong><\/h5><p><em><span style=\"color: #000000\">Compositor: Ludwig van Beethoven<\/span><\/em><\/p><p><em><span style=\"color: #000000\">Obra: Nona Sinfonia<\/span><\/em><\/p><p><em><span style=\"color: #000000\">Int\u00e9rprete: Leonard Bernstein, maestro<\/span><\/em><\/p>\t\t\t\t\t\t<\/div>\n\t\t\t\t<\/div>\n\t\t\t\t<div class=\"elementor-element elementor-element-8c603de elementor-widget elementor-widget-video\" data-id=\"8c603de\" data-element_type=\"widget\" data-settings=\"{&quot;youtube_url&quot;:&quot;https:\\\/\\\/www.youtube.com\\\/watch?v=IInG5nY_wrU&quot;,&quot;video_type&quot;:&quot;youtube&quot;,&quot;controls&quot;:&quot;yes&quot;}\" data-widget_type=\"video.default\">\n\t\t\t\t<div class=\"elementor-widget-container\">\n\t\t\t\t\t<div class=\"elementor-wrapper elementor-open-inline\">\n\t\t\t<div class=\"elementor-video\"><\/div>\t\t<\/div>\n\t\t\t\t<\/div>\n\t\t\t\t<\/div>\n\t\t\t\t\t<\/div>\n\t\t<\/div>\n\t\t\t\t\t<\/div>\n\t\t<\/section>\n\t\t\t\t<section class=\"elementor-section elementor-top-section elementor-element elementor-element-de95744 elementor-section-boxed elementor-section-height-default elementor-section-height-default\" data-id=\"de95744\" data-element_type=\"section\">\n\t\t\t\t\t\t<div class=\"elementor-container elementor-column-gap-default\">\n\t\t\t\t\t<div class=\"elementor-column elementor-col-100 elementor-top-column elementor-element elementor-element-de10a59\" data-id=\"de10a59\" data-element_type=\"column\">\n\t\t\t<div class=\"elementor-widget-wrap elementor-element-populated\">\n\t\t\t\t\t\t<div class=\"elementor-element elementor-element-96b3fab elementor-widget elementor-widget-text-editor\" data-id=\"96b3fab\" data-element_type=\"widget\" data-widget_type=\"text-editor.default\">\n\t\t\t\t<div class=\"elementor-widget-container\">\n\t\t\t\t\t\t\t<h5 style=\"text-align: center\"><strong>Vai Passar<br \/><\/strong><\/h5><p><em><span style=\"color: #222222\">Compositor: Chico Buarque e Francis Hime<\/span><\/em><\/p><p><em><span style=\"color: #222222\">Obra: Vai passar<\/span><\/em><\/p><p><em><span style=\"color: #222222\">Int\u00e9rprete: Chico Buarque<\/span><\/em><\/p>\t\t\t\t\t\t<\/div>\n\t\t\t\t<\/div>\n\t\t\t\t<div class=\"elementor-element elementor-element-a9b7ace elementor-widget elementor-widget-video\" data-id=\"a9b7ace\" data-element_type=\"widget\" data-settings=\"{&quot;youtube_url&quot;:&quot;https:\\\/\\\/www.youtube.com\\\/watch?v=IKKLQ3XL9h4&quot;,&quot;video_type&quot;:&quot;youtube&quot;,&quot;controls&quot;:&quot;yes&quot;}\" data-widget_type=\"video.default\">\n\t\t\t\t<div class=\"elementor-widget-container\">\n\t\t\t\t\t<div class=\"elementor-wrapper elementor-open-inline\">\n\t\t\t<div class=\"elementor-video\"><\/div>\t\t<\/div>\n\t\t\t\t<\/div>\n\t\t\t\t<\/div>\n\t\t\t\t\t<\/div>\n\t\t<\/div>\n\t\t\t\t\t<\/div>\n\t\t<\/section>\n\t\t\t\t<\/div>\n\t\t","protected":false},"excerpt":{"rendered":"<p>\u201cDentre as performances em v\u00eddeo encontr\u00e1veis no Youtube eu pensei em indicar pelo menos duas: a fant\u00e1stica interpreta\u00e7\u00e3o em 1967, que muitos consideram definitiva, da violoncelista brit\u00e2nica Jacqueline du Pr\u00e9 do Concerto para Violoncelo e Orquestra, de Elgar, junto com Daniel Barenboim regendo a Filarm\u00f4nica de Londres, como tamb\u00e9m a n\u00e3o menos extraordin\u00e1ria performance do [&hellip;]<\/p>\n","protected":false},"author":1452,"featured_media":0,"parent":0,"menu_order":0,"comment_status":"closed","ping_status":"closed","template":"","meta":{"footnotes":""},"categories":[],"tags":[],"class_list":["post-377","page","type-page","status-publish","hentry"],"acf":[],"_links":{"self":[{"href":"https:\/\/www.ufsm.br\/outros-orgaos\/cc\/wp-json\/wp\/v2\/pages\/377","targetHints":{"allow":["GET"]}}],"collection":[{"href":"https:\/\/www.ufsm.br\/outros-orgaos\/cc\/wp-json\/wp\/v2\/pages"}],"about":[{"href":"https:\/\/www.ufsm.br\/outros-orgaos\/cc\/wp-json\/wp\/v2\/types\/page"}],"author":[{"embeddable":true,"href":"https:\/\/www.ufsm.br\/outros-orgaos\/cc\/wp-json\/wp\/v2\/users\/1452"}],"replies":[{"embeddable":true,"href":"https:\/\/www.ufsm.br\/outros-orgaos\/cc\/wp-json\/wp\/v2\/comments?post=377"}],"version-history":[{"count":0,"href":"https:\/\/www.ufsm.br\/outros-orgaos\/cc\/wp-json\/wp\/v2\/pages\/377\/revisions"}],"wp:attachment":[{"href":"https:\/\/www.ufsm.br\/outros-orgaos\/cc\/wp-json\/wp\/v2\/media?parent=377"}],"wp:term":[{"taxonomy":"category","embeddable":true,"href":"https:\/\/www.ufsm.br\/outros-orgaos\/cc\/wp-json\/wp\/v2\/categories?post=377"},{"taxonomy":"post_tag","embeddable":true,"href":"https:\/\/www.ufsm.br\/outros-orgaos\/cc\/wp-json\/wp\/v2\/tags?post=377"}],"curies":[{"name":"wp","href":"https:\/\/api.w.org\/{rel}","templated":true}]}}