{"id":378,"date":"2020-04-02T11:33:19","date_gmt":"2020-04-02T14:33:19","guid":{"rendered":"https:\/\/www.ufsm.br\/outros-orgaos\/cc\/?page_id=378"},"modified":"2020-04-02T11:39:04","modified_gmt":"2020-04-02T14:39:04","slug":"curadoria-profa-dra-maria-del-carmen-macchi-cabrera","status":"publish","type":"page","link":"https:\/\/www.ufsm.br\/outros-orgaos\/cc\/curadoria-profa-dra-maria-del-carmen-macchi-cabrera","title":{"rendered":"Curadoria: Profa. Dra. Maria del Carmen Macchi Cabrera"},"content":{"rendered":"\t\t<div data-elementor-type=\"wp-page\" data-elementor-id=\"378\" class=\"elementor elementor-378\">\n\t\t\t\t\t\t<section class=\"elementor-section elementor-top-section elementor-element elementor-element-845d473 elementor-section-boxed elementor-section-height-default elementor-section-height-default\" data-id=\"845d473\" data-element_type=\"section\">\n\t\t\t\t\t\t<div class=\"elementor-container elementor-column-gap-default\">\n\t\t\t\t\t<div class=\"elementor-column elementor-col-100 elementor-top-column elementor-element elementor-element-1cbf801\" data-id=\"1cbf801\" data-element_type=\"column\">\n\t\t\t<div class=\"elementor-widget-wrap elementor-element-populated\">\n\t\t\t\t\t\t<div class=\"elementor-element elementor-element-0e66afc elementor-widget elementor-widget-text-editor\" data-id=\"0e66afc\" data-element_type=\"widget\" data-widget_type=\"text-editor.default\">\n\t\t\t\t<div class=\"elementor-widget-container\">\n\t\t\t\t\t\t\t<p align=\"justify\">Ludwig van Beethoven, nasceu em 17 de dezembro de 1770 em Bonn, e faleceu em 26 de mar\u00e7o de 1827.<\/p><p align=\"justify\">Neste ano se comemoram 250 anos do seu nascimento e por esse motivo escolhi uma obra de cada g\u00eanero da m\u00fasica instrumental da primeira fase na obra do compositor, para homenage\u00e1-lo. Cada uma das vers\u00f5es foi escolhida devido a import\u00e2ncia do int\u00e9rprete, sua dedica\u00e7\u00e3o a este repertorio e sua repercuss\u00e3o na realiza\u00e7\u00e3o de obras de Ludwig van Beethoven em seus pa\u00edses de origem e durante sua carreira internacional como solistas e\/ou frente a reconhecidas agrupa\u00e7\u00f5es instrumentais e sinf\u00f4nicas.<\/p><p style=\"text-align: right\"><b>Profa. Dra. Maria del Carmen Macchi Cabrera |<br \/><\/b><\/p><p style=\"text-align: right\"><b>Professora de Hist\u00f3ria da M\u00fasica aposentada do Departamento de M\u00fasica\/UFSM.<\/b><\/p>\t\t\t\t\t\t<\/div>\n\t\t\t\t<\/div>\n\t\t\t\t\t<\/div>\n\t\t<\/div>\n\t\t\t\t\t<\/div>\n\t\t<\/section>\n\t\t\t\t<section class=\"elementor-section elementor-top-section elementor-element elementor-element-08b52df elementor-section-boxed elementor-section-height-default elementor-section-height-default\" data-id=\"08b52df\" data-element_type=\"section\">\n\t\t\t\t\t\t<div class=\"elementor-container elementor-column-gap-default\">\n\t\t\t\t\t<div class=\"elementor-column elementor-col-100 elementor-top-column elementor-element elementor-element-0431db2\" data-id=\"0431db2\" data-element_type=\"column\">\n\t\t\t<div class=\"elementor-widget-wrap elementor-element-populated\">\n\t\t\t\t\t\t<div class=\"elementor-element elementor-element-f57851c elementor-widget elementor-widget-text-editor\" data-id=\"f57851c\" data-element_type=\"widget\" data-widget_type=\"text-editor.default\">\n\t\t\t\t<div class=\"elementor-widget-container\">\n\t\t\t\t\t\t\t<h5 style=\"text-align: center\"><strong>Sonata para piano No. 1 em f\u00e1 menor, Op. 2 No.1, dedicada a Joseph Haydn<\/strong><\/h5><p align=\"justify\">Vers\u00e3o de Daniel Barenboim (1942), pianista, regente e cr\u00edtico musical argentino radicado na Alemanha e especializado na interpreta\u00e7\u00e3o das obras deste compositor, tendo apresentado e gravado as 32 sonatas para piano, os 5 concertos para piano e orquestra e as sinfonias de Beethoven ao longo da sua atividade como pianista e regente de orquestra em diferentes pa\u00edses de Europa.<\/p><p align=\"justify\">Esta sonata \u00e9 em 4 movimentos: Allegro; Adagio; Minuett e Trio; Prestissimo<\/p>\t\t\t\t\t\t<\/div>\n\t\t\t\t<\/div>\n\t\t\t\t<div class=\"elementor-element elementor-element-64ab337 elementor-widget elementor-widget-video\" data-id=\"64ab337\" data-element_type=\"widget\" data-settings=\"{&quot;youtube_url&quot;:&quot;https:\\\/\\\/www.youtube.com\\\/watch?v=9oIdtq9E2ZU&quot;,&quot;video_type&quot;:&quot;youtube&quot;,&quot;controls&quot;:&quot;yes&quot;}\" data-widget_type=\"video.default\">\n\t\t\t\t<div class=\"elementor-widget-container\">\n\t\t\t\t\t<div class=\"elementor-wrapper elementor-open-inline\">\n\t\t\t<div class=\"elementor-video\"><\/div>\t\t<\/div>\n\t\t\t\t<\/div>\n\t\t\t\t<\/div>\n\t\t\t\t\t<\/div>\n\t\t<\/div>\n\t\t\t\t\t<\/div>\n\t\t<\/section>\n\t\t\t\t<section class=\"elementor-section elementor-top-section elementor-element elementor-element-57805a9 elementor-section-boxed elementor-section-height-default elementor-section-height-default\" data-id=\"57805a9\" data-element_type=\"section\">\n\t\t\t\t\t\t<div class=\"elementor-container elementor-column-gap-default\">\n\t\t\t\t\t<div class=\"elementor-column elementor-col-100 elementor-top-column elementor-element elementor-element-31103b2\" data-id=\"31103b2\" data-element_type=\"column\">\n\t\t\t<div class=\"elementor-widget-wrap elementor-element-populated\">\n\t\t\t\t\t\t<div class=\"elementor-element elementor-element-13c32af elementor-widget elementor-widget-text-editor\" data-id=\"13c32af\" data-element_type=\"widget\" data-widget_type=\"text-editor.default\">\n\t\t\t\t<div class=\"elementor-widget-container\">\n\t\t\t\t\t\t\t<h5 style=\"text-align: center\"><strong>Quarteto de cordas No. 1, f\u00e1 maior. Op. 18. Dedicado ao pr\u00edncipe von Lobkowitz<\/strong><\/h5><p align=\"justify\">Vers\u00e3o do Quarteto Alban Berg. Quarteto que foi fundado por 4 jovens professores da Academia de M\u00fasica de Viena e se manteve em intensa atividade musical entre 1971 e 2008, se apresentando nas principais cidades de Europa, Austr\u00e1lia, Nova Zelandia, EUA e Am\u00e9rica Latina. Suas \u00faltimas apresenta\u00e7\u00f5es foram realizadas no Teatro Colon de Buenos Aires, no Teatro Cultura Art\u00edstica de S\u00e3o Paulo e na Sala Cecilia Meireles no Rio de Janeiro.<\/p><p align=\"justify\">O nome deste quarteto foi em homenagem ao reconhecido compositor, tamb\u00e9m austr\u00edaco, Alban Berg do qual gravaram toda sua obra.<\/p><p align=\"justify\">Os movimentos deste quarteto s\u00e3o: Allegro con brio; Adagio affettuoso ed appassionato; Scherzo. Allegro molto e Allegro<\/p>\t\t\t\t\t\t<\/div>\n\t\t\t\t<\/div>\n\t\t\t\t<div class=\"elementor-element elementor-element-f319969 elementor-widget elementor-widget-video\" data-id=\"f319969\" data-element_type=\"widget\" data-settings=\"{&quot;youtube_url&quot;:&quot;https:\\\/\\\/www.youtube.com\\\/watch?v=de-NLJ0doao&quot;,&quot;video_type&quot;:&quot;youtube&quot;,&quot;controls&quot;:&quot;yes&quot;}\" data-widget_type=\"video.default\">\n\t\t\t\t<div class=\"elementor-widget-container\">\n\t\t\t\t\t<div class=\"elementor-wrapper elementor-open-inline\">\n\t\t\t<div class=\"elementor-video\"><\/div>\t\t<\/div>\n\t\t\t\t<\/div>\n\t\t\t\t<\/div>\n\t\t\t\t\t<\/div>\n\t\t<\/div>\n\t\t\t\t\t<\/div>\n\t\t<\/section>\n\t\t\t\t<section class=\"elementor-section elementor-top-section elementor-element elementor-element-5eb706f elementor-section-boxed elementor-section-height-default elementor-section-height-default\" data-id=\"5eb706f\" data-element_type=\"section\">\n\t\t\t\t\t\t<div class=\"elementor-container elementor-column-gap-default\">\n\t\t\t\t\t<div class=\"elementor-column elementor-col-100 elementor-top-column elementor-element elementor-element-1c76371\" data-id=\"1c76371\" data-element_type=\"column\">\n\t\t\t<div class=\"elementor-widget-wrap elementor-element-populated\">\n\t\t\t\t\t\t<div class=\"elementor-element elementor-element-3d31f04 elementor-widget elementor-widget-text-editor\" data-id=\"3d31f04\" data-element_type=\"widget\" data-widget_type=\"text-editor.default\">\n\t\t\t\t<div class=\"elementor-widget-container\">\n\t\t\t\t\t\t\t<h5 style=\"text-align: center\"><strong>Concerto para piano No. 1 em d\u00f3 Maior, Op. 15. Dedicado a sua aluna Princesa Anna Louise Barbara Odescalchi, tamb\u00e9m conhecida como Condessa de con Keglevic ou Babette de Keglevics<\/strong><\/h5><p align=\"justify\">Vers\u00e3o com Leonard Bernstein (1918-1990) compositor, professor, pianista e regente norte-americano, grava\u00e7\u00e3o realizada com a Orquestra Filarm\u00f4nica de Viena em 1970.<\/p><p align=\"justify\">Bernstein \u00e9 um com primeiros compositores norte-americanos reconhecido internacionalmente tamb\u00e9m como pianista e regente da Orquestra Filarm\u00f4nica de Nova Iorque e das principais orquestras europeias ao longo do s\u00e9culo XX.<\/p><p align=\"justify\">Os tr\u00eas movimentos deste concerto s\u00e3o: Allegro com brio; Largo; Rond\u00f3: Allegro<\/p>\t\t\t\t\t\t<\/div>\n\t\t\t\t<\/div>\n\t\t\t\t<div class=\"elementor-element elementor-element-98d9a8b elementor-widget elementor-widget-video\" data-id=\"98d9a8b\" data-element_type=\"widget\" data-settings=\"{&quot;youtube_url&quot;:&quot;https:\\\/\\\/www.youtube.com\\\/watch?v=EgKjp98fPnw&quot;,&quot;video_type&quot;:&quot;youtube&quot;,&quot;controls&quot;:&quot;yes&quot;}\" data-widget_type=\"video.default\">\n\t\t\t\t<div class=\"elementor-widget-container\">\n\t\t\t\t\t<div class=\"elementor-wrapper elementor-open-inline\">\n\t\t\t<div class=\"elementor-video\"><\/div>\t\t<\/div>\n\t\t\t\t<\/div>\n\t\t\t\t<\/div>\n\t\t\t\t\t<\/div>\n\t\t<\/div>\n\t\t\t\t\t<\/div>\n\t\t<\/section>\n\t\t\t\t<section class=\"elementor-section elementor-top-section elementor-element elementor-element-f7e0621 elementor-section-boxed elementor-section-height-default elementor-section-height-default\" data-id=\"f7e0621\" data-element_type=\"section\">\n\t\t\t\t\t\t<div class=\"elementor-container elementor-column-gap-default\">\n\t\t\t\t\t<div class=\"elementor-column elementor-col-100 elementor-top-column elementor-element elementor-element-f1f09a2\" data-id=\"f1f09a2\" data-element_type=\"column\">\n\t\t\t<div class=\"elementor-widget-wrap elementor-element-populated\">\n\t\t\t\t\t\t<div class=\"elementor-element elementor-element-e54bb69 elementor-widget elementor-widget-text-editor\" data-id=\"e54bb69\" data-element_type=\"widget\" data-widget_type=\"text-editor.default\">\n\t\t\t\t<div class=\"elementor-widget-container\">\n\t\t\t\t\t\t\t<h5 style=\"text-align: center\" align=\"justify\"><strong>Sinfonia No. 1. Em D\u00f3 Maior, <span lang=\"es-ES\">Op. 21.<\/span> <span lang=\"es-ES\">Dedicada ao Bar\u00e3o Van Swieten<\/span><\/strong><\/h5><p align=\"justify\">Vers\u00e3o da Abbado Chamber Orchestra of Europe. 1996. Regente Ricardo Mutti (1941)<\/p><p align=\"justify\">Dentre os regentes de reconhecimento internacional ao longo do s\u00e9culo XX, o italiano Ricardo Mutti atuou nas orquestras das principais cidades da Europa. Se destacou na reg\u00eancia de obras do repertorio l\u00edrico, em diferentes teatro de \u00f3pera da Europa e foi diretor musical do teatro de \u00f3pera La Scala de Milan entre 1986 e 2005.<\/p><p align=\"justify\">Sua experi\u00eancia como regente no repertorio sinf\u00f4nico \u00e9 reconhecida internacionalmente, principalmente na obra de Beethoven, Schumann, Scriabin e outros compositores contempor\u00e2neos como Britten, Hindemith e Ligeti.<\/p><p align=\"justify\">Esta sinfonia \u00e9 em 4 movimentos: Adagio molto. Allegro com brio; Andante cant\u00e1bile \u2013 com moto; Menuetto- Allegro molto e vivace; Finale \u2013 Adagio, alegro molto e vivace<\/p>\t\t\t\t\t\t<\/div>\n\t\t\t\t<\/div>\n\t\t\t\t<div class=\"elementor-element elementor-element-cb7a36f elementor-widget elementor-widget-video\" data-id=\"cb7a36f\" data-element_type=\"widget\" data-settings=\"{&quot;youtube_url&quot;:&quot;https:\\\/\\\/www.youtube.com\\\/watch?v=MnVnhFzQVv8&quot;,&quot;video_type&quot;:&quot;youtube&quot;,&quot;controls&quot;:&quot;yes&quot;}\" data-widget_type=\"video.default\">\n\t\t\t\t<div class=\"elementor-widget-container\">\n\t\t\t\t\t<div class=\"elementor-wrapper elementor-open-inline\">\n\t\t\t<div class=\"elementor-video\"><\/div>\t\t<\/div>\n\t\t\t\t<\/div>\n\t\t\t\t<\/div>\n\t\t\t\t\t<\/div>\n\t\t<\/div>\n\t\t\t\t\t<\/div>\n\t\t<\/section>\n\t\t\t\t<\/div>\n\t\t","protected":false},"excerpt":{"rendered":"<p>Ludwig van Beethoven, nasceu em 17 de dezembro de 1770 em Bonn, e faleceu em 26 de mar\u00e7o de 1827. Neste ano se comemoram 250 anos do seu nascimento e por esse motivo escolhi uma obra de cada g\u00eanero da m\u00fasica instrumental da primeira fase na obra do compositor, para homenage\u00e1-lo. Cada uma das vers\u00f5es [&hellip;]<\/p>\n","protected":false},"author":1452,"featured_media":0,"parent":0,"menu_order":0,"comment_status":"closed","ping_status":"closed","template":"","meta":{"footnotes":""},"categories":[],"tags":[],"class_list":["post-378","page","type-page","status-publish","hentry"],"acf":[],"_links":{"self":[{"href":"https:\/\/www.ufsm.br\/outros-orgaos\/cc\/wp-json\/wp\/v2\/pages\/378","targetHints":{"allow":["GET"]}}],"collection":[{"href":"https:\/\/www.ufsm.br\/outros-orgaos\/cc\/wp-json\/wp\/v2\/pages"}],"about":[{"href":"https:\/\/www.ufsm.br\/outros-orgaos\/cc\/wp-json\/wp\/v2\/types\/page"}],"author":[{"embeddable":true,"href":"https:\/\/www.ufsm.br\/outros-orgaos\/cc\/wp-json\/wp\/v2\/users\/1452"}],"replies":[{"embeddable":true,"href":"https:\/\/www.ufsm.br\/outros-orgaos\/cc\/wp-json\/wp\/v2\/comments?post=378"}],"version-history":[{"count":0,"href":"https:\/\/www.ufsm.br\/outros-orgaos\/cc\/wp-json\/wp\/v2\/pages\/378\/revisions"}],"wp:attachment":[{"href":"https:\/\/www.ufsm.br\/outros-orgaos\/cc\/wp-json\/wp\/v2\/media?parent=378"}],"wp:term":[{"taxonomy":"category","embeddable":true,"href":"https:\/\/www.ufsm.br\/outros-orgaos\/cc\/wp-json\/wp\/v2\/categories?post=378"},{"taxonomy":"post_tag","embeddable":true,"href":"https:\/\/www.ufsm.br\/outros-orgaos\/cc\/wp-json\/wp\/v2\/tags?post=378"}],"curies":[{"name":"wp","href":"https:\/\/api.w.org\/{rel}","templated":true}]}}