{"id":406,"date":"2020-04-14T16:48:14","date_gmt":"2020-04-14T19:48:14","guid":{"rendered":"https:\/\/www.ufsm.br\/outros-orgaos\/cc\/?page_id=406"},"modified":"2020-04-14T16:58:28","modified_gmt":"2020-04-14T19:58:28","slug":"curadoria-profa-cheisa-goulart","status":"publish","type":"page","link":"https:\/\/www.ufsm.br\/outros-orgaos\/cc\/curadoria-profa-cheisa-goulart","title":{"rendered":"Curadoria: Profa. Cheisa Goulart"},"content":{"rendered":"\t\t<div data-elementor-type=\"wp-page\" data-elementor-id=\"406\" class=\"elementor elementor-406\">\n\t\t\t\t\t\t<section class=\"elementor-section elementor-top-section elementor-element elementor-element-4cf9bd3 elementor-section-boxed elementor-section-height-default elementor-section-height-default\" data-id=\"4cf9bd3\" data-element_type=\"section\">\n\t\t\t\t\t\t<div class=\"elementor-container elementor-column-gap-default\">\n\t\t\t\t\t<div class=\"elementor-column elementor-col-100 elementor-top-column elementor-element elementor-element-1a4d307\" data-id=\"1a4d307\" data-element_type=\"column\">\n\t\t\t<div class=\"elementor-widget-wrap elementor-element-populated\">\n\t\t\t\t\t\t<div class=\"elementor-element elementor-element-5c9d247 elementor-widget elementor-widget-video\" data-id=\"5c9d247\" data-element_type=\"widget\" data-settings=\"{&quot;youtube_url&quot;:&quot;https:\\\/\\\/www.youtube.com\\\/watch?v=SBLgGGGv1O0&quot;,&quot;video_type&quot;:&quot;youtube&quot;,&quot;controls&quot;:&quot;yes&quot;}\" data-widget_type=\"video.default\">\n\t\t\t\t<div class=\"elementor-widget-container\">\n\t\t\t\t\t<div class=\"elementor-wrapper elementor-open-inline\">\n\t\t\t<div class=\"elementor-video\"><\/div>\t\t<\/div>\n\t\t\t\t<\/div>\n\t\t\t\t<\/div>\n\t\t\t\t<div class=\"elementor-element elementor-element-5763958 elementor-widget elementor-widget-text-editor\" data-id=\"5763958\" data-element_type=\"widget\" data-widget_type=\"text-editor.default\">\n\t\t\t\t<div class=\"elementor-widget-container\">\n\t\t\t\t\t\t\t<p style=\"text-align: right\"><strong>Profa. Cheisa Goulart<\/strong><br \/><strong>Propriet\u00e1ria do Piano Est\u00fadio Cheisa Goulart, Bag\u00e9\/RS<\/strong><br \/><strong>Egressa do Curso de M\u00fasica \u2013 Bacharelado em Piano \u2013 UFSM<\/strong><\/p>\t\t\t\t\t\t<\/div>\n\t\t\t\t<\/div>\n\t\t\t\t\t<\/div>\n\t\t<\/div>\n\t\t\t\t\t<\/div>\n\t\t<\/section>\n\t\t\t\t<section class=\"elementor-section elementor-top-section elementor-element elementor-element-b339b4b elementor-section-boxed elementor-section-height-default elementor-section-height-default\" data-id=\"b339b4b\" data-element_type=\"section\">\n\t\t\t\t\t\t<div class=\"elementor-container elementor-column-gap-default\">\n\t\t\t\t\t<div class=\"elementor-column elementor-col-100 elementor-top-column elementor-element elementor-element-cebcab7\" data-id=\"cebcab7\" data-element_type=\"column\">\n\t\t\t<div class=\"elementor-widget-wrap elementor-element-populated\">\n\t\t\t\t\t\t<div class=\"elementor-element elementor-element-5a1cc93 elementor-widget elementor-widget-heading\" data-id=\"5a1cc93\" data-element_type=\"widget\" data-widget_type=\"heading.default\">\n\t\t\t\t<div class=\"elementor-widget-container\">\n\t\t\t<h5 class=\"elementor-heading-title elementor-size-default\">Kinderszenen Op. 15 (Cenas Infantis)<\/h5>\t\t<\/div>\n\t\t\t\t<\/div>\n\t\t\t\t\t<\/div>\n\t\t<\/div>\n\t\t\t\t\t<\/div>\n\t\t<\/section>\n\t\t\t\t<section class=\"elementor-section elementor-top-section elementor-element elementor-element-5e3db39 elementor-section-boxed elementor-section-height-default elementor-section-height-default\" data-id=\"5e3db39\" data-element_type=\"section\">\n\t\t\t\t\t\t<div class=\"elementor-container elementor-column-gap-default\">\n\t\t\t\t\t<div class=\"elementor-column elementor-col-100 elementor-top-column elementor-element elementor-element-22f681d\" data-id=\"22f681d\" data-element_type=\"column\">\n\t\t\t<div class=\"elementor-widget-wrap elementor-element-populated\">\n\t\t\t\t\t\t<div class=\"elementor-element elementor-element-08df933 elementor-widget elementor-widget-text-editor\" data-id=\"08df933\" data-element_type=\"widget\" data-widget_type=\"text-editor.default\">\n\t\t\t\t<div class=\"elementor-widget-container\">\n\t\t\t\t\t\t\t<p><em>Compositor: Robert Schumann<\/em><br \/><em>Obra: Kinderszenen Op. 15 (Cenas Infantis)<\/em><br \/><em>Int\u00e9rprete: Vladimir Horowitz, piano<\/em><\/p>\t\t\t\t\t\t<\/div>\n\t\t\t\t<\/div>\n\t\t\t\t\t<\/div>\n\t\t<\/div>\n\t\t\t\t\t<\/div>\n\t\t<\/section>\n\t\t\t\t<section class=\"elementor-section elementor-top-section elementor-element elementor-element-cbd03f2 elementor-section-boxed elementor-section-height-default elementor-section-height-default\" data-id=\"cbd03f2\" data-element_type=\"section\">\n\t\t\t\t\t\t<div class=\"elementor-container elementor-column-gap-default\">\n\t\t\t\t\t<div class=\"elementor-column elementor-col-100 elementor-top-column elementor-element elementor-element-a52d09d\" data-id=\"a52d09d\" data-element_type=\"column\">\n\t\t\t<div class=\"elementor-widget-wrap elementor-element-populated\">\n\t\t\t\t\t\t<div class=\"elementor-element elementor-element-ef918dd elementor-widget elementor-widget-video\" data-id=\"ef918dd\" data-element_type=\"widget\" data-settings=\"{&quot;youtube_url&quot;:&quot;https:\\\/\\\/www.youtube.com\\\/watch?v=yibf6QNjgGU&amp;feature=youtu.be&quot;,&quot;video_type&quot;:&quot;youtube&quot;,&quot;controls&quot;:&quot;yes&quot;}\" data-widget_type=\"video.default\">\n\t\t\t\t<div class=\"elementor-widget-container\">\n\t\t\t\t\t<div class=\"elementor-wrapper elementor-open-inline\">\n\t\t\t<div class=\"elementor-video\"><\/div>\t\t<\/div>\n\t\t\t\t<\/div>\n\t\t\t\t<\/div>\n\t\t\t\t\t<\/div>\n\t\t<\/div>\n\t\t\t\t\t<\/div>\n\t\t<\/section>\n\t\t\t\t<\/div>\n\t\t","protected":false},"excerpt":{"rendered":"<p>https:\/\/www.youtube.com\/watch?v=SBLgGGGv1O0 Profa. Cheisa GoulartPropriet\u00e1ria do Piano Est\u00fadio Cheisa Goulart, Bag\u00e9\/RSEgressa do Curso de M\u00fasica \u2013 Bacharelado em Piano \u2013 UFSM Kinderszenen Op. 15 (Cenas Infantis) Compositor: Robert SchumannObra: Kinderszenen Op. 15 (Cenas Infantis)Int\u00e9rprete: Vladimir Horowitz, piano https:\/\/www.youtube.com\/watch?v=yibf6QNjgGU&#038;feature=youtu.be<\/p>\n","protected":false},"author":1452,"featured_media":376,"parent":0,"menu_order":0,"comment_status":"closed","ping_status":"closed","template":"","meta":{"footnotes":""},"categories":[],"tags":[],"class_list":["post-406","page","type-page","status-publish","has-post-thumbnail","hentry"],"acf":[],"_links":{"self":[{"href":"https:\/\/www.ufsm.br\/outros-orgaos\/cc\/wp-json\/wp\/v2\/pages\/406","targetHints":{"allow":["GET"]}}],"collection":[{"href":"https:\/\/www.ufsm.br\/outros-orgaos\/cc\/wp-json\/wp\/v2\/pages"}],"about":[{"href":"https:\/\/www.ufsm.br\/outros-orgaos\/cc\/wp-json\/wp\/v2\/types\/page"}],"author":[{"embeddable":true,"href":"https:\/\/www.ufsm.br\/outros-orgaos\/cc\/wp-json\/wp\/v2\/users\/1452"}],"replies":[{"embeddable":true,"href":"https:\/\/www.ufsm.br\/outros-orgaos\/cc\/wp-json\/wp\/v2\/comments?post=406"}],"version-history":[{"count":0,"href":"https:\/\/www.ufsm.br\/outros-orgaos\/cc\/wp-json\/wp\/v2\/pages\/406\/revisions"}],"wp:featuredmedia":[{"embeddable":true,"href":"https:\/\/www.ufsm.br\/outros-orgaos\/cc\/wp-json\/wp\/v2\/media\/376"}],"wp:attachment":[{"href":"https:\/\/www.ufsm.br\/outros-orgaos\/cc\/wp-json\/wp\/v2\/media?parent=406"}],"wp:term":[{"taxonomy":"category","embeddable":true,"href":"https:\/\/www.ufsm.br\/outros-orgaos\/cc\/wp-json\/wp\/v2\/categories?post=406"},{"taxonomy":"post_tag","embeddable":true,"href":"https:\/\/www.ufsm.br\/outros-orgaos\/cc\/wp-json\/wp\/v2\/tags?post=406"}],"curies":[{"name":"wp","href":"https:\/\/api.w.org\/{rel}","templated":true}]}}