{"id":497,"date":"2020-06-18T23:01:57","date_gmt":"2020-06-19T02:01:57","guid":{"rendered":"https:\/\/www.ufsm.br\/outros-orgaos\/cc\/?page_id=497"},"modified":"2020-06-19T15:16:44","modified_gmt":"2020-06-19T18:16:44","slug":"pedro-henrique-de-carvalho","status":"publish","type":"page","link":"https:\/\/www.ufsm.br\/outros-orgaos\/cc\/pedro-henrique-de-carvalho","title":{"rendered":"Pedro Henrique de Carvalho"},"content":{"rendered":"\t\t<div data-elementor-type=\"wp-page\" data-elementor-id=\"497\" class=\"elementor elementor-497\">\n\t\t\t\t\t\t<section class=\"elementor-section elementor-top-section elementor-element elementor-element-2f60367 elementor-section-boxed elementor-section-height-default elementor-section-height-default\" data-id=\"2f60367\" data-element_type=\"section\">\n\t\t\t\t\t\t<div class=\"elementor-container elementor-column-gap-default\">\n\t\t\t\t\t<div class=\"elementor-column elementor-col-100 elementor-top-column elementor-element elementor-element-897f7bb\" data-id=\"897f7bb\" data-element_type=\"column\">\n\t\t\t<div class=\"elementor-widget-wrap elementor-element-populated\">\n\t\t\t\t\t\t<div class=\"elementor-element elementor-element-1a19999 elementor-widget elementor-widget-heading\" data-id=\"1a19999\" data-element_type=\"widget\" data-widget_type=\"heading.default\">\n\t\t\t\t<div class=\"elementor-widget-container\">\n\t\t\t<h5 class=\"elementor-heading-title elementor-size-default\">Biografia do Artista<\/h5>\t\t<\/div>\n\t\t\t\t<\/div>\n\t\t\t\t<div class=\"elementor-element elementor-element-69bd96c elementor-widget elementor-widget-text-editor\" data-id=\"69bd96c\" data-element_type=\"widget\" data-widget_type=\"text-editor.default\">\n\t\t\t\t<div class=\"elementor-widget-container\">\n\t\t\t\t\t\t\t<p class=\"western\" align=\"justify\"><span style=\"color: #c9211e\"><span style=\"font-family: Arial, serif\"><span style=\"font-size: medium\">Estou na gradua\u00e7\u00e3o do bacharelado em artes visuais pela UFSM, com experimenta\u00e7\u00f5es em diversas linguagens, mas foco nas bidimensionais de desenho, gravura e pintura. Trabalho no Museu de Arte de Santa Maria e participo do coletivo Denegrir de arte produzida pela comunidade negra de Santa Maria. Gradua\u00e7\u00e3o em Artes Visuais \u2013 2017 \u2013 presente Contrato vigente como estagi\u00e1rio no Museu de Arte de Santa Maria \u2013 2019 &#8211; 2021 Participa\u00e7\u00e3o de Exposi\u00e7\u00f5es: DENEGRIR &#8211; Exposi\u00e7\u00e3o coletiva de artistas negras(os) &#8211; 2019 COINCID\u00caNCIAS &#8211; Exposi\u00e7\u00e3o Coletiva \u2013 2019 Exposi\u00e7\u00e3o \u201cMinha independ\u00eancia tem algemas?\u201d &#8211; 2019 Identidades &#8211; Exposi\u00e7\u00e3o coletiva de artistas LGBTQIA+ &#8211; 2019 Exposi\u00e7\u00e3o &#8211; Impress\u00f5es de Silveira Martins \u2013 2019 Curadoria e Organiza\u00e7\u00e3o de Exposi\u00e7\u00f5es DENEGRIR &#8211; Exposi\u00e7\u00e3o coletiva de artistas negras(os) &#8211; 2019 COINCID\u00caNCIAS &#8211; Exposi\u00e7\u00e3o Coletiva \u2013 2019 Identidades &#8211; Exposi\u00e7\u00e3o coletiva de artistas LGBTQIA+ &#8211; 2019<\/span><\/span><\/span><\/p>\t\t\t\t\t\t<\/div>\n\t\t\t\t<\/div>\n\t\t\t\t<div class=\"elementor-element elementor-element-9a32114 elementor-widget elementor-widget-spacer\" data-id=\"9a32114\" data-element_type=\"widget\" data-widget_type=\"spacer.default\">\n\t\t\t\t<div class=\"elementor-widget-container\">\n\t\t\t\t\t<div class=\"elementor-spacer\">\n\t\t\t<div class=\"elementor-spacer-inner\"><\/div>\n\t\t<\/div>\n\t\t\t\t<\/div>\n\t\t\t\t<\/div>\n\t\t\t\t\t<\/div>\n\t\t<\/div>\n\t\t\t\t\t<\/div>\n\t\t<\/section>\n\t\t\t\t<section class=\"elementor-section elementor-top-section elementor-element elementor-element-8ed06fb elementor-section-boxed elementor-section-height-default elementor-section-height-default\" data-id=\"8ed06fb\" data-element_type=\"section\">\n\t\t\t\t\t\t<div class=\"elementor-container elementor-column-gap-default\">\n\t\t\t\t\t<div class=\"elementor-column elementor-col-100 elementor-top-column elementor-element elementor-element-50d6e5b\" data-id=\"50d6e5b\" data-element_type=\"column\">\n\t\t\t<div class=\"elementor-widget-wrap elementor-element-populated\">\n\t\t\t\t\t\t<div class=\"elementor-element elementor-element-e48e8f1 elementor-widget elementor-widget-heading\" data-id=\"e48e8f1\" data-element_type=\"widget\" data-widget_type=\"heading.default\">\n\t\t\t\t<div class=\"elementor-widget-container\">\n\t\t\t<h5 class=\"elementor-heading-title elementor-size-default\">Obras em Exposi\u00e7\u00e3o<\/h5>\t\t<\/div>\n\t\t\t\t<\/div>\n\t\t\t\t\t<\/div>\n\t\t<\/div>\n\t\t\t\t\t<\/div>\n\t\t<\/section>\n\t\t\t\t<section class=\"elementor-section elementor-top-section elementor-element elementor-element-7480a20 elementor-section-boxed elementor-section-height-default elementor-section-height-default\" data-id=\"7480a20\" data-element_type=\"section\">\n\t\t\t\t\t\t<div class=\"elementor-container elementor-column-gap-default\">\n\t\t\t\t\t<div class=\"elementor-column elementor-col-100 elementor-top-column elementor-element elementor-element-2192618\" data-id=\"2192618\" data-element_type=\"column\">\n\t\t\t<div class=\"elementor-widget-wrap elementor-element-populated\">\n\t\t\t\t\t\t<div class=\"elementor-element elementor-element-a512758 elementor-widget elementor-widget-image\" data-id=\"a512758\" data-element_type=\"widget\" data-widget_type=\"image.default\">\n\t\t\t\t<div class=\"elementor-widget-container\">\n\t\t\t\t\t\t\t\t\t\t<figure class=\"wp-caption\">\n\t\t\t\t\t\t\t\t\t\t\t<a href=\"https:\/\/www.ufsm.br\/outros-orgaos\/cc\/wp-content\/uploads\/sites\/403\/2020\/06\/Pedro-Henrique-de-Carvalho-1-scaled.jpg\" data-elementor-open-lightbox=\"yes\" data-elementor-lightbox-title=\"Pedro Henrique de Carvalho 1\" data-elementor-lightbox-description=\"Quadro sem t\u00edtulo. Ilustra\u00e7\u00e3o mostrando uma forma humana esguia, na posi\u00e7\u00e3o de lan\u00e7amento de disco ol\u00edmpico. Predomina a cor cinza na obra.\" data-e-action-hash=\"#elementor-action%3Aaction%3Dlightbox%26settings%3DeyJpZCI6IjQ5OCIsInVybCI6Imh0dHBzOlwvXC93d3cudWZzbS5iclwvYXBwXC91cGxvYWRzXC9zaXRlc1wvNDAzXC8yMDIwXC8wNlwvUGVkcm8tSGVucmlxdWUtZGUtQ2FydmFsaG8tMS1zY2FsZWQuanBnIn0%3D\">\n\t\t\t\t\t\t\t<img fetchpriority=\"high\" decoding=\"async\" width=\"727\" height=\"1024\" src=\"https:\/\/www.ufsm.br\/app\/uploads\/sites\/403\/2020\/06\/Pedro-Henrique-de-Carvalho-1-727x1024.jpg\" class=\"attachment-large size-large wp-image-498\" alt=\"\" srcset=\"https:\/\/www.ufsm.br\/app\/uploads\/sites\/403\/2020\/06\/Pedro-Henrique-de-Carvalho-1-727x1024.jpg 727w, https:\/\/www.ufsm.br\/app\/uploads\/sites\/403\/2020\/06\/Pedro-Henrique-de-Carvalho-1-213x300.jpg 213w, https:\/\/www.ufsm.br\/app\/uploads\/sites\/403\/2020\/06\/Pedro-Henrique-de-Carvalho-1-768x1082.jpg 768w, https:\/\/www.ufsm.br\/app\/uploads\/sites\/403\/2020\/06\/Pedro-Henrique-de-Carvalho-1-1090x1536.jpg 1090w, https:\/\/www.ufsm.br\/app\/uploads\/sites\/403\/2020\/06\/Pedro-Henrique-de-Carvalho-1-1454x2048.jpg 1454w, https:\/\/www.ufsm.br\/app\/uploads\/sites\/403\/2020\/06\/Pedro-Henrique-de-Carvalho-1-scaled.jpg 1817w\" sizes=\"(max-width: 727px) 100vw, 727px\" \/>\t\t\t\t\t\t\t\t<\/a>\n\t\t\t\t\t\t\t\t\t\t\t<figcaption class=\"widget-image-caption wp-caption-text\">Obra 01. Dimens\u00f5es: 21 x 29,7cm. \nT\u00e9cnica: Gravura em metal<\/figcaption>\n\t\t\t\t\t\t\t\t\t\t<\/figure>\n\t\t\t\t\t\t\t<\/div>\n\t\t\t\t<\/div>\n\t\t\t\t<div class=\"elementor-element elementor-element-33cdc06 elementor-widget elementor-widget-spacer\" data-id=\"33cdc06\" data-element_type=\"widget\" data-widget_type=\"spacer.default\">\n\t\t\t\t<div class=\"elementor-widget-container\">\n\t\t\t\t\t<div class=\"elementor-spacer\">\n\t\t\t<div class=\"elementor-spacer-inner\"><\/div>\n\t\t<\/div>\n\t\t\t\t<\/div>\n\t\t\t\t<\/div>\n\t\t\t\t\t<\/div>\n\t\t<\/div>\n\t\t\t\t\t<\/div>\n\t\t<\/section>\n\t\t\t\t<section class=\"elementor-section elementor-top-section elementor-element elementor-element-bf6c7b4 elementor-section-boxed elementor-section-height-default elementor-section-height-default\" data-id=\"bf6c7b4\" data-element_type=\"section\">\n\t\t\t\t\t\t<div class=\"elementor-container elementor-column-gap-default\">\n\t\t\t\t\t<div class=\"elementor-column elementor-col-100 elementor-top-column elementor-element elementor-element-86e4e5b\" data-id=\"86e4e5b\" data-element_type=\"column\">\n\t\t\t<div class=\"elementor-widget-wrap elementor-element-populated\">\n\t\t\t\t\t\t<div class=\"elementor-element elementor-element-add1bee elementor-widget elementor-widget-image\" data-id=\"add1bee\" data-element_type=\"widget\" data-widget_type=\"image.default\">\n\t\t\t\t<div class=\"elementor-widget-container\">\n\t\t\t\t\t\t\t\t\t\t<figure class=\"wp-caption\">\n\t\t\t\t\t\t\t\t\t\t\t<a href=\"https:\/\/www.ufsm.br\/outros-orgaos\/cc\/wp-content\/uploads\/sites\/403\/2020\/06\/Pedro-Henrique-de-Carvalho-2-scaled.jpg\" data-elementor-open-lightbox=\"yes\" data-elementor-lightbox-title=\"Pedro Henrique de Carvalho 2\" data-elementor-lightbox-description=\"Quadro sem t\u00edtulo. Ilustra\u00e7\u00e3o mostrando um esbo\u00e7o de forma humana, na posi\u00e7\u00e3o sentada. Predomina a cor cinza na obra.\" data-e-action-hash=\"#elementor-action%3Aaction%3Dlightbox%26settings%3DeyJpZCI6IjQ5OSIsInVybCI6Imh0dHBzOlwvXC93d3cudWZzbS5iclwvYXBwXC91cGxvYWRzXC9zaXRlc1wvNDAzXC8yMDIwXC8wNlwvUGVkcm8tSGVucmlxdWUtZGUtQ2FydmFsaG8tMi1zY2FsZWQuanBnIn0%3D\">\n\t\t\t\t\t\t\t<img decoding=\"async\" width=\"710\" height=\"1024\" src=\"https:\/\/www.ufsm.br\/app\/uploads\/sites\/403\/2020\/06\/Pedro-Henrique-de-Carvalho-2-710x1024.jpg\" class=\"attachment-large size-large wp-image-499\" alt=\"\" srcset=\"https:\/\/www.ufsm.br\/app\/uploads\/sites\/403\/2020\/06\/Pedro-Henrique-de-Carvalho-2-710x1024.jpg 710w, https:\/\/www.ufsm.br\/app\/uploads\/sites\/403\/2020\/06\/Pedro-Henrique-de-Carvalho-2-208x300.jpg 208w, https:\/\/www.ufsm.br\/app\/uploads\/sites\/403\/2020\/06\/Pedro-Henrique-de-Carvalho-2-768x1107.jpg 768w, https:\/\/www.ufsm.br\/app\/uploads\/sites\/403\/2020\/06\/Pedro-Henrique-de-Carvalho-2-1065x1536.jpg 1065w, https:\/\/www.ufsm.br\/app\/uploads\/sites\/403\/2020\/06\/Pedro-Henrique-de-Carvalho-2-1421x2048.jpg 1421w, https:\/\/www.ufsm.br\/app\/uploads\/sites\/403\/2020\/06\/Pedro-Henrique-de-Carvalho-2-scaled.jpg 1776w\" sizes=\"(max-width: 710px) 100vw, 710px\" \/>\t\t\t\t\t\t\t\t<\/a>\n\t\t\t\t\t\t\t\t\t\t\t<figcaption class=\"widget-image-caption wp-caption-text\">Obra 02. Dimens\u00f5es: 21 x 29,7cm. \nT\u00e9cnica: Gravura em metal<\/figcaption>\n\t\t\t\t\t\t\t\t\t\t<\/figure>\n\t\t\t\t\t\t\t<\/div>\n\t\t\t\t<\/div>\n\t\t\t\t<div class=\"elementor-element elementor-element-9fcc7f3 elementor-widget elementor-widget-spacer\" data-id=\"9fcc7f3\" data-element_type=\"widget\" data-widget_type=\"spacer.default\">\n\t\t\t\t<div class=\"elementor-widget-container\">\n\t\t\t\t\t<div class=\"elementor-spacer\">\n\t\t\t<div class=\"elementor-spacer-inner\"><\/div>\n\t\t<\/div>\n\t\t\t\t<\/div>\n\t\t\t\t<\/div>\n\t\t\t\t\t<\/div>\n\t\t<\/div>\n\t\t\t\t\t<\/div>\n\t\t<\/section>\n\t\t\t\t<section class=\"elementor-section elementor-top-section elementor-element elementor-element-8f4e6bb elementor-section-boxed elementor-section-height-default elementor-section-height-default\" data-id=\"8f4e6bb\" data-element_type=\"section\">\n\t\t\t\t\t\t<div class=\"elementor-container elementor-column-gap-default\">\n\t\t\t\t\t<div class=\"elementor-column elementor-col-100 elementor-top-column elementor-element elementor-element-f66150c\" data-id=\"f66150c\" data-element_type=\"column\">\n\t\t\t<div class=\"elementor-widget-wrap elementor-element-populated\">\n\t\t\t\t\t\t<div class=\"elementor-element elementor-element-d57a7ef elementor-widget elementor-widget-image\" data-id=\"d57a7ef\" data-element_type=\"widget\" data-widget_type=\"image.default\">\n\t\t\t\t<div class=\"elementor-widget-container\">\n\t\t\t\t\t\t\t\t\t\t<figure class=\"wp-caption\">\n\t\t\t\t\t\t\t\t\t\t\t<a href=\"https:\/\/www.ufsm.br\/outros-orgaos\/cc\/wp-content\/uploads\/sites\/403\/2020\/06\/Pedro-Henrique-de-Carvalho-3-scaled.jpg\" data-elementor-open-lightbox=\"yes\" data-elementor-lightbox-title=\"Pedro Henrique de Carvalho 3\" data-elementor-lightbox-description=\"Quadro sem t\u00edtulo. Ilustra\u00e7\u00e3o mostrando a fus\u00e3o entre uma forma humana, de cabelos esvoa\u00e7antes, que se projeta a partir do pesco\u00e7o corpo de animal, robusto e com quatro patas. Predomina a cor cinza na obra.\" data-e-action-hash=\"#elementor-action%3Aaction%3Dlightbox%26settings%3DeyJpZCI6IjUwMCIsInVybCI6Imh0dHBzOlwvXC93d3cudWZzbS5iclwvYXBwXC91cGxvYWRzXC9zaXRlc1wvNDAzXC8yMDIwXC8wNlwvUGVkcm8tSGVucmlxdWUtZGUtQ2FydmFsaG8tMy1zY2FsZWQuanBnIn0%3D\">\n\t\t\t\t\t\t\t<img decoding=\"async\" width=\"735\" height=\"1024\" src=\"https:\/\/www.ufsm.br\/app\/uploads\/sites\/403\/2020\/06\/Pedro-Henrique-de-Carvalho-3-735x1024.jpg\" class=\"attachment-large size-large wp-image-500\" alt=\"\" srcset=\"https:\/\/www.ufsm.br\/app\/uploads\/sites\/403\/2020\/06\/Pedro-Henrique-de-Carvalho-3-735x1024.jpg 735w, https:\/\/www.ufsm.br\/app\/uploads\/sites\/403\/2020\/06\/Pedro-Henrique-de-Carvalho-3-215x300.jpg 215w, https:\/\/www.ufsm.br\/app\/uploads\/sites\/403\/2020\/06\/Pedro-Henrique-de-Carvalho-3-768x1070.jpg 768w, https:\/\/www.ufsm.br\/app\/uploads\/sites\/403\/2020\/06\/Pedro-Henrique-de-Carvalho-3-1102x1536.jpg 1102w, https:\/\/www.ufsm.br\/app\/uploads\/sites\/403\/2020\/06\/Pedro-Henrique-de-Carvalho-3-1469x2048.jpg 1469w, https:\/\/www.ufsm.br\/app\/uploads\/sites\/403\/2020\/06\/Pedro-Henrique-de-Carvalho-3-scaled.jpg 1837w\" sizes=\"(max-width: 735px) 100vw, 735px\" \/>\t\t\t\t\t\t\t\t<\/a>\n\t\t\t\t\t\t\t\t\t\t\t<figcaption class=\"widget-image-caption wp-caption-text\">Obra 03. Dimens\u00f5es: 21 x 29,7cm. \nT\u00e9cnica: Gravura em metal<\/figcaption>\n\t\t\t\t\t\t\t\t\t\t<\/figure>\n\t\t\t\t\t\t\t<\/div>\n\t\t\t\t<\/div>\n\t\t\t\t<div class=\"elementor-element elementor-element-42caac6 elementor-widget elementor-widget-spacer\" data-id=\"42caac6\" data-element_type=\"widget\" data-widget_type=\"spacer.default\">\n\t\t\t\t<div class=\"elementor-widget-container\">\n\t\t\t\t\t<div class=\"elementor-spacer\">\n\t\t\t<div class=\"elementor-spacer-inner\"><\/div>\n\t\t<\/div>\n\t\t\t\t<\/div>\n\t\t\t\t<\/div>\n\t\t\t\t\t<\/div>\n\t\t<\/div>\n\t\t\t\t\t<\/div>\n\t\t<\/section>\n\t\t\t\t<section class=\"elementor-section elementor-top-section elementor-element elementor-element-8182059 elementor-section-boxed elementor-section-height-default elementor-section-height-default\" data-id=\"8182059\" data-element_type=\"section\">\n\t\t\t\t\t\t<div class=\"elementor-container elementor-column-gap-default\">\n\t\t\t\t\t<div class=\"elementor-column elementor-col-100 elementor-top-column elementor-element elementor-element-1beb9e5\" data-id=\"1beb9e5\" data-element_type=\"column\">\n\t\t\t<div class=\"elementor-widget-wrap elementor-element-populated\">\n\t\t\t\t\t\t<div class=\"elementor-element elementor-element-f71cfe5 elementor-widget elementor-widget-heading\" data-id=\"f71cfe5\" data-element_type=\"widget\" data-widget_type=\"heading.default\">\n\t\t\t\t<div class=\"elementor-widget-container\">\n\t\t\t<h5 class=\"elementor-heading-title elementor-size-default\">Contato com o artista<\/h5>\t\t<\/div>\n\t\t\t\t<\/div>\n\t\t\t\t<div class=\"elementor-element elementor-element-3441288 elementor-widget elementor-widget-text-editor\" data-id=\"3441288\" data-element_type=\"widget\" data-widget_type=\"text-editor.default\">\n\t\t\t\t<div class=\"elementor-widget-container\">\n\t\t\t\t\t\t\t<p style=\"text-align: center\"><em>Celular: n\u00e3o cadastrado<\/em><\/p><p style=\"text-align: center\"><em>E-mail: <a href=\"mailto:pedrohc21@hotmail.com\">pedrohc21@hotmail.com<\/a> ou <a href=\"mailto:hencarvalho21@gmail.com\">hencarvalho21@gmail.com<\/a><\/em><\/p>\t\t\t\t\t\t<\/div>\n\t\t\t\t<\/div>\n\t\t\t\t<div class=\"elementor-element elementor-element-f797e73 elementor-widget elementor-widget-spacer\" data-id=\"f797e73\" data-element_type=\"widget\" data-widget_type=\"spacer.default\">\n\t\t\t\t<div class=\"elementor-widget-container\">\n\t\t\t\t\t<div class=\"elementor-spacer\">\n\t\t\t<div class=\"elementor-spacer-inner\"><\/div>\n\t\t<\/div>\n\t\t\t\t<\/div>\n\t\t\t\t<\/div>\n\t\t\t\t\t<\/div>\n\t\t<\/div>\n\t\t\t\t\t<\/div>\n\t\t<\/section>\n\t\t\t\t<section class=\"elementor-section elementor-top-section elementor-element elementor-element-e6688f8 elementor-section-boxed elementor-section-height-default elementor-section-height-default\" data-id=\"e6688f8\" data-element_type=\"section\">\n\t\t\t\t\t\t<div class=\"elementor-container elementor-column-gap-default\">\n\t\t\t\t\t<div class=\"elementor-column elementor-col-100 elementor-top-column elementor-element elementor-element-9fd3e76\" data-id=\"9fd3e76\" data-element_type=\"column\">\n\t\t\t<div class=\"elementor-widget-wrap elementor-element-populated\">\n\t\t\t\t\t\t<div class=\"elementor-element elementor-element-437170f elementor-widget-divider--view-line elementor-widget elementor-widget-divider\" data-id=\"437170f\" data-element_type=\"widget\" data-widget_type=\"divider.default\">\n\t\t\t\t<div class=\"elementor-widget-container\">\n\t\t\t\t\t<div class=\"elementor-divider\">\n\t\t\t<span class=\"elementor-divider-separator\">\n\t\t\t\t\t\t<\/span>\n\t\t<\/div>\n\t\t\t\t<\/div>\n\t\t\t\t<\/div>\n\t\t\t\t\t<\/div>\n\t\t<\/div>\n\t\t\t\t\t<\/div>\n\t\t<\/section>\n\t\t\t\t<section class=\"elementor-section elementor-top-section elementor-element elementor-element-81ee7a1 elementor-section-boxed elementor-section-height-default elementor-section-height-default\" data-id=\"81ee7a1\" data-element_type=\"section\">\n\t\t\t\t\t\t<div class=\"elementor-container elementor-column-gap-default\">\n\t\t\t\t\t<div class=\"elementor-column elementor-col-100 elementor-top-column elementor-element elementor-element-234a1a6\" data-id=\"234a1a6\" data-element_type=\"column\">\n\t\t\t<div class=\"elementor-widget-wrap elementor-element-populated\">\n\t\t\t\t\t\t<div class=\"elementor-element elementor-element-5265f80 elementor-widget elementor-widget-text-editor\" data-id=\"5265f80\" data-element_type=\"widget\" data-widget_type=\"text-editor.default\">\n\t\t\t\t<div class=\"elementor-widget-container\">\n\t\t\t\t\t\t\t<p style=\"text-align: center\">Esta exposi\u00e7\u00e3o faz parte da Chamada P\u00fablica 01\/2020 da Associa\u00e7\u00e3o dos Artistas Pl\u00e1sticos de Santa Maria, com apoio da Coordenaria de Cultura e Arte da Pr\u00f3-Reitoria de Extens\u00e3o da UFSM. A a\u00e7\u00e3o visa a apoiar os artista visuais de Santa Maria neste per\u00edodo da pandemia de Covid-19. D\u00favidas podem ser encaminhadas pelo e-mail <a href=\"mailto:editais-cultura.pre@ufsm.br\">editais-cultura.pre@ufsm.br<\/a>. Os textos e as obras aqui expostas s\u00e3o de responsabilidade dos artistas.<\/p>\t\t\t\t\t\t<\/div>\n\t\t\t\t<\/div>\n\t\t\t\t\t<\/div>\n\t\t<\/div>\n\t\t\t\t\t<\/div>\n\t\t<\/section>\n\t\t\t\t<section class=\"elementor-section elementor-top-section elementor-element elementor-element-18549c6 elementor-section-boxed elementor-section-height-default elementor-section-height-default\" data-id=\"18549c6\" data-element_type=\"section\">\n\t\t\t\t\t\t<div class=\"elementor-container elementor-column-gap-default\">\n\t\t\t\t\t<div class=\"elementor-column elementor-col-100 elementor-top-column elementor-element elementor-element-a94f737\" data-id=\"a94f737\" data-element_type=\"column\">\n\t\t\t<div class=\"elementor-widget-wrap elementor-element-populated\">\n\t\t\t\t\t\t<div class=\"elementor-element elementor-element-c8696ba elementor-widget-divider--view-line elementor-widget elementor-widget-divider\" data-id=\"c8696ba\" data-element_type=\"widget\" data-widget_type=\"divider.default\">\n\t\t\t\t<div class=\"elementor-widget-container\">\n\t\t\t\t\t<div class=\"elementor-divider\">\n\t\t\t<span class=\"elementor-divider-separator\">\n\t\t\t\t\t\t<\/span>\n\t\t<\/div>\n\t\t\t\t<\/div>\n\t\t\t\t<\/div>\n\t\t\t\t\t<\/div>\n\t\t<\/div>\n\t\t\t\t\t<\/div>\n\t\t<\/section>\n\t\t\t\t<\/div>\n\t\t","protected":false},"excerpt":{"rendered":"<p>Biografia do Artista Estou na gradua\u00e7\u00e3o do bacharelado em artes visuais pela UFSM, com experimenta\u00e7\u00f5es em diversas linguagens, mas foco nas bidimensionais de desenho, gravura e pintura. Trabalho no Museu de Arte de Santa Maria e participo do coletivo Denegrir de arte produzida pela comunidade negra de Santa Maria. Gradua\u00e7\u00e3o em Artes Visuais \u2013 2017 [&hellip;]<\/p>\n","protected":false},"author":1452,"featured_media":0,"parent":0,"menu_order":0,"comment_status":"closed","ping_status":"closed","template":"","meta":{"footnotes":""},"categories":[],"tags":[],"class_list":["post-497","page","type-page","status-publish","hentry"],"acf":[],"_links":{"self":[{"href":"https:\/\/www.ufsm.br\/outros-orgaos\/cc\/wp-json\/wp\/v2\/pages\/497","targetHints":{"allow":["GET"]}}],"collection":[{"href":"https:\/\/www.ufsm.br\/outros-orgaos\/cc\/wp-json\/wp\/v2\/pages"}],"about":[{"href":"https:\/\/www.ufsm.br\/outros-orgaos\/cc\/wp-json\/wp\/v2\/types\/page"}],"author":[{"embeddable":true,"href":"https:\/\/www.ufsm.br\/outros-orgaos\/cc\/wp-json\/wp\/v2\/users\/1452"}],"replies":[{"embeddable":true,"href":"https:\/\/www.ufsm.br\/outros-orgaos\/cc\/wp-json\/wp\/v2\/comments?post=497"}],"version-history":[{"count":0,"href":"https:\/\/www.ufsm.br\/outros-orgaos\/cc\/wp-json\/wp\/v2\/pages\/497\/revisions"}],"wp:attachment":[{"href":"https:\/\/www.ufsm.br\/outros-orgaos\/cc\/wp-json\/wp\/v2\/media?parent=497"}],"wp:term":[{"taxonomy":"category","embeddable":true,"href":"https:\/\/www.ufsm.br\/outros-orgaos\/cc\/wp-json\/wp\/v2\/categories?post=497"},{"taxonomy":"post_tag","embeddable":true,"href":"https:\/\/www.ufsm.br\/outros-orgaos\/cc\/wp-json\/wp\/v2\/tags?post=497"}],"curies":[{"name":"wp","href":"https:\/\/api.w.org\/{rel}","templated":true}]}}