{"id":594,"date":"2020-10-15T15:58:05","date_gmt":"2020-10-15T18:58:05","guid":{"rendered":"https:\/\/www.ufsm.br\/outros-orgaos\/cc\/?page_id=594"},"modified":"2020-10-19T19:42:04","modified_gmt":"2020-10-19T22:42:04","slug":"a-universidade-em-nos-60-anos-de-historias-conflitos-e-conquistas","status":"publish","type":"page","link":"https:\/\/www.ufsm.br\/outros-orgaos\/cc\/galeria-virtual\/a-universidade-em-nos-60-anos-de-historias-conflitos-e-conquistas","title":{"rendered":"A Universidade em n\u00f3s: 60 anos de hist\u00f3rias, conflitos e conquistas"},"content":{"rendered":"\t\t<div data-elementor-type=\"wp-page\" data-elementor-id=\"594\" class=\"elementor elementor-594\">\n\t\t\t\t\t\t<section class=\"elementor-section elementor-top-section elementor-element elementor-element-eb9296a elementor-section-boxed elementor-section-height-default elementor-section-height-default\" data-id=\"eb9296a\" data-element_type=\"section\">\n\t\t\t\t\t\t<div class=\"elementor-container elementor-column-gap-default\">\n\t\t\t\t\t<div class=\"elementor-column elementor-col-100 elementor-top-column elementor-element elementor-element-0ac761f\" data-id=\"0ac761f\" data-element_type=\"column\">\n\t\t\t<div class=\"elementor-widget-wrap elementor-element-populated\">\n\t\t\t\t\t\t<div class=\"elementor-element elementor-element-c1642e4 elementor-widget elementor-widget-image\" data-id=\"c1642e4\" data-element_type=\"widget\" data-widget_type=\"image.default\">\n\t\t\t\t<div class=\"elementor-widget-container\">\n\t\t\t\t\t\t\t\t\t\t\t\t\t<img fetchpriority=\"high\" decoding=\"async\" width=\"768\" height=\"202\" src=\"https:\/\/www.ufsm.br\/app\/uploads\/sites\/403\/2020\/09\/BANNER-60-ANOS-SITE_banner-site-60-anos-768x202.jpg\" class=\"attachment-medium_large size-medium_large wp-image-576\" alt=\"\" srcset=\"https:\/\/www.ufsm.br\/app\/uploads\/sites\/403\/2020\/09\/BANNER-60-ANOS-SITE_banner-site-60-anos-768x202.jpg 768w, https:\/\/www.ufsm.br\/app\/uploads\/sites\/403\/2020\/09\/BANNER-60-ANOS-SITE_banner-site-60-anos-300x79.jpg 300w, https:\/\/www.ufsm.br\/app\/uploads\/sites\/403\/2020\/09\/BANNER-60-ANOS-SITE_banner-site-60-anos-1024x270.jpg 1024w, https:\/\/www.ufsm.br\/app\/uploads\/sites\/403\/2020\/09\/BANNER-60-ANOS-SITE_banner-site-60-anos-1536x405.jpg 1536w, https:\/\/www.ufsm.br\/app\/uploads\/sites\/403\/2020\/09\/BANNER-60-ANOS-SITE_banner-site-60-anos.jpg 1920w\" sizes=\"(max-width: 768px) 100vw, 768px\" \/>\t\t\t\t\t\t\t\t\t\t\t\t\t<\/div>\n\t\t\t\t<\/div>\n\t\t\t\t\t<\/div>\n\t\t<\/div>\n\t\t\t\t\t<\/div>\n\t\t<\/section>\n\t\t\t\t<section class=\"elementor-section elementor-top-section elementor-element elementor-element-37c85ed elementor-section-boxed elementor-section-height-default elementor-section-height-default\" data-id=\"37c85ed\" data-element_type=\"section\">\n\t\t\t\t\t\t<div class=\"elementor-container elementor-column-gap-default\">\n\t\t\t\t\t<div class=\"elementor-column elementor-col-100 elementor-top-column elementor-element elementor-element-fc04b2d\" data-id=\"fc04b2d\" data-element_type=\"column\">\n\t\t\t<div class=\"elementor-widget-wrap elementor-element-populated\">\n\t\t\t\t\t\t<div class=\"elementor-element elementor-element-567a3a2 elementor-invisible elementor-widget elementor-widget-text-editor\" data-id=\"567a3a2\" data-element_type=\"widget\" data-settings=\"{&quot;_animation&quot;:&quot;fadeIn&quot;}\" data-widget_type=\"text-editor.default\">\n\t\t\t\t<div class=\"elementor-widget-container\">\n\t\t\t\t\t\t\t<p align=\"justify\">A Universidade Federal de Santa Maria &#8211; UFSM, em 2020, comemora 60 anos de atua\u00e7\u00e3o no desenvolvimento nacional em in\u00fameras \u00e1reas do conhecimento, dentre elas o Ensino, a Extens\u00e3o e a Pesquisa no \u00e2mbito cultural. Ao reconhecer a relev\u00e2ncia dessa ocasi\u00e3o, elaboramos o projeto de exposi\u00e7\u00f5es online <strong>\u201cA universidade em n\u00f3s: 60 anos de hist\u00f3rias, conflitos e conquistas\u201d<\/strong>, com o prop\u00f3sito de valorizar e divulgar obras e mem\u00f3rias de artistas visuais que vivenciam ou vivenciaram a trajet\u00f3ria cultural da UFSM, que \u00e9 permeada por \u00eaxitos, adversidades e resist\u00eancias. Com apoio da Pr\u00f3-Reitoria de Extens\u00e3o e da Coordena\u00e7\u00e3o de Cultura e Arte da UFSM, o projeto, que ser\u00e1 desenvolvido entre 2020 e 2021, realizar\u00e1 exposi\u00e7\u00f5es com artistas visuais de diferentes grupos e \u00e9pocas.<\/p><p align=\"justify\">Entendemos que, assim como os\/as artistas protagonizam e modificam a narrativa cultural da Universidade, a Institui\u00e7\u00e3o, constantemente, constr\u00f3i e reconstr\u00f3i as hist\u00f3rias e os valores desses indiv\u00edduos. Por essa raz\u00e3o, junto \u00e0s obras expostas, est\u00e3o relatos dos\/das artistas sobre como a UFSM atuou na vis\u00e3o de mundo deles\/delas, no campo social, pol\u00edtico e cultural, e como isso reflete nas produ\u00e7\u00f5es art\u00edsticas dessas pessoas.<\/p><p align=\"justify\">Essa primeira exposi\u00e7\u00e3o \u00e9 constitu\u00edda por oito obras, realizadas por atuais discentes da gradua\u00e7\u00e3o e da p\u00f3s-gradua\u00e7\u00e3o do curso de Artes Visuais do Centro de Artes e Letras &#8211; CAL da UFSM. As distintas obras e narrativas trazidas nos mostram que, independentemente do grau acad\u00eamico dos\/das estudantes artistas, a Universidade Federal de Santa Maria potencializa, problematiza e desafia, em diferentes aspectos, as experi\u00eancias, viv\u00eancias e subjetividades dos seus acad\u00eamicos.<\/p>\t\t\t\t\t\t<\/div>\n\t\t\t\t<\/div>\n\t\t\t\t\t<\/div>\n\t\t<\/div>\n\t\t\t\t\t<\/div>\n\t\t<\/section>\n\t\t\t\t<section class=\"elementor-section elementor-top-section elementor-element elementor-element-9a70852 elementor-section-boxed elementor-section-height-default elementor-section-height-default\" data-id=\"9a70852\" data-element_type=\"section\">\n\t\t\t\t\t\t<div class=\"elementor-container elementor-column-gap-default\">\n\t\t\t\t\t<div class=\"elementor-column elementor-col-100 elementor-top-column elementor-element elementor-element-62d829d\" data-id=\"62d829d\" data-element_type=\"column\">\n\t\t\t<div class=\"elementor-widget-wrap elementor-element-populated\">\n\t\t\t\t\t\t<div class=\"elementor-element elementor-element-b89d268 elementor-widget-divider--view-line elementor-invisible elementor-widget elementor-widget-divider\" data-id=\"b89d268\" data-element_type=\"widget\" data-settings=\"{&quot;_animation&quot;:&quot;fadeIn&quot;}\" data-widget_type=\"divider.default\">\n\t\t\t\t<div class=\"elementor-widget-container\">\n\t\t\t\t\t<div class=\"elementor-divider\">\n\t\t\t<span class=\"elementor-divider-separator\">\n\t\t\t\t\t\t<\/span>\n\t\t<\/div>\n\t\t\t\t<\/div>\n\t\t\t\t<\/div>\n\t\t\t\t\t<\/div>\n\t\t<\/div>\n\t\t\t\t\t<\/div>\n\t\t<\/section>\n\t\t\t\t<section class=\"elementor-section elementor-top-section elementor-element elementor-element-b696481 elementor-section-boxed elementor-section-height-default elementor-section-height-default\" data-id=\"b696481\" data-element_type=\"section\">\n\t\t\t\t\t\t<div class=\"elementor-container elementor-column-gap-default\">\n\t\t\t\t\t<div class=\"elementor-column elementor-col-100 elementor-top-column elementor-element elementor-element-4fd13f5\" data-id=\"4fd13f5\" data-element_type=\"column\">\n\t\t\t<div class=\"elementor-widget-wrap elementor-element-populated\">\n\t\t\t\t\t\t<div class=\"elementor-element elementor-element-b3e3468 elementor-invisible elementor-widget elementor-widget-text-editor\" data-id=\"b3e3468\" data-element_type=\"widget\" data-settings=\"{&quot;_animation&quot;:&quot;fadeIn&quot;}\" data-widget_type=\"text-editor.default\">\n\t\t\t\t<div class=\"elementor-widget-container\">\n\t\t\t\t\t\t\t<p style=\"text-align: center\"><strong>Elabora\u00e7\u00e3o do Projeto e Curadoria da Exposi\u00e7\u00e3o<\/strong><\/p>\t\t\t\t\t\t<\/div>\n\t\t\t\t<\/div>\n\t\t\t\t<div class=\"elementor-element elementor-element-0019a06 elementor-invisible elementor-widget elementor-widget-text-editor\" data-id=\"0019a06\" data-element_type=\"widget\" data-settings=\"{&quot;_animation&quot;:&quot;fadeIn&quot;}\" data-widget_type=\"text-editor.default\">\n\t\t\t\t<div class=\"elementor-widget-container\">\n\t\t\t\t\t\t\t<p style=\"text-align: center\">Barbara Almeida&nbsp; |&nbsp;&nbsp;Eduarda Teixeira Streck&nbsp; |&nbsp; Fl\u00e1via Queiroz&nbsp; |&nbsp; Rafael Lesses da Silva<\/p>\t\t\t\t\t\t<\/div>\n\t\t\t\t<\/div>\n\t\t\t\t\t<\/div>\n\t\t<\/div>\n\t\t\t\t\t<\/div>\n\t\t<\/section>\n\t\t\t\t<section class=\"elementor-section elementor-top-section elementor-element elementor-element-0c852e3 elementor-section-boxed elementor-section-height-default elementor-section-height-default\" data-id=\"0c852e3\" data-element_type=\"section\">\n\t\t\t\t\t\t<div class=\"elementor-container elementor-column-gap-default\">\n\t\t\t\t\t<div class=\"elementor-column elementor-col-100 elementor-top-column elementor-element elementor-element-83c31d6\" data-id=\"83c31d6\" data-element_type=\"column\">\n\t\t\t<div class=\"elementor-widget-wrap elementor-element-populated\">\n\t\t\t\t\t\t<div class=\"elementor-element elementor-element-01e3840 elementor-widget-divider--view-line elementor-invisible elementor-widget elementor-widget-divider\" data-id=\"01e3840\" data-element_type=\"widget\" data-settings=\"{&quot;_animation&quot;:&quot;fadeIn&quot;}\" data-widget_type=\"divider.default\">\n\t\t\t\t<div class=\"elementor-widget-container\">\n\t\t\t\t\t<div class=\"elementor-divider\">\n\t\t\t<span class=\"elementor-divider-separator\">\n\t\t\t\t\t\t<\/span>\n\t\t<\/div>\n\t\t\t\t<\/div>\n\t\t\t\t<\/div>\n\t\t\t\t\t<\/div>\n\t\t<\/div>\n\t\t\t\t\t<\/div>\n\t\t<\/section>\n\t\t\t\t<section class=\"elementor-section elementor-top-section elementor-element elementor-element-6e041fe elementor-section-boxed elementor-section-height-default elementor-section-height-default\" data-id=\"6e041fe\" data-element_type=\"section\">\n\t\t\t\t\t\t<div class=\"elementor-container elementor-column-gap-default\">\n\t\t\t\t\t<div class=\"elementor-column elementor-col-100 elementor-top-column elementor-element elementor-element-1f7d759\" data-id=\"1f7d759\" data-element_type=\"column\">\n\t\t\t<div class=\"elementor-widget-wrap elementor-element-populated\">\n\t\t\t\t\t\t<div class=\"elementor-element elementor-element-110e00c elementor-button-info elementor-align-center elementor-invisible elementor-widget elementor-widget-button\" data-id=\"110e00c\" data-element_type=\"widget\" data-settings=\"{&quot;_animation&quot;:&quot;fadeIn&quot;}\" data-widget_type=\"button.default\">\n\t\t\t\t<div class=\"elementor-widget-container\">\n\t\t\t\t\t\t\t<div class=\"elementor-button-wrapper\">\n\t\t\t\t\t<a class=\"elementor-button elementor-button-link elementor-size-md\" href=\"https:\/\/www.ufsm.br\/outros-orgaos\/cc\/?page_id=595\">\n\t\t\t\t\t\t<span class=\"elementor-button-content-wrapper\">\n\t\t\t\t\t\t\t\t\t<span class=\"elementor-button-text\">Acesso \u00e0 exposi\u00e7\u00e3o<\/span>\n\t\t\t\t\t<\/span>\n\t\t\t\t\t<\/a>\n\t\t\t\t<\/div>\n\t\t\t\t\t\t<\/div>\n\t\t\t\t<\/div>\n\t\t\t\t\t<\/div>\n\t\t<\/div>\n\t\t\t\t\t<\/div>\n\t\t<\/section>\n\t\t\t\t<\/div>\n\t\t","protected":false},"excerpt":{"rendered":"<p>A Universidade Federal de Santa Maria &#8211; UFSM, em 2020, comemora 60 anos de atua\u00e7\u00e3o no desenvolvimento nacional em in\u00fameras \u00e1reas do conhecimento, dentre elas o Ensino, a Extens\u00e3o e a Pesquisa no \u00e2mbito cultural. Ao reconhecer a relev\u00e2ncia dessa ocasi\u00e3o, elaboramos o projeto de exposi\u00e7\u00f5es online \u201cA universidade em n\u00f3s: 60 anos de hist\u00f3rias, [&hellip;]<\/p>\n","protected":false},"author":1452,"featured_media":576,"parent":631,"menu_order":0,"comment_status":"closed","ping_status":"closed","template":"","meta":{"footnotes":""},"categories":[],"tags":[48],"class_list":["post-594","page","type-page","status-publish","has-post-thumbnail","hentry","tag-galeria-60-anos"],"acf":[],"_links":{"self":[{"href":"https:\/\/www.ufsm.br\/outros-orgaos\/cc\/wp-json\/wp\/v2\/pages\/594","targetHints":{"allow":["GET"]}}],"collection":[{"href":"https:\/\/www.ufsm.br\/outros-orgaos\/cc\/wp-json\/wp\/v2\/pages"}],"about":[{"href":"https:\/\/www.ufsm.br\/outros-orgaos\/cc\/wp-json\/wp\/v2\/types\/page"}],"author":[{"embeddable":true,"href":"https:\/\/www.ufsm.br\/outros-orgaos\/cc\/wp-json\/wp\/v2\/users\/1452"}],"replies":[{"embeddable":true,"href":"https:\/\/www.ufsm.br\/outros-orgaos\/cc\/wp-json\/wp\/v2\/comments?post=594"}],"version-history":[{"count":0,"href":"https:\/\/www.ufsm.br\/outros-orgaos\/cc\/wp-json\/wp\/v2\/pages\/594\/revisions"}],"up":[{"embeddable":true,"href":"https:\/\/www.ufsm.br\/outros-orgaos\/cc\/wp-json\/wp\/v2\/pages\/631"}],"wp:featuredmedia":[{"embeddable":true,"href":"https:\/\/www.ufsm.br\/outros-orgaos\/cc\/wp-json\/wp\/v2\/media\/576"}],"wp:attachment":[{"href":"https:\/\/www.ufsm.br\/outros-orgaos\/cc\/wp-json\/wp\/v2\/media?parent=594"}],"wp:term":[{"taxonomy":"category","embeddable":true,"href":"https:\/\/www.ufsm.br\/outros-orgaos\/cc\/wp-json\/wp\/v2\/categories?post=594"},{"taxonomy":"post_tag","embeddable":true,"href":"https:\/\/www.ufsm.br\/outros-orgaos\/cc\/wp-json\/wp\/v2\/tags?post=594"}],"curies":[{"name":"wp","href":"https:\/\/api.w.org\/{rel}","templated":true}]}}