{"id":597,"date":"2020-10-16T09:35:10","date_gmt":"2020-10-16T12:35:10","guid":{"rendered":"https:\/\/www.ufsm.br\/outros-orgaos\/cc\/?page_id=597"},"modified":"2020-10-29T15:12:15","modified_gmt":"2020-10-29T18:12:15","slug":"exposicao-60anos-igorsouza","status":"publish","type":"page","link":"https:\/\/www.ufsm.br\/outros-orgaos\/cc\/exposicao-60anos-igorsouza","title":{"rendered":"Igor Silva de Souza"},"content":{"rendered":"\t\t<div data-elementor-type=\"wp-page\" data-elementor-id=\"597\" class=\"elementor elementor-597\">\n\t\t\t\t\t\t<section class=\"elementor-section elementor-top-section elementor-element elementor-element-840188f elementor-section-boxed elementor-section-height-default elementor-section-height-default\" data-id=\"840188f\" data-element_type=\"section\">\n\t\t\t\t\t\t<div class=\"elementor-container elementor-column-gap-default\">\n\t\t\t\t\t<div class=\"elementor-column elementor-col-100 elementor-top-column elementor-element elementor-element-55c223e\" data-id=\"55c223e\" data-element_type=\"column\">\n\t\t\t<div class=\"elementor-widget-wrap elementor-element-populated\">\n\t\t\t\t\t\t<div class=\"elementor-element elementor-element-bbaf60d elementor-widget-divider--view-line elementor-widget elementor-widget-divider\" data-id=\"bbaf60d\" data-element_type=\"widget\" data-widget_type=\"divider.default\">\n\t\t\t\t<div class=\"elementor-widget-container\">\n\t\t\t\t\t<div class=\"elementor-divider\">\n\t\t\t<span class=\"elementor-divider-separator\">\n\t\t\t\t\t\t<\/span>\n\t\t<\/div>\n\t\t\t\t<\/div>\n\t\t\t\t<\/div>\n\t\t\t\t\t<\/div>\n\t\t<\/div>\n\t\t\t\t\t<\/div>\n\t\t<\/section>\n\t\t\t\t<section class=\"elementor-section elementor-top-section elementor-element elementor-element-e0a99c1 elementor-section-boxed elementor-section-height-default elementor-section-height-default\" data-id=\"e0a99c1\" data-element_type=\"section\">\n\t\t\t\t\t\t<div class=\"elementor-container elementor-column-gap-default\">\n\t\t\t\t\t<div class=\"elementor-column elementor-col-100 elementor-top-column elementor-element elementor-element-e1a4357\" data-id=\"e1a4357\" data-element_type=\"column\">\n\t\t\t<div class=\"elementor-widget-wrap elementor-element-populated\">\n\t\t\t\t\t\t<div class=\"elementor-element elementor-element-6ebf96d elementor-widget elementor-widget-text-editor\" data-id=\"6ebf96d\" data-element_type=\"widget\" data-widget_type=\"text-editor.default\">\n\t\t\t\t<div class=\"elementor-widget-container\">\n\t\t\t\t\t\t\t<p><span style=\"font-family: Arial, serif\"><span style=\"font-size: medium\">Mestrando em Artes Visuais pelo PPGART\/UFSM (<\/span><\/span><span style=\"color: #ff0000\"><span style=\"font-family: Arial, serif\"><span style=\"font-size: medium\">2020 &#8211;<\/span><\/span><\/span><span style=\"font-family: Arial, serif\"><span style=\"font-size: medium\">); bacharel em Artes Visuais Desenho e Pl\u00e1stica pela UFSM (2016 \u2013 2020).<\/span><\/span><\/p>\t\t\t\t\t\t<\/div>\n\t\t\t\t<\/div>\n\t\t\t\t\t<\/div>\n\t\t<\/div>\n\t\t\t\t\t<\/div>\n\t\t<\/section>\n\t\t\t\t<section class=\"elementor-section elementor-top-section elementor-element elementor-element-f47b02f elementor-section-boxed elementor-section-height-default elementor-section-height-default\" data-id=\"f47b02f\" data-element_type=\"section\">\n\t\t\t\t\t\t<div class=\"elementor-container elementor-column-gap-default\">\n\t\t\t\t\t<div class=\"elementor-column elementor-col-100 elementor-top-column elementor-element elementor-element-35ee7d5\" data-id=\"35ee7d5\" data-element_type=\"column\">\n\t\t\t<div class=\"elementor-widget-wrap elementor-element-populated\">\n\t\t\t\t\t\t<div class=\"elementor-element elementor-element-3eca09f elementor-widget-divider--view-line elementor-widget elementor-widget-divider\" data-id=\"3eca09f\" data-element_type=\"widget\" data-widget_type=\"divider.default\">\n\t\t\t\t<div class=\"elementor-widget-container\">\n\t\t\t\t\t<div class=\"elementor-divider\">\n\t\t\t<span class=\"elementor-divider-separator\">\n\t\t\t\t\t\t<\/span>\n\t\t<\/div>\n\t\t\t\t<\/div>\n\t\t\t\t<\/div>\n\t\t\t\t\t<\/div>\n\t\t<\/div>\n\t\t\t\t\t<\/div>\n\t\t<\/section>\n\t\t\t\t<section class=\"elementor-section elementor-top-section elementor-element elementor-element-17d560e elementor-section-boxed elementor-section-height-default elementor-section-height-default\" data-id=\"17d560e\" data-element_type=\"section\">\n\t\t\t\t\t\t<div class=\"elementor-container elementor-column-gap-default\">\n\t\t\t\t\t<div class=\"elementor-column elementor-col-100 elementor-top-column elementor-element elementor-element-6a54cdd\" data-id=\"6a54cdd\" data-element_type=\"column\">\n\t\t\t<div class=\"elementor-widget-wrap elementor-element-populated\">\n\t\t\t\t\t\t<div class=\"elementor-element elementor-element-99f749c elementor-widget elementor-widget-heading\" data-id=\"99f749c\" data-element_type=\"widget\" data-widget_type=\"heading.default\">\n\t\t\t\t<div class=\"elementor-widget-container\">\n\t\t\t<h5 class=\"elementor-heading-title elementor-size-default\">Relato do artista<\/h5>\t\t<\/div>\n\t\t\t\t<\/div>\n\t\t\t\t<div class=\"elementor-element elementor-element-1df2a9d elementor-widget elementor-widget-text-editor\" data-id=\"1df2a9d\" data-element_type=\"widget\" data-widget_type=\"text-editor.default\">\n\t\t\t\t<div class=\"elementor-widget-container\">\n\t\t\t\t\t\t\t<p align=\"justify\"><span style=\"font-family: Arial, serif\"><span style=\"font-size: medium\">Em meu processo acad\u00eamico e art\u00edstico, a UFSM se faz presente com suas possibilidades e com sua diversidade, permitindo a constru\u00e7\u00e3o de uma trajet\u00f3ria, dentro da universidade, onde me reconstru\u00ed como pessoa e continuo em modifica\u00e7\u00e3o. Neste trabalho em espec\u00edfico, a diversidade de pessoas e suas diferentes caracter\u00edsticas, dentro do campus da UFSM, permitiu que este corpo <\/span><\/span><span style=\"font-family: Arial, serif\"><span style=\"font-size: medium\"><i>queer<\/i><\/span><\/span><span style=\"font-family: Arial, serif\"><span style=\"font-size: medium\"> fosse introduzido, de forma natural, no ambiente da Biblioteca Central, transitando entre livros, prateleiras, alunos e funcion\u00e1rios. O corpo que pode ser modificado pelo ambiente, aqui, torna-se o elemento de modifica\u00e7\u00e3o. Usando acess\u00f3rios como um vest\u00edvel cer\u00e2mico, sapatos de salto e maquiagem, este corpo possui um deslocamento visual e de presen\u00e7a com a biblioteca, pois faz muito barulho devido \u00e0 cer\u00e2mica e n\u00e3o possui uma imagem padr\u00e3o, mas busca-se inserir, de maneira natural, relacionando-se com o ambiente. Nesta performance filmada e, posteriormente, exibida por uma televis\u00e3o no mesmo corredor onde a a\u00e7\u00e3o ocorreu, foram poss\u00edveis diversas rela\u00e7\u00f5es entre o espa\u00e7o de tr\u00e2nsito do performer e de quem anda pela biblioteca. <\/span><\/span><\/p>\t\t\t\t\t\t<\/div>\n\t\t\t\t<\/div>\n\t\t\t\t\t<\/div>\n\t\t<\/div>\n\t\t\t\t\t<\/div>\n\t\t<\/section>\n\t\t\t\t<section class=\"elementor-section elementor-top-section elementor-element elementor-element-e5a5e3b elementor-section-boxed elementor-section-height-default elementor-section-height-default\" data-id=\"e5a5e3b\" data-element_type=\"section\">\n\t\t\t\t\t\t<div class=\"elementor-container elementor-column-gap-default\">\n\t\t\t\t\t<div class=\"elementor-column elementor-col-100 elementor-top-column elementor-element elementor-element-fb3b1e7\" data-id=\"fb3b1e7\" data-element_type=\"column\">\n\t\t\t<div class=\"elementor-widget-wrap elementor-element-populated\">\n\t\t\t\t\t\t<div class=\"elementor-element elementor-element-fd0ab5c elementor-widget elementor-widget-spacer\" data-id=\"fd0ab5c\" data-element_type=\"widget\" data-widget_type=\"spacer.default\">\n\t\t\t\t<div class=\"elementor-widget-container\">\n\t\t\t\t\t<div class=\"elementor-spacer\">\n\t\t\t<div class=\"elementor-spacer-inner\"><\/div>\n\t\t<\/div>\n\t\t\t\t<\/div>\n\t\t\t\t<\/div>\n\t\t\t\t\t<\/div>\n\t\t<\/div>\n\t\t\t\t\t<\/div>\n\t\t<\/section>\n\t\t\t\t<section class=\"elementor-section elementor-top-section elementor-element elementor-element-2e767c5 elementor-section-boxed elementor-section-height-default elementor-section-height-default\" data-id=\"2e767c5\" data-element_type=\"section\">\n\t\t\t\t\t\t<div class=\"elementor-container elementor-column-gap-default\">\n\t\t\t\t\t<div class=\"elementor-column elementor-col-100 elementor-top-column elementor-element elementor-element-9276b48\" data-id=\"9276b48\" data-element_type=\"column\">\n\t\t\t<div class=\"elementor-widget-wrap elementor-element-populated\">\n\t\t\t\t\t\t<div class=\"elementor-element elementor-element-73763d9 elementor-widget-divider--view-line elementor-widget elementor-widget-divider\" data-id=\"73763d9\" data-element_type=\"widget\" data-widget_type=\"divider.default\">\n\t\t\t\t<div class=\"elementor-widget-container\">\n\t\t\t\t\t<div class=\"elementor-divider\">\n\t\t\t<span class=\"elementor-divider-separator\">\n\t\t\t\t\t\t<\/span>\n\t\t<\/div>\n\t\t\t\t<\/div>\n\t\t\t\t<\/div>\n\t\t\t\t\t<\/div>\n\t\t<\/div>\n\t\t\t\t\t<\/div>\n\t\t<\/section>\n\t\t\t\t<section class=\"elementor-section elementor-top-section elementor-element elementor-element-17ab61e elementor-section-boxed elementor-section-height-default elementor-section-height-default\" data-id=\"17ab61e\" data-element_type=\"section\">\n\t\t\t\t\t\t<div class=\"elementor-container elementor-column-gap-default\">\n\t\t\t\t\t<div class=\"elementor-column elementor-col-50 elementor-top-column elementor-element elementor-element-e85a371\" data-id=\"e85a371\" data-element_type=\"column\">\n\t\t\t<div class=\"elementor-widget-wrap elementor-element-populated\">\n\t\t\t\t\t\t<div class=\"elementor-element elementor-element-4e1b33b elementor-button-info elementor-widget elementor-widget-button\" data-id=\"4e1b33b\" data-element_type=\"widget\" data-widget_type=\"button.default\">\n\t\t\t\t<div class=\"elementor-widget-container\">\n\t\t\t\t\t\t\t<div class=\"elementor-button-wrapper\">\n\t\t\t\t\t<a class=\"elementor-button elementor-button-link elementor-size-xs\" href=\"https:\/\/www.ufsm.br\/outros-orgaos\/cc\/sala-universidade-em-nos\/\">\n\t\t\t\t\t\t<span class=\"elementor-button-content-wrapper\">\n\t\t\t\t\t\t<span class=\"elementor-button-icon\">\n\t\t\t\t<i aria-hidden=\"true\" class=\"fas fa-caret-left\"><\/i>\t\t\t<\/span>\n\t\t\t\t\t\t\t\t\t<span class=\"elementor-button-text\">Sala - A Universidade em n\u00f3s<\/span>\n\t\t\t\t\t<\/span>\n\t\t\t\t\t<\/a>\n\t\t\t\t<\/div>\n\t\t\t\t\t\t<\/div>\n\t\t\t\t<\/div>\n\t\t\t\t\t<\/div>\n\t\t<\/div>\n\t\t\t\t<div class=\"elementor-column elementor-col-50 elementor-top-column elementor-element elementor-element-780da30\" data-id=\"780da30\" data-element_type=\"column\">\n\t\t\t<div class=\"elementor-widget-wrap elementor-element-populated\">\n\t\t\t\t\t\t<div class=\"elementor-element elementor-element-7f24629 elementor-button-info elementor-align-right elementor-widget elementor-widget-button\" data-id=\"7f24629\" data-element_type=\"widget\" data-widget_type=\"button.default\">\n\t\t\t\t<div class=\"elementor-widget-container\">\n\t\t\t\t\t\t\t<div class=\"elementor-button-wrapper\">\n\t\t\t\t\t<a class=\"elementor-button elementor-button-link elementor-size-xs\" href=\"https:\/\/www.ufsm.br\/outros-orgaos\/cc\/galeria-virtual\/a-universidade-em-nos-60-anos-de-historias-conflitos-e-conquistas\/\">\n\t\t\t\t\t\t<span class=\"elementor-button-content-wrapper\">\n\t\t\t\t\t\t<span class=\"elementor-button-icon\">\n\t\t\t\t<i aria-hidden=\"true\" class=\"fas fa-caret-right\"><\/i>\t\t\t<\/span>\n\t\t\t\t\t\t\t\t\t<span class=\"elementor-button-text\">Sobre a exposi\u00e7\u00e3o<\/span>\n\t\t\t\t\t<\/span>\n\t\t\t\t\t<\/a>\n\t\t\t\t<\/div>\n\t\t\t\t\t\t<\/div>\n\t\t\t\t<\/div>\n\t\t\t\t\t<\/div>\n\t\t<\/div>\n\t\t\t\t\t<\/div>\n\t\t<\/section>\n\t\t\t\t<\/div>\n\t\t","protected":false},"excerpt":{"rendered":"<p>Mestrando em Artes Visuais pelo PPGART\/UFSM (2020 -); bacharel em Artes Visuais Desenho e Pl\u00e1stica pela UFSM (2016 \u2013 2020). Relato do artista Em meu processo acad\u00eamico e art\u00edstico, a UFSM se faz presente com suas possibilidades e com sua diversidade, permitindo a constru\u00e7\u00e3o de uma trajet\u00f3ria, dentro da universidade, onde me reconstru\u00ed como pessoa [&hellip;]<\/p>\n","protected":false},"author":1452,"featured_media":0,"parent":0,"menu_order":0,"comment_status":"closed","ping_status":"closed","template":"","meta":{"footnotes":""},"categories":[],"tags":[48],"class_list":["post-597","page","type-page","status-publish","hentry","tag-galeria-60-anos"],"acf":[],"_links":{"self":[{"href":"https:\/\/www.ufsm.br\/outros-orgaos\/cc\/wp-json\/wp\/v2\/pages\/597","targetHints":{"allow":["GET"]}}],"collection":[{"href":"https:\/\/www.ufsm.br\/outros-orgaos\/cc\/wp-json\/wp\/v2\/pages"}],"about":[{"href":"https:\/\/www.ufsm.br\/outros-orgaos\/cc\/wp-json\/wp\/v2\/types\/page"}],"author":[{"embeddable":true,"href":"https:\/\/www.ufsm.br\/outros-orgaos\/cc\/wp-json\/wp\/v2\/users\/1452"}],"replies":[{"embeddable":true,"href":"https:\/\/www.ufsm.br\/outros-orgaos\/cc\/wp-json\/wp\/v2\/comments?post=597"}],"version-history":[{"count":0,"href":"https:\/\/www.ufsm.br\/outros-orgaos\/cc\/wp-json\/wp\/v2\/pages\/597\/revisions"}],"wp:attachment":[{"href":"https:\/\/www.ufsm.br\/outros-orgaos\/cc\/wp-json\/wp\/v2\/media?parent=597"}],"wp:term":[{"taxonomy":"category","embeddable":true,"href":"https:\/\/www.ufsm.br\/outros-orgaos\/cc\/wp-json\/wp\/v2\/categories?post=597"},{"taxonomy":"post_tag","embeddable":true,"href":"https:\/\/www.ufsm.br\/outros-orgaos\/cc\/wp-json\/wp\/v2\/tags?post=597"}],"curies":[{"name":"wp","href":"https:\/\/api.w.org\/{rel}","templated":true}]}}