{"id":598,"date":"2020-10-16T09:50:46","date_gmt":"2020-10-16T12:50:46","guid":{"rendered":"https:\/\/www.ufsm.br\/outros-orgaos\/cc\/?page_id=598"},"modified":"2020-10-29T15:14:21","modified_gmt":"2020-10-29T18:14:21","slug":"exposicao-60anos-ricardogarlet","status":"publish","type":"page","link":"https:\/\/www.ufsm.br\/outros-orgaos\/cc\/exposicao-60anos-ricardogarlet","title":{"rendered":"Ricardo Garlet"},"content":{"rendered":"\t\t<div data-elementor-type=\"wp-page\" data-elementor-id=\"598\" class=\"elementor elementor-598\">\n\t\t\t\t\t\t<section class=\"elementor-section elementor-top-section elementor-element elementor-element-cd9439d elementor-section-boxed elementor-section-height-default elementor-section-height-default\" data-id=\"cd9439d\" data-element_type=\"section\">\n\t\t\t\t\t\t<div class=\"elementor-container elementor-column-gap-default\">\n\t\t\t\t\t<div class=\"elementor-column elementor-col-100 elementor-top-column elementor-element elementor-element-9c6f685\" data-id=\"9c6f685\" data-element_type=\"column\">\n\t\t\t<div class=\"elementor-widget-wrap elementor-element-populated\">\n\t\t\t\t\t\t<div class=\"elementor-element elementor-element-3b6284d elementor-widget-divider--view-line elementor-widget elementor-widget-divider\" data-id=\"3b6284d\" data-element_type=\"widget\" data-widget_type=\"divider.default\">\n\t\t\t\t<div class=\"elementor-widget-container\">\n\t\t\t\t\t<div class=\"elementor-divider\">\n\t\t\t<span class=\"elementor-divider-separator\">\n\t\t\t\t\t\t<\/span>\n\t\t<\/div>\n\t\t\t\t<\/div>\n\t\t\t\t<\/div>\n\t\t\t\t\t<\/div>\n\t\t<\/div>\n\t\t\t\t\t<\/div>\n\t\t<\/section>\n\t\t\t\t<section class=\"elementor-section elementor-top-section elementor-element elementor-element-0036514 elementor-section-boxed elementor-section-height-default elementor-section-height-default\" data-id=\"0036514\" data-element_type=\"section\">\n\t\t\t\t\t\t<div class=\"elementor-container elementor-column-gap-default\">\n\t\t\t\t\t<div class=\"elementor-column elementor-col-100 elementor-top-column elementor-element elementor-element-f0975d9\" data-id=\"f0975d9\" data-element_type=\"column\">\n\t\t\t<div class=\"elementor-widget-wrap elementor-element-populated\">\n\t\t\t\t\t\t<div class=\"elementor-element elementor-element-2cfb09b elementor-widget elementor-widget-text-editor\" data-id=\"2cfb09b\" data-element_type=\"widget\" data-widget_type=\"text-editor.default\">\n\t\t\t\t<div class=\"elementor-widget-container\">\n\t\t\t\t\t\t\t<p align=\"justify\"><span style=\"font-family: Arial, serif\"><span style=\"font-size: medium\">Artista visual; professor do curso de Licenciatura em Artes Visuais da Unochapec\u00f3, Chapec\u00f3 (SC) (<\/span><\/span><span style=\"color: #ff0000\"><span style=\"font-family: Arial, serif\"><span style=\"font-size: medium\">2015-<\/span><\/span><\/span><span style=\"font-family: Arial, serif\"><span style=\"font-size: medium\">); coordenador do Setor de Patrim\u00f4nio Cultural da SECUL na Prefeitura de Chapec\u00f3 (<\/span><\/span><span style=\"color: #ff0000\"><span style=\"font-family: Arial, serif\"><span style=\"font-size: medium\">2018-<\/span><\/span><\/span><span style=\"font-family: Arial, serif\"><span style=\"font-size: medium\">); doutorando (<\/span><\/span><span style=\"color: #ff0000\"><span style=\"font-family: Arial, serif\"><span style=\"font-size: medium\">2019-<\/span><\/span><\/span><span style=\"font-family: Arial, serif\"><span style=\"font-size: medium\">) em Artes Visuais e mestre (2011-2013) em Artes Visuais pelo Programa de P\u00f3s-Gradua\u00e7\u00e3o em Artes Visuais da UFSM; graduado em Artes Visuais, bacharel em Pintura (2006-2009) e Licenciatura (2004-2009) pela UFPel.<\/span><\/span><\/p>\t\t\t\t\t\t<\/div>\n\t\t\t\t<\/div>\n\t\t\t\t\t<\/div>\n\t\t<\/div>\n\t\t\t\t\t<\/div>\n\t\t<\/section>\n\t\t\t\t<section class=\"elementor-section elementor-top-section elementor-element elementor-element-5954b70 elementor-section-boxed elementor-section-height-default elementor-section-height-default\" data-id=\"5954b70\" data-element_type=\"section\">\n\t\t\t\t\t\t<div class=\"elementor-container elementor-column-gap-default\">\n\t\t\t\t\t<div class=\"elementor-column elementor-col-100 elementor-top-column elementor-element elementor-element-5c223e5\" data-id=\"5c223e5\" data-element_type=\"column\">\n\t\t\t<div class=\"elementor-widget-wrap elementor-element-populated\">\n\t\t\t\t\t\t<div class=\"elementor-element elementor-element-2223864 elementor-widget-divider--view-line elementor-widget elementor-widget-divider\" data-id=\"2223864\" data-element_type=\"widget\" data-widget_type=\"divider.default\">\n\t\t\t\t<div class=\"elementor-widget-container\">\n\t\t\t\t\t<div class=\"elementor-divider\">\n\t\t\t<span class=\"elementor-divider-separator\">\n\t\t\t\t\t\t<\/span>\n\t\t<\/div>\n\t\t\t\t<\/div>\n\t\t\t\t<\/div>\n\t\t\t\t\t<\/div>\n\t\t<\/div>\n\t\t\t\t\t<\/div>\n\t\t<\/section>\n\t\t\t\t<section class=\"elementor-section elementor-top-section elementor-element elementor-element-d0160fd elementor-section-boxed elementor-section-height-default elementor-section-height-default\" data-id=\"d0160fd\" data-element_type=\"section\">\n\t\t\t\t\t\t<div class=\"elementor-container elementor-column-gap-default\">\n\t\t\t\t\t<div class=\"elementor-column elementor-col-100 elementor-top-column elementor-element elementor-element-93d8fc7\" data-id=\"93d8fc7\" data-element_type=\"column\">\n\t\t\t<div class=\"elementor-widget-wrap elementor-element-populated\">\n\t\t\t\t\t\t<div class=\"elementor-element elementor-element-9fd155b elementor-widget elementor-widget-heading\" data-id=\"9fd155b\" data-element_type=\"widget\" data-widget_type=\"heading.default\">\n\t\t\t\t<div class=\"elementor-widget-container\">\n\t\t\t<h5 class=\"elementor-heading-title elementor-size-default\">Relato do artista<\/h5>\t\t<\/div>\n\t\t\t\t<\/div>\n\t\t\t\t<div class=\"elementor-element elementor-element-cc72478 elementor-widget elementor-widget-text-editor\" data-id=\"cc72478\" data-element_type=\"widget\" data-widget_type=\"text-editor.default\">\n\t\t\t\t<div class=\"elementor-widget-container\">\n\t\t\t\t\t\t\t<p align=\"justify\"><span style=\"font-family: Arial, serif\"><span style=\"font-size: medium\">A interven\u00e7\u00e3o \u201cLive Painting Silveira Martins\u201d \u00e9 um trabalho que, ao modo de outros, revela a influ\u00eancia da UFSM na minha trajet\u00f3ria como artista visual. O projeto, realizado no munic\u00edpio de Silveira Martins, consistiu em a\u00e7\u00f5es com proje\u00e7\u00e3o na arquitetura do Col\u00e9gio Bom Conselho (1908), hoje sede do Espa\u00e7o Multidisciplinar de Pesquisa e Extens\u00e3o UFSM Silveira Martins da UFSM. Empregando um prot\u00f3tipo de dispositivo que integra uma prancheta a uma webcam, projetei imagens de pinturas, realizadas ao vivo, sobre a constru\u00e7\u00e3o, propondo uma interven\u00e7\u00e3o site specific que dialogava com a arquitetura e o p\u00fablico. O trabalho, que \u00e9 decorrente da pesquisa de mestrado desenvolvida na UFSM, traz as cores das tintas como proje\u00e7\u00e3o luminosa na arquitetura, produzindo uma visualidade intimamente atrelada ao espa\u00e7o, em um procedimento pl\u00e1stico que evidencia a import\u00e2ncia da Institui\u00e7\u00e3o na constitui\u00e7\u00e3o da minha trajet\u00f3ria como profissional e cidad\u00e3o.<\/span><\/span><\/p>\t\t\t\t\t\t<\/div>\n\t\t\t\t<\/div>\n\t\t\t\t\t<\/div>\n\t\t<\/div>\n\t\t\t\t\t<\/div>\n\t\t<\/section>\n\t\t\t\t<section class=\"elementor-section elementor-top-section elementor-element elementor-element-558c6a0 elementor-section-boxed elementor-section-height-default elementor-section-height-default\" data-id=\"558c6a0\" data-element_type=\"section\">\n\t\t\t\t\t\t<div class=\"elementor-container elementor-column-gap-default\">\n\t\t\t\t\t<div class=\"elementor-column elementor-col-100 elementor-top-column elementor-element elementor-element-8f5acc2\" data-id=\"8f5acc2\" data-element_type=\"column\">\n\t\t\t<div class=\"elementor-widget-wrap elementor-element-populated\">\n\t\t\t\t\t\t<div class=\"elementor-element elementor-element-d69db41 elementor-widget elementor-widget-spacer\" data-id=\"d69db41\" data-element_type=\"widget\" data-widget_type=\"spacer.default\">\n\t\t\t\t<div class=\"elementor-widget-container\">\n\t\t\t\t\t<div class=\"elementor-spacer\">\n\t\t\t<div class=\"elementor-spacer-inner\"><\/div>\n\t\t<\/div>\n\t\t\t\t<\/div>\n\t\t\t\t<\/div>\n\t\t\t\t\t<\/div>\n\t\t<\/div>\n\t\t\t\t\t<\/div>\n\t\t<\/section>\n\t\t\t\t<section class=\"elementor-section elementor-top-section elementor-element elementor-element-0eb088a elementor-section-boxed elementor-section-height-default elementor-section-height-default\" data-id=\"0eb088a\" data-element_type=\"section\">\n\t\t\t\t\t\t<div class=\"elementor-container elementor-column-gap-default\">\n\t\t\t\t\t<div class=\"elementor-column elementor-col-100 elementor-top-column elementor-element elementor-element-f2dc0a5\" data-id=\"f2dc0a5\" data-element_type=\"column\">\n\t\t\t<div class=\"elementor-widget-wrap elementor-element-populated\">\n\t\t\t\t\t\t<div class=\"elementor-element elementor-element-448f477 elementor-widget-divider--view-line elementor-widget elementor-widget-divider\" data-id=\"448f477\" data-element_type=\"widget\" data-widget_type=\"divider.default\">\n\t\t\t\t<div class=\"elementor-widget-container\">\n\t\t\t\t\t<div class=\"elementor-divider\">\n\t\t\t<span class=\"elementor-divider-separator\">\n\t\t\t\t\t\t<\/span>\n\t\t<\/div>\n\t\t\t\t<\/div>\n\t\t\t\t<\/div>\n\t\t\t\t\t<\/div>\n\t\t<\/div>\n\t\t\t\t\t<\/div>\n\t\t<\/section>\n\t\t\t\t<section class=\"elementor-section elementor-top-section elementor-element elementor-element-e5e418a elementor-section-boxed elementor-section-height-default elementor-section-height-default\" data-id=\"e5e418a\" data-element_type=\"section\">\n\t\t\t\t\t\t<div class=\"elementor-container elementor-column-gap-default\">\n\t\t\t\t\t<div class=\"elementor-column elementor-col-50 elementor-top-column elementor-element elementor-element-513e2fe\" data-id=\"513e2fe\" data-element_type=\"column\">\n\t\t\t<div class=\"elementor-widget-wrap elementor-element-populated\">\n\t\t\t\t\t\t<div class=\"elementor-element elementor-element-ee9edb7 elementor-button-info elementor-widget elementor-widget-button\" data-id=\"ee9edb7\" data-element_type=\"widget\" data-widget_type=\"button.default\">\n\t\t\t\t<div class=\"elementor-widget-container\">\n\t\t\t\t\t\t\t<div class=\"elementor-button-wrapper\">\n\t\t\t\t\t<a class=\"elementor-button elementor-button-link elementor-size-xs\" href=\"https:\/\/www.ufsm.br\/outros-orgaos\/cc\/sala-universidade-em-nos\/\" id=\"60-a\">\n\t\t\t\t\t\t<span class=\"elementor-button-content-wrapper\">\n\t\t\t\t\t\t<span class=\"elementor-button-icon\">\n\t\t\t\t<i aria-hidden=\"true\" class=\"fas fa-caret-left\"><\/i>\t\t\t<\/span>\n\t\t\t\t\t\t\t\t\t<span class=\"elementor-button-text\">Sala - A Universidade em n\u00f3s<\/span>\n\t\t\t\t\t<\/span>\n\t\t\t\t\t<\/a>\n\t\t\t\t<\/div>\n\t\t\t\t\t\t<\/div>\n\t\t\t\t<\/div>\n\t\t\t\t\t<\/div>\n\t\t<\/div>\n\t\t\t\t<div class=\"elementor-column elementor-col-50 elementor-top-column elementor-element elementor-element-02a8096\" data-id=\"02a8096\" data-element_type=\"column\">\n\t\t\t<div class=\"elementor-widget-wrap elementor-element-populated\">\n\t\t\t\t\t\t<div class=\"elementor-element elementor-element-b75bc2b elementor-button-info elementor-align-right elementor-widget elementor-widget-button\" data-id=\"b75bc2b\" data-element_type=\"widget\" data-widget_type=\"button.default\">\n\t\t\t\t<div class=\"elementor-widget-container\">\n\t\t\t\t\t\t\t<div class=\"elementor-button-wrapper\">\n\t\t\t\t\t<a class=\"elementor-button elementor-button-link elementor-size-xs\" href=\"https:\/\/www.ufsm.br\/outros-orgaos\/cc\/galeria-virtual\/a-universidade-em-nos-60-anos-de-historias-conflitos-e-conquistas\/\" id=\"60-b\">\n\t\t\t\t\t\t<span class=\"elementor-button-content-wrapper\">\n\t\t\t\t\t\t<span class=\"elementor-button-icon\">\n\t\t\t\t<i aria-hidden=\"true\" class=\"fas fa-caret-right\"><\/i>\t\t\t<\/span>\n\t\t\t\t\t\t\t\t\t<span class=\"elementor-button-text\">Sobre a exposi\u00e7\u00e3o<\/span>\n\t\t\t\t\t<\/span>\n\t\t\t\t\t<\/a>\n\t\t\t\t<\/div>\n\t\t\t\t\t\t<\/div>\n\t\t\t\t<\/div>\n\t\t\t\t\t<\/div>\n\t\t<\/div>\n\t\t\t\t\t<\/div>\n\t\t<\/section>\n\t\t\t\t<\/div>\n\t\t","protected":false},"excerpt":{"rendered":"<p>Artista visual; professor do curso de Licenciatura em Artes Visuais da Unochapec\u00f3, Chapec\u00f3 (SC) (2015-); coordenador do Setor de Patrim\u00f4nio Cultural da SECUL na Prefeitura de Chapec\u00f3 (2018-); doutorando (2019-) em Artes Visuais e mestre (2011-2013) em Artes Visuais pelo Programa de P\u00f3s-Gradua\u00e7\u00e3o em Artes Visuais da UFSM; graduado em Artes Visuais, bacharel em Pintura [&hellip;]<\/p>\n","protected":false},"author":1452,"featured_media":0,"parent":0,"menu_order":0,"comment_status":"closed","ping_status":"closed","template":"","meta":{"footnotes":""},"categories":[],"tags":[48],"class_list":["post-598","page","type-page","status-publish","hentry","tag-galeria-60-anos"],"acf":[],"_links":{"self":[{"href":"https:\/\/www.ufsm.br\/outros-orgaos\/cc\/wp-json\/wp\/v2\/pages\/598","targetHints":{"allow":["GET"]}}],"collection":[{"href":"https:\/\/www.ufsm.br\/outros-orgaos\/cc\/wp-json\/wp\/v2\/pages"}],"about":[{"href":"https:\/\/www.ufsm.br\/outros-orgaos\/cc\/wp-json\/wp\/v2\/types\/page"}],"author":[{"embeddable":true,"href":"https:\/\/www.ufsm.br\/outros-orgaos\/cc\/wp-json\/wp\/v2\/users\/1452"}],"replies":[{"embeddable":true,"href":"https:\/\/www.ufsm.br\/outros-orgaos\/cc\/wp-json\/wp\/v2\/comments?post=598"}],"version-history":[{"count":0,"href":"https:\/\/www.ufsm.br\/outros-orgaos\/cc\/wp-json\/wp\/v2\/pages\/598\/revisions"}],"wp:attachment":[{"href":"https:\/\/www.ufsm.br\/outros-orgaos\/cc\/wp-json\/wp\/v2\/media?parent=598"}],"wp:term":[{"taxonomy":"category","embeddable":true,"href":"https:\/\/www.ufsm.br\/outros-orgaos\/cc\/wp-json\/wp\/v2\/categories?post=598"},{"taxonomy":"post_tag","embeddable":true,"href":"https:\/\/www.ufsm.br\/outros-orgaos\/cc\/wp-json\/wp\/v2\/tags?post=598"}],"curies":[{"name":"wp","href":"https:\/\/api.w.org\/{rel}","templated":true}]}}