{"id":602,"date":"2020-10-16T10:12:44","date_gmt":"2020-10-16T13:12:44","guid":{"rendered":"https:\/\/www.ufsm.br\/outros-orgaos\/cc\/?page_id=602"},"modified":"2020-10-29T15:12:33","modified_gmt":"2020-10-29T18:12:33","slug":"exposicao-60anos-karinaoliveira","status":"publish","type":"page","link":"https:\/\/www.ufsm.br\/outros-orgaos\/cc\/exposicao-60anos-karinaoliveira","title":{"rendered":"Karina Machado de Oliveira"},"content":{"rendered":"\t\t<div data-elementor-type=\"wp-page\" data-elementor-id=\"602\" class=\"elementor elementor-602\">\n\t\t\t\t\t\t<section class=\"elementor-section elementor-top-section elementor-element elementor-element-c939fc8 elementor-section-boxed elementor-section-height-default elementor-section-height-default\" data-id=\"c939fc8\" data-element_type=\"section\">\n\t\t\t\t\t\t<div class=\"elementor-container elementor-column-gap-default\">\n\t\t\t\t\t<div class=\"elementor-column elementor-col-100 elementor-top-column elementor-element elementor-element-04cc46e\" data-id=\"04cc46e\" data-element_type=\"column\">\n\t\t\t<div class=\"elementor-widget-wrap elementor-element-populated\">\n\t\t\t\t\t\t<div class=\"elementor-element elementor-element-2361a5d elementor-widget-divider--view-line elementor-widget elementor-widget-divider\" data-id=\"2361a5d\" data-element_type=\"widget\" data-widget_type=\"divider.default\">\n\t\t\t\t<div class=\"elementor-widget-container\">\n\t\t\t\t\t<div class=\"elementor-divider\">\n\t\t\t<span class=\"elementor-divider-separator\">\n\t\t\t\t\t\t<\/span>\n\t\t<\/div>\n\t\t\t\t<\/div>\n\t\t\t\t<\/div>\n\t\t\t\t\t<\/div>\n\t\t<\/div>\n\t\t\t\t\t<\/div>\n\t\t<\/section>\n\t\t\t\t<section class=\"elementor-section elementor-top-section elementor-element elementor-element-e540bd8 elementor-section-boxed elementor-section-height-default elementor-section-height-default\" data-id=\"e540bd8\" data-element_type=\"section\">\n\t\t\t\t\t\t<div class=\"elementor-container elementor-column-gap-default\">\n\t\t\t\t\t<div class=\"elementor-column elementor-col-100 elementor-top-column elementor-element elementor-element-951d84a\" data-id=\"951d84a\" data-element_type=\"column\">\n\t\t\t<div class=\"elementor-widget-wrap elementor-element-populated\">\n\t\t\t\t\t\t<div class=\"elementor-element elementor-element-f97fc91 elementor-widget elementor-widget-text-editor\" data-id=\"f97fc91\" data-element_type=\"widget\" data-widget_type=\"text-editor.default\">\n\t\t\t\t<div class=\"elementor-widget-container\">\n\t\t\t\t\t\t\t<p align=\"justify\"><span style=\"color: #000000\"><span style=\"font-family: Arial, serif\"><span style=\"font-size: medium\">Acad\u00eamica do curso de Artes Visuais &#8211; Licenciatura na Universidade Federal de Santa Maria; autora da interven\u00e7\u00e3o art\u00edstica no novo espa\u00e7o de amamenta\u00e7\u00e3o, no quarto andar do pr\u00e9dio 16-B da UFSM, com sele\u00e7\u00e3o por edital.<\/span><\/span><\/span><\/p>\t\t\t\t\t\t<\/div>\n\t\t\t\t<\/div>\n\t\t\t\t\t<\/div>\n\t\t<\/div>\n\t\t\t\t\t<\/div>\n\t\t<\/section>\n\t\t\t\t<section class=\"elementor-section elementor-top-section elementor-element elementor-element-bd829ba elementor-section-boxed elementor-section-height-default elementor-section-height-default\" data-id=\"bd829ba\" data-element_type=\"section\">\n\t\t\t\t\t\t<div class=\"elementor-container elementor-column-gap-default\">\n\t\t\t\t\t<div class=\"elementor-column elementor-col-100 elementor-top-column elementor-element elementor-element-9420b3a\" data-id=\"9420b3a\" data-element_type=\"column\">\n\t\t\t<div class=\"elementor-widget-wrap elementor-element-populated\">\n\t\t\t\t\t\t<div class=\"elementor-element elementor-element-09b1f44 elementor-widget-divider--view-line elementor-widget elementor-widget-divider\" data-id=\"09b1f44\" data-element_type=\"widget\" data-widget_type=\"divider.default\">\n\t\t\t\t<div class=\"elementor-widget-container\">\n\t\t\t\t\t<div class=\"elementor-divider\">\n\t\t\t<span class=\"elementor-divider-separator\">\n\t\t\t\t\t\t<\/span>\n\t\t<\/div>\n\t\t\t\t<\/div>\n\t\t\t\t<\/div>\n\t\t\t\t\t<\/div>\n\t\t<\/div>\n\t\t\t\t\t<\/div>\n\t\t<\/section>\n\t\t\t\t<section class=\"elementor-section elementor-top-section elementor-element elementor-element-ec83398 elementor-section-boxed elementor-section-height-default elementor-section-height-default\" data-id=\"ec83398\" data-element_type=\"section\">\n\t\t\t\t\t\t<div class=\"elementor-container elementor-column-gap-default\">\n\t\t\t\t\t<div class=\"elementor-column elementor-col-100 elementor-top-column elementor-element elementor-element-8e22bfa\" data-id=\"8e22bfa\" data-element_type=\"column\">\n\t\t\t<div class=\"elementor-widget-wrap elementor-element-populated\">\n\t\t\t\t\t\t<div class=\"elementor-element elementor-element-6264dc0 elementor-widget elementor-widget-heading\" data-id=\"6264dc0\" data-element_type=\"widget\" data-widget_type=\"heading.default\">\n\t\t\t\t<div class=\"elementor-widget-container\">\n\t\t\t<h5 class=\"elementor-heading-title elementor-size-default\">Relato da artista<\/h5>\t\t<\/div>\n\t\t\t\t<\/div>\n\t\t\t\t<div class=\"elementor-element elementor-element-7d71852 elementor-widget elementor-widget-text-editor\" data-id=\"7d71852\" data-element_type=\"widget\" data-widget_type=\"text-editor.default\">\n\t\t\t\t<div class=\"elementor-widget-container\">\n\t\t\t\t\t\t\t<p align=\"justify\"><span style=\"color: #000000\"><span style=\"font-family: Arial, serif\"><span style=\"font-size: medium\">Algo que sempre me chamou a aten\u00e7\u00e3o dentro da UFSM foi sua estrutura, suas possibilidades e suas oportunidades. Acredito que isso potencializa o aprendizado, todo dia sinto que cres\u00e7o um pouco mais, como artista e como pessoa. A Universidade est\u00e1 em constante transforma\u00e7\u00e3o e se faz de modelo tanto para pinturas quanto para fotografias, palco para esculturas, suporte para atua\u00e7\u00f5es e acolhida para murais. Dentro deste pensamento, n\u00e3o posso esquecer que a Universidade \u00e9 comandada por pessoas e planejamentos. Alguns deles aparentam ser contradit\u00f3rios, como a derrubada de eucaliptos em massa que est\u00e1 acontecendo na Universidade, evento que marcou assim como o florescer das flores nos jardins, que j\u00e1 me foram objetos de estudos fotogr\u00e1ficos. O momento em que visualizei a queda destas \u00e1rvores foi muito tocante. Um momento t\u00e3o r\u00e1pido quanto foi a pr\u00f3pria derrubada d<\/span><\/span><\/span><span style=\"font-family: Arial, serif\"><span style=\"font-size: medium\">essas \u00e1rvores, que j\u00e1 foram logo carregadas para fora. O que restou como registro de suas quedas foram os sinais nas cal\u00e7adas, a falta de sombra e, para mim, esta fotografia, como registro da transforma\u00e7\u00e3o.<\/span><\/span><\/p>\t\t\t\t\t\t<\/div>\n\t\t\t\t<\/div>\n\t\t\t\t<div class=\"elementor-element elementor-element-23d8707 elementor-widget elementor-widget-spacer\" data-id=\"23d8707\" data-element_type=\"widget\" data-widget_type=\"spacer.default\">\n\t\t\t\t<div class=\"elementor-widget-container\">\n\t\t\t\t\t<div class=\"elementor-spacer\">\n\t\t\t<div class=\"elementor-spacer-inner\"><\/div>\n\t\t<\/div>\n\t\t\t\t<\/div>\n\t\t\t\t<\/div>\n\t\t\t\t<div class=\"elementor-element elementor-element-98ace38 elementor-widget-divider--view-line elementor-widget elementor-widget-divider\" data-id=\"98ace38\" data-element_type=\"widget\" data-widget_type=\"divider.default\">\n\t\t\t\t<div class=\"elementor-widget-container\">\n\t\t\t\t\t<div class=\"elementor-divider\">\n\t\t\t<span class=\"elementor-divider-separator\">\n\t\t\t\t\t\t<\/span>\n\t\t<\/div>\n\t\t\t\t<\/div>\n\t\t\t\t<\/div>\n\t\t\t\t\t<\/div>\n\t\t<\/div>\n\t\t\t\t\t<\/div>\n\t\t<\/section>\n\t\t\t\t<section class=\"elementor-section elementor-top-section elementor-element elementor-element-2eea572 elementor-section-boxed elementor-section-height-default elementor-section-height-default\" data-id=\"2eea572\" data-element_type=\"section\">\n\t\t\t\t\t\t<div class=\"elementor-container elementor-column-gap-default\">\n\t\t\t\t\t<div class=\"elementor-column elementor-col-50 elementor-top-column elementor-element elementor-element-98c8e65\" data-id=\"98c8e65\" data-element_type=\"column\">\n\t\t\t<div class=\"elementor-widget-wrap elementor-element-populated\">\n\t\t\t\t\t\t<div class=\"elementor-element elementor-element-fe9af3e elementor-button-info elementor-align-left elementor-widget elementor-widget-button\" data-id=\"fe9af3e\" data-element_type=\"widget\" data-widget_type=\"button.default\">\n\t\t\t\t<div class=\"elementor-widget-container\">\n\t\t\t\t\t\t\t<div class=\"elementor-button-wrapper\">\n\t\t\t\t\t<a class=\"elementor-button elementor-button-link elementor-size-xs\" href=\"https:\/\/www.ufsm.br\/outros-orgaos\/cc\/sala-universidade-em-nos\/\">\n\t\t\t\t\t\t<span class=\"elementor-button-content-wrapper\">\n\t\t\t\t\t\t<span class=\"elementor-button-icon\">\n\t\t\t\t<i aria-hidden=\"true\" class=\"fas fa-caret-left\"><\/i>\t\t\t<\/span>\n\t\t\t\t\t\t\t\t\t<span class=\"elementor-button-text\">Sala - A Universidade em n\u00f3s<\/span>\n\t\t\t\t\t<\/span>\n\t\t\t\t\t<\/a>\n\t\t\t\t<\/div>\n\t\t\t\t\t\t<\/div>\n\t\t\t\t<\/div>\n\t\t\t\t\t<\/div>\n\t\t<\/div>\n\t\t\t\t<div class=\"elementor-column elementor-col-50 elementor-top-column elementor-element elementor-element-9784b64\" data-id=\"9784b64\" data-element_type=\"column\">\n\t\t\t<div class=\"elementor-widget-wrap elementor-element-populated\">\n\t\t\t\t\t\t<div class=\"elementor-element elementor-element-eeed130 elementor-button-info elementor-align-right elementor-widget elementor-widget-button\" data-id=\"eeed130\" data-element_type=\"widget\" data-widget_type=\"button.default\">\n\t\t\t\t<div class=\"elementor-widget-container\">\n\t\t\t\t\t\t\t<div class=\"elementor-button-wrapper\">\n\t\t\t\t\t<a class=\"elementor-button elementor-button-link elementor-size-xs\" href=\"https:\/\/www.ufsm.br\/outros-orgaos\/cc\/galeria-virtual\/a-universidade-em-nos-60-anos-de-historias-conflitos-e-conquistas\/\">\n\t\t\t\t\t\t<span class=\"elementor-button-content-wrapper\">\n\t\t\t\t\t\t<span class=\"elementor-button-icon\">\n\t\t\t\t<i aria-hidden=\"true\" class=\"fas fa-caret-right\"><\/i>\t\t\t<\/span>\n\t\t\t\t\t\t\t\t\t<span class=\"elementor-button-text\">Sobre a exposi\u00e7\u00e3o<\/span>\n\t\t\t\t\t<\/span>\n\t\t\t\t\t<\/a>\n\t\t\t\t<\/div>\n\t\t\t\t\t\t<\/div>\n\t\t\t\t<\/div>\n\t\t\t\t\t<\/div>\n\t\t<\/div>\n\t\t\t\t\t<\/div>\n\t\t<\/section>\n\t\t\t\t<\/div>\n\t\t","protected":false},"excerpt":{"rendered":"<p>Acad\u00eamica do curso de Artes Visuais &#8211; Licenciatura na Universidade Federal de Santa Maria; autora da interven\u00e7\u00e3o art\u00edstica no novo espa\u00e7o de amamenta\u00e7\u00e3o, no quarto andar do pr\u00e9dio 16-B da UFSM, com sele\u00e7\u00e3o por edital. Relato da artista Algo que sempre me chamou a aten\u00e7\u00e3o dentro da UFSM foi sua estrutura, suas possibilidades e suas [&hellip;]<\/p>\n","protected":false},"author":1452,"featured_media":0,"parent":0,"menu_order":0,"comment_status":"closed","ping_status":"closed","template":"","meta":{"footnotes":""},"categories":[],"tags":[48],"class_list":["post-602","page","type-page","status-publish","hentry","tag-galeria-60-anos"],"acf":[],"_links":{"self":[{"href":"https:\/\/www.ufsm.br\/outros-orgaos\/cc\/wp-json\/wp\/v2\/pages\/602","targetHints":{"allow":["GET"]}}],"collection":[{"href":"https:\/\/www.ufsm.br\/outros-orgaos\/cc\/wp-json\/wp\/v2\/pages"}],"about":[{"href":"https:\/\/www.ufsm.br\/outros-orgaos\/cc\/wp-json\/wp\/v2\/types\/page"}],"author":[{"embeddable":true,"href":"https:\/\/www.ufsm.br\/outros-orgaos\/cc\/wp-json\/wp\/v2\/users\/1452"}],"replies":[{"embeddable":true,"href":"https:\/\/www.ufsm.br\/outros-orgaos\/cc\/wp-json\/wp\/v2\/comments?post=602"}],"version-history":[{"count":0,"href":"https:\/\/www.ufsm.br\/outros-orgaos\/cc\/wp-json\/wp\/v2\/pages\/602\/revisions"}],"wp:attachment":[{"href":"https:\/\/www.ufsm.br\/outros-orgaos\/cc\/wp-json\/wp\/v2\/media?parent=602"}],"wp:term":[{"taxonomy":"category","embeddable":true,"href":"https:\/\/www.ufsm.br\/outros-orgaos\/cc\/wp-json\/wp\/v2\/categories?post=602"},{"taxonomy":"post_tag","embeddable":true,"href":"https:\/\/www.ufsm.br\/outros-orgaos\/cc\/wp-json\/wp\/v2\/tags?post=602"}],"curies":[{"name":"wp","href":"https:\/\/api.w.org\/{rel}","templated":true}]}}