{"id":654,"date":"2020-11-18T13:50:16","date_gmt":"2020-11-18T16:50:16","guid":{"rendered":"https:\/\/www.ufsm.br\/outros-orgaos\/cc\/?page_id=654"},"modified":"2020-11-21T16:20:18","modified_gmt":"2020-11-21T19:20:18","slug":"negrura","status":"publish","type":"page","link":"https:\/\/www.ufsm.br\/outros-orgaos\/cc\/galeria-virtual\/negrura","title":{"rendered":"NEGRURA"},"content":{"rendered":"\t\t<div data-elementor-type=\"wp-page\" data-elementor-id=\"654\" class=\"elementor elementor-654\">\n\t\t\t\t\t\t<section class=\"elementor-section elementor-top-section elementor-element elementor-element-bae8b32 elementor-section-boxed elementor-section-height-default elementor-section-height-default\" data-id=\"bae8b32\" data-element_type=\"section\">\n\t\t\t\t\t\t<div class=\"elementor-container elementor-column-gap-default\">\n\t\t\t\t\t<div class=\"elementor-column elementor-col-100 elementor-top-column elementor-element elementor-element-2d54d83\" data-id=\"2d54d83\" data-element_type=\"column\">\n\t\t\t<div class=\"elementor-widget-wrap elementor-element-populated\">\n\t\t\t\t\t\t<div class=\"elementor-element elementor-element-d723ac8 elementor-widget-divider--view-line elementor-widget elementor-widget-divider\" data-id=\"d723ac8\" data-element_type=\"widget\" data-widget_type=\"divider.default\">\n\t\t\t\t<div class=\"elementor-widget-container\">\n\t\t\t\t\t<div class=\"elementor-divider\">\n\t\t\t<span class=\"elementor-divider-separator\">\n\t\t\t\t\t\t<\/span>\n\t\t<\/div>\n\t\t\t\t<\/div>\n\t\t\t\t<\/div>\n\t\t\t\t\t<\/div>\n\t\t<\/div>\n\t\t\t\t\t<\/div>\n\t\t<\/section>\n\t\t\t\t<section class=\"elementor-section elementor-top-section elementor-element elementor-element-1589f7d elementor-section-boxed elementor-section-height-default elementor-section-height-default\" data-id=\"1589f7d\" data-element_type=\"section\">\n\t\t\t\t\t\t<div class=\"elementor-container elementor-column-gap-default\">\n\t\t\t\t\t<div class=\"elementor-column elementor-col-100 elementor-top-column elementor-element elementor-element-7909f57\" data-id=\"7909f57\" data-element_type=\"column\">\n\t\t\t<div class=\"elementor-widget-wrap elementor-element-populated\">\n\t\t\t\t\t\t<div class=\"elementor-element elementor-element-12e286f elementor-widget elementor-widget-text-editor\" data-id=\"12e286f\" data-element_type=\"widget\" data-widget_type=\"text-editor.default\">\n\t\t\t\t<div class=\"elementor-widget-container\">\n\t\t\t\t\t\t\t<p align=\"justify\"><span style=\"color: #050505\"><span style=\"font-size: medium\">&#8220;Toda vida surge a partir de uma semente preta, toda vida est\u00e1 enraizada na escurid\u00e3o, e todas as coisas possuem uma mem\u00f3ria de seus ancestrais coletivos. Negrura, o solvente universal de tudo, \u00e9 a \u00fanica realidade a partir da qual o tear da vida se fia. Todas as cores, todas as energias vibrat\u00f3rias s\u00e3o, sen\u00e3o, um tom de preto[&#8230;]&#8221; Richard King<\/span><\/span><\/p><p align=\"justify\">Arte que cura, arte que impulsiona, arte que sonha e questiona. Negrura definido como a cor negra, a qualidade de negro; a negrid\u00e3o. Entre traumas e afetos, cria\u00e7\u00e3o e recria\u00e7\u00e3o onde est\u00e1 a negrura na arte? Reunindo trabalhos e pesquisas das(os) seguintes artistas: Andressa Freitas, Braziliano fpk, Carmen Borges, Dady Simon, \u00c9rick Leal, Marcio Cardoso, Mitti Mendon\u00e7a, Pedro Henrique, Pedro Reis, Rusha, Thais Bonato, Thais Oliveira e Igor Rosa, a exposi\u00e7\u00e3o coletiva de artistas negras(os) NEGRURA cria um espa\u00e7o de di\u00e1logo e contato tanto entre os pr\u00f3prios artistas quanto dos artistas com o p\u00fablico, mediado por obras que circulam pautas raciais quest\u00f5es de identidade negra e de g\u00eanero.<\/p><p style=\"text-align: right\" align=\"justify\"><em>Por Igor Rosa e RUSHA<\/em><\/p>\t\t\t\t\t\t<\/div>\n\t\t\t\t<\/div>\n\t\t\t\t\t<\/div>\n\t\t<\/div>\n\t\t\t\t\t<\/div>\n\t\t<\/section>\n\t\t\t\t<section class=\"elementor-section elementor-top-section elementor-element elementor-element-d3a9f57 elementor-section-boxed elementor-section-height-default elementor-section-height-default\" data-id=\"d3a9f57\" data-element_type=\"section\">\n\t\t\t\t\t\t<div class=\"elementor-container elementor-column-gap-default\">\n\t\t\t\t\t<div class=\"elementor-column elementor-col-100 elementor-top-column elementor-element elementor-element-3cb12bf\" data-id=\"3cb12bf\" data-element_type=\"column\">\n\t\t\t<div class=\"elementor-widget-wrap elementor-element-populated\">\n\t\t\t\t\t\t<div class=\"elementor-element elementor-element-23fdc59 elementor-widget-divider--view-line elementor-invisible elementor-widget elementor-widget-divider\" data-id=\"23fdc59\" data-element_type=\"widget\" data-settings=\"{&quot;_animation&quot;:&quot;fadeInDown&quot;}\" data-widget_type=\"divider.default\">\n\t\t\t\t<div class=\"elementor-widget-container\">\n\t\t\t\t\t<div class=\"elementor-divider\">\n\t\t\t<span class=\"elementor-divider-separator\">\n\t\t\t\t\t\t<\/span>\n\t\t<\/div>\n\t\t\t\t<\/div>\n\t\t\t\t<\/div>\n\t\t\t\t\t<\/div>\n\t\t<\/div>\n\t\t\t\t\t<\/div>\n\t\t<\/section>\n\t\t\t\t<section class=\"elementor-section elementor-top-section elementor-element elementor-element-0d257e2 elementor-section-boxed elementor-section-height-default elementor-section-height-default\" data-id=\"0d257e2\" data-element_type=\"section\">\n\t\t\t\t\t\t<div class=\"elementor-container elementor-column-gap-default\">\n\t\t\t\t\t<div class=\"elementor-column elementor-col-100 elementor-top-column elementor-element elementor-element-599c44e\" data-id=\"599c44e\" data-element_type=\"column\">\n\t\t\t<div class=\"elementor-widget-wrap elementor-element-populated\">\n\t\t\t\t\t\t<div class=\"elementor-element elementor-element-a6ca0fe elementor-invisible elementor-widget elementor-widget-text-editor\" data-id=\"a6ca0fe\" data-element_type=\"widget\" data-settings=\"{&quot;_animation&quot;:&quot;fadeIn&quot;}\" data-widget_type=\"text-editor.default\">\n\t\t\t\t<div class=\"elementor-widget-container\">\n\t\t\t\t\t\t\t<p style=\"text-align: center\"><strong>Realiza\u00e7\u00e3o:<\/strong> Projeto Arte, Cultura e Pedagogia: por uma educa\u00e7\u00e3o antirracista na Educa\u00e7\u00e3o B\u00e1sica<\/p><p style=\"text-align: center\"><strong>Apoio:<\/strong> Observat\u00f3rio de Direitos Humanos &#8211; Pr\u00f3-Reitoria de Extens\u00e3o UFSM<\/p>\t\t\t\t\t\t<\/div>\n\t\t\t\t<\/div>\n\t\t\t\t\t<\/div>\n\t\t<\/div>\n\t\t\t\t\t<\/div>\n\t\t<\/section>\n\t\t\t\t<section class=\"elementor-section elementor-top-section elementor-element elementor-element-f1f0a01 elementor-section-boxed elementor-section-height-default elementor-section-height-default\" data-id=\"f1f0a01\" data-element_type=\"section\">\n\t\t\t\t\t\t<div class=\"elementor-container elementor-column-gap-default\">\n\t\t\t\t\t<div class=\"elementor-column elementor-col-100 elementor-top-column elementor-element elementor-element-90ea4d8\" data-id=\"90ea4d8\" data-element_type=\"column\">\n\t\t\t<div class=\"elementor-widget-wrap elementor-element-populated\">\n\t\t\t\t\t\t<div class=\"elementor-element elementor-element-f275472 elementor-widget-divider--view-line elementor-invisible elementor-widget elementor-widget-divider\" data-id=\"f275472\" data-element_type=\"widget\" data-settings=\"{&quot;_animation&quot;:&quot;fadeIn&quot;}\" data-widget_type=\"divider.default\">\n\t\t\t\t<div class=\"elementor-widget-container\">\n\t\t\t\t\t<div class=\"elementor-divider\">\n\t\t\t<span class=\"elementor-divider-separator\">\n\t\t\t\t\t\t<\/span>\n\t\t<\/div>\n\t\t\t\t<\/div>\n\t\t\t\t<\/div>\n\t\t\t\t\t<\/div>\n\t\t<\/div>\n\t\t\t\t\t<\/div>\n\t\t<\/section>\n\t\t\t\t<section class=\"elementor-section elementor-top-section elementor-element elementor-element-5727366 elementor-section-boxed elementor-section-height-default elementor-section-height-default\" data-id=\"5727366\" data-element_type=\"section\">\n\t\t\t\t\t\t<div class=\"elementor-container elementor-column-gap-default\">\n\t\t\t\t\t<div class=\"elementor-column elementor-col-100 elementor-top-column elementor-element elementor-element-c3892ec\" data-id=\"c3892ec\" data-element_type=\"column\">\n\t\t\t<div class=\"elementor-widget-wrap elementor-element-populated\">\n\t\t\t\t\t\t<div class=\"elementor-element elementor-element-7fb147d elementor-button-info elementor-align-center elementor-invisible elementor-widget elementor-widget-button\" data-id=\"7fb147d\" data-element_type=\"widget\" data-settings=\"{&quot;_animation&quot;:&quot;fadeIn&quot;}\" data-widget_type=\"button.default\">\n\t\t\t\t<div class=\"elementor-widget-container\">\n\t\t\t\t\t\t\t<div class=\"elementor-button-wrapper\">\n\t\t\t\t\t<a class=\"elementor-button elementor-button-link elementor-size-sm\" href=\"https:\/\/www.ufsm.br\/outros-orgaos\/cc\/galeria-virtual\/negrura\/sala-04-negrura\/\">\n\t\t\t\t\t\t<span class=\"elementor-button-content-wrapper\">\n\t\t\t\t\t\t\t\t\t<span class=\"elementor-button-text\">Acesso \u00e0 Exposi\u00e7\u00e3o<\/span>\n\t\t\t\t\t<\/span>\n\t\t\t\t\t<\/a>\n\t\t\t\t<\/div>\n\t\t\t\t\t\t<\/div>\n\t\t\t\t<\/div>\n\t\t\t\t\t<\/div>\n\t\t<\/div>\n\t\t\t\t\t<\/div>\n\t\t<\/section>\n\t\t\t\t<\/div>\n\t\t","protected":false},"excerpt":{"rendered":"<p>&#8220;Toda vida surge a partir de uma semente preta, toda vida est\u00e1 enraizada na escurid\u00e3o, e todas as coisas possuem uma mem\u00f3ria de seus ancestrais coletivos. Negrura, o solvente universal de tudo, \u00e9 a \u00fanica realidade a partir da qual o tear da vida se fia. Todas as cores, todas as energias vibrat\u00f3rias s\u00e3o, sen\u00e3o, [&hellip;]<\/p>\n","protected":false},"author":1452,"featured_media":0,"parent":631,"menu_order":0,"comment_status":"closed","ping_status":"closed","template":"","meta":{"footnotes":""},"categories":[],"tags":[57],"class_list":["post-654","page","type-page","status-publish","hentry","tag-negrura"],"acf":[],"_links":{"self":[{"href":"https:\/\/www.ufsm.br\/outros-orgaos\/cc\/wp-json\/wp\/v2\/pages\/654","targetHints":{"allow":["GET"]}}],"collection":[{"href":"https:\/\/www.ufsm.br\/outros-orgaos\/cc\/wp-json\/wp\/v2\/pages"}],"about":[{"href":"https:\/\/www.ufsm.br\/outros-orgaos\/cc\/wp-json\/wp\/v2\/types\/page"}],"author":[{"embeddable":true,"href":"https:\/\/www.ufsm.br\/outros-orgaos\/cc\/wp-json\/wp\/v2\/users\/1452"}],"replies":[{"embeddable":true,"href":"https:\/\/www.ufsm.br\/outros-orgaos\/cc\/wp-json\/wp\/v2\/comments?post=654"}],"version-history":[{"count":0,"href":"https:\/\/www.ufsm.br\/outros-orgaos\/cc\/wp-json\/wp\/v2\/pages\/654\/revisions"}],"up":[{"embeddable":true,"href":"https:\/\/www.ufsm.br\/outros-orgaos\/cc\/wp-json\/wp\/v2\/pages\/631"}],"wp:attachment":[{"href":"https:\/\/www.ufsm.br\/outros-orgaos\/cc\/wp-json\/wp\/v2\/media?parent=654"}],"wp:term":[{"taxonomy":"category","embeddable":true,"href":"https:\/\/www.ufsm.br\/outros-orgaos\/cc\/wp-json\/wp\/v2\/categories?post=654"},{"taxonomy":"post_tag","embeddable":true,"href":"https:\/\/www.ufsm.br\/outros-orgaos\/cc\/wp-json\/wp\/v2\/tags?post=654"}],"curies":[{"name":"wp","href":"https:\/\/api.w.org\/{rel}","templated":true}]}}