{"id":85,"date":"2018-07-18T17:26:14","date_gmt":"2018-07-18T20:26:14","guid":{"rendered":"https:\/\/www.ufsm.br\/outros-orgaos\/cc\/?page_id=85"},"modified":"2024-12-06T16:14:17","modified_gmt":"2024-12-06T19:14:17","slug":"agendamento","status":"publish","type":"page","link":"https:\/\/www.ufsm.br\/outros-orgaos\/cc\/agendamento","title":{"rendered":"Agendamento"},"content":{"rendered":"\t\t<div data-elementor-type=\"wp-page\" data-elementor-id=\"85\" class=\"elementor elementor-85\">\n\t\t\t\t\t\t<section class=\"elementor-section elementor-top-section elementor-element elementor-element-7c81df5c elementor-section-boxed elementor-section-height-default elementor-section-height-default\" data-id=\"7c81df5c\" data-element_type=\"section\">\n\t\t\t\t\t\t<div class=\"elementor-container elementor-column-gap-default\">\n\t\t\t\t\t<div class=\"elementor-column elementor-col-100 elementor-top-column elementor-element elementor-element-6f60d9f2\" data-id=\"6f60d9f2\" data-element_type=\"column\">\n\t\t\t<div class=\"elementor-widget-wrap elementor-element-populated\">\n\t\t\t\t\t\t<div class=\"elementor-element elementor-element-7454e13f elementor-widget elementor-widget-text-editor\" data-id=\"7454e13f\" data-element_type=\"widget\" data-widget_type=\"text-editor.default\">\n\t\t\t\t<div class=\"elementor-widget-container\">\n\t\t\t\t\t\t\t<div><h2>Passo a Passo Para Agendamento<\/h2><\/div><div><p><strong>PASSO A PASSO PARA OS EVENTOS NO CENTRO DE CONVEN\u00c7\u00d5ES<\/strong><\/p><p align=\"left\"><span style=\"color: #172938\"><span style=\"font-family: Arial, sans-serif\"><b>Servidores:<\/b><\/span><\/span> <span style=\"color: #172938\"><span style=\"font-family: Arial, sans-serif\">Efetuar o pr\u00e9-agendamento no Sistema de Agendamento da UFSM, link: <\/span><\/span><span style=\"color: #204c90\"><span style=\"font-family: Arial, sans-serif\"><a href=\"http:\/\/portal.ufsm.br\/agendamento\" target=\"_blank\" rel=\"noopener noreferrer\" data-saferedirecturl=\"https:\/\/www.google.com\/url?q=http:\/\/portal.ufsm.br\/agendamento&amp;source=gmail&amp;ust=1557227122637000&amp;usg=AFQjCNE4XDQ7QpK5dqTvqf-35tQiZcpslQ\">http:\/\/portal.ufsm.br\/agendamento<\/a>;<\/span><\/span><\/p><p align=\"left\"><span style=\"font-family: Arial, sans-serif\"><b><span style=\"color: #000000\">P\u00fablico externo:<\/span><\/b><\/span><span style=\"font-family: Arial, sans-serif\"> Solicitar <\/span><span style=\"text-align: var(--bs-body-text-align)\">agendamento conforme orienta\u00e7\u00f5es do edital 087\/2024<\/span><span style=\"font-family: arial, sans-serif;font-size: small;font-weight: var( --e-global-typography-text-font-weight );text-align: var(--bs-body-text-align)\">\u00a0&#8211; Loca\u00e7\u00e3o Centro de Conven\u00e7\u00f5es UFSM no link https:\/\/www.ufsm.br\/pro-reitorias\/pre\/editais\/087-2024<\/span><\/p><p align=\"left\"><span style=\"font-family: Arial, sans-serif\"><span style=\"color: #172938\">Ap\u00f3s a solicita\u00e7\u00e3o, favor aguardar confirma\u00e7\u00e3o e contato da equipe do Centro de Conven\u00e7\u00f5es da UFSM.<\/span><\/span><\/p><p align=\"left\"><span style=\"font-family: Arial, sans-serif\"><span style=\"color: #172938\">Para mais informa\u00e7\u00f5es:<\/span><\/span><\/p><p align=\"left\"><span style=\"font-family: Arial, sans-serif\"><span style=\"color: #172938\">Centro de Conven\u00e7\u00f5es da UFSM<\/span><\/span><\/p><p align=\"left\"><span style=\"font-family: Arial, sans-serif\"><span style=\"color: #172938\">Tel.: (55) 3220 8529<\/span><\/span><\/p><p align=\"left\"><span style=\"font-family: Arial, sans-serif\"><span style=\"color: #172938\">Whatsapp: (55) 991558263<\/span><\/span><\/p><p align=\"left\"><span style=\"color: #172938\"><span style=\"font-family: Arial, sans-serif\">E-mail: <a href=\"mailto:centrodeconvencoes@ufsm.br\" target=\"_blank\" rel=\"noopener\">centrodeconvencoes@ufsm.br<\/a><\/span><\/span><\/p><\/div>\t\t\t\t\t\t<\/div>\n\t\t\t\t<\/div>\n\t\t\t\t\t<\/div>\n\t\t<\/div>\n\t\t\t\t\t<\/div>\n\t\t<\/section>\n\t\t\t\t<\/div>\n\t\t","protected":false},"excerpt":{"rendered":"<p>Passo a Passo Para Agendamento PASSO A PASSO PARA OS EVENTOS NO CENTRO DE CONVEN\u00c7\u00d5ES Servidores: Efetuar o pr\u00e9-agendamento no Sistema de Agendamento da UFSM, link: http:\/\/portal.ufsm.br\/agendamento; P\u00fablico externo: Solicitar agendamento conforme orienta\u00e7\u00f5es do edital 087\/2024\u00a0&#8211; Loca\u00e7\u00e3o Centro de Conven\u00e7\u00f5es UFSM no link https:\/\/www.ufsm.br\/pro-reitorias\/pre\/editais\/087-2024 Ap\u00f3s a solicita\u00e7\u00e3o, favor aguardar confirma\u00e7\u00e3o e contato da equipe do [&hellip;]<\/p>\n","protected":false},"author":46,"featured_media":0,"parent":0,"menu_order":0,"comment_status":"closed","ping_status":"closed","template":"","meta":{"footnotes":""},"categories":[],"tags":[],"class_list":["post-85","page","type-page","status-publish","hentry"],"acf":[],"_links":{"self":[{"href":"https:\/\/www.ufsm.br\/outros-orgaos\/cc\/wp-json\/wp\/v2\/pages\/85","targetHints":{"allow":["GET"]}}],"collection":[{"href":"https:\/\/www.ufsm.br\/outros-orgaos\/cc\/wp-json\/wp\/v2\/pages"}],"about":[{"href":"https:\/\/www.ufsm.br\/outros-orgaos\/cc\/wp-json\/wp\/v2\/types\/page"}],"author":[{"embeddable":true,"href":"https:\/\/www.ufsm.br\/outros-orgaos\/cc\/wp-json\/wp\/v2\/users\/46"}],"replies":[{"embeddable":true,"href":"https:\/\/www.ufsm.br\/outros-orgaos\/cc\/wp-json\/wp\/v2\/comments?post=85"}],"version-history":[{"count":0,"href":"https:\/\/www.ufsm.br\/outros-orgaos\/cc\/wp-json\/wp\/v2\/pages\/85\/revisions"}],"wp:attachment":[{"href":"https:\/\/www.ufsm.br\/outros-orgaos\/cc\/wp-json\/wp\/v2\/media?parent=85"}],"wp:term":[{"taxonomy":"category","embeddable":true,"href":"https:\/\/www.ufsm.br\/outros-orgaos\/cc\/wp-json\/wp\/v2\/categories?post=85"},{"taxonomy":"post_tag","embeddable":true,"href":"https:\/\/www.ufsm.br\/outros-orgaos\/cc\/wp-json\/wp\/v2\/tags?post=85"}],"curies":[{"name":"wp","href":"https:\/\/api.w.org\/{rel}","templated":true}]}}