{"id":86,"date":"2018-07-18T17:26:37","date_gmt":"2018-07-18T20:26:37","guid":{"rendered":"https:\/\/www.ufsm.br\/outros-orgaos\/cc\/?page_id=86"},"modified":"2021-01-19T14:12:59","modified_gmt":"2021-01-19T17:12:59","slug":"contato","status":"publish","type":"page","link":"https:\/\/www.ufsm.br\/outros-orgaos\/cc\/contato","title":{"rendered":"Contato"},"content":{"rendered":"\t\t<div data-elementor-type=\"wp-page\" data-elementor-id=\"86\" class=\"elementor elementor-86\">\n\t\t\t\t\t\t<section class=\"elementor-section elementor-top-section elementor-element elementor-element-348a52f elementor-section-boxed elementor-section-height-default elementor-section-height-default\" data-id=\"348a52f\" data-element_type=\"section\">\n\t\t\t\t\t\t<div class=\"elementor-container elementor-column-gap-default\">\n\t\t\t\t\t<div class=\"elementor-column elementor-col-100 elementor-top-column elementor-element elementor-element-685c49a\" data-id=\"685c49a\" data-element_type=\"column\">\n\t\t\t<div class=\"elementor-widget-wrap elementor-element-populated\">\n\t\t\t\t\t\t<div class=\"elementor-element elementor-element-72431e5 elementor-widget-divider--view-line elementor-widget elementor-widget-divider\" data-id=\"72431e5\" data-element_type=\"widget\" data-widget_type=\"divider.default\">\n\t\t\t\t<div class=\"elementor-widget-container\">\n\t\t\t\t\t<div class=\"elementor-divider\">\n\t\t\t<span class=\"elementor-divider-separator\">\n\t\t\t\t\t\t<\/span>\n\t\t<\/div>\n\t\t\t\t<\/div>\n\t\t\t\t<\/div>\n\t\t\t\t\t<\/div>\n\t\t<\/div>\n\t\t\t\t\t<\/div>\n\t\t<\/section>\n\t\t\t\t<section class=\"elementor-section elementor-top-section elementor-element elementor-element-f22347d elementor-section-boxed elementor-section-height-default elementor-section-height-default\" data-id=\"f22347d\" data-element_type=\"section\">\n\t\t\t\t\t\t<div class=\"elementor-container elementor-column-gap-default\">\n\t\t\t\t\t<div class=\"elementor-column elementor-col-100 elementor-top-column elementor-element elementor-element-2203a74\" data-id=\"2203a74\" data-element_type=\"column\">\n\t\t\t<div class=\"elementor-widget-wrap elementor-element-populated\">\n\t\t\t\t\t\t<div class=\"elementor-element elementor-element-08efd82 elementor-widget elementor-widget-text-editor\" data-id=\"08efd82\" data-element_type=\"widget\" data-widget_type=\"text-editor.default\">\n\t\t\t\t<div class=\"elementor-widget-container\">\n\t\t\t\t\t\t\t<p style=\"text-align: justify\">O <b>Centro de Conven\u00e7\u00f5es<\/b> (CC UFSM) atende \u00e0 comunidade interna e externa no Campus Sede da UFSM, pr\u00e9dio 62A (pr\u00f3ximo a Reitoria e ao Col\u00e9gio Polit\u00e9cnico UFSM), de segunda a sexta das 08h \u00e0s 17h.\u00a0<\/p><p>O contato tamb\u00e9m pode ser realizado via telefone, WhatsApp e E-mail.<\/p>\t\t\t\t\t\t<\/div>\n\t\t\t\t<\/div>\n\t\t\t\t\t<\/div>\n\t\t<\/div>\n\t\t\t\t\t<\/div>\n\t\t<\/section>\n\t\t\t\t<section class=\"elementor-section elementor-top-section elementor-element elementor-element-953bbc8 elementor-section-boxed elementor-section-height-default elementor-section-height-default\" data-id=\"953bbc8\" data-element_type=\"section\">\n\t\t\t\t\t\t<div class=\"elementor-container elementor-column-gap-default\">\n\t\t\t\t\t<div class=\"elementor-column elementor-col-100 elementor-top-column elementor-element elementor-element-d602a0c\" data-id=\"d602a0c\" data-element_type=\"column\">\n\t\t\t<div class=\"elementor-widget-wrap elementor-element-populated\">\n\t\t\t\t\t\t<div class=\"elementor-element elementor-element-cddd451 elementor-widget-divider--view-line elementor-widget elementor-widget-divider\" data-id=\"cddd451\" data-element_type=\"widget\" data-widget_type=\"divider.default\">\n\t\t\t\t<div class=\"elementor-widget-container\">\n\t\t\t\t\t<div class=\"elementor-divider\">\n\t\t\t<span class=\"elementor-divider-separator\">\n\t\t\t\t\t\t<\/span>\n\t\t<\/div>\n\t\t\t\t<\/div>\n\t\t\t\t<\/div>\n\t\t\t\t\t<\/div>\n\t\t<\/div>\n\t\t\t\t\t<\/div>\n\t\t<\/section>\n\t\t\t\t<section class=\"elementor-section elementor-top-section elementor-element elementor-element-ad137a8 elementor-section-boxed elementor-section-height-default elementor-section-height-default\" data-id=\"ad137a8\" data-element_type=\"section\">\n\t\t\t\t\t\t<div class=\"elementor-container elementor-column-gap-default\">\n\t\t\t\t\t<div class=\"elementor-column elementor-col-50 elementor-top-column elementor-element elementor-element-cb5850d\" data-id=\"cb5850d\" data-element_type=\"column\">\n\t\t\t<div class=\"elementor-widget-wrap elementor-element-populated\">\n\t\t\t\t\t\t<div class=\"elementor-element elementor-element-3005d62 elementor-view-default elementor-widget elementor-widget-icon\" data-id=\"3005d62\" data-element_type=\"widget\" data-widget_type=\"icon.default\">\n\t\t\t\t<div class=\"elementor-widget-container\">\n\t\t\t\t\t<div class=\"elementor-icon-wrapper\">\n\t\t\t<div class=\"elementor-icon\">\n\t\t\t<i aria-hidden=\"true\" class=\"fas fa-user-friends\"><\/i>\t\t\t<\/div>\n\t\t<\/div>\n\t\t\t\t<\/div>\n\t\t\t\t<\/div>\n\t\t\t\t<div class=\"elementor-element elementor-element-8b1288f elementor-widget elementor-widget-heading\" data-id=\"8b1288f\" data-element_type=\"widget\" data-widget_type=\"heading.default\">\n\t\t\t\t<div class=\"elementor-widget-container\">\n\t\t\t<h6 class=\"elementor-heading-title elementor-size-default\">Pr\u00f3-Reitoria de Extens\u00e3o UFSM<\/h6>\t\t<\/div>\n\t\t\t\t<\/div>\n\t\t\t\t\t<\/div>\n\t\t<\/div>\n\t\t\t\t<div class=\"elementor-column elementor-col-50 elementor-top-column elementor-element elementor-element-efa6511\" data-id=\"efa6511\" data-element_type=\"column\">\n\t\t\t<div class=\"elementor-widget-wrap elementor-element-populated\">\n\t\t\t\t\t\t<div class=\"elementor-element elementor-element-c78dddb elementor-widget elementor-widget-text-editor\" data-id=\"c78dddb\" data-element_type=\"widget\" data-widget_type=\"text-editor.default\">\n\t\t\t\t<div class=\"elementor-widget-container\">\n\t\t\t\t\t\t\t<p><strong>Pr\u00f3-Reitor de Extens\u00e3o | <\/strong>Prof. Flavi Ferreira Lisboa Filho |\u00a0\u00a0<a href=\"mailto:flavi@ufsm.br\">flavi@ufsm.br<\/a><\/p><p><strong>Pr\u00f3-Reitor Substituto de Extens\u00e3o | <\/strong>Prof. Rudiney Soares Pereira |\u00a0\u00a0<a href=\"mailto:rudiney.s.pereira@ufsm.br\">rudiney.s.pereira@ufsm.br<\/a><\/p><p><strong>Secretaria PRE | <\/strong>\u00a055 3220 8219 | 3220 8366 |\u00a0<a href=\"mailto:extensao@ufsm.br\">extensao@ufsm.br<\/a><\/p>\t\t\t\t\t\t<\/div>\n\t\t\t\t<\/div>\n\t\t\t\t\t<\/div>\n\t\t<\/div>\n\t\t\t\t\t<\/div>\n\t\t<\/section>\n\t\t\t\t<section class=\"elementor-section elementor-top-section elementor-element elementor-element-7116aa7 elementor-section-boxed elementor-section-height-default elementor-section-height-default\" data-id=\"7116aa7\" data-element_type=\"section\">\n\t\t\t\t\t\t<div class=\"elementor-container elementor-column-gap-default\">\n\t\t\t\t\t<div class=\"elementor-column elementor-col-50 elementor-top-column elementor-element elementor-element-e7e8bea\" data-id=\"e7e8bea\" data-element_type=\"column\">\n\t\t\t<div class=\"elementor-widget-wrap elementor-element-populated\">\n\t\t\t\t\t\t<div class=\"elementor-element elementor-element-3b5f186 elementor-view-default elementor-widget elementor-widget-icon\" data-id=\"3b5f186\" data-element_type=\"widget\" data-widget_type=\"icon.default\">\n\t\t\t\t<div class=\"elementor-widget-container\">\n\t\t\t\t\t<div class=\"elementor-icon-wrapper\">\n\t\t\t<div class=\"elementor-icon\">\n\t\t\t<i aria-hidden=\"true\" class=\"fas fa-theater-masks\"><\/i>\t\t\t<\/div>\n\t\t<\/div>\n\t\t\t\t<\/div>\n\t\t\t\t<\/div>\n\t\t\t\t<div class=\"elementor-element elementor-element-e9e384f elementor-widget elementor-widget-heading\" data-id=\"e9e384f\" data-element_type=\"widget\" data-widget_type=\"heading.default\">\n\t\t\t\t<div class=\"elementor-widget-container\">\n\t\t\t<h6 class=\"elementor-heading-title elementor-size-default\">Coordenadoria de Cultura e Arte PRE<\/h6>\t\t<\/div>\n\t\t\t\t<\/div>\n\t\t\t\t\t<\/div>\n\t\t<\/div>\n\t\t\t\t<div class=\"elementor-column elementor-col-50 elementor-top-column elementor-element elementor-element-e9a3e4f\" data-id=\"e9a3e4f\" data-element_type=\"column\">\n\t\t\t<div class=\"elementor-widget-wrap elementor-element-populated\">\n\t\t\t\t\t\t<div class=\"elementor-element elementor-element-c1ac84c elementor-widget elementor-widget-text-editor\" data-id=\"c1ac84c\" data-element_type=\"widget\" data-widget_type=\"text-editor.default\">\n\t\t\t\t<div class=\"elementor-widget-container\">\n\t\t\t\t\t\t\t<p style=\"text-align: left\"><span style=\"font-size: 12pt\"><em>Coordenadora | <\/em>Prof\u00aa. Vera L\u00facia Portinho Vianna<\/span><\/p><p style=\"text-align: left\"><span style=\"font-size: 12pt\">Assist. em Adm. Ta\u00edse Palma Comin Melo<\/span><\/p><p style=\"text-align: left\"><span style=\"font-size: 12pt\">T\u00e9c. em Eletromec\u00e2nica\u00a0Marcos Vinicius C\u00f4rrea\u00a0Ledel<\/span><\/p><p style=\"text-align: left\" align=\"center\"><span style=\"font-size: 12pt\"><strong>Gest\u00e3o Art\u00edstica e Cultural | <\/strong><\/span><span style=\"font-size: 12pt\">Assist. em Adm. Edison Luis Pav\u00e3o Borges<\/span><\/p><p style=\"text-align: left\" align=\"center\"><span style=\"font-size: 12pt\"><strong>Suporte Art\u00edstico | <\/strong><\/span><span style=\"font-size: 12pt\">Adm. Josieli Guidolin Rossi<\/span><\/p><p style=\"text-align: left\" align=\"center\"><a style=\"font-size: 16px;background-color: #ffffff;color: #204c90\" href=\"cultura.pre@ufsm.br\">cultura.pre@ufsm.br<\/a> | <a href=\"centrodeconvencoes@ufsm.br\">centrodeconvencoes@ufsm.br<\/a><\/p><p style=\"color: #000000;font-size: 16px\">55 3220 8684 | 55 9 9155 8263<\/p>\t\t\t\t\t\t<\/div>\n\t\t\t\t<\/div>\n\t\t\t\t\t<\/div>\n\t\t<\/div>\n\t\t\t\t\t<\/div>\n\t\t<\/section>\n\t\t\t\t<section class=\"elementor-section elementor-top-section elementor-element elementor-element-0d29dde elementor-section-boxed elementor-section-height-default elementor-section-height-default\" data-id=\"0d29dde\" data-element_type=\"section\">\n\t\t\t\t\t\t<div class=\"elementor-container elementor-column-gap-default\">\n\t\t\t\t\t<div class=\"elementor-column elementor-col-100 elementor-top-column elementor-element elementor-element-5943033\" data-id=\"5943033\" data-element_type=\"column\">\n\t\t\t<div class=\"elementor-widget-wrap elementor-element-populated\">\n\t\t\t\t\t\t<div class=\"elementor-element elementor-element-2da8851 elementor-widget elementor-widget-spacer\" data-id=\"2da8851\" data-element_type=\"widget\" data-widget_type=\"spacer.default\">\n\t\t\t\t<div class=\"elementor-widget-container\">\n\t\t\t\t\t<div class=\"elementor-spacer\">\n\t\t\t<div class=\"elementor-spacer-inner\"><\/div>\n\t\t<\/div>\n\t\t\t\t<\/div>\n\t\t\t\t<\/div>\n\t\t\t\t\t<\/div>\n\t\t<\/div>\n\t\t\t\t\t<\/div>\n\t\t<\/section>\n\t\t\t\t<section class=\"elementor-section elementor-top-section elementor-element elementor-element-ca30e5c elementor-section-boxed elementor-section-height-default elementor-section-height-default\" data-id=\"ca30e5c\" data-element_type=\"section\">\n\t\t\t\t\t\t<div class=\"elementor-container elementor-column-gap-default\">\n\t\t\t\t\t<div class=\"elementor-column elementor-col-100 elementor-top-column elementor-element elementor-element-27b9045\" data-id=\"27b9045\" data-element_type=\"column\">\n\t\t\t<div class=\"elementor-widget-wrap elementor-element-populated\">\n\t\t\t\t\t\t<div class=\"elementor-element elementor-element-95f9f2f elementor-widget elementor-widget-heading\" data-id=\"95f9f2f\" data-element_type=\"widget\" data-widget_type=\"heading.default\">\n\t\t\t\t<div class=\"elementor-widget-container\">\n\t\t\t<h5 class=\"elementor-heading-title elementor-size-default\">Redes Sociais<\/h5>\t\t<\/div>\n\t\t\t\t<\/div>\n\t\t\t\t<div class=\"elementor-element elementor-element-7c8abf9 elementor-view-default elementor-widget elementor-widget-icon\" data-id=\"7c8abf9\" data-element_type=\"widget\" data-widget_type=\"icon.default\">\n\t\t\t\t<div class=\"elementor-widget-container\">\n\t\t\t\t\t<div class=\"elementor-icon-wrapper\">\n\t\t\t<a class=\"elementor-icon\" href=\"https:\/\/www.facebook.com\/centroconvencoesUFSM\/\">\n\t\t\t<i aria-hidden=\"true\" class=\"fab fa-facebook\"><\/i>\t\t\t<\/a>\n\t\t<\/div>\n\t\t\t\t<\/div>\n\t\t\t\t<\/div>\n\t\t\t\t\t<\/div>\n\t\t<\/div>\n\t\t\t\t\t<\/div>\n\t\t<\/section>\n\t\t\t\t<\/div>\n\t\t","protected":false},"excerpt":{"rendered":"<p>O Centro de Conven\u00e7\u00f5es (CC UFSM) atende \u00e0 comunidade interna e externa no Campus Sede da UFSM, pr\u00e9dio 62A (pr\u00f3ximo a Reitoria e ao Col\u00e9gio Polit\u00e9cnico UFSM), de segunda a sexta das 08h \u00e0s 17h.\u00a0 O contato tamb\u00e9m pode ser realizado via telefone, WhatsApp e E-mail. Pr\u00f3-Reitoria de Extens\u00e3o UFSM Pr\u00f3-Reitor de Extens\u00e3o | Prof. [&hellip;]<\/p>\n","protected":false},"author":46,"featured_media":0,"parent":0,"menu_order":0,"comment_status":"closed","ping_status":"closed","template":"","meta":{"footnotes":""},"categories":[],"tags":[],"class_list":["post-86","page","type-page","status-publish","hentry"],"acf":[],"_links":{"self":[{"href":"https:\/\/www.ufsm.br\/outros-orgaos\/cc\/wp-json\/wp\/v2\/pages\/86","targetHints":{"allow":["GET"]}}],"collection":[{"href":"https:\/\/www.ufsm.br\/outros-orgaos\/cc\/wp-json\/wp\/v2\/pages"}],"about":[{"href":"https:\/\/www.ufsm.br\/outros-orgaos\/cc\/wp-json\/wp\/v2\/types\/page"}],"author":[{"embeddable":true,"href":"https:\/\/www.ufsm.br\/outros-orgaos\/cc\/wp-json\/wp\/v2\/users\/46"}],"replies":[{"embeddable":true,"href":"https:\/\/www.ufsm.br\/outros-orgaos\/cc\/wp-json\/wp\/v2\/comments?post=86"}],"version-history":[{"count":0,"href":"https:\/\/www.ufsm.br\/outros-orgaos\/cc\/wp-json\/wp\/v2\/pages\/86\/revisions"}],"wp:attachment":[{"href":"https:\/\/www.ufsm.br\/outros-orgaos\/cc\/wp-json\/wp\/v2\/media?parent=86"}],"wp:term":[{"taxonomy":"category","embeddable":true,"href":"https:\/\/www.ufsm.br\/outros-orgaos\/cc\/wp-json\/wp\/v2\/categories?post=86"},{"taxonomy":"post_tag","embeddable":true,"href":"https:\/\/www.ufsm.br\/outros-orgaos\/cc\/wp-json\/wp\/v2\/tags?post=86"}],"curies":[{"name":"wp","href":"https:\/\/api.w.org\/{rel}","templated":true}]}}