{"id":87,"date":"2018-07-18T17:27:21","date_gmt":"2018-07-18T20:27:21","guid":{"rendered":"https:\/\/www.ufsm.br\/outros-orgaos\/cc\/?page_id=87"},"modified":"2020-09-10T17:29:22","modified_gmt":"2020-09-10T20:29:22","slug":"piano-steinway-sons","status":"publish","type":"page","link":"https:\/\/www.ufsm.br\/outros-orgaos\/cc\/piano-steinway-sons","title":{"rendered":"Piano"},"content":{"rendered":"\t\t<div data-elementor-type=\"wp-page\" data-elementor-id=\"87\" class=\"elementor elementor-87\">\n\t\t\t\t\t\t<section class=\"elementor-section elementor-top-section elementor-element elementor-element-3181841b elementor-section-boxed elementor-section-height-default elementor-section-height-default\" data-id=\"3181841b\" data-element_type=\"section\">\n\t\t\t\t\t\t<div class=\"elementor-container elementor-column-gap-default\">\n\t\t\t\t\t<div class=\"elementor-column elementor-col-100 elementor-top-column elementor-element elementor-element-3cb5b533\" data-id=\"3cb5b533\" data-element_type=\"column\">\n\t\t\t<div class=\"elementor-widget-wrap elementor-element-populated\">\n\t\t\t\t\t\t<div class=\"elementor-element elementor-element-2f8885ac elementor-widget elementor-widget-text-editor\" data-id=\"2f8885ac\" data-element_type=\"widget\" data-widget_type=\"text-editor.default\">\n\t\t\t\t<div class=\"elementor-widget-container\">\n\t\t\t\t\t\t\t<p style=\"text-align: justify\">Fabricados nos Estados Unidos, os pianos da marca Steinway &amp; Sons s\u00e3o reconhecidos mundialmente pela qualidade e aten\u00e7\u00e3o aos detalhes na fabrica\u00e7\u00e3o, que inclui muitas fases realizadas de forma artesanal. Os instrumentos n\u00e3o possuem componentes pl\u00e1sticos, tendo 85% de sua composi\u00e7\u00e3o em madeira.<\/p><p style=\"text-align: justify\">Adquirido h\u00e1 seis anos, por meio de processo de importa\u00e7\u00e3o, o piano s\u00f3 foi entregue \u00e0 UFSM no m\u00eas de abril, em fun\u00e7\u00e3o de problemas no embarque e, posteriormente, por danifica\u00e7\u00f5es em virtude do transporte. \u00a0O investimento foi de US$ 126.300,00, o equivalente acerca de R$ 210 mil, conforme a cota\u00e7\u00e3o do d\u00f3lar na \u00e9poca, em torno de R$ 1,67. O piano est\u00e1 instalado no Centro de Conven\u00e7\u00f5es e dever\u00e1 ser usado por pianistas para concertos e tamb\u00e9m em outros eventos da \u00e1rea da m\u00fasica que demandem o uso do instrumento.<\/p><p style=\"text-align: justify\">O modelo D indica o tamanho do piano: s\u00e3o 2,74 m de comprimento &#8211; o maior piano existente no mercado. Trata-se de um modelo de concerto, considerado o preferido entre os grandes pianistas e presente nas melhores salas de concerto do mundo. A caixa de resson\u00e2ncia do instrumento, a popular cauda, \u00e9 maior, e, portanto, as cordas s\u00e3o mais longas, o que gera maior pot\u00eancia de som, o suficiente para \u201cencher\u201d uma grande sala.<\/p><p style=\"text-align: justify\">Mais informa\u00e7\u00f5es:\u00a0<a href=\"http:\/\/www.cc.ufsm.br\/index.php\/piano\/regras\">http:\/\/www.cc.ufsm.br\/index.php\/piano\/regras<\/a><\/p>\t\t\t\t\t\t<\/div>\n\t\t\t\t<\/div>\n\t\t\t\t\t<\/div>\n\t\t<\/div>\n\t\t\t\t\t<\/div>\n\t\t<\/section>\n\t\t\t\t<\/div>\n\t\t","protected":false},"excerpt":{"rendered":"<p>Fabricados nos Estados Unidos, os pianos da marca Steinway &amp; Sons s\u00e3o reconhecidos mundialmente pela qualidade e aten\u00e7\u00e3o aos detalhes na fabrica\u00e7\u00e3o, que inclui muitas fases realizadas de forma artesanal. Os instrumentos n\u00e3o possuem componentes pl\u00e1sticos, tendo 85% de sua composi\u00e7\u00e3o em madeira. Adquirido h\u00e1 seis anos, por meio de processo de importa\u00e7\u00e3o, o piano [&hellip;]<\/p>\n","protected":false},"author":46,"featured_media":0,"parent":0,"menu_order":0,"comment_status":"closed","ping_status":"closed","template":"","meta":{"footnotes":""},"categories":[],"tags":[],"class_list":["post-87","page","type-page","status-publish","hentry"],"acf":[],"_links":{"self":[{"href":"https:\/\/www.ufsm.br\/outros-orgaos\/cc\/wp-json\/wp\/v2\/pages\/87","targetHints":{"allow":["GET"]}}],"collection":[{"href":"https:\/\/www.ufsm.br\/outros-orgaos\/cc\/wp-json\/wp\/v2\/pages"}],"about":[{"href":"https:\/\/www.ufsm.br\/outros-orgaos\/cc\/wp-json\/wp\/v2\/types\/page"}],"author":[{"embeddable":true,"href":"https:\/\/www.ufsm.br\/outros-orgaos\/cc\/wp-json\/wp\/v2\/users\/46"}],"replies":[{"embeddable":true,"href":"https:\/\/www.ufsm.br\/outros-orgaos\/cc\/wp-json\/wp\/v2\/comments?post=87"}],"version-history":[{"count":0,"href":"https:\/\/www.ufsm.br\/outros-orgaos\/cc\/wp-json\/wp\/v2\/pages\/87\/revisions"}],"wp:attachment":[{"href":"https:\/\/www.ufsm.br\/outros-orgaos\/cc\/wp-json\/wp\/v2\/media?parent=87"}],"wp:term":[{"taxonomy":"category","embeddable":true,"href":"https:\/\/www.ufsm.br\/outros-orgaos\/cc\/wp-json\/wp\/v2\/categories?post=87"},{"taxonomy":"post_tag","embeddable":true,"href":"https:\/\/www.ufsm.br\/outros-orgaos\/cc\/wp-json\/wp\/v2\/tags?post=87"}],"curies":[{"name":"wp","href":"https:\/\/api.w.org\/{rel}","templated":true}]}}