{"id":35,"date":"2018-07-18T17:08:22","date_gmt":"2018-07-18T20:08:22","guid":{"rendered":"https:\/\/www.ufsm.br\/outros-orgaos\/cde\/?page_id=35"},"modified":"2018-07-18T17:08:23","modified_gmt":"2018-07-18T20:08:23","slug":"apresentacao","status":"publish","type":"page","link":"https:\/\/www.ufsm.br\/outros-orgaos\/cde\/apresentacao","title":{"rendered":"Apresenta\u00e7\u00e3o"},"content":{"rendered":"<p>O Parque de Exposi\u00e7\u00f5es Agro-industriais da Universidade Federal de Santa Maria &#8211; UFSM, foi fundado em 10 de Janeiro de 1965 atrav\u00e9s de um trabalho conjunto do Dr. Jos\u00e9 Mariano da Rocha Filho, Dr. Francisco Alvares Pereira e Dr. Hor\u00e1cio Caio Pereira de Souza, respectivamente na \u00e9poca, Reitor, Prefeito Municipal e Presidente da Associa\u00e7\u00e3o Rural.<\/p>\n<p>A Mais de tr\u00eas d\u00e9cadas, aconteceu a primeira Exposi\u00e7\u00e3o Agropecu\u00e1ria de Santa Maria, que foi realizada no Parque de Exposi\u00e7\u00f5es da UFSM, em Setembro 1967, com um total de 480 animais. Come\u00e7avam os primeiros passos da comercializa\u00e7\u00e3o de matrizes e reprodutores, atraindo cada vez mais compradores e expositores a este munic\u00edpio.<\/p>\n<p>Ao longo desse per\u00edodo, a Exposi\u00e7\u00e3o Feira tornou-se um dos principais pontos de proje\u00e7\u00e3o da agropecu\u00e1ria da regi\u00e3o central do estado. Constituindo-se em um dos maiores p\u00f3los gen\u00e9ticos e de difus\u00e3o de t\u00e9cnologias, na agropecu\u00e1ria ga\u00facha e para os pa\u00edses vizinhos, atrav\u00e9s do Mercosul. Al\u00e9m de promover o artesanato, a gastronomia, o turismo e a cultura local.<\/p>\n<p>Como p\u00f3lo difusor da melhor gen\u00e9tica, neste evento, participam cabanhas que s\u00e3o expositoras de gado de corte e leite, bubalinos, equinos, aves ornamentais, ovinos e pequenos animais ruminantes e herb\u00edvoros.<\/p>\n<p>Um n\u00famero bem expressivo de empresas expositoras de Santa Maria, de munic\u00edpios vizinhos e de outros estados, exp\u00f5em seus produtos atrav\u00e9s de prestadoras de servi\u00e7os, concession\u00e1rias de ve\u00edculos e utilit\u00e1rios, m\u00e1quinas e implementos agr\u00edculas, insumos agropecu\u00e1rios, artesanato e gastronomia regional, vestu\u00e1rio, pra\u00e7a de alimenta\u00e7\u00e3o, artigos em couro, selaria e correaria, produtos coloniais e tamb\u00e9m institui\u00e7\u00f5es de ensino e pesquisa.<\/p>\n<p>A Feira abrange um p\u00fablico variado, pois h\u00e1 uma diversidade de interesses em exposi\u00e7\u00e3o, a pecu\u00e1ria de leite, corte e l\u00e3, produtos e tecnologias que interessam ao homem do campo e profissionais de \u00e1reas afins, shos que incentivam a cultura local e regional, leil\u00f5es de animais de alto valor zoot\u00e9cnico, a possibilidade de grandes neg\u00f3cios, on line, de m\u00e1quinas e implementos agr\u00edcolas, assim como, matrizes e reprodutores atrav\u00e9s do &#8220;Dia do Agroneg\u00f3cio&#8221;.<\/p>\n<p>Estimam-se 40 mil pessoas, passeando pelo Centro de Eventos, durante o per\u00edodo da Exposi\u00e7\u00e3o Feira Agropecu\u00e1ria.<\/p>\n<p>A Universidade Federal de Santa Maria possui um dos maiores Centros de Pesquisas Agropecu\u00e1rias da Am\u00e9rica do Sul, que \u00e9 o Centro de Ci\u00eancias Rurais &#8211; CCR, constituindo-se em um dos principais participantes desse evento.<\/p>\n","protected":false},"excerpt":{"rendered":"<p>O Parque de Exposi\u00e7\u00f5es Agro-industriais da Universidade Federal de Santa Maria &#8211; UFSM, foi fundado em 10 de Janeiro de 1965 atrav\u00e9s de um trabalho conjunto do Dr. Jos\u00e9 Mariano da Rocha Filho, Dr. Francisco Alvares Pereira e Dr. Hor\u00e1cio Caio Pereira de Souza, respectivamente na \u00e9poca, Reitor, Prefeito Municipal e Presidente da Associa\u00e7\u00e3o Rural. [&hellip;]<\/p>\n","protected":false},"author":46,"featured_media":0,"parent":0,"menu_order":0,"comment_status":"closed","ping_status":"closed","template":"","meta":{"footnotes":""},"categories":[],"tags":[],"class_list":["post-35","page","type-page","status-publish","hentry"],"acf":[],"_links":{"self":[{"href":"https:\/\/www.ufsm.br\/outros-orgaos\/cde\/wp-json\/wp\/v2\/pages\/35","targetHints":{"allow":["GET"]}}],"collection":[{"href":"https:\/\/www.ufsm.br\/outros-orgaos\/cde\/wp-json\/wp\/v2\/pages"}],"about":[{"href":"https:\/\/www.ufsm.br\/outros-orgaos\/cde\/wp-json\/wp\/v2\/types\/page"}],"author":[{"embeddable":true,"href":"https:\/\/www.ufsm.br\/outros-orgaos\/cde\/wp-json\/wp\/v2\/users\/46"}],"replies":[{"embeddable":true,"href":"https:\/\/www.ufsm.br\/outros-orgaos\/cde\/wp-json\/wp\/v2\/comments?post=35"}],"version-history":[{"count":0,"href":"https:\/\/www.ufsm.br\/outros-orgaos\/cde\/wp-json\/wp\/v2\/pages\/35\/revisions"}],"wp:attachment":[{"href":"https:\/\/www.ufsm.br\/outros-orgaos\/cde\/wp-json\/wp\/v2\/media?parent=35"}],"wp:term":[{"taxonomy":"category","embeddable":true,"href":"https:\/\/www.ufsm.br\/outros-orgaos\/cde\/wp-json\/wp\/v2\/categories?post=35"},{"taxonomy":"post_tag","embeddable":true,"href":"https:\/\/www.ufsm.br\/outros-orgaos\/cde\/wp-json\/wp\/v2\/tags?post=35"}],"curies":[{"name":"wp","href":"https:\/\/api.w.org\/{rel}","templated":true}]}}