{"id":76,"date":"2019-07-24T18:33:45","date_gmt":"2019-07-24T21:33:45","guid":{"rendered":"https:\/\/www.ufsm.br\/outros-orgaos\/cebtt\/?page_id=76"},"modified":"2022-08-23T19:31:37","modified_gmt":"2022-08-23T22:31:37","slug":"sobre","status":"publish","type":"page","link":"https:\/\/www.ufsm.br\/outros-orgaos\/cebtt\/sobre","title":{"rendered":"Sobre"},"content":{"rendered":"\n<p>A <a href=\"https:\/\/www.ufsm.br\/outros-orgaos\/cebtt\/\">Coordenadoria de Educa\u00e7\u00e3o B\u00e1sica, T\u00e9cnica e Tecnol\u00f3gica &#8211; CEBTT<\/a>, estabelece um elo entre as unidades: <a href=\"https:\/\/www.ufsm.br\/unidades-universitarias\/ctism\/\">Col\u00e9gio T\u00e9cnico Industrial de Santa Maria &#8211; CTISM<\/a>, <a href=\"https:\/\/www.ufsm.br\/unidades-universitarias\/politecnico\/\">Col\u00e9gio Polit\u00e9cnico da UFSM<\/a> e <a href=\"https:\/\/www.ufsm.br\/unidades-universitarias\/ipeamarelo\/\">Unidade de Educa\u00e7\u00e3o Infantil Ip\u00ea Amarelo<\/a>. Tem por atribui\u00e7\u00e3o formular, implementar, monitorar, avaliar e induzir pol\u00edticas, programas e a\u00e7\u00f5es de EBTT, atuando em colabora\u00e7\u00e3o com os demais sistemas de ensino e os diversos agentes sociais envolvidos na \u00e1rea. \u00c9, tamb\u00e9m, respons\u00e1vel pela proposi\u00e7\u00e3o de a\u00e7\u00f5es alinhadas \u00e0s demandas sociais e aos arranjos produtivos locais, cujo objetivo \u00e9 criar e atualizar as diretrizes nacionais para a oferta de cursos de educa\u00e7\u00e3o profissional e tecnol\u00f3gica em n\u00edvel m\u00e9dio.<\/p>\n<p>Neste cen\u00e1rio, e em conson\u00e2ncia com o <a href=\"https:\/\/pne.mec.gov.br\/\">Plano Nacional de Educa\u00e7\u00e3o &#8211; PNE 2014- 2024<\/a>, a <a href=\"https:\/\/www.ufsm.br\/outros-orgaos\/cebtt\/\">Coordenadoria de Educa\u00e7\u00e3o B\u00e1sico, T\u00e9cnica e Tecnol\u00f3gica &#8211; CEBTT<\/a> age para ampliar e assegurar o acesso, com qualidade, a este importante instrumento de forma\u00e7\u00e3o profissional e pessoal de jovens e adultos e de promo\u00e7\u00e3o do desenvolvimento socioecon\u00f4mico do pa\u00eds.<\/p>\n<p>\u00c0 Coordenadoria de Educa\u00e7\u00e3o B\u00e1sica, T\u00e9cnica e Tecnol\u00f3gica compete:<\/p>\n<div class=\"table text-justify\">\n<p>Estabelecer a integra\u00e7\u00e3o e parcerias para a Educa\u00e7\u00e3o B\u00e1sica, T\u00e9cnica e Tecnol\u00f3gica da UFSM com outras entidades;<\/p>\n<p>Elaborar o planejamento global anual para o Educa\u00e7\u00e3o B\u00e1sica, T\u00e9cnica e Tecnol\u00f3gica da UFSM;<\/p>\n<p>Estabelecer normas operacionais para as unidades de educa\u00e7\u00e3o b\u00e1sica, t\u00e9cnica e tecnol\u00f3gica no que tange aos aspectos administrativos, t\u00e9cnicos e de ensino, buscando unidade de procedimento;<\/p>\n<p>Coordenar e assessorar juntamente com o Gabinete de Projetos os programas de melhoria da educa\u00e7\u00e3o b\u00e1sica, t\u00e9cnica e tecnol\u00f3gica da UFSM, assim como incentivar o quadro de docentes do ensino b\u00e1sico, t\u00e9cnico e tecnol\u00f3gico a desenvolver projetos com vistas \u00e0 capta\u00e7\u00e3o de recursos para o desenvolvimento da educa\u00e7\u00e3o profissional e tecnol\u00f3gica das unidades;<\/p>\n<p>Supervisionar as atividades administrativas, de ensino, pesquisa e extens\u00e3o das unidades de Educa\u00e7\u00e3o B\u00e1sica, T\u00e9cnica e Tecnol\u00f3gica da UFSM;<\/p>\n<p>Avaliar o planejamento das unidades de educa\u00e7\u00e3o b\u00e1sica, t\u00e9cnica e tecnol\u00f3gica em conson\u00e2ncia com a CPPD\/C\u00e2mara EBTT da UFSM por meio de instrumentos necess\u00e1rios.<\/p>\n<\/div>\n","protected":false},"excerpt":{"rendered":"<p>A Coordenadoria de Educa\u00e7\u00e3o B\u00e1sica, T\u00e9cnica e Tecnol\u00f3gica &#8211; CEBTT, estabelece um elo entre as unidades: Col\u00e9gio T\u00e9cnico Industrial de Santa Maria &#8211; CTISM, Col\u00e9gio Polit\u00e9cnico da UFSM e Unidade de Educa\u00e7\u00e3o Infantil Ip\u00ea Amarelo. Tem por atribui\u00e7\u00e3o formular, implementar, monitorar, avaliar e induzir pol\u00edticas, programas e a\u00e7\u00f5es de EBTT, atuando em colabora\u00e7\u00e3o com os [&hellip;]<\/p>\n","protected":false},"author":25,"featured_media":0,"parent":0,"menu_order":0,"comment_status":"closed","ping_status":"closed","template":"","meta":{"footnotes":""},"categories":[],"tags":[],"class_list":["post-76","page","type-page","status-publish","hentry"],"acf":[],"_links":{"self":[{"href":"https:\/\/www.ufsm.br\/outros-orgaos\/cebtt\/wp-json\/wp\/v2\/pages\/76","targetHints":{"allow":["GET"]}}],"collection":[{"href":"https:\/\/www.ufsm.br\/outros-orgaos\/cebtt\/wp-json\/wp\/v2\/pages"}],"about":[{"href":"https:\/\/www.ufsm.br\/outros-orgaos\/cebtt\/wp-json\/wp\/v2\/types\/page"}],"author":[{"embeddable":true,"href":"https:\/\/www.ufsm.br\/outros-orgaos\/cebtt\/wp-json\/wp\/v2\/users\/25"}],"replies":[{"embeddable":true,"href":"https:\/\/www.ufsm.br\/outros-orgaos\/cebtt\/wp-json\/wp\/v2\/comments?post=76"}],"version-history":[{"count":0,"href":"https:\/\/www.ufsm.br\/outros-orgaos\/cebtt\/wp-json\/wp\/v2\/pages\/76\/revisions"}],"wp:attachment":[{"href":"https:\/\/www.ufsm.br\/outros-orgaos\/cebtt\/wp-json\/wp\/v2\/media?parent=76"}],"wp:term":[{"taxonomy":"category","embeddable":true,"href":"https:\/\/www.ufsm.br\/outros-orgaos\/cebtt\/wp-json\/wp\/v2\/categories?post=76"},{"taxonomy":"post_tag","embeddable":true,"href":"https:\/\/www.ufsm.br\/outros-orgaos\/cebtt\/wp-json\/wp\/v2\/tags?post=76"}],"curies":[{"name":"wp","href":"https:\/\/api.w.org\/{rel}","templated":true}]}}