{"id":26,"date":"2019-05-14T17:03:27","date_gmt":"2019-05-14T20:03:27","guid":{"rendered":"https:\/\/www.ufsm.br\/template-laboratprio\/?page_id=26"},"modified":"2022-05-11T10:58:49","modified_gmt":"2022-05-11T13:58:49","slug":"contato","status":"publish","type":"page","link":"https:\/\/www.ufsm.br\/outros-orgaos\/corregedoria-setorial\/contato","title":{"rendered":"D\u00favidas frequentes"},"content":{"rendered":"\t\t<div data-elementor-type=\"wp-page\" data-elementor-id=\"26\" class=\"elementor elementor-26\">\n\t\t\t\t\t\t<section class=\"elementor-section elementor-top-section elementor-element elementor-element-83e9600 elementor-section-boxed elementor-section-height-default elementor-section-height-default\" data-id=\"83e9600\" data-element_type=\"section\">\n\t\t\t\t\t\t<div class=\"elementor-container elementor-column-gap-default\">\n\t\t\t\t\t<div class=\"elementor-column elementor-col-50 elementor-top-column elementor-element elementor-element-713933d\" data-id=\"713933d\" data-element_type=\"column\">\n\t\t\t<div class=\"elementor-widget-wrap elementor-element-populated\">\n\t\t\t\t\t\t<div class=\"elementor-element elementor-element-8105512 elementor-widget elementor-widget-text-editor\" data-id=\"8105512\" data-element_type=\"widget\" data-widget_type=\"text-editor.default\">\n\t\t\t\t<div class=\"elementor-widget-container\">\n\t\t\t\t\t\t\t<p><strong>Atividade Disciplinar<\/strong><\/p><p><a href=\"https:\/\/corregedorias.gov.br\/assuntos\/perguntas-frequentes\/direito-administrativo-disciplinar\" target=\"_blank\" rel=\"noopener\">Direito Administrativo Disciplinar<\/a><br \/><a href=\"https:\/\/corregedorias.gov.br\/assuntos\/perguntas-frequentes\/correicao\" target=\"_blank\" rel=\"noopener\">Correi\u00e7\u00e3o<\/a><br \/><a href=\"https:\/\/corregedorias.gov.br\/assuntos\/perguntas-frequentes\/representacao-e-denuncia\" target=\"_blank\" rel=\"noopener\">Representa\u00e7\u00e3o e Den\u00fancia<\/a><br \/><a href=\"https:\/\/corregedorias.gov.br\/assuntos\/perguntas-frequentes\/agentes-publicos-e-agentes-politicos\" target=\"_blank\" rel=\"noopener\">Agentes P\u00fablicos e Agentes Pol\u00edticos<\/a><br \/>Dano e Desaparecimento de Bens<br \/><a href=\"https:\/\/corregedorias.gov.br\/assuntos\/perguntas-frequentes\/fontes-do-direito-administrativo-disciplinar\" target=\"_blank\" rel=\"noopener\">Fontes do Direito Administrativo Disciplinar<\/a><br \/><a href=\"https:\/\/corregedorias.gov.br\/assuntos\/perguntas-frequentes\/procedimentos-disciplinares\" target=\"_blank\" rel=\"noopener\">Processos Disciplinares<\/a><br \/><a href=\"https:\/\/corregedorias.gov.br\/assuntos\/perguntas-frequentes\/prazos-no-direito-disciplinar\" target=\"_blank\" rel=\"noopener\">Prazos no Direito Disciplinar<\/a><br \/><a href=\"https:\/\/corregedorias.gov.br\/assuntos\/perguntas-frequentes\/fases-do-procedimento-disciplinar-instauracao\" target=\"_blank\" rel=\"noopener\">Fases do Procedimento Disciplinar &#8211; Instaura\u00e7\u00e3o<\/a><br \/><a href=\"https:\/\/corregedorias.gov.br\/assuntos\/perguntas-frequentes\/fases-do-procedimento-disciplinar-inquerito\" target=\"_blank\" rel=\"noopener\">Fases do Procedimento Disciplinar &#8211; Inqu\u00e9rito<\/a><br \/><a href=\"https:\/\/corregedorias.gov.br\/assuntos\/perguntas-frequentes\/fases-do-procedimento-disciplinar-julgamento\" target=\"_blank\" rel=\"noopener\">Fases do Procedimento Disciplinar &#8211; Julgamento<\/a><br \/><a href=\"https:\/\/corregedorias.gov.br\/assuntos\/perguntas-frequentes\/penalidades\" target=\"_blank\" rel=\"noopener\">Penalidades<\/a><br \/><a href=\"https:\/\/corregedorias.gov.br\/assuntos\/perguntas-frequentes\/nulidades\" target=\"_blank\" rel=\"noopener\">Nulidades<\/a><br \/><a href=\"https:\/\/corregedorias.gov.br\/assuntos\/perguntas-frequentes\/cancelamento-dos-registros-das-penalidades\" target=\"_blank\" rel=\"noopener\">Cancelamento dos Registros das Penalidades<\/a><br \/><a href=\"https:\/\/corregedorias.gov.br\/assuntos\/perguntas-frequentes\/prescricao\" target=\"_blank\" rel=\"noopener\">Prescri\u00e7\u00e3o<\/a><br \/><a href=\"https:\/\/corregedorias.gov.br\/assuntos\/perguntas-frequentes\/responsabilidades-civil-penal-e-administrativa\" target=\"_blank\" rel=\"noopener\">Responsabilidades Civil, Penal e Administrativa<\/a><br \/><a href=\"https:\/\/corregedorias.gov.br\/assuntos\/perguntas-frequentes\/recursos-no-direito-disciplinar\" target=\"_blank\" rel=\"noopener\">Recursos no Direito Disciplinar<\/a><br \/><a href=\"https:\/\/corregedorias.gov.br\/assuntos\/perguntas-frequentes\/termo-de-ajustamento-de-conduta\" target=\"_blank\" rel=\"noopener\">Termo de Ajustamento de Conduta &#8211; TAC<\/a><br \/><a href=\"https:\/\/corregedorias.gov.br\/assuntos\/perguntas-frequentes\/juizo-de-admissibilidade-e-procedimentos-investigativos\" target=\"_blank\" rel=\"noopener\">Ju\u00edzo de Admissibilidade\u00a0e Procedimentos Investigativos\u00a0<\/a><br \/><a href=\"https:\/\/corregedorias.gov.br\/assuntos\/perguntas-frequentes\/comunicacoes-processuais\" target=\"_blank\" rel=\"noopener\">Comunica\u00e7\u00f5es\u00a0Processuais\u00a0<\/a><br \/>Instrumentos Correcionais\u00a0<br \/><a href=\"https:\/\/corregedorias.gov.br\/assuntos\/perguntas-frequentes\/competencia-para-instauracao-e-julgamernto\" target=\"_blank\" rel=\"noopener\">Compet\u00eancia para Instaura\u00e7\u00e3o e Julgamento<\/a><\/p>\t\t\t\t\t\t<\/div>\n\t\t\t\t<\/div>\n\t\t\t\t\t<\/div>\n\t\t<\/div>\n\t\t\t\t<div class=\"elementor-column elementor-col-50 elementor-top-column elementor-element elementor-element-603a052\" data-id=\"603a052\" data-element_type=\"column\">\n\t\t\t<div class=\"elementor-widget-wrap elementor-element-populated\">\n\t\t\t\t\t\t<div class=\"elementor-element elementor-element-8bada0d elementor-widget elementor-widget-text-editor\" data-id=\"8bada0d\" data-element_type=\"widget\" data-widget_type=\"text-editor.default\">\n\t\t\t\t<div class=\"elementor-widget-container\">\n\t\t\t\t\t\t\t<p><strong>Lei Anticorrup\u00e7\u00e3o (Lei n\u00ba 12.846\/2013)<\/strong><\/p><p><a href=\"https:\/\/corregedorias.gov.br\/assuntos\/perguntas-frequentes\/aspectos-gerais\" target=\"_blank\" rel=\"noopener\">Lei &#8211; Aspectos Gerais<\/a><br \/><a href=\"https:\/\/corregedorias.gov.br\/assuntos\/perguntas-frequentes\/multa\" target=\"_blank\" rel=\"noopener\">Multa<\/a><br \/><a href=\"https:\/\/corregedorias.gov.br\/assuntos\/perguntas-frequentes\/copy_of_acordo-de-leniencia\" target=\"_blank\" rel=\"noopener\">Acordo de Leni\u00eancia<\/a><br \/><a href=\"https:\/\/corregedorias.gov.br\/assuntos\/perguntas-frequentes\/processo-administrativo-de-responsabilizacao-par\" target=\"_blank\" rel=\"noopener\">Processo Administrativo de Responsabiliza\u00e7\u00e3o (PAR)<\/a><br \/><a href=\"https:\/\/corregedorias.gov.br\/assuntos\/perguntas-frequentes\/programas-de-integridade-compliance\" target=\"_blank\" rel=\"noopener\">Programas de Integridade (Compliance)<\/a><br \/><a href=\"https:\/\/corregedorias.gov.br\/assuntos\/perguntas-frequentes\/ceis-e-cnep\" target=\"_blank\" rel=\"noopener\">CEIS e CNEP<\/a><\/p>\t\t\t\t\t\t<\/div>\n\t\t\t\t<\/div>\n\t\t\t\t\t<\/div>\n\t\t<\/div>\n\t\t\t\t\t<\/div>\n\t\t<\/section>\n\t\t\t\t<section class=\"elementor-section elementor-top-section elementor-element elementor-element-a0194b5 elementor-section-boxed elementor-section-height-default elementor-section-height-default\" data-id=\"a0194b5\" data-element_type=\"section\">\n\t\t\t\t\t\t<div class=\"elementor-container elementor-column-gap-default\">\n\t\t\t\t\t<div class=\"elementor-column elementor-col-50 elementor-top-column elementor-element elementor-element-3ce4702\" data-id=\"3ce4702\" data-element_type=\"column\">\n\t\t\t<div class=\"elementor-widget-wrap elementor-element-populated\">\n\t\t\t\t\t\t<div class=\"elementor-element elementor-element-049e815 elementor-widget elementor-widget-text-editor\" data-id=\"049e815\" data-element_type=\"widget\" data-widget_type=\"text-editor.default\">\n\t\t\t\t<div class=\"elementor-widget-container\">\n\t\t\t\t\t\t\t<p><strong>Responsabiliza\u00e7\u00e3o de Entes Privados<\/strong><\/p><p><a href=\"https:\/\/corregedorias.gov.br\/assuntos\/perguntas-frequentes\/processo-administrativo-de-responsabilizacao-%20par\" target=\"_blank\" rel=\"noopener\">Processo Administrativo de Responsabiliza\u00e7\u00e3o (PAR)<\/a><br \/><a href=\"https:\/\/corregedorias.gov.br\/assuntos\/perguntas-frequentes\/programas-de-integridade\" target=\"_blank\" rel=\"noopener\">Programas de Integridade (Compliance)<\/a><br \/><a href=\"https:\/\/corregedorias.gov.br\/assuntos\/perguntas-frequentes\/aspectos-gerais\" target=\"_blank\" rel=\"noopener\">Lei Anticorrup\u00e7\u00e3o\u00a0&#8211; Aspectos gerais<\/a><br \/><a href=\"https:\/\/corregedorias.gov.br\/assuntos\/perguntas-frequentes\/copy_of_multa\" target=\"_blank\" rel=\"noopener\">Multa<\/a><br \/><a href=\"https:\/\/corregedorias.gov.br\/assuntos\/perguntas-frequentes\/copy_of_acordo-de-leniencia\" target=\"_blank\" rel=\"noopener\">Acordo de Leni\u00eancia<\/a><br \/><a href=\"https:\/\/corregedorias.gov.br\/assuntos\/perguntas-frequentes\/ceis-e-cnep\" target=\"_blank\" rel=\"noopener\">Cadastros CEIS e CNEP<\/a><\/p>\t\t\t\t\t\t<\/div>\n\t\t\t\t<\/div>\n\t\t\t\t\t<\/div>\n\t\t<\/div>\n\t\t\t\t<div class=\"elementor-column elementor-col-50 elementor-top-column elementor-element elementor-element-962a081\" data-id=\"962a081\" data-element_type=\"column\">\n\t\t\t<div class=\"elementor-widget-wrap elementor-element-populated\">\n\t\t\t\t\t\t<div class=\"elementor-element elementor-element-5a35459 elementor-widget elementor-widget-text-editor\" data-id=\"5a35459\" data-element_type=\"widget\" data-widget_type=\"text-editor.default\">\n\t\t\t\t<div class=\"elementor-widget-container\">\n\t\t\t\t\t\t\t<p><strong>Responsabiliza\u00e7\u00e3o de Servidores e Empregados P\u00fablicos<\/strong><\/p>\n<p>Como Funciona a Apura\u00e7\u00e3o Disciplinar<br \/>Autoridades Competentes para a Instaura\u00e7\u00e3o de Processos<br \/>Autoridades Competentes para o Julgamento<\/p>\t\t\t\t\t\t<\/div>\n\t\t\t\t<\/div>\n\t\t\t\t\t<\/div>\n\t\t<\/div>\n\t\t\t\t\t<\/div>\n\t\t<\/section>\n\t\t\t\t<\/div>\n\t\t","protected":false},"excerpt":{"rendered":"<p>Atividade Disciplinar Direito Administrativo Disciplinar Correi\u00e7\u00e3o Representa\u00e7\u00e3o e Den\u00fancia Agentes P\u00fablicos e Agentes Pol\u00edticos Dano e Desaparecimento de Bens Fontes do Direito Administrativo Disciplinar Processos Disciplinares Prazos no Direito Disciplinar Fases do Procedimento Disciplinar &#8211; Instaura\u00e7\u00e3o Fases do Procedimento Disciplinar &#8211; Inqu\u00e9rito Fases do Procedimento Disciplinar &#8211; Julgamento Penalidades Nulidades Cancelamento dos Registros das Penalidades [&hellip;]<\/p>\n","protected":false},"author":124,"featured_media":0,"parent":0,"menu_order":0,"comment_status":"closed","ping_status":"closed","template":"","meta":{"footnotes":""},"categories":[],"tags":[],"class_list":["post-26","page","type-page","status-publish","hentry"],"acf":[],"_links":{"self":[{"href":"https:\/\/www.ufsm.br\/outros-orgaos\/corregedoria-setorial\/wp-json\/wp\/v2\/pages\/26","targetHints":{"allow":["GET"]}}],"collection":[{"href":"https:\/\/www.ufsm.br\/outros-orgaos\/corregedoria-setorial\/wp-json\/wp\/v2\/pages"}],"about":[{"href":"https:\/\/www.ufsm.br\/outros-orgaos\/corregedoria-setorial\/wp-json\/wp\/v2\/types\/page"}],"author":[{"embeddable":true,"href":"https:\/\/www.ufsm.br\/outros-orgaos\/corregedoria-setorial\/wp-json\/wp\/v2\/users\/124"}],"replies":[{"embeddable":true,"href":"https:\/\/www.ufsm.br\/outros-orgaos\/corregedoria-setorial\/wp-json\/wp\/v2\/comments?post=26"}],"version-history":[{"count":0,"href":"https:\/\/www.ufsm.br\/outros-orgaos\/corregedoria-setorial\/wp-json\/wp\/v2\/pages\/26\/revisions"}],"wp:attachment":[{"href":"https:\/\/www.ufsm.br\/outros-orgaos\/corregedoria-setorial\/wp-json\/wp\/v2\/media?parent=26"}],"wp:term":[{"taxonomy":"category","embeddable":true,"href":"https:\/\/www.ufsm.br\/outros-orgaos\/corregedoria-setorial\/wp-json\/wp\/v2\/categories?post=26"},{"taxonomy":"post_tag","embeddable":true,"href":"https:\/\/www.ufsm.br\/outros-orgaos\/corregedoria-setorial\/wp-json\/wp\/v2\/tags?post=26"}],"curies":[{"name":"wp","href":"https:\/\/api.w.org\/{rel}","templated":true}]}}