{"id":88,"date":"2020-10-26T22:33:17","date_gmt":"2020-10-27T01:33:17","guid":{"rendered":"https:\/\/www.ufsm.br\/orgaos-executivos\/copsia\/?page_id=88"},"modified":"2021-04-21T22:58:05","modified_gmt":"2021-04-22T01:58:05","slug":"portarias-normativas-cgu","status":"publish","type":"page","link":"https:\/\/www.ufsm.br\/outros-orgaos\/corregedoria-setorial\/portarias-normativas-cgu","title":{"rendered":"Portarias Normativas CGU"},"content":{"rendered":"\t\t<div data-elementor-type=\"wp-page\" data-elementor-id=\"88\" class=\"elementor elementor-88\">\n\t\t\t\t\t\t<section class=\"elementor-section elementor-top-section elementor-element elementor-element-7aff09a elementor-section-boxed elementor-section-height-default elementor-section-height-default\" data-id=\"7aff09a\" data-element_type=\"section\">\n\t\t\t\t\t\t<div class=\"elementor-container elementor-column-gap-default\">\n\t\t\t\t\t<div class=\"elementor-column elementor-col-100 elementor-top-column elementor-element elementor-element-9d03963\" data-id=\"9d03963\" data-element_type=\"column\">\n\t\t\t<div class=\"elementor-widget-wrap elementor-element-populated\">\n\t\t\t\t\t\t<div class=\"elementor-element elementor-element-5c4e777 elementor-widget elementor-widget-text-editor\" data-id=\"5c4e777\" data-element_type=\"widget\" data-widget_type=\"text-editor.default\">\n\t\t\t\t<div class=\"elementor-widget-container\">\n\t\t\t\t\t\t\t<p><strong>Portaria n. 581, de 9 de mar\u00e7o de 2021<\/strong> (Estabelece orienta\u00e7\u00f5es para o exerc\u00edcio das compet\u00eancias das unidades do Sistema de Ouvidoria do Poder Executivo federal, institu\u00eddo pelo Decreto n\u00ba 9.492, de 5 de setembro de 2018, disp\u00f5e sobre o recebimento do relato de irregularidades de que trata o caput do art. 4\u00ba-A da Lei n\u00ba 13.608, de 10 de janeiro de 2018, no \u00e2mbito do Poder Executivo federal, e d\u00e1 outras provid\u00eancias).<\/p><p><strong>Portaria n. 202, [de 20 de janeiro] de 2021<\/strong> (Institui os crit\u00e9rios de prioriza\u00e7\u00e3o de an\u00e1lise de demandas correcionais no \u00e2mbito da Corregedoria-Geral da Uni\u00e3o).<\/p><p><strong>Portaria n. 3.108, de 31 de dezembro de 2020<\/strong> (Altera a Portaria n. 1.182, de 10 de junho de 2020, que disp\u00f5e sobre crit\u00e9rios e procedimentos para nomea\u00e7\u00e3o, designa\u00e7\u00e3o, exonera\u00e7\u00e3o, dispensa, perman\u00eancia e recondu\u00e7\u00e3o ao cargo ou fun\u00e7\u00e3o comissionada de titular de unidade correcional no \u00e2mbito do Sistema de Correi\u00e7\u00e3o do Poder Executivo federal &#8211; SisCor).<\/p><p><strong>Portaria n. 2.859, de 3 de dezembro de 2020 [revogada]<\/strong> (Estabelece orienta\u00e7\u00f5es para o recebimento do relato de irregularidades de que trata o caput do art. 4\u00ba-A da Lei n\u00ba 13.608, de 10 de janeiro de 2018, no \u00e2mbito do Poder Executivo federal).<\/p><p><strong>Portaria n. 2.463, de 19 de outubro de 2020<\/strong> (Estabelece a obrigatoriedade de uso do ePAD para o gerenciamento das informa\u00e7\u00f5es correcionais no \u00e2mbito do Poder Executivo federal e d\u00e1 outras provid\u00eancias).<\/p><p><strong>Portaria n. 1.182, de 10 de junho de 2020 [alterada]<\/strong> (A presente portaria disp\u00f5e sobre crit\u00e9rios e procedimentos para nomea\u00e7\u00e3o, designa\u00e7\u00e3o, exonera\u00e7\u00e3o, dispensa, perman\u00eancia e recondu\u00e7\u00e3o ao cargo ou fun\u00e7\u00e3o comissionada de titular de unidade correcional no \u00e2mbito do Sistema de Correi\u00e7\u00e3o do Poder Executivo federal &#8211; SisCor).<\/p><p><strong>Portaria n. 196, de 17 de janeiro de 2020<\/strong> (Institui o Programa de Desenvolvimento e Aperfei\u00e7oamento Cont\u00ednuo em Corregedoria &#8211; Prodea).<\/p><p><strong>Portaria Conjunta n. 1, de 3 de janeiro de 2020<\/strong> (Atribui compet\u00eancia para o registro das informa\u00e7\u00f5es pertinentes aos acordos de leni\u00eancia celebrados com fundamento na Lei n\u00ba 12.846, de 2013, fixada nos termos do par\u00e1grafo \u00fanico, do art. 45, do Decreto n\u00ba 8.420, de 2015, no Cadastro Nacional de Empresas Punidas &#8211; CNEP, \u00e0 Diretoria de Acordos de Leni\u00eancia, da Secretaria de Combate \u00e0 Corrup\u00e7\u00e3o, da Controladoria-Geral da Uni\u00e3o).<\/p><p><strong>Retifica\u00e7\u00e3o [Portaria Conjunta n. 1, de 3 de janeiro de 2020]<\/strong> (Retifica a Portaria Conjunta, de 3 de janeiro de 2020, que atribui compet\u00eancia para o registro das informa\u00e7\u00f5es pertinentes aos acordos de leni\u00eancia celebrados com fundamento na Lei n\u00ba 12.846, de 2013, fixada nos termos do par\u00e1grafo \u00fanico, do art. 45, do Decreto n\u00ba 8.420, de 2015, no Cadastro Nacional de Empresas Punidas &#8211; CNEP, \u00e0 Diretoria de Acordos de Leni\u00eancia, da Secretaria de Combate \u00e0 Corrup\u00e7\u00e3o, da Controladoria-Geral da Uni\u00e3o).<\/p><p><strong>Retifica\u00e7\u00e3o [Portaria n. 4.097, de 23 de dezembro de 2019]<\/strong> (Retifica a Portaria n\u00b0 4.097, de 23 de dezembro de 2019, que orienta a ado\u00e7\u00e3o de ju\u00edzo de admissibilidade nos casos de suposta irregularidade em assun\u00e7\u00e3o de obriga\u00e7\u00f5es emergentes, excepcionais e sem cobertura contratual no \u00e2mbito do Poder Executivo Federal).<\/p><p><strong>Portaria n. 4.104, de 23 de dezembro de 2019<\/strong> (Otimizar o planejamento e a avalia\u00e7\u00e3o das atividades correcionais da Corregedoria-Geral da Uni\u00e3o, visando a maximiza\u00e7\u00e3o de seus resultados para a sociedade).<\/p><p><strong>Portaria n. 4.097, de 23 de dezembro de 2019 [retificada]<\/strong> (Orienta a ado\u00e7\u00e3o de ju\u00edzo de admissibilidade nos casos de suposta irregularidade em assun\u00e7\u00e3o de obriga\u00e7\u00f5es emergentes, excepcionais e sem cobertura contratual no \u00e2mbito do Poder Executivo Federal).<\/p><p><strong>Portaria n. 3.972, de 18 de dezembro de 2019<\/strong> (Aprova a realiza\u00e7\u00e3o e o Regulamento do I Concurso de Boas Pr\u00e1ticas da Rede de Corregedorias).<\/p><p><strong>Portaria n. 3.759, de 28 de novembro de 2019<\/strong> (Altera o art. 1\u00ba da Portaria n\u00ba 1.043, de 24 julho de 2007).<\/p><p><strong>Portaria n. 3.761, de 26 de novembro de 2019<\/strong> (Altera o art. 1\u00ba da Portaria n\u00ba 1.196, de 23 de maio de 2017).<\/p><p><strong>Portaria n\u00ba 3.719, de 20 de novembro de 2019<\/strong> (Institui, no \u00e2mbito da Corregedoria-Geral da Uni\u00e3o, projeto-piloto de dedica\u00e7\u00e3o integral para as Comiss\u00f5es de Processo Administrativo Disciplinar (PAD) e Processo Administrativo de Responsabiliza\u00e7\u00e3o (PAR)).<\/p><p><strong>Portaria n. 1.000, de 28 de fevereiro de 2019<\/strong> (Institui Segunda Vers\u00e3o do Programa de Fortalecimento da Atividade Correcional na Administra\u00e7\u00e3o P\u00fablica).<\/p><p><strong>Portaria n. 3.178, de 26 de novembro de 2018<\/strong> (Revoga\u00e7\u00e3o da Portaria CRG n\u00ba 1915, de 27 de julho de 2015, considerando o Lan\u00e7amento do Portal de Corregedorias, que possibilitar\u00e1 c\u00e9lere e eficiente interc\u00e2mbio de informa\u00e7\u00f5es entre as unidades do Sistema de Correi\u00e7\u00e3o do Poder Executivo Federal).<\/p><p><strong>Portaria n. 1.970, de 19 de julho de 2018<\/strong> (A comiss\u00e3o intimar\u00e1 a pessoa jur\u00eddica para apresentar defesa escrita e especificar eventuais provas que pretenda produzir).<\/p>\t\t\t\t\t\t<\/div>\n\t\t\t\t<\/div>\n\t\t\t\t\t<\/div>\n\t\t<\/div>\n\t\t\t\t\t<\/div>\n\t\t<\/section>\n\t\t\t\t<\/div>\n\t\t","protected":false},"excerpt":{"rendered":"<p>Portaria n. 581, de 9 de mar\u00e7o de 2021 (Estabelece orienta\u00e7\u00f5es para o exerc\u00edcio das compet\u00eancias das unidades do Sistema de Ouvidoria do Poder Executivo federal, institu\u00eddo pelo Decreto n\u00ba 9.492, de 5 de setembro de 2018, disp\u00f5e sobre o recebimento do relato de irregularidades de que trata o caput do art. 4\u00ba-A da Lei [&hellip;]<\/p>\n","protected":false},"author":3463,"featured_media":0,"parent":0,"menu_order":0,"comment_status":"closed","ping_status":"closed","template":"","meta":{"footnotes":""},"categories":[],"tags":[],"class_list":["post-88","page","type-page","status-publish","hentry"],"acf":[],"_links":{"self":[{"href":"https:\/\/www.ufsm.br\/outros-orgaos\/corregedoria-setorial\/wp-json\/wp\/v2\/pages\/88","targetHints":{"allow":["GET"]}}],"collection":[{"href":"https:\/\/www.ufsm.br\/outros-orgaos\/corregedoria-setorial\/wp-json\/wp\/v2\/pages"}],"about":[{"href":"https:\/\/www.ufsm.br\/outros-orgaos\/corregedoria-setorial\/wp-json\/wp\/v2\/types\/page"}],"author":[{"embeddable":true,"href":"https:\/\/www.ufsm.br\/outros-orgaos\/corregedoria-setorial\/wp-json\/wp\/v2\/users\/3463"}],"replies":[{"embeddable":true,"href":"https:\/\/www.ufsm.br\/outros-orgaos\/corregedoria-setorial\/wp-json\/wp\/v2\/comments?post=88"}],"version-history":[{"count":0,"href":"https:\/\/www.ufsm.br\/outros-orgaos\/corregedoria-setorial\/wp-json\/wp\/v2\/pages\/88\/revisions"}],"wp:attachment":[{"href":"https:\/\/www.ufsm.br\/outros-orgaos\/corregedoria-setorial\/wp-json\/wp\/v2\/media?parent=88"}],"wp:term":[{"taxonomy":"category","embeddable":true,"href":"https:\/\/www.ufsm.br\/outros-orgaos\/corregedoria-setorial\/wp-json\/wp\/v2\/categories?post=88"},{"taxonomy":"post_tag","embeddable":true,"href":"https:\/\/www.ufsm.br\/outros-orgaos\/corregedoria-setorial\/wp-json\/wp\/v2\/tags?post=88"}],"curies":[{"name":"wp","href":"https:\/\/api.w.org\/{rel}","templated":true}]}}