{"id":2,"date":"2023-06-02T09:23:56","date_gmt":"2023-06-02T12:23:56","guid":{"rendered":"https:\/\/www.ufsm.br\/reitoria-gabinete-do-reitor-cosame\/?page_id=2"},"modified":"2024-11-19T15:46:54","modified_gmt":"2024-11-19T18:46:54","slug":"criacao_ccbral","status":"publish","type":"page","link":"https:\/\/www.ufsm.br\/outros-sites\/ccbral\/criacao_ccbral","title":{"rendered":"Cria\u00e7\u00e3o do CCBRAL"},"content":{"rendered":"\t\t<div data-elementor-type=\"wp-page\" data-elementor-id=\"2\" class=\"elementor elementor-2\">\n\t\t\t\t\t\t<section class=\"elementor-section elementor-top-section elementor-element elementor-element-3440ff58 elementor-section-boxed elementor-section-height-default elementor-section-height-default\" data-id=\"3440ff58\" data-element_type=\"section\">\n\t\t\t\t\t\t<div class=\"elementor-container elementor-column-gap-default\">\n\t\t\t\t\t<div class=\"elementor-column elementor-col-100 elementor-top-column elementor-element elementor-element-487a6f5e\" data-id=\"487a6f5e\" data-element_type=\"column\">\n\t\t\t<div class=\"elementor-widget-wrap elementor-element-populated\">\n\t\t\t\t\t\t<div class=\"elementor-element elementor-element-ff02d27 elementor-widget elementor-widget-text-editor\" data-id=\"ff02d27\" data-element_type=\"widget\" data-widget_type=\"text-editor.default\">\n\t\t\t\t<div class=\"elementor-widget-container\">\n\t\t\t\t\t\t\t<!-- wp:image {\"id\":23,\"width\":\"176px\",\"height\":\"auto\",\"sizeSlug\":\"large\",\"linkDestination\":\"none\"} -->\n<figure class=\"wp-block-image size-large is-resized\"><img decoding=\"async\" class=\"wp-image-23 aligncenter\" style=\"width: 70px;height: 87px\" src=\"https:\/\/www.ufsm.br\/app\/uploads\/sites\/937\/2024\/10\/CCBRAL-logo-png-827x1024.jpg\" alt=\"\" \/><\/figure>\n<!-- \/wp:image --><!-- wp:paragraph -->\n<p>Nos \u00faltimos tempos, observamos uma crescente oferta de oportunidades de interc\u00e2mbio com apoio financeiro para a Alemanha por meio de diversas entidades, como CNPq, CAPES, DAAD, DFG, entre outras. Contudo, a participa\u00e7\u00e3o da UFSM nessas iniciativas tem sido aqu\u00e9m do potencial de nossa Universidade.<\/p>\n<!-- \/wp:paragraph --><!-- wp:paragraph -->\n<p>Para reverter essa situa\u00e7\u00e3o e aumentar a participa\u00e7\u00e3o da UFSM e da comunidade em geral, estamos estabelecendo um canal \u00fanico dedicado a essas oportunidades. Por iniciativa do Prof. Paulo Bayard, da SAI\/UFSM, foi iniciado o processo de cria\u00e7\u00e3o do Centro de Coopera\u00e7\u00e3o Brasil-Alemanha &#8211; CCBRAL.<\/p>\n<!-- \/wp:paragraph --><!-- wp:paragraph -->\n<p>J\u00e1 foi constitu\u00eddo um comit\u00ea gestor que elaborou o regimento do CCBRAL, o qual, juntamente com a resolu\u00e7\u00e3o para sua cria\u00e7\u00e3o, foi submetido \u00e0 COPLAD e ao CoInter.<\/p>\n<!-- \/wp:paragraph --><!-- wp:paragraph \/--><!-- wp:paragraph -->\n<p>Desde j\u00e1, estamos \u00e0 disposi\u00e7\u00e3o para comunica\u00e7\u00e3o por meio do seguinte e-mail:\u00a0<a href=\"mailto:ccbral@ufsm.br\" target=\"_blank\" rel=\"noreferrer noopener\">ccbral@ufsm.br<\/a>.<\/p>\n<!-- \/wp:paragraph --><!-- wp:paragraph -->\n<p>Contamos com a colabora\u00e7\u00e3o de toda a comunidade na participa\u00e7\u00e3o e na divulga\u00e7\u00e3o de novidades e informa\u00e7\u00f5es sobre propostas de interc\u00e2mbio com a Alemanha.<\/p>\n<!-- \/wp:paragraph --><!-- wp:paragraph -->\n<p>Prof. Dr. Ernesto Schulz Lang &#8211; Presidente CCBRAL<\/p>\n<!-- \/wp:paragraph --><!-- wp:paragraph -->\n<p>\u00a0<\/p>\n<!-- \/wp:paragraph --><!-- wp:paragraph -->\n<p>\u00a0<\/p>\n<!-- \/wp:paragraph -->\t\t\t\t\t\t<\/div>\n\t\t\t\t<\/div>\n\t\t\t\t\t<\/div>\n\t\t<\/div>\n\t\t\t\t\t<\/div>\n\t\t<\/section>\n\t\t\t\t<\/div>\n\t\t","protected":false},"excerpt":{"rendered":"<p>Nos \u00faltimos tempos, observamos uma crescente oferta de oportunidades de interc\u00e2mbio com apoio financeiro para a Alemanha por meio de diversas entidades, como CNPq, CAPES, DAAD, DFG, entre outras. Contudo, a participa\u00e7\u00e3o da UFSM nessas iniciativas tem sido aqu\u00e9m do potencial de nossa Universidade. Para reverter essa situa\u00e7\u00e3o e aumentar a participa\u00e7\u00e3o da UFSM e [&hellip;]<\/p>\n","protected":false},"author":6883,"featured_media":0,"parent":0,"menu_order":0,"comment_status":"closed","ping_status":"open","template":"","meta":{"footnotes":""},"categories":[],"tags":[],"class_list":["post-2","page","type-page","status-publish","hentry"],"acf":[],"_links":{"self":[{"href":"https:\/\/www.ufsm.br\/outros-sites\/ccbral\/wp-json\/wp\/v2\/pages\/2","targetHints":{"allow":["GET"]}}],"collection":[{"href":"https:\/\/www.ufsm.br\/outros-sites\/ccbral\/wp-json\/wp\/v2\/pages"}],"about":[{"href":"https:\/\/www.ufsm.br\/outros-sites\/ccbral\/wp-json\/wp\/v2\/types\/page"}],"author":[{"embeddable":true,"href":"https:\/\/www.ufsm.br\/outros-sites\/ccbral\/wp-json\/wp\/v2\/users\/6883"}],"replies":[{"embeddable":true,"href":"https:\/\/www.ufsm.br\/outros-sites\/ccbral\/wp-json\/wp\/v2\/comments?post=2"}],"version-history":[{"count":0,"href":"https:\/\/www.ufsm.br\/outros-sites\/ccbral\/wp-json\/wp\/v2\/pages\/2\/revisions"}],"wp:attachment":[{"href":"https:\/\/www.ufsm.br\/outros-sites\/ccbral\/wp-json\/wp\/v2\/media?parent=2"}],"wp:term":[{"taxonomy":"category","embeddable":true,"href":"https:\/\/www.ufsm.br\/outros-sites\/ccbral\/wp-json\/wp\/v2\/categories?post=2"},{"taxonomy":"post_tag","embeddable":true,"href":"https:\/\/www.ufsm.br\/outros-sites\/ccbral\/wp-json\/wp\/v2\/tags?post=2"}],"curies":[{"name":"wp","href":"https:\/\/api.w.org\/{rel}","templated":true}]}}