{"id":36,"date":"2024-11-04T10:45:06","date_gmt":"2024-11-04T13:45:06","guid":{"rendered":"https:\/\/www.ufsm.br\/outros-sites\/ccbral\/?page_id=36"},"modified":"2024-11-08T17:58:48","modified_gmt":"2024-11-08T20:58:48","slug":"contato","status":"publish","type":"page","link":"https:\/\/www.ufsm.br\/outros-sites\/ccbral\/contato","title":{"rendered":"Contato"},"content":{"rendered":"\t\t<div data-elementor-type=\"wp-page\" data-elementor-id=\"36\" class=\"elementor elementor-36\">\n\t\t\t\t\t\t<section class=\"elementor-section elementor-top-section elementor-element elementor-element-741d2b6f elementor-section-boxed elementor-section-height-default elementor-section-height-default\" data-id=\"741d2b6f\" data-element_type=\"section\">\n\t\t\t\t\t\t<div class=\"elementor-container elementor-column-gap-default\">\n\t\t\t\t\t<div class=\"elementor-column elementor-col-100 elementor-top-column elementor-element elementor-element-54ecb70\" data-id=\"54ecb70\" data-element_type=\"column\">\n\t\t\t<div class=\"elementor-widget-wrap elementor-element-populated\">\n\t\t\t\t\t\t<div class=\"elementor-element elementor-element-29cf85f5 elementor-widget elementor-widget-text-editor\" data-id=\"29cf85f5\" data-element_type=\"widget\" data-widget_type=\"text-editor.default\">\n\t\t\t\t<div class=\"elementor-widget-container\">\n\t\t\t\t\t\t\t<p><!-- wp:paragraph --><\/p>\n<p>Prof. Dr. Ernesto Schulz Lang<br \/>Fone: 00 55 55 3220 8980\u00a0<\/p>\n<p>Email: eslang@ufsm.br<\/p>\n<p>Profa. V\u00e2nia Denise Schwade<br \/>Docente do Departamento de Qu\u00edmica-UFSM<br \/>vania.schwade@ufsm.br<\/p>\n<p>T\u00e9c. Adm. Tatiana de Christo Stradiotto<br \/>Telefone\/ whatsapp: 55-3220-8387<br \/>Google workspace: tatiana.stradiotto@ufsm.br<\/p>\n<p><!-- \/wp:paragraph --><!-- wp:paragraph \/--><!-- wp:paragraph --><\/p>\n<p>CCBRAL:<\/p>\n<p>Email: ccbral@ufsm.br<\/p>\n<p>UFSM \u2013 Campus de Camobi<br \/>Centro de Tecnologia \u2013 CT<br \/><a href=\"https:\/\/www.ufsm.br\/unidades-universitarias\/ct\/internacionalizacao\">Escrit\u00f3rio de Assuntos Internacionais<\/a><br \/>Pr\u00e9dio 07 \u2013 Sala 139<\/p>\n<p><!-- \/wp:paragraph --><!-- wp:paragraph --><\/p>\n<p><!-- \/wp:paragraph --><\/p>\t\t\t\t\t\t<\/div>\n\t\t\t\t<\/div>\n\t\t\t\t\t<\/div>\n\t\t<\/div>\n\t\t\t\t\t<\/div>\n\t\t<\/section>\n\t\t\t\t<section class=\"elementor-section elementor-top-section elementor-element elementor-element-a303f11 elementor-section-boxed elementor-section-height-default elementor-section-height-default\" data-id=\"a303f11\" data-element_type=\"section\">\n\t\t\t\t\t\t<div class=\"elementor-container elementor-column-gap-default\">\n\t\t\t\t\t<div class=\"elementor-column elementor-col-100 elementor-top-column elementor-element elementor-element-a7c9e90\" data-id=\"a7c9e90\" data-element_type=\"column\">\n\t\t\t<div class=\"elementor-widget-wrap elementor-element-populated\">\n\t\t\t\t\t\t<div class=\"elementor-element elementor-element-b4e6d30 elementor-widget elementor-widget-heading\" data-id=\"b4e6d30\" data-element_type=\"widget\" data-widget_type=\"heading.default\">\n\t\t\t\t<div class=\"elementor-widget-container\">\n\t\t\t<h2 class=\"elementor-heading-title elementor-size-default\">Comit\u00ea Gestor<\/h2>\t\t<\/div>\n\t\t\t\t<\/div>\n\t\t\t\t\t<\/div>\n\t\t<\/div>\n\t\t\t\t\t<\/div>\n\t\t<\/section>\n\t\t\t\t<section class=\"elementor-section elementor-top-section elementor-element elementor-element-9fb310f elementor-section-boxed elementor-section-height-default elementor-section-height-default\" data-id=\"9fb310f\" data-element_type=\"section\">\n\t\t\t\t\t\t<div class=\"elementor-container elementor-column-gap-default\">\n\t\t\t\t\t<div class=\"elementor-column elementor-col-100 elementor-top-column elementor-element elementor-element-529fa61\" data-id=\"529fa61\" data-element_type=\"column\">\n\t\t\t<div class=\"elementor-widget-wrap elementor-element-populated\">\n\t\t\t\t\t\t<div class=\"elementor-element elementor-element-5696bcc elementor-widget elementor-widget-text-editor\" data-id=\"5696bcc\" data-element_type=\"widget\" data-widget_type=\"text-editor.default\">\n\t\t\t\t<div class=\"elementor-widget-container\">\n\t\t\t\t\t\t\t<div class=\"entry-content\" style=\"color: #1c1c1c;font-size: 16px\">\n<div class=\"elementor elementor-47\" data-elementor-type=\"wp-page\" data-elementor-id=\"47\">\n<section class=\"elementor-section elementor-top-section elementor-element elementor-element-e039feb elementor-section-boxed elementor-section-height-default elementor-section-height-default\" style=\"flex-basis: var(--flex-basis);flex-grow: var(--flex-grow);flex-shrink: var(--flex-shrink);align-self: var(--align-self);--swiper-theme-color: #000;--swiper-navigation-size: 44px;--swiper-pagination-bullet-size: 6px;--swiper-pagination-bullet-horizontal-gap: 6px;--widgets-spacing: 20px 20px\" data-id=\"e039feb\" data-element_type=\"section\">\n<div class=\"elementor-container elementor-column-gap-default\">\n<div class=\"elementor-column elementor-col-100 elementor-top-column elementor-element elementor-element-ee8424d\" style=\"flex-basis: var(--flex-basis);flex-grow: var(--flex-grow);flex-shrink: var(--flex-shrink);align-self: var(--align-self);--swiper-theme-color: #000;--swiper-navigation-size: 44px;--swiper-pagination-bullet-size: 6px;--swiper-pagination-bullet-horizontal-gap: 6px;--widgets-spacing: 20px 20px;width: 1102px\" data-id=\"ee8424d\" data-element_type=\"column\">\n<div class=\"elementor-widget-wrap elementor-element-populated\" style=\"width: 1102px\">\n<div class=\"elementor-element elementor-element-7660c2b elementor-widget elementor-widget-text-editor\" style=\"flex-basis: var(--flex-basis);flex-grow: var(--flex-grow);flex-shrink: var(--flex-shrink);align-self: var(--align-self);flex-direction: var(--flex-direction);flex-wrap: var(--flex-wrap);justify-content: var(--justify-content);align-items: var(--align-items);align-content: var(--align-content);gap: var(--gap);--swiper-theme-color: #000;--swiper-navigation-size: 44px;--swiper-pagination-bullet-size: 6px;--swiper-pagination-bullet-horizontal-gap: 6px;--widgets-spacing: 20px 20px;color: #000000;font-weight: var( --e-global-typography-text-font-weight );width: 1102px;font-size: 1rem !important\" data-id=\"7660c2b\" data-element_type=\"widget\" data-widget_type=\"text-editor.default\">\n<div class=\"elementor-widget-container\">\n<table class=\"has-fixed-layout\" style=\"color: #000000;width: 49.0827%;font-size: 16px;height: 264px\">\n<tbody>\n<tr style=\"height: 48px\">\n<td style=\"border-top-width: 1px;border-left-width: 1px;border-top-color: initial;border-left-color: initial;width: 24.4859%;height: 48px\"><strong>Dr. Paulo Bayard Dias Gon\u00e7alves<\/strong><\/td>\n<td style=\"border-top-width: 1px;border-right-width: 1px;border-left-width: 1px;border-top-color: initial;border-right-color: initial;border-left-color: initial;width: 12.727%;height: 48px\">Secret\u00e1rio de Apoio Internacional \u2013 SAI<\/td>\n<\/tr>\n<tr style=\"height: 24px\">\n<td style=\"border-top-width: 1px;border-left-width: 1px;border-top-color: initial;border-left-color: initial;width: 24.4859%;height: 24px\"><strong>Dr. Ernesto Schulz Lang<\/strong><\/td>\n<td style=\"border-top-width: 1px;border-right-width: 1px;border-left-width: 1px;border-top-color: initial;border-right-color: initial;border-left-color: initial;width: 12.727%;height: 24px\">Presidente\u00a0<\/td>\n<\/tr>\n<tr style=\"height: 24px\">\n<td style=\"border-top-width: 1px;border-left-width: 1px;border-top-color: initial;border-left-color: initial;width: 24.4859%;height: 24px\"><strong>Dr. Maur\u00edcio Sperandio\u00a0<\/strong><\/td>\n<td style=\"border-top-width: 1px;border-right-width: 1px;border-left-width: 1px;border-top-color: initial;border-right-color: initial;border-left-color: initial;width: 12.727%;height: 24px\">Membro<\/td>\n<\/tr>\n<tr style=\"height: 24px\">\n<td style=\"border-top-width: 1px;border-left-width: 1px;border-top-color: initial;border-left-color: initial;width: 24.4859%;height: 24px\"><strong>Dr. Djalma Dias da Silveira<\/strong><\/td>\n<td style=\"border-top-width: 1px;border-right-width: 1px;border-left-width: 1px;border-top-color: initial;border-right-color: initial;border-left-color: initial;width: 12.727%;height: 24px\">Membro<\/td>\n<\/tr>\n<tr style=\"height: 24px\">\n<td style=\"border-top-width: 1px;border-left-width: 1px;border-top-color: initial;border-left-color: initial;width: 24.4859%;height: 24px\"><strong>Dr.\u00a0V\u00e2nia\u00a0Denise\u00a0Schwade<\/strong><\/td>\n<td style=\"border-top-width: 1px;border-right-width: 1px;border-left-width: 1px;border-top-color: initial;border-right-color: initial;border-left-color: initial;width: 12.727%;height: 24px\">Membro<\/td>\n<\/tr>\n<tr style=\"height: 24px\">\n<td style=\"border-top-width: 1px;border-left-width: 1px;border-top-color: initial;border-left-color: initial;width: 24.4859%;height: 24px\"><strong>Dr. T\u00e2nia\u00a0Resener<\/strong><\/td>\n<td style=\"border-top-width: 1px;border-right-width: 1px;border-left-width: 1px;border-top-color: initial;border-right-color: initial;border-left-color: initial;width: 12.727%;height: 24px\">Membro<\/td>\n<\/tr>\n<tr style=\"height: 24px\">\n<td style=\"border-top-width: 1px;border-left-width: 1px;border-top-color: initial;border-left-color: initial;width: 24.4859%;height: 24px\"><strong>Dr. Daniela\u00a0Schwarke\u00a0do Canto<\/strong><\/td>\n<td style=\"border-top-width: 1px;border-right-width: 1px;border-left-width: 1px;border-top-color: initial;border-right-color: initial;border-left-color: initial;width: 12.727%;height: 24px\">Tradutora<\/td>\n<\/tr>\n<tr style=\"height: 24px\">\n<td style=\"border-top-width: 1px;border-left-width: 1px;border-top-color: initial;border-left-color: initial;width: 24.4859%;height: 24px\"><strong>Tatiana\u00a0Stradiotto<\/strong><\/td>\n<td style=\"border-top-width: 1px;border-right-width: 1px;border-left-width: 1px;border-top-color: initial;border-right-color: initial;border-left-color: initial;width: 12.727%;height: 24px\">Secretaria<\/td>\n<\/tr>\n<tr style=\"height: 48px\">\n<td style=\"border-top-width: 1px;border-left-width: 1px;border-top-color: initial;border-left-color: initial;width: 24.4859%;height: 48px\"><strong>Arthuro Boschetti Favier Alves Barbosa<\/strong><\/td>\n<td style=\"border-top-width: 1px;border-right-width: 1px;border-left-width: 1px;border-top-color: initial;border-right-color: initial;border-left-color: initial;width: 12.727%;height: 48px\">Representante discente<br \/><br \/><\/td>\n<\/tr>\n<\/tbody>\n<\/table>\n<\/div>\n<\/div>\n<\/div>\n<\/div>\n<\/div>\n<\/section>\n<\/div>\n<\/div>\t\t\t\t\t\t<\/div>\n\t\t\t\t<\/div>\n\t\t\t\t\t<\/div>\n\t\t<\/div>\n\t\t\t\t\t<\/div>\n\t\t<\/section>\n\t\t\t\t<\/div>\n\t\t","protected":false},"excerpt":{"rendered":"<p>Prof. Dr. Ernesto Schulz LangFone: 00 55 55 3220 8980\u00a0 Email: eslang@ufsm.br Profa. V\u00e2nia Denise SchwadeDocente do Departamento de Qu\u00edmica-UFSMvania.schwade@ufsm.br T\u00e9c. Adm. Tatiana de Christo StradiottoTelefone\/ whatsapp: 55-3220-8387Google workspace: tatiana.stradiotto@ufsm.br CCBRAL: Email: ccbral@ufsm.br UFSM \u2013 Campus de CamobiCentro de Tecnologia \u2013 CTEscrit\u00f3rio de Assuntos InternacionaisPr\u00e9dio 07 \u2013 Sala 139 Comit\u00ea Gestor Dr. Paulo Bayard Dias [&hellip;]<\/p>\n","protected":false},"author":3961,"featured_media":0,"parent":0,"menu_order":0,"comment_status":"closed","ping_status":"closed","template":"","meta":{"footnotes":""},"categories":[],"tags":[],"class_list":["post-36","page","type-page","status-publish","hentry"],"acf":[],"_links":{"self":[{"href":"https:\/\/www.ufsm.br\/outros-sites\/ccbral\/wp-json\/wp\/v2\/pages\/36","targetHints":{"allow":["GET"]}}],"collection":[{"href":"https:\/\/www.ufsm.br\/outros-sites\/ccbral\/wp-json\/wp\/v2\/pages"}],"about":[{"href":"https:\/\/www.ufsm.br\/outros-sites\/ccbral\/wp-json\/wp\/v2\/types\/page"}],"author":[{"embeddable":true,"href":"https:\/\/www.ufsm.br\/outros-sites\/ccbral\/wp-json\/wp\/v2\/users\/3961"}],"replies":[{"embeddable":true,"href":"https:\/\/www.ufsm.br\/outros-sites\/ccbral\/wp-json\/wp\/v2\/comments?post=36"}],"version-history":[{"count":0,"href":"https:\/\/www.ufsm.br\/outros-sites\/ccbral\/wp-json\/wp\/v2\/pages\/36\/revisions"}],"wp:attachment":[{"href":"https:\/\/www.ufsm.br\/outros-sites\/ccbral\/wp-json\/wp\/v2\/media?parent=36"}],"wp:term":[{"taxonomy":"category","embeddable":true,"href":"https:\/\/www.ufsm.br\/outros-sites\/ccbral\/wp-json\/wp\/v2\/categories?post=36"},{"taxonomy":"post_tag","embeddable":true,"href":"https:\/\/www.ufsm.br\/outros-sites\/ccbral\/wp-json\/wp\/v2\/tags?post=36"}],"curies":[{"name":"wp","href":"https:\/\/api.w.org\/{rel}","templated":true}]}}