{"id":47,"date":"2024-11-04T22:05:55","date_gmt":"2024-11-05T01:05:55","guid":{"rendered":"https:\/\/www.ufsm.br\/outros-sites\/ccbral\/?page_id=47"},"modified":"2024-12-04T20:36:29","modified_gmt":"2024-12-04T23:36:29","slug":"comite-gestor-ccbral","status":"publish","type":"page","link":"https:\/\/www.ufsm.br\/outros-sites\/ccbral\/comite-gestor-ccbral","title":{"rendered":"Quem somos"},"content":{"rendered":"\t\t<div data-elementor-type=\"wp-page\" data-elementor-id=\"47\" class=\"elementor elementor-47\">\n\t\t\t\t\t\t<section class=\"elementor-section elementor-top-section elementor-element elementor-element-32f8ee4 elementor-section-boxed elementor-section-height-default elementor-section-height-default\" data-id=\"32f8ee4\" data-element_type=\"section\">\n\t\t\t\t\t\t<div class=\"elementor-container elementor-column-gap-default\">\n\t\t\t\t\t<div class=\"elementor-column elementor-col-100 elementor-top-column elementor-element elementor-element-1ddedf1\" data-id=\"1ddedf1\" data-element_type=\"column\">\n\t\t\t<div class=\"elementor-widget-wrap elementor-element-populated\">\n\t\t\t\t\t\t<div class=\"elementor-element elementor-element-1c413fe elementor-widget elementor-widget-wp-widget-ufsm_noticias_widget\" data-id=\"1c413fe\" data-element_type=\"widget\" data-widget_type=\"wp-widget-ufsm_noticias_widget.default\">\n\t\t\t\t<div class=\"elementor-widget-container\">\n\t\t\t<div class='widget-noticias-inside'>\n                        <div class=\"row\">\n                                    <div class=\"col-12 col-lg-12 pb-4\">\n                                        \n                                        \n                    \n                    <a class=\"noticias-widget-title d-block \"  title=\"Atividades CCBRAL\" href=\"https:\/\/www.ufsm.br\/outros-sites\/ccbral\/2024\/11\/19\/atividades-ccbral\">\n                                                Atividades CCBRAL                    <\/a>\n                    \n                    \n                                        \n                                        \n                                        <\/div>\n                            <\/div>\n                    <div class=\"row\">\n                                    <div class=\"col-12 col-lg-12 pb-4\">\n                                        \n                                        \n                    \n                    <a class=\"noticias-widget-title d-block \"  title=\"Interc\u00e2mbio Internacional\" href=\"https:\/\/www.ufsm.br\/outros-sites\/ccbral\/2024\/11\/17\/intercambio-internacional\">\n                                                Interc\u00e2mbio Internacional                    <\/a>\n                    \n                    \n                                        \n                                        \n                                        <\/div>\n                            <\/div>\n                    <div class=\"row\">\n                                    <div class=\"col-12 col-lg-12 pb-4\">\n                                        \n                                        \n                    \n                    <a class=\"noticias-widget-title d-block \"  title=\"Comit\u00ea Gestor\" href=\"https:\/\/www.ufsm.br\/outros-sites\/ccbral\/2024\/11\/04\/comite-gestor\">\n                                                Comit\u00ea Gestor                    <\/a>\n                    \n                    \n                                        \n                                        \n                                        <\/div>\n                            <\/div>\n                    <div class=\"row\">\n                                    <div class=\"col-12 col-lg-12 pb-4\">\n                                        \n                                        \n                    \n                    <a class=\"noticias-widget-title d-block \"  title=\"Cria\u00e7\u00e3o do Centro de Coopera\u00e7\u00e3o Brasil-Alemanha &#8211; CCBRAL\" href=\"https:\/\/www.ufsm.br\/outros-sites\/ccbral\/2024\/11\/03\/criacao-do-centro-de-coopetracao-brasil-alemanha-ccbral\">\n                                                Cria\u00e7\u00e3o do Centro de Coopera\u00e7\u00e3o Brasil-Alemanha &#8211; CCBRAL                    <\/a>\n                    \n                    \n                                        \n                                        \n                                        <\/div>\n                            <\/div>\n                    <div class=\"row\">\n                                    <div class=\"col-12 col-lg-12 pb-4\">\n                                        \n                                        \n                    \n                    <a class=\"noticias-widget-title d-block \"  title=\"CCBRAL &#8211; Visita do Consul da Alemanha na UFSM\" href=\"https:\/\/www.ufsm.br\/outros-sites\/ccbral\/2024\/10\/31\/elementor-21\">\n                                                CCBRAL &#8211; Visita do Consul da Alemanha na UFSM                    <\/a>\n                    \n                    \n                                        \n                                        \n                                        <\/div>\n                            <\/div>\n            <\/div>\n\t\t<\/div>\n\t\t\t\t<\/div>\n\t\t\t\t<div class=\"elementor-element elementor-element-3b69c66 elementor-widget elementor-widget-text-editor\" data-id=\"3b69c66\" data-element_type=\"widget\" data-widget_type=\"text-editor.default\">\n\t\t\t\t<div class=\"elementor-widget-container\">\n\t\t\t\t\t\t\t<p>O CCBRAL desenvolve suas atividades visando contribuir para que a UFSM cumpra com a sua finalidade e objetivos\u00a0 definidos no CAP\u00cdTULO I, do Estatuto da UFSM, e no Plano de Desenvolvimento Institucional (PDI).<\/p><p>OBJETIVO GERAL:<\/p><p>Integrar professores, pesquisadores e estudantes brasileiros e alem\u00e3es para expandir coopera\u00e7\u00f5es em diferentes \u00e1reas do conhecimento.<\/p><p>O CCBRAL, no campo de suas compet\u00eancias, visa:<\/p><p>I &#8211; Fomentar e coordenar programas de interc\u00e2mbio acad\u00eamico, cient\u00edfico e tecnol\u00f3gico entre a UFSM e institui\u00e7\u00f5es de ensino superior, centros de pesquisa e demais entidades e empresas relevantes situadas na Alemanha;<\/p><p>II &#8211; Organizar e promover eventos acad\u00eamicos, como semin\u00e1rios, confer\u00eancias, congressos e workshops, que visem ao interc\u00e2mbio de conhecimento e experi\u00eancias entre as comunidades acad\u00eamicas dos dois pa\u00edses;<\/p><p>III &#8211; Facilitar a realiza\u00e7\u00e3o de projetos de pesquisa conjunta, bem como a publica\u00e7\u00e3o de artigos e demais produ\u00e7\u00f5es cient\u00edficas em parceria com pesquisadores e institui\u00e7\u00f5es alem\u00e3s;<\/p><p>IV &#8211; Proporcionar apoio e orienta\u00e7\u00e3o a estudantes, docentes e pesquisadores da UFSM interessados em participar de programas de coopera\u00e7\u00e3o e interc\u00e2mbio com a Alemanha, incluindo quest\u00f5es administrativas, acad\u00eamicas e log\u00edsticas;<\/p><p>V &#8211; Estabelecer e manter parcerias e conv\u00eanios com institui\u00e7\u00f5es de ensino, centros de pesquisa e empresas na Alemanha, visando \u00e0 colabora\u00e7\u00e3o em projetos conjuntos e ao interc\u00e2mbio de cient\u00edfico, tecnol\u00f3gico e de inova\u00e7\u00f5es.<\/p>\t\t\t\t\t\t<\/div>\n\t\t\t\t<\/div>\n\t\t\t\t\t<\/div>\n\t\t<\/div>\n\t\t\t\t\t<\/div>\n\t\t<\/section>\n\t\t\t\t<\/div>\n\t\t","protected":false},"excerpt":{"rendered":"<p>O CCBRAL desenvolve suas atividades visando contribuir para que a UFSM cumpra com a sua finalidade e objetivos\u00a0 definidos no CAP\u00cdTULO I, do Estatuto da UFSM, e no Plano de Desenvolvimento Institucional (PDI). OBJETIVO GERAL: Integrar professores, pesquisadores e estudantes brasileiros e alem\u00e3es para expandir coopera\u00e7\u00f5es em diferentes \u00e1reas do conhecimento. O CCBRAL, no campo [&hellip;]<\/p>\n","protected":false},"author":3961,"featured_media":0,"parent":0,"menu_order":3,"comment_status":"closed","ping_status":"closed","template":"","meta":{"footnotes":""},"categories":[],"tags":[],"class_list":["post-47","page","type-page","status-publish","hentry"],"acf":[],"_links":{"self":[{"href":"https:\/\/www.ufsm.br\/outros-sites\/ccbral\/wp-json\/wp\/v2\/pages\/47","targetHints":{"allow":["GET"]}}],"collection":[{"href":"https:\/\/www.ufsm.br\/outros-sites\/ccbral\/wp-json\/wp\/v2\/pages"}],"about":[{"href":"https:\/\/www.ufsm.br\/outros-sites\/ccbral\/wp-json\/wp\/v2\/types\/page"}],"author":[{"embeddable":true,"href":"https:\/\/www.ufsm.br\/outros-sites\/ccbral\/wp-json\/wp\/v2\/users\/3961"}],"replies":[{"embeddable":true,"href":"https:\/\/www.ufsm.br\/outros-sites\/ccbral\/wp-json\/wp\/v2\/comments?post=47"}],"version-history":[{"count":0,"href":"https:\/\/www.ufsm.br\/outros-sites\/ccbral\/wp-json\/wp\/v2\/pages\/47\/revisions"}],"wp:attachment":[{"href":"https:\/\/www.ufsm.br\/outros-sites\/ccbral\/wp-json\/wp\/v2\/media?parent=47"}],"wp:term":[{"taxonomy":"category","embeddable":true,"href":"https:\/\/www.ufsm.br\/outros-sites\/ccbral\/wp-json\/wp\/v2\/categories?post=47"},{"taxonomy":"post_tag","embeddable":true,"href":"https:\/\/www.ufsm.br\/outros-sites\/ccbral\/wp-json\/wp\/v2\/tags?post=47"}],"curies":[{"name":"wp","href":"https:\/\/api.w.org\/{rel}","templated":true}]}}