{"id":51,"date":"2024-11-07T22:01:53","date_gmt":"2024-11-08T01:01:53","guid":{"rendered":"https:\/\/www.ufsm.br\/outros-sites\/ccbral\/?page_id=51"},"modified":"2024-11-18T09:51:56","modified_gmt":"2024-11-18T12:51:56","slug":"elementor-51","status":"publish","type":"page","link":"https:\/\/www.ufsm.br\/outros-sites\/ccbral\/elementor-51","title":{"rendered":"Not\u00edcias"},"content":{"rendered":"\t\t<div data-elementor-type=\"wp-page\" data-elementor-id=\"51\" class=\"elementor elementor-51\">\n\t\t\t\t\t\t<section class=\"elementor-section elementor-top-section elementor-element elementor-element-90fba7e elementor-section-boxed elementor-section-height-default elementor-section-height-default\" data-id=\"90fba7e\" data-element_type=\"section\">\n\t\t\t\t\t\t<div class=\"elementor-container elementor-column-gap-default\">\n\t\t\t\t\t<div class=\"elementor-column elementor-col-100 elementor-top-column elementor-element elementor-element-96ed8e7\" data-id=\"96ed8e7\" data-element_type=\"column\">\n\t\t\t<div class=\"elementor-widget-wrap elementor-element-populated\">\n\t\t\t\t\t\t<div class=\"elementor-element elementor-element-0d42161 elementor-widget elementor-widget-heading\" data-id=\"0d42161\" data-element_type=\"widget\" data-widget_type=\"heading.default\">\n\t\t\t\t<div class=\"elementor-widget-container\">\n\t\t\t<h2 class=\"elementor-heading-title elementor-size-default\">Defesa de aluno da UFSM na Magdeburg University<\/h2>\t\t<\/div>\n\t\t\t\t<\/div>\n\t\t\t\t\t<\/div>\n\t\t<\/div>\n\t\t\t\t\t<\/div>\n\t\t<\/section>\n\t\t\t\t<section class=\"elementor-section elementor-top-section elementor-element elementor-element-4a525e8 elementor-section-boxed elementor-section-height-default elementor-section-height-default\" data-id=\"4a525e8\" data-element_type=\"section\">\n\t\t\t\t\t\t<div class=\"elementor-container elementor-column-gap-default\">\n\t\t\t\t\t<div class=\"elementor-column elementor-col-100 elementor-top-column elementor-element elementor-element-d102f61\" data-id=\"d102f61\" data-element_type=\"column\">\n\t\t\t<div class=\"elementor-widget-wrap elementor-element-populated\">\n\t\t\t\t\t\t<div class=\"elementor-element elementor-element-34a96b1 elementor-widget elementor-widget-text-editor\" data-id=\"34a96b1\" data-element_type=\"widget\" data-widget_type=\"text-editor.default\">\n\t\t\t\t<div class=\"elementor-widget-container\">\n\t\t\t\t\t\t\t<p>Aluno doutorado Mauro, defendeu primeira cotutela \/ dupla diploma\u00e7\u00e3o do PPGEE UFSM com a Magdeburg University!<\/p>\t\t\t\t\t\t<\/div>\n\t\t\t\t<\/div>\n\t\t\t\t\t<\/div>\n\t\t<\/div>\n\t\t\t\t\t<\/div>\n\t\t<\/section>\n\t\t\t\t<section class=\"elementor-section elementor-top-section elementor-element elementor-element-774fe2f elementor-section-boxed elementor-section-height-default elementor-section-height-default\" data-id=\"774fe2f\" data-element_type=\"section\">\n\t\t\t\t\t\t<div class=\"elementor-container elementor-column-gap-default\">\n\t\t\t\t\t<div class=\"elementor-column elementor-col-100 elementor-top-column elementor-element elementor-element-25ce9d2\" data-id=\"25ce9d2\" data-element_type=\"column\">\n\t\t\t<div class=\"elementor-widget-wrap elementor-element-populated\">\n\t\t\t\t\t\t<div class=\"elementor-element elementor-element-b3f5a5f elementor-position-top elementor-widget elementor-widget-image-box\" data-id=\"b3f5a5f\" data-element_type=\"widget\" data-widget_type=\"image-box.default\">\n\t\t\t\t<div class=\"elementor-widget-container\">\n\t\t\t<div class=\"elementor-image-box-wrapper\"><figure class=\"elementor-image-box-img\"><img fetchpriority=\"high\" decoding=\"async\" width=\"960\" height=\"1280\" src=\"https:\/\/www.ufsm.br\/app\/uploads\/sites\/937\/2024\/11\/Imagem-do-WhatsApp-de-2024-11-07-as-12.03.32_6d6632c1.jpg\" class=\"attachment-full size-full wp-image-54\" alt=\"\" srcset=\"https:\/\/www.ufsm.br\/app\/uploads\/sites\/937\/2024\/11\/Imagem-do-WhatsApp-de-2024-11-07-as-12.03.32_6d6632c1.jpg 960w, https:\/\/www.ufsm.br\/app\/uploads\/sites\/937\/2024\/11\/Imagem-do-WhatsApp-de-2024-11-07-as-12.03.32_6d6632c1-225x300.jpg 225w, https:\/\/www.ufsm.br\/app\/uploads\/sites\/937\/2024\/11\/Imagem-do-WhatsApp-de-2024-11-07-as-12.03.32_6d6632c1-768x1024.jpg 768w\" sizes=\"(max-width: 960px) 100vw, 960px\" \/><\/figure><div class=\"elementor-image-box-content\"><h3 class=\"elementor-image-box-title\">Noticia - Defesa de doutorado em Magdeburg University<\/h3><p class=\"elementor-image-box-description\">Aluno doutorado Mauro, defendeu primeira cotutela \/ dupla diploma\u00e7\u00e3o do PPGEE UFSM com a Magdeburg\u00a0University!<\/p><\/div><\/div>\t\t<\/div>\n\t\t\t\t<\/div>\n\t\t\t\t\t<\/div>\n\t\t<\/div>\n\t\t\t\t\t<\/div>\n\t\t<\/section>\n\t\t\t\t<section class=\"elementor-section elementor-top-section elementor-element elementor-element-12716e2 elementor-section-boxed elementor-section-height-default elementor-section-height-default\" data-id=\"12716e2\" data-element_type=\"section\">\n\t\t\t\t\t\t<div class=\"elementor-container elementor-column-gap-default\">\n\t\t\t\t\t<div class=\"elementor-column elementor-col-100 elementor-top-column elementor-element elementor-element-394e426\" data-id=\"394e426\" data-element_type=\"column\">\n\t\t\t<div class=\"elementor-widget-wrap elementor-element-populated\">\n\t\t\t\t\t\t<div class=\"elementor-element elementor-element-1c72b07 elementor-widget elementor-widget-wp-widget-ufsm_noticias_widget\" data-id=\"1c72b07\" data-element_type=\"widget\" data-widget_type=\"wp-widget-ufsm_noticias_widget.default\">\n\t\t\t\t<div class=\"elementor-widget-container\">\n\t\t\t<h5 class='titulo-conteudos'>Not\u00edcias<\/h5><div class='widget-noticias-inside'>\n                        <div class=\"row\">\n                                    <div class=\"col-12 col-lg-12 pb-4\">\n                                        \n                                        \n                    \n                    <a class=\"noticias-widget-title d-block \"  title=\"Atividades CCBRAL\" href=\"https:\/\/www.ufsm.br\/outros-sites\/ccbral\/2024\/11\/19\/atividades-ccbral\">\n                                                Atividades CCBRAL                    <\/a>\n                    \n                    \n                                        \n                                        \n                                            \n                                                    <div title=\"Publicado em 19\/11\/2024 \" class=\"data-publicacao-widget\">\n                                <i  class=\"far fa-clock\"><\/i>\n                                19\/11\/2024                             <\/div>\n                                                                <\/div>\n                            <\/div>\n                    <div class=\"row\">\n                                    <div class=\"col-12 col-lg-12 pb-4\">\n                                        \n                                        \n                    \n                    <a class=\"noticias-widget-title d-block \"  title=\"Interc\u00e2mbio Internacional\" href=\"https:\/\/www.ufsm.br\/outros-sites\/ccbral\/2024\/11\/17\/intercambio-internacional\">\n                                                Interc\u00e2mbio Internacional                    <\/a>\n                    \n                    \n                                        \n                                        \n                                            \n                                                    <div title=\"Publicado em 17\/11\/2024 \" class=\"data-publicacao-widget\">\n                                <i  class=\"far fa-clock\"><\/i>\n                                17\/11\/2024                             <\/div>\n                                                                <\/div>\n                            <\/div>\n                    <div class=\"row\">\n                                    <div class=\"col-12 col-lg-12 pb-4\">\n                                        \n                                        \n                    \n                    <a class=\"noticias-widget-title d-block \"  title=\"Comit\u00ea Gestor\" href=\"https:\/\/www.ufsm.br\/outros-sites\/ccbral\/2024\/11\/04\/comite-gestor\">\n                                                Comit\u00ea Gestor                    <\/a>\n                    \n                    \n                                        \n                                        \n                                            \n                                                    <div title=\"Publicado em 04\/11\/2024 \" class=\"data-publicacao-widget\">\n                                <i  class=\"far fa-clock\"><\/i>\n                                04\/11\/2024                             <\/div>\n                                                                <\/div>\n                            <\/div>\n                    <div class=\"row\">\n                                    <div class=\"col-12 col-lg-12 pb-4\">\n                                        \n                                        \n                    \n                    <a class=\"noticias-widget-title d-block \"  title=\"Cria\u00e7\u00e3o do Centro de Coopera\u00e7\u00e3o Brasil-Alemanha &#8211; CCBRAL\" href=\"https:\/\/www.ufsm.br\/outros-sites\/ccbral\/2024\/11\/03\/criacao-do-centro-de-coopetracao-brasil-alemanha-ccbral\">\n                                                Cria\u00e7\u00e3o do Centro de Coopera\u00e7\u00e3o Brasil-Alemanha &#8211; CCBRAL                    <\/a>\n                    \n                    \n                                        \n                                        \n                                            \n                                                    <div title=\"Publicado em 03\/11\/2024 \" class=\"data-publicacao-widget\">\n                                <i  class=\"far fa-clock\"><\/i>\n                                03\/11\/2024                             <\/div>\n                                                                <\/div>\n                            <\/div>\n                    <div class=\"row\">\n                                    <div class=\"col-12 col-lg-12 pb-4\">\n                                        \n                                        \n                    \n                    <a class=\"noticias-widget-title d-block \"  title=\"CCBRAL &#8211; Visita do Consul da Alemanha na UFSM\" href=\"https:\/\/www.ufsm.br\/outros-sites\/ccbral\/2024\/10\/31\/elementor-21\">\n                                                CCBRAL &#8211; Visita do Consul da Alemanha na UFSM                    <\/a>\n                    \n                    \n                                        \n                                        \n                                            \n                                                    <div title=\"Publicado em 31\/10\/2024 \" class=\"data-publicacao-widget\">\n                                <i  class=\"far fa-clock\"><\/i>\n                                31\/10\/2024                             <\/div>\n                                                                <\/div>\n                            <\/div>\n            <\/div>\n\t\t<\/div>\n\t\t\t\t<\/div>\n\t\t\t\t\t<\/div>\n\t\t<\/div>\n\t\t\t\t\t<\/div>\n\t\t<\/section>\n\t\t\t\t<\/div>\n\t\t","protected":false},"excerpt":{"rendered":"<p>Defesa de aluno da UFSM na Magdeburg University Aluno doutorado Mauro, defendeu primeira cotutela \/ dupla diploma\u00e7\u00e3o do PPGEE UFSM com a Magdeburg University! Noticia &#8211; Defesa de doutorado em Magdeburg University Aluno doutorado Mauro, defendeu primeira cotutela \/ dupla diploma\u00e7\u00e3o do PPGEE UFSM com a Magdeburg\u00a0University!<\/p>\n","protected":false},"author":3961,"featured_media":0,"parent":0,"menu_order":0,"comment_status":"closed","ping_status":"closed","template":"","meta":{"footnotes":""},"categories":[],"tags":[],"class_list":["post-51","page","type-page","status-publish","hentry"],"acf":[],"_links":{"self":[{"href":"https:\/\/www.ufsm.br\/outros-sites\/ccbral\/wp-json\/wp\/v2\/pages\/51","targetHints":{"allow":["GET"]}}],"collection":[{"href":"https:\/\/www.ufsm.br\/outros-sites\/ccbral\/wp-json\/wp\/v2\/pages"}],"about":[{"href":"https:\/\/www.ufsm.br\/outros-sites\/ccbral\/wp-json\/wp\/v2\/types\/page"}],"author":[{"embeddable":true,"href":"https:\/\/www.ufsm.br\/outros-sites\/ccbral\/wp-json\/wp\/v2\/users\/3961"}],"replies":[{"embeddable":true,"href":"https:\/\/www.ufsm.br\/outros-sites\/ccbral\/wp-json\/wp\/v2\/comments?post=51"}],"version-history":[{"count":0,"href":"https:\/\/www.ufsm.br\/outros-sites\/ccbral\/wp-json\/wp\/v2\/pages\/51\/revisions"}],"wp:attachment":[{"href":"https:\/\/www.ufsm.br\/outros-sites\/ccbral\/wp-json\/wp\/v2\/media?parent=51"}],"wp:term":[{"taxonomy":"category","embeddable":true,"href":"https:\/\/www.ufsm.br\/outros-sites\/ccbral\/wp-json\/wp\/v2\/categories?post=51"},{"taxonomy":"post_tag","embeddable":true,"href":"https:\/\/www.ufsm.br\/outros-sites\/ccbral\/wp-json\/wp\/v2\/tags?post=51"}],"curies":[{"name":"wp","href":"https:\/\/api.w.org\/{rel}","templated":true}]}}