{"id":66,"date":"2024-11-16T19:27:24","date_gmt":"2024-11-16T22:27:24","guid":{"rendered":"https:\/\/www.ufsm.br\/outros-sites\/ccbral\/?page_id=66"},"modified":"2024-12-04T20:47:14","modified_gmt":"2024-12-04T23:47:14","slug":"projetos-e-parcerias","status":"publish","type":"page","link":"https:\/\/www.ufsm.br\/outros-sites\/ccbral\/projetos-e-parcerias","title":{"rendered":"Projetos e Parcerias"},"content":{"rendered":"\t\t<div data-elementor-type=\"wp-page\" data-elementor-id=\"66\" class=\"elementor elementor-66\">\n\t\t\t\t\t\t<section class=\"elementor-section elementor-top-section elementor-element elementor-element-490e2c6 elementor-section-boxed elementor-section-height-default elementor-section-height-default\" data-id=\"490e2c6\" data-element_type=\"section\">\n\t\t\t\t\t\t<div class=\"elementor-container elementor-column-gap-default\">\n\t\t\t\t\t<div class=\"elementor-column elementor-col-100 elementor-top-column elementor-element elementor-element-f47bb95\" data-id=\"f47bb95\" data-element_type=\"column\">\n\t\t\t<div class=\"elementor-widget-wrap elementor-element-populated\">\n\t\t\t\t\t\t<div class=\"elementor-element elementor-element-a86d830 elementor-widget elementor-widget-text-editor\" data-id=\"a86d830\" data-element_type=\"widget\" data-widget_type=\"text-editor.default\">\n\t\t\t\t<div class=\"elementor-widget-container\">\n\t\t\t\t\t\t\t<p>Divulga\u00e7\u00e3o de projetos e parcerias vinculadas ao CCBRAL &#8211; Centro de Coopera\u00e7\u00e3o Brasil e Alemanha.<\/p>\t\t\t\t\t\t<\/div>\n\t\t\t\t<\/div>\n\t\t\t\t\t<\/div>\n\t\t<\/div>\n\t\t\t\t\t<\/div>\n\t\t<\/section>\n\t\t\t\t<section class=\"elementor-section elementor-top-section elementor-element elementor-element-f2b102f elementor-section-boxed elementor-section-height-default elementor-section-height-default\" data-id=\"f2b102f\" data-element_type=\"section\">\n\t\t\t\t\t\t<div class=\"elementor-container elementor-column-gap-default\">\n\t\t\t\t\t<div class=\"elementor-column elementor-col-100 elementor-top-column elementor-element elementor-element-ae8f4e1\" data-id=\"ae8f4e1\" data-element_type=\"column\">\n\t\t\t<div class=\"elementor-widget-wrap elementor-element-populated\">\n\t\t\t\t\t\t<div class=\"elementor-element elementor-element-ec3cb9d elementor-widget elementor-widget-wp-widget-ufsm_noticias_widget\" data-id=\"ec3cb9d\" data-element_type=\"widget\" data-widget_type=\"wp-widget-ufsm_noticias_widget.default\">\n\t\t\t\t<div class=\"elementor-widget-container\">\n\t\t\t<div class='widget-noticias-inside'>\n                        <div class=\"row\">\n                                    <div class=\"col-12 col-lg-12 pb-4\">\n                                        \n                                        \n                    \n                    <a class=\"noticias-widget-title d-block \"  title=\"Atividades CCBRAL\" href=\"https:\/\/www.ufsm.br\/outros-sites\/ccbral\/2024\/11\/19\/atividades-ccbral\">\n                                                Atividades CCBRAL                    <\/a>\n                    \n                    \n                                        \n                                        \n                                        <\/div>\n                            <\/div>\n                    <div class=\"row\">\n                                    <div class=\"col-12 col-lg-12 pb-4\">\n                                        \n                                        \n                    \n                    <a class=\"noticias-widget-title d-block \"  title=\"Interc\u00e2mbio Internacional\" href=\"https:\/\/www.ufsm.br\/outros-sites\/ccbral\/2024\/11\/17\/intercambio-internacional\">\n                                                Interc\u00e2mbio Internacional                    <\/a>\n                    \n                    \n                                        \n                                        \n                                        <\/div>\n                            <\/div>\n                    <div class=\"row\">\n                                    <div class=\"col-12 col-lg-12 pb-4\">\n                                        \n                                        \n                    \n                    <a class=\"noticias-widget-title d-block \"  title=\"Comit\u00ea Gestor\" href=\"https:\/\/www.ufsm.br\/outros-sites\/ccbral\/2024\/11\/04\/comite-gestor\">\n                                                Comit\u00ea Gestor                    <\/a>\n                    \n                    \n                                        \n                                        \n                                        <\/div>\n                            <\/div>\n                    <div class=\"row\">\n                                    <div class=\"col-12 col-lg-12 pb-4\">\n                                        \n                                        \n                    \n                    <a class=\"noticias-widget-title d-block \"  title=\"Cria\u00e7\u00e3o do Centro de Coopera\u00e7\u00e3o Brasil-Alemanha &#8211; CCBRAL\" href=\"https:\/\/www.ufsm.br\/outros-sites\/ccbral\/2024\/11\/03\/criacao-do-centro-de-coopetracao-brasil-alemanha-ccbral\">\n                                                Cria\u00e7\u00e3o do Centro de Coopera\u00e7\u00e3o Brasil-Alemanha &#8211; CCBRAL                    <\/a>\n                    \n                    \n                                        \n                                        \n                                        <\/div>\n                            <\/div>\n                    <div class=\"row\">\n                                    <div class=\"col-12 col-lg-12 pb-4\">\n                                        \n                                        \n                    \n                    <a class=\"noticias-widget-title d-block \"  title=\"CCBRAL &#8211; Visita do Consul da Alemanha na UFSM\" href=\"https:\/\/www.ufsm.br\/outros-sites\/ccbral\/2024\/10\/31\/elementor-21\">\n                                                CCBRAL &#8211; Visita do Consul da Alemanha na UFSM                    <\/a>\n                    \n                    \n                                        \n                                        \n                                        <\/div>\n                            <\/div>\n            <\/div>\n\t\t<\/div>\n\t\t\t\t<\/div>\n\t\t\t\t\t<\/div>\n\t\t<\/div>\n\t\t\t\t\t<\/div>\n\t\t<\/section>\n\t\t\t\t<\/div>\n\t\t","protected":false},"excerpt":{"rendered":"<p>Divulga\u00e7\u00e3o de projetos e parcerias vinculadas ao CCBRAL &#8211; Centro de Coopera\u00e7\u00e3o Brasil e Alemanha.<\/p>\n","protected":false},"author":3961,"featured_media":0,"parent":0,"menu_order":0,"comment_status":"closed","ping_status":"closed","template":"","meta":{"footnotes":""},"categories":[],"tags":[],"class_list":["post-66","page","type-page","status-publish","hentry"],"acf":[],"_links":{"self":[{"href":"https:\/\/www.ufsm.br\/outros-sites\/ccbral\/wp-json\/wp\/v2\/pages\/66","targetHints":{"allow":["GET"]}}],"collection":[{"href":"https:\/\/www.ufsm.br\/outros-sites\/ccbral\/wp-json\/wp\/v2\/pages"}],"about":[{"href":"https:\/\/www.ufsm.br\/outros-sites\/ccbral\/wp-json\/wp\/v2\/types\/page"}],"author":[{"embeddable":true,"href":"https:\/\/www.ufsm.br\/outros-sites\/ccbral\/wp-json\/wp\/v2\/users\/3961"}],"replies":[{"embeddable":true,"href":"https:\/\/www.ufsm.br\/outros-sites\/ccbral\/wp-json\/wp\/v2\/comments?post=66"}],"version-history":[{"count":0,"href":"https:\/\/www.ufsm.br\/outros-sites\/ccbral\/wp-json\/wp\/v2\/pages\/66\/revisions"}],"wp:attachment":[{"href":"https:\/\/www.ufsm.br\/outros-sites\/ccbral\/wp-json\/wp\/v2\/media?parent=66"}],"wp:term":[{"taxonomy":"category","embeddable":true,"href":"https:\/\/www.ufsm.br\/outros-sites\/ccbral\/wp-json\/wp\/v2\/categories?post=66"},{"taxonomy":"post_tag","embeddable":true,"href":"https:\/\/www.ufsm.br\/outros-sites\/ccbral\/wp-json\/wp\/v2\/tags?post=66"}],"curies":[{"name":"wp","href":"https:\/\/api.w.org\/{rel}","templated":true}]}}