{"id":9,"date":"2023-07-03T07:47:02","date_gmt":"2023-07-03T10:47:02","guid":{"rendered":"https:\/\/www.ufsm.br\/outros-sites-nucleos-de-estudos-neabi\/?page_id=9"},"modified":"2023-12-11T06:25:52","modified_gmt":"2023-12-11T09:25:52","slug":"pagina-inicial","status":"publish","type":"page","link":"https:\/\/www.ufsm.br\/outros-sites\/nucleos-de-estudos\/neabi\/","title":{"rendered":"P\u00e1gina Inicial"},"content":{"rendered":"\t\t<div data-elementor-type=\"wp-page\" data-elementor-id=\"9\" class=\"elementor elementor-9\">\n\t\t\t\t\t\t<section class=\"elementor-section elementor-top-section elementor-element elementor-element-4cc1efa elementor-section-boxed elementor-section-height-default elementor-section-height-default\" data-id=\"4cc1efa\" data-element_type=\"section\" data-settings=\"{&quot;background_background&quot;:&quot;slideshow&quot;,&quot;background_slideshow_gallery&quot;:[{&quot;id&quot;:&quot;45&quot;,&quot;url&quot;:&quot;https:\\\/\\\/www.ufsm.br\\\/app\\\/uploads\\\/sites\\\/913\\\/2023\\\/12\\\/IMG_5049.jpeg&quot;}],&quot;background_slideshow_loop&quot;:&quot;yes&quot;,&quot;background_slideshow_slide_duration&quot;:5000,&quot;background_slideshow_slide_transition&quot;:&quot;fade&quot;,&quot;background_slideshow_transition_duration&quot;:500}\">\n\t\t\t\t\t\t<div class=\"elementor-container elementor-column-gap-default\">\n\t\t\t\t\t<div class=\"elementor-column elementor-col-100 elementor-top-column elementor-element elementor-element-0c6395e\" data-id=\"0c6395e\" data-element_type=\"column\">\n\t\t\t<div class=\"elementor-widget-wrap elementor-element-populated\">\n\t\t\t\t\t\t<div class=\"elementor-element elementor-element-93876e8 elementor-widget elementor-widget-wp-widget-ufsm_noticias_widget\" data-id=\"93876e8\" data-element_type=\"widget\" data-widget_type=\"wp-widget-ufsm_noticias_widget.default\">\n\t\t\t\t<div class=\"elementor-widget-container\">\n\t\t\t<p>Nenhuma not\u00edcia encontrada para esta se\u00e7\u00e3o.<\/p>\t\t<\/div>\n\t\t\t\t<\/div>\n\t\t\t\t\t<\/div>\n\t\t<\/div>\n\t\t\t\t\t<\/div>\n\t\t<\/section>\n\t\t\t\t<section class=\"elementor-section elementor-top-section elementor-element elementor-element-275282e elementor-section-boxed elementor-section-height-default elementor-section-height-default\" data-id=\"275282e\" data-element_type=\"section\">\n\t\t\t\t\t\t<div class=\"elementor-container elementor-column-gap-default\">\n\t\t\t\t\t<div class=\"elementor-column elementor-col-100 elementor-top-column elementor-element elementor-element-637374b\" data-id=\"637374b\" data-element_type=\"column\">\n\t\t\t<div class=\"elementor-widget-wrap elementor-element-populated\">\n\t\t\t\t\t\t<div class=\"elementor-element elementor-element-88a75f2 elementor-widget elementor-widget-text-editor\" data-id=\"88a75f2\" data-element_type=\"widget\" data-widget_type=\"text-editor.default\">\n\t\t\t\t<div class=\"elementor-widget-container\">\n\t\t\t\t\t\t\t<p style=\"text-align: center\"><img fetchpriority=\"high\" decoding=\"async\" class=\"size-medium wp-image-42 aligncenter\" src=\"https:\/\/www.ufsm.br\/app\/uploads\/sites\/913\/2023\/10\/idvisual-NEABI-1-1024x1024-1-1-300x300.png\" alt=\"\" width=\"300\" height=\"300\" srcset=\"https:\/\/www.ufsm.br\/app\/uploads\/sites\/913\/2023\/10\/idvisual-NEABI-1-1024x1024-1-1-300x300.png 300w, https:\/\/www.ufsm.br\/app\/uploads\/sites\/913\/2023\/10\/idvisual-NEABI-1-1024x1024-1-1-150x150.png 150w, https:\/\/www.ufsm.br\/app\/uploads\/sites\/913\/2023\/10\/idvisual-NEABI-1-1024x1024-1-1-768x768.png 768w, https:\/\/www.ufsm.br\/app\/uploads\/sites\/913\/2023\/10\/idvisual-NEABI-1-1024x1024-1-1.png 1024w\" sizes=\"(max-width: 300px) 100vw, 300px\" \/><span style=\"color: #000000;font-size: 1rem;font-weight: var( --e-global-typography-text-font-weight );text-align: center\">N<\/span><span style=\"color: #000000;font-size: 1rem;font-weight: var( --e-global-typography-text-font-weight );text-align: var(--bs-body-text-align)\">\u00facleo de Estudos Afro-Brasileiros e Ind\u00edgenas &#8211; NEABI<\/span><\/p><p style=\"text-align: center\"><span style=\"color: #0d0d0d;font-size: 16px;text-align: start\">O Programa visa reunir, oficializar e incentivar, junto \u00e0s estruturas da UFSM, iniciativas de produ\u00e7\u00e3o de conhecimentos, de promo\u00e7\u00e3o e de execu\u00e7\u00e3o de a\u00e7\u00f5es de Ensino, Pesquisa e Extens\u00e3o que tenham por mote a reflex\u00e3o, a preserva\u00e7\u00e3o, o resgate, a conserva\u00e7\u00e3o e a divulga\u00e7\u00e3o das contribui\u00e7\u00f5es das comunidades negras, ind\u00edgenas e africanas na estrutura social, identit\u00e1ria e cultural do pa\u00eds.<\/span><span style=\"color: #000000;font-size: 1rem;font-weight: var( --e-global-typography-text-font-weight );text-align: var(--bs-body-text-align)\"><br \/><\/span><\/p>\t\t\t\t\t\t<\/div>\n\t\t\t\t<\/div>\n\t\t\t\t\t<\/div>\n\t\t<\/div>\n\t\t\t\t\t<\/div>\n\t\t<\/section>\n\t\t\t\t<section class=\"elementor-section elementor-top-section elementor-element elementor-element-a9667e4 elementor-section-boxed elementor-section-height-default elementor-section-height-default\" data-id=\"a9667e4\" data-element_type=\"section\">\n\t\t\t\t\t\t<div class=\"elementor-container elementor-column-gap-default\">\n\t\t\t\t\t<div class=\"elementor-column elementor-col-100 elementor-top-column elementor-element elementor-element-ed3e02d\" data-id=\"ed3e02d\" data-element_type=\"column\">\n\t\t\t<div class=\"elementor-widget-wrap elementor-element-populated\">\n\t\t\t\t\t\t<div class=\"elementor-element elementor-element-f03cd90 elementor-widget elementor-widget-heading\" data-id=\"f03cd90\" data-element_type=\"widget\" data-widget_type=\"heading.default\">\n\t\t\t\t<div class=\"elementor-widget-container\">\n\t\t\t<h5 class=\"elementor-heading-title elementor-size-default\">N\u00facleo de Estudos Afro-Brasileiros e Ind\u00edgenas da Universidade Federal de Santa Maria<\/h5>\t\t<\/div>\n\t\t\t\t<\/div>\n\t\t\t\t\t<\/div>\n\t\t<\/div>\n\t\t\t\t\t<\/div>\n\t\t<\/section>\n\t\t\t\t<section class=\"elementor-section elementor-top-section elementor-element elementor-element-284f779 elementor-section-boxed elementor-section-height-default elementor-section-height-default\" data-id=\"284f779\" data-element_type=\"section\">\n\t\t\t\t\t\t<div class=\"elementor-container elementor-column-gap-default\">\n\t\t\t\t\t<div class=\"elementor-column elementor-col-33 elementor-top-column elementor-element elementor-element-ad8879e\" data-id=\"ad8879e\" data-element_type=\"column\">\n\t\t\t<div class=\"elementor-widget-wrap elementor-element-populated\">\n\t\t\t\t\t\t<div class=\"elementor-element elementor-element-455cb96 elementor-widget elementor-widget-heading\" data-id=\"455cb96\" data-element_type=\"widget\" data-widget_type=\"heading.default\">\n\t\t\t\t<div class=\"elementor-widget-container\">\n\t\t\t<h2 class=\"elementor-heading-title elementor-size-medium\">Projetos <\/h2>\t\t<\/div>\n\t\t\t\t<\/div>\n\t\t\t\t\t<\/div>\n\t\t<\/div>\n\t\t\t\t<div class=\"elementor-column elementor-col-33 elementor-top-column elementor-element elementor-element-27f2f3e\" data-id=\"27f2f3e\" data-element_type=\"column\">\n\t\t\t<div class=\"elementor-widget-wrap elementor-element-populated\">\n\t\t\t\t\t\t<div class=\"elementor-element elementor-element-676ffd6 elementor-widget elementor-widget-heading\" data-id=\"676ffd6\" data-element_type=\"widget\" data-widget_type=\"heading.default\">\n\t\t\t\t<div class=\"elementor-widget-container\">\n\t\t\t<h2 class=\"elementor-heading-title elementor-size-medium\">Plano de a\u00e7\u00e3o<\/h2>\t\t<\/div>\n\t\t\t\t<\/div>\n\t\t\t\t\t<\/div>\n\t\t<\/div>\n\t\t\t\t<div class=\"elementor-column elementor-col-33 elementor-top-column elementor-element elementor-element-7158ff1\" data-id=\"7158ff1\" data-element_type=\"column\">\n\t\t\t<div class=\"elementor-widget-wrap elementor-element-populated\">\n\t\t\t\t\t\t<div class=\"elementor-element elementor-element-df2c5d9 elementor-widget elementor-widget-heading\" data-id=\"df2c5d9\" data-element_type=\"widget\" data-widget_type=\"heading.default\">\n\t\t\t\t<div class=\"elementor-widget-container\">\n\t\t\t<h2 class=\"elementor-heading-title elementor-size-medium\">Galeria<\/h2>\t\t<\/div>\n\t\t\t\t<\/div>\n\t\t\t\t\t<\/div>\n\t\t<\/div>\n\t\t\t\t\t<\/div>\n\t\t<\/section>\n\t\t\t\t<\/div>\n\t\t","protected":false},"excerpt":{"rendered":"<p>N\u00facleo de Estudos Afro-Brasileiros e Ind\u00edgenas &#8211; NEABI O Programa visa reunir, oficializar e incentivar, junto \u00e0s estruturas da UFSM, iniciativas de produ\u00e7\u00e3o de conhecimentos, de promo\u00e7\u00e3o e de execu\u00e7\u00e3o de a\u00e7\u00f5es de Ensino, Pesquisa e Extens\u00e3o que tenham por mote a reflex\u00e3o, a preserva\u00e7\u00e3o, o resgate, a conserva\u00e7\u00e3o e a divulga\u00e7\u00e3o das contribui\u00e7\u00f5es das [&hellip;]<\/p>\n","protected":false},"author":26,"featured_media":0,"parent":0,"menu_order":0,"comment_status":"closed","ping_status":"closed","template":"","meta":{"footnotes":""},"categories":[],"tags":[],"class_list":["post-9","page","type-page","status-publish","hentry"],"acf":[],"_links":{"self":[{"href":"https:\/\/www.ufsm.br\/outros-sites\/nucleos-de-estudos\/neabi\/wp-json\/wp\/v2\/pages\/9","targetHints":{"allow":["GET"]}}],"collection":[{"href":"https:\/\/www.ufsm.br\/outros-sites\/nucleos-de-estudos\/neabi\/wp-json\/wp\/v2\/pages"}],"about":[{"href":"https:\/\/www.ufsm.br\/outros-sites\/nucleos-de-estudos\/neabi\/wp-json\/wp\/v2\/types\/page"}],"author":[{"embeddable":true,"href":"https:\/\/www.ufsm.br\/outros-sites\/nucleos-de-estudos\/neabi\/wp-json\/wp\/v2\/users\/26"}],"replies":[{"embeddable":true,"href":"https:\/\/www.ufsm.br\/outros-sites\/nucleos-de-estudos\/neabi\/wp-json\/wp\/v2\/comments?post=9"}],"version-history":[{"count":0,"href":"https:\/\/www.ufsm.br\/outros-sites\/nucleos-de-estudos\/neabi\/wp-json\/wp\/v2\/pages\/9\/revisions"}],"wp:attachment":[{"href":"https:\/\/www.ufsm.br\/outros-sites\/nucleos-de-estudos\/neabi\/wp-json\/wp\/v2\/media?parent=9"}],"wp:term":[{"taxonomy":"category","embeddable":true,"href":"https:\/\/www.ufsm.br\/outros-sites\/nucleos-de-estudos\/neabi\/wp-json\/wp\/v2\/categories?post=9"},{"taxonomy":"post_tag","embeddable":true,"href":"https:\/\/www.ufsm.br\/outros-sites\/nucleos-de-estudos\/neabi\/wp-json\/wp\/v2\/tags?post=9"}],"curies":[{"name":"wp","href":"https:\/\/api.w.org\/{rel}","templated":true}]}}