{"id":147,"date":"2020-01-23T11:09:20","date_gmt":"2020-01-23T14:09:20","guid":{"rendered":"https:\/\/www.ufsm.br\/pro-reitorias\/prograd\/pet\/agronomia\/?page_id=147"},"modified":"2020-01-23T11:09:42","modified_gmt":"2020-01-23T14:09:42","slug":"como-a-cidade-ve-o-agronegocio","status":"publish","type":"page","link":"https:\/\/www.ufsm.br\/pet\/agronomia\/como-a-cidade-ve-o-agronegocio","title":{"rendered":"Como a cidade v\u00ea o agroneg\u00f3cio?"},"content":{"rendered":"\n<p style=\"text-align: center\"><strong>Pesquisa in\u00e9dita mostra a percep\u00e7\u00e3o do campo por moradores de centros urbanos<\/strong><\/p>\n<p><img decoding=\"async\" class=\"aligncenter\" src=\"https:\/\/www.ufsm.br\/pro-reitorias\/prograd\/pet\/agronomia\/wp-content\/uploads\/sites\/779\/2020\/01\/aereas-lem620.jpg\" \/><\/p>\n<p>A maioria dos brasileiros que vivem nas grandes cidades do pa\u00eds conhecem e t\u00eam orgulho do trabalho realizado pela cadeia que atua nas empresas rurais. Essa \u00e9 uma das conclus\u00f5es obtidas pela\u00a0pesquisa da Plant Project &#8211; Jh\/B2f &#8211; Bridge Research \u2013 intitulada \u201cA percep\u00e7\u00e3o do campo na cidade\u201d, divulgada na quarta-feira, 8 de novembro. O estudo buscou identificar de que forma o meio urbano entende, avalia e sente-se conectado ao agroneg\u00f3cio.<\/p>\n<p>Primeiramente, para que se possa entender melhor o estudo \u00e9 necess\u00e1rio ter clareza no conceito de agroneg\u00f3cio: \u201cUma soma de opera\u00e7\u00f5es envolvidas no processamento e distribui\u00e7\u00e3o de insumos, opera\u00e7\u00f5es de produ\u00e7\u00e3o e armazenamento, processamento e distribui\u00e7\u00e3o dos produtos agr\u00edcolas seja em grandes ou pequenas propriedades\u201d.<\/p>\n<p>\u00a0A pesquisa se deu com pessoas de todas as classes sociais e n\u00edveis de escolaridade, das principais capitais brasileiras. Muitas apresentam uma percep\u00e7\u00e3o positiva do agroneg\u00f3cio, o que abre espa\u00e7o para cria\u00e7\u00e3o de estrat\u00e9gias mais diretas de comunica\u00e7\u00e3o com o consumidor. A primeira grande quest\u00e3o foi \u201cQual seria o seu sentimento caso o Brasil, assumisse internacionalmente sua voca\u00e7\u00e3o de pa\u00eds do agroneg\u00f3cio?\u201d, a resposta dada foi \u201corgulho\u201d, em 96% dos 1022 entrevistados, sendo que grande parte desses (86%) j\u00e1 afirmam ter algum conhecimento sobre o segmento.<\/p>\n<p>Na opini\u00e3o de 61% dos entrevistados a voca\u00e7\u00e3o natural em aspectos gerais do pa\u00eds est\u00e1 em voltada a quest\u00f5es de car\u00e1ter negativo, sobretudo relativos \u00e0 atual conjuntura e ao momento econ\u00f4mico e pol\u00edtico do pa\u00eds (corrup\u00e7\u00e3o, m\u00e1 gest\u00e3o, recess\u00e3o econ\u00f4mica). Outros 31% ressaltaram aspectos positivos, como a voca\u00e7\u00e3o para agricultura, o empreendedorismo comercial, o turismo, abund\u00e2ncia de territ\u00f3rio para cultivo, al\u00e9m de produtividade e exporta\u00e7\u00e3o. A capacidade produtiva, territ\u00f3rio propenso, riquezas naturais e a for\u00e7a econ\u00f4mica s\u00e3o os principais fatores citados pelos entrevistados e que afirmam o Brasil como o pa\u00eds do agroneg\u00f3cio.<\/p>\n<p>Sobre a import\u00e2ncia do agroneg\u00f3cio, 95% consideram que esse setor \u00e9 importante ou extremamente importante para o Brasil. De mesmo modo, 91% entende que o agroneg\u00f3cio brasileiro \u00e9 importante ou extremamente importante para a produ\u00e7\u00e3o de alimentos do mundo e diante da pergunta \u201cVoc\u00ea concorda que o Brasil \u00e9 o Pa\u00eds do agroneg\u00f3cio?\u201d, 89% dos entrevistados concordaram, sendo que a regi\u00e3o norte apresentou 95% de concord\u00e2ncia.<\/p>\n<p>Mas afinal, qual a percep\u00e7\u00e3o da cidade? O agroneg\u00f3cio como o principal\/maior setor da economia brasileira foi apontado por 72% dos entrevistados. \u201cA atividade de produ\u00e7\u00e3o rural no Brasil gera milh\u00f5es de empregos\u201d, afirmaram 63%. \u201cCarreiras e profiss\u00f5es ligadas \u00e0 produ\u00e7\u00e3o agr\u00edcola e \u00e0 pecu\u00e1ria ser\u00e3o cada vez mais importantes para o pa\u00eds\u201d, apresentou 75% de concord\u00e2ncia. \u201cQuando compro um produto, eu associo que \u00e9 oriundo\/proveniente da produ\u00e7\u00e3o agropecu\u00e1ria\u201d foi afirmado em 55% das respostas, demonstrando que esse deve ser um aspecto a ser destacado e mais divulgado aos consumidores. Ali\u00e1s, tudo que est\u00e1 na mesa tem origem do agro, incluindo tamb\u00e9m centenas de outros produtos oriundos do campo.<\/p>\n<p>A agricultura \u00e9 moderna ou arcaica? Nesse quesito os entrevistados t\u00eam uma vis\u00e3o moderna do agroneg\u00f3cio e discordam da afirma\u00e7\u00e3o de que o produtor rural vive afastado da tecnologia. \u201cA atividade de produ\u00e7\u00e3o rural no Brasil \u00e9 moderna e inovadora\u201d foi afirmada em 64% das respostas. \u201cO Brasil utiliza tecnologia de ponta para aprimorar seus processos de produ\u00e7\u00e3o rural e o produtor rural brasileiro \u00e9 uma pessoa atualizada\u201d teve aproximadamente 62% de concord\u00e2ncia. Como afirmada na percep\u00e7\u00e3o dos entrevistados, a agricultura e a pecu\u00e1ria j\u00e1 fazem um uso intenso de tecnologias, frequentemente surgem novas alternativas e solu\u00e7\u00f5es para problemas do campo que envolvem a inform\u00e1tica nas cadeias de produ\u00e7\u00e3o, e os agricultores que n\u00e3o adotam essas ferramentas podem em breve estar fora do cen\u00e1rio produtivo.<\/p>\n<p>\u00a0Por fim, o estudo perguntou aos entrevistados se eles estariam dispostos a votar em um candidato \u00e0 Presid\u00eancia da Rep\u00fablica que tivesse como proposta estabelecer o Brasil como o pa\u00eds do Agroneg\u00f3cio? 73% responderam que provavelmente ou com certeza votariam nesse candidato. E voc\u00ea votaria? Quais as suas percep\u00e7\u00f5es do agroneg\u00f3cio? Voc\u00ea sabia o seu significado?<\/p>\n<p>Texto publicado no Jornal Serrano na\u00a0quinta- feira de\u00a023 de novembro de 2017. Edi\u00e7\u00e3o 655. Pg 12.<\/p>\n<p>Diego Andr\u00e9 Rizzatto<\/p>\n<p>Acad\u00eamico do 8\u00b0 semestre do curso de Agronomia<\/p>\n<p>Universidade Federal de Santa Maria<\/p>\n<p>Bolsista do grupo PET Agronomia<\/p>\n<p>E-mail:\u00a0<a href=\"mailto:diegorizzatto18@hotmail.com\">diegorizzatto18@hotmail.com<\/a><\/p>\n<p>Telefone: (54) 981152908<\/p>\n<p>Foto: Hugo Harada\/Gazeta do Povo<\/p>\n","protected":false},"excerpt":{"rendered":"<p>Pesquisa in\u00e9dita mostra a percep\u00e7\u00e3o do campo por moradores de centros urbanos A maioria dos brasileiros que vivem nas grandes cidades do pa\u00eds conhecem e t\u00eam orgulho do trabalho realizado pela cadeia que atua nas empresas rurais. Essa \u00e9 uma das conclus\u00f5es obtidas pela\u00a0pesquisa da Plant Project &#8211; Jh\/B2f &#8211; Bridge Research \u2013 intitulada \u201cA [&hellip;]<\/p>\n","protected":false},"author":2223,"featured_media":0,"parent":0,"menu_order":0,"comment_status":"closed","ping_status":"closed","template":"","meta":{"footnotes":""},"categories":[],"tags":[],"class_list":["post-147","page","type-page","status-publish","hentry"],"acf":[],"_links":{"self":[{"href":"https:\/\/www.ufsm.br\/pet\/agronomia\/wp-json\/wp\/v2\/pages\/147","targetHints":{"allow":["GET"]}}],"collection":[{"href":"https:\/\/www.ufsm.br\/pet\/agronomia\/wp-json\/wp\/v2\/pages"}],"about":[{"href":"https:\/\/www.ufsm.br\/pet\/agronomia\/wp-json\/wp\/v2\/types\/page"}],"author":[{"embeddable":true,"href":"https:\/\/www.ufsm.br\/pet\/agronomia\/wp-json\/wp\/v2\/users\/2223"}],"replies":[{"embeddable":true,"href":"https:\/\/www.ufsm.br\/pet\/agronomia\/wp-json\/wp\/v2\/comments?post=147"}],"version-history":[{"count":0,"href":"https:\/\/www.ufsm.br\/pet\/agronomia\/wp-json\/wp\/v2\/pages\/147\/revisions"}],"wp:attachment":[{"href":"https:\/\/www.ufsm.br\/pet\/agronomia\/wp-json\/wp\/v2\/media?parent=147"}],"wp:term":[{"taxonomy":"category","embeddable":true,"href":"https:\/\/www.ufsm.br\/pet\/agronomia\/wp-json\/wp\/v2\/categories?post=147"},{"taxonomy":"post_tag","embeddable":true,"href":"https:\/\/www.ufsm.br\/pet\/agronomia\/wp-json\/wp\/v2\/tags?post=147"}],"curies":[{"name":"wp","href":"https:\/\/api.w.org\/{rel}","templated":true}]}}