{"id":26,"date":"2019-05-14T17:03:27","date_gmt":"2019-05-14T20:03:27","guid":{"rendered":"https:\/\/www.ufsm.br\/template-laboratprio\/?page_id=26"},"modified":"2024-05-15T16:09:45","modified_gmt":"2024-05-15T19:09:45","slug":"contato","status":"publish","type":"page","link":"https:\/\/www.ufsm.br\/pet\/agronomia\/contato","title":{"rendered":"Contato"},"content":{"rendered":"\n<div class=\"wp-block-columns col-sm-12 is-layout-flex wp-container-core-columns-is-layout-9d6595d7 wp-block-columns-is-layout-flex\">\n<div class=\"wp-block-column is-layout-flow wp-block-column-is-layout-flow\">\n<p><strong>Endere\u00e7o<\/strong><br \/>Av. Roraima n\u00ba 1000, Cidade Universit\u00e1ria.<br \/>Bairro Camobi, Santa Maria- RS<br \/>CEP: 97105-900<br \/>Sala do grupo: 5263 &#8211; 2\u00ba andar do Pr\u00e9dio 44 no Centro de Ci\u00eancias Rurais &#8211; CCR.\u00a0<\/p>\n<p><strong>E-mail: <\/strong><a href=\"mailto:petagronomia@ufsm.br\">petagronomia@ufsm.br<\/a><\/p>\n<p><strong>Facebook:<\/strong>\u00a0PET-Agronomia UFSM<\/p>\n<p><strong>Instagram:\u00a0<\/strong><a href=\"https:\/\/www.instagram.com\/petagronomiaufsm\/?hl=pt-br\">@petagronomiaufsm<\/a><\/p>\n<p><strong>Professor Tutor:<br \/><\/strong>F\u00e1bio Joel Kochem Mallmann<br \/>E-mail: <a href=\"mailto:fabiojkmallmann@yahoo.com.br\" target=\"_blank\" rel=\"noopener\">fabiojkmallmann@yahoo.com.br<\/a><\/p>\n<p><strong>Respons\u00e1vel pela manuten\u00e7\u00e3o do site:<\/strong><\/p>\n<p>Gustavo Pires Luft<br \/>E-mail:\u00a0<a href=\"mailto:gustavoluft00@gmail.com\">gustavoluft00@gmail.com<\/a><\/p>\n<\/div>\n\n\n\n<div class=\"wp-block-column is-layout-flow wp-block-column-is-layout-flow\">\n<iframe src=\"https:\/\/www.google.com\/maps\/embed?pb=!1m18!1m12!1m3!1d3465.0503439375643!2d-53.7187719842934!3d-29.71830092314501!2m3!1f0!2f0!3f0!3m2!1i1024!2i768!4f13.1!3m3!1m2!1s0x0%3A0x0!2zMjnCsDQzJzA1LjkiUyA1M8KwNDInNTkuNyJX!5e0!3m2!1spt-BR!2sbr!4v1471014458070\" width=\"456\" height=\"342\" frameborder=\"0\" allowfullscreen=\"allowfullscreen\"><\/iframe>\n<\/div>\n<\/div>\n\n\n","protected":false},"excerpt":{"rendered":"<p>Endere\u00e7oAv. Roraima n\u00ba 1000, Cidade Universit\u00e1ria.Bairro Camobi, Santa Maria- RSCEP: 97105-900Sala do grupo: 5263 &#8211; 2\u00ba andar do Pr\u00e9dio 44 no Centro de Ci\u00eancias Rurais &#8211; CCR.\u00a0 E-mail: petagronomia@ufsm.br Facebook:\u00a0PET-Agronomia UFSM Instagram:\u00a0@petagronomiaufsm Professor Tutor:F\u00e1bio Joel Kochem MallmannE-mail: fabiojkmallmann@yahoo.com.br Respons\u00e1vel pela manuten\u00e7\u00e3o do site: Gustavo Pires LuftE-mail:\u00a0gustavoluft00@gmail.com<\/p>\n","protected":false},"author":124,"featured_media":0,"parent":0,"menu_order":0,"comment_status":"closed","ping_status":"closed","template":"","meta":{"footnotes":""},"categories":[],"tags":[],"class_list":["post-26","page","type-page","status-publish","hentry"],"acf":[],"_links":{"self":[{"href":"https:\/\/www.ufsm.br\/pet\/agronomia\/wp-json\/wp\/v2\/pages\/26","targetHints":{"allow":["GET"]}}],"collection":[{"href":"https:\/\/www.ufsm.br\/pet\/agronomia\/wp-json\/wp\/v2\/pages"}],"about":[{"href":"https:\/\/www.ufsm.br\/pet\/agronomia\/wp-json\/wp\/v2\/types\/page"}],"author":[{"embeddable":true,"href":"https:\/\/www.ufsm.br\/pet\/agronomia\/wp-json\/wp\/v2\/users\/124"}],"replies":[{"embeddable":true,"href":"https:\/\/www.ufsm.br\/pet\/agronomia\/wp-json\/wp\/v2\/comments?post=26"}],"version-history":[{"count":0,"href":"https:\/\/www.ufsm.br\/pet\/agronomia\/wp-json\/wp\/v2\/pages\/26\/revisions"}],"wp:attachment":[{"href":"https:\/\/www.ufsm.br\/pet\/agronomia\/wp-json\/wp\/v2\/media?parent=26"}],"wp:term":[{"taxonomy":"category","embeddable":true,"href":"https:\/\/www.ufsm.br\/pet\/agronomia\/wp-json\/wp\/v2\/categories?post=26"},{"taxonomy":"post_tag","embeddable":true,"href":"https:\/\/www.ufsm.br\/pet\/agronomia\/wp-json\/wp\/v2\/tags?post=26"}],"curies":[{"name":"wp","href":"https:\/\/api.w.org\/{rel}","templated":true}]}}