{"id":33,"date":"2019-05-24T15:38:58","date_gmt":"2019-05-24T18:38:58","guid":{"rendered":"https:\/\/www.ufsm.br\/template-laboratprio\/?page_id=33"},"modified":"2020-01-23T11:34:52","modified_gmt":"2020-01-23T14:34:52","slug":"producao-cientifica","status":"publish","type":"page","link":"https:\/\/www.ufsm.br\/pet\/agronomia\/producao-cientifica","title":{"rendered":"Produ\u00e7\u00e3o Cient\u00edfica"},"content":{"rendered":"\n<h2>Textos<\/h2>\n<ul>\n<li><a class=\"fc_title\" href=\"https:\/\/www.ufsm.br\/pro-reitorias\/prograd\/pet\/agronomia\/alternativas-para-o-controle-organico-de-mildio-na-uva\/\">Alternativas para o Controle Org\u00e2nico de M\u00edldio na Uva<\/a><\/li>\n<\/ul>\n<p>\u00a0 O M\u00edldio \u00e9 uma doen\u00e7a f\u00fangica que pode infectar todos os \u00f3rg\u00e3os vegetativos e reprodutivos da Videira. A doen\u00e7a tem suas condi\u00e7\u00f5es \u00f3timas de desenvolvimento quando a temperatura encontra-se entre 18\u00baC a 25\u00baC e precisa de um per\u00edodo de molhamento&#8230;<\/p>\n<ul>\n<li><a class=\"fc_title\" href=\"https:\/\/www.ufsm.br\/pro-reitorias\/prograd\/pet\/agronomia\/a-fertilidade-do-solo-na-cultura-da-melancia\/\">A fertilidade do solo na cultura da melancia<\/a><\/li>\n<\/ul>\n<p>\u00a0Para a cultura da melancia apresentar um bom desenvolvimento e expressar suas caracter\u00edsticas varietais e seu potencial produtivo, as t\u00e9cnicas de preparar adequadamente o solo de modo a atender as&#8230;<\/p>\n<ul>\n<li><a class=\"fc_title\" href=\"https:\/\/www.ufsm.br\/pro-reitorias\/prograd\/pet\/agronomia\/a-olericultura-como-alternativa-de-diversificacao-e-fonte-de-renda\/\">A Olericultura como alternativa de diversifica\u00e7\u00e3o e fonte de renda<\/a><\/li>\n<\/ul>\n<p>A Olericultura \u00e9 um dos ramos da horticultura que trata da produ\u00e7\u00e3o e explora\u00e7\u00e3o de oler\u00e1ceas e\/ou hortali\u00e7as, por exemplo, alface, cenoura, chuchu, repolho, tomate, couve,&#8230;<\/p>\n<ul>\n<li><a class=\"fc_title\" href=\"https:\/\/www.ufsm.br\/pro-reitorias\/prograd\/pet\/agronomia\/a-revolucao-no-agronegocio-com-a-chegada-das-startups\/\">A revolu\u00e7\u00e3o no agroneg\u00f3cio com a chegada das Startups<\/a><\/li>\n<\/ul>\n<p>Voc\u00ea sabe o que s\u00e3o Startups? N\u00e3o? Ent\u00e3o leia o texto a seguir! \u00a0 \u00a0 \u201c<em>Startup<\/em>\u201d \u00e9 o ato de come\u00e7ar algo, termo normalmente relacionado a\u00a0companhias e empresas que est\u00e3o no in\u00edcio de suas atividades&#8230;.<\/p>\n<ul>\n<li><a class=\"fc_title\" href=\"https:\/\/www.ufsm.br\/pro-reitorias\/prograd\/pet\/agronomia\/aplicacao-de-fosforo-linha-de-semeadura-ou-a-lanco\/\">Aplicac\u00e3o de f\u00f3sforo: linha de semeadura ou a lan\u00e7o<\/a><\/li>\n<\/ul>\n<p>\u00a0\u00c0s v\u00e9speras do in\u00edcio da semeadura da soja no estado do Rio Grande do Sul, v\u00e1rias d\u00favidas surgem quanto ao manejo que ser\u00e1 adotado nessas \u00e1reas, especialmente no que diz respeito a aplica\u00e7\u00e3o de&#8230;<\/p>\n<ul>\n<li><a class=\"fc_title\" href=\"https:\/\/www.ufsm.br\/pro-reitorias\/prograd\/pet\/agronomia\/bombeie-agua-sem-utilizar-energia-eletrica\/\">Bombeie \u00e1gua sem utilizar energia el\u00e9trica<\/a><\/li>\n<\/ul>\n<p>A disponibilidade de \u00e1gua \u00e9 um dos fatores mais limitantes na obten\u00e7\u00e3o de altas produ\u00e7\u00f5es agr\u00edcolas. Por vezes, na propriedade existe uma fonte de \u00e1gua, contudo, esta localiza-se em locais distantes da&#8230;<\/p>\n<ul>\n<li><a class=\"fc_title\" href=\"https:\/\/www.ufsm.br\/pro-reitorias\/prograd\/pet\/agronomia\/como-a-cidade-ve-o-agronegocio\/\">Como a cidade v\u00ea o agroneg\u00f3cio?<\/a><\/li>\n<\/ul>\n<p>\u00a0A maioria dos brasileiros que vivem nas grandes cidades do pa\u00eds conhecem e t\u00eam orgulho do trabalho realizado pela cadeia que atua nas&#8230;<\/p>\n<ul>\n<li><a class=\"fc_title\" href=\"https:\/\/www.ufsm.br\/pro-reitorias\/prograd\/pet\/agronomia\/compliance-sua-relacao-com-o-agronegocio-e-o-programa-de-integridade-agro\/\">Compliance &#8211; sua rela\u00e7\u00e3o com o agroneg\u00f3cio e o Programa de Integridade Agro<\/a><\/li>\n<\/ul>\n<p>O termo \u201ccompliance\u201d tem origem no verbo\u00a0 ingl\u00eas\u00a0 \u201c<em>to\u00a0 comply<\/em>\u201d,\u00a0 que\u00a0 significa\u00a0 concordar, executar, cumprir, adequar-se, satisfazer o que lhe foi imposto. Nada mais \u00e9 do que o&#8230;<\/p>\n<ul>\n<li><a class=\"fc_title\" href=\"https:\/\/www.ufsm.br\/pro-reitorias\/prograd\/pet\/agronomia\/descarte-correto-das-embalagens-de-agrotoxicos\/\">Descarte correto das embalagens de Agrot\u00f3xicos<\/a><\/li>\n<\/ul>\n<p>Nos \u00faltimos anos, quest\u00f5es ambientais v\u00eam ganhando cada vez mais for\u00e7a no que diz respeito \u00e0 conserva\u00e7\u00e3o e preserva\u00e7\u00e3o da natureza. Em rela\u00e7\u00e3o \u00e0 agricultura, muitas atividades e manejos empregados&#8230;<\/p>\n<ul>\n<li><a class=\"fc_title\" href=\"https:\/\/www.ufsm.br\/pro-reitorias\/prograd\/pet\/agronomia\/determinacao-de-zonas-de-manejo-na-cultura-da-soja\/\">Determina\u00e7\u00e3o de zonas de manejo na cultura da soja<\/a><\/li>\n<\/ul>\n<p>Determina\u00e7\u00e3o de zonas de manejo na cultura da soja\u00a0 A cultura da soja, importante commodity agr\u00edcola, vem sendo cultivada por produtores cada vez mais tecnificados. A obten\u00e7\u00e3o de dados mais detalhados das \u00e1reas de cultivo est\u00e1 exigindo maior&#8230;<\/p>\n<p>\u00a0<\/p>\n<h2>O Batata<\/h2>\n<p><a href=\"https:\/\/www.ufsm.br\/pro-reitorias\/prograd\/pet\/agronomia\/wp-content\/uploads\/sites\/779\/2020\/01\/BATATA-Dez-2017.pdf\" target=\"_blank\" rel=\"noopener noreferrer\">\u2192 O Batata Ed. 58 \u2013 Dezembro de 2017<\/a><\/p>\n<p><a href=\"https:\/\/www.ufsm.br\/pro-reitorias\/prograd\/pet\/agronomia\/wp-content\/uploads\/sites\/779\/2020\/01\/o-batata-2_2017.pdf\" target=\"_blank\" rel=\"noopener noreferrer\">\u2192 O Batata Ed. 57 \u2013 Julho de 2017<\/a><\/p>\n<p><a href=\"https:\/\/www.ufsm.br\/pro-reitorias\/prograd\/pet\/agronomia\/wp-content\/uploads\/sites\/779\/2020\/01\/O-Batata-Ed.-56-Maio-de-2017.pdf\" target=\"_blank\" rel=\"noopener noreferrer\">\u2192\u00a0O Batata Ed. 56 \u2013 Maio de 2017<\/a><\/p>\n<p><a href=\"https:\/\/www.ufsm.br\/pro-reitorias\/prograd\/pet\/agronomia\/wp-content\/uploads\/sites\/779\/2020\/01\/O_Batata_Ed._55__Agosto_de_2016.pdf\" target=\"_blank\" rel=\"noopener noreferrer\">\u2192\u00a0O Batata Ed. 55 \u2013 Agosto de 2016<\/a><\/p>\n<p><a href=\"https:\/\/www.ufsm.br\/pro-reitorias\/prograd\/pet\/agronomia\/wp-content\/uploads\/sites\/779\/2020\/01\/O_Batata_Ed._54_-_Mar\u00e7o_de_2016.pdf\" target=\"_blank\" rel=\"noopener noreferrer\">\u2192\u00a0O Batata Ed. 54 &#8211; Mar\u00e7o de 2016<\/a><\/p>\n<p><a href=\"https:\/\/www.ufsm.br\/pro-reitorias\/prograd\/pet\/agronomia\/wp-content\/uploads\/sites\/779\/2020\/01\/O_Batata_Ed._53_-_Outubro_de_2015.pdf\" target=\"_blank\" rel=\"noopener noreferrer\">\u2192\u00a0O Batata Ed. 53 &#8211; Outubro de 2015<\/a><\/p>\n","protected":false},"excerpt":{"rendered":"<p>Textos Alternativas para o Controle Org\u00e2nico de M\u00edldio na Uva \u00a0 O M\u00edldio \u00e9 uma doen\u00e7a f\u00fangica que pode infectar todos os \u00f3rg\u00e3os vegetativos e reprodutivos da Videira. A doen\u00e7a tem suas condi\u00e7\u00f5es \u00f3timas de desenvolvimento quando a temperatura encontra-se entre 18\u00baC a 25\u00baC e precisa de um per\u00edodo de molhamento&#8230; A fertilidade do solo [&hellip;]<\/p>\n","protected":false},"author":25,"featured_media":0,"parent":0,"menu_order":0,"comment_status":"closed","ping_status":"closed","template":"","meta":{"footnotes":""},"categories":[],"tags":[],"class_list":["post-33","page","type-page","status-publish","hentry"],"acf":[],"_links":{"self":[{"href":"https:\/\/www.ufsm.br\/pet\/agronomia\/wp-json\/wp\/v2\/pages\/33","targetHints":{"allow":["GET"]}}],"collection":[{"href":"https:\/\/www.ufsm.br\/pet\/agronomia\/wp-json\/wp\/v2\/pages"}],"about":[{"href":"https:\/\/www.ufsm.br\/pet\/agronomia\/wp-json\/wp\/v2\/types\/page"}],"author":[{"embeddable":true,"href":"https:\/\/www.ufsm.br\/pet\/agronomia\/wp-json\/wp\/v2\/users\/25"}],"replies":[{"embeddable":true,"href":"https:\/\/www.ufsm.br\/pet\/agronomia\/wp-json\/wp\/v2\/comments?post=33"}],"version-history":[{"count":0,"href":"https:\/\/www.ufsm.br\/pet\/agronomia\/wp-json\/wp\/v2\/pages\/33\/revisions"}],"wp:attachment":[{"href":"https:\/\/www.ufsm.br\/pet\/agronomia\/wp-json\/wp\/v2\/media?parent=33"}],"wp:term":[{"taxonomy":"category","embeddable":true,"href":"https:\/\/www.ufsm.br\/pet\/agronomia\/wp-json\/wp\/v2\/categories?post=33"},{"taxonomy":"post_tag","embeddable":true,"href":"https:\/\/www.ufsm.br\/pet\/agronomia\/wp-json\/wp\/v2\/tags?post=33"}],"curies":[{"name":"wp","href":"https:\/\/api.w.org\/{rel}","templated":true}]}}