{"id":43,"date":"2020-01-07T10:36:12","date_gmt":"2020-01-07T13:36:12","guid":{"rendered":"https:\/\/www.ufsm.br\/pro-reitorias\/prograd\/pet\/petagronomia\/?page_id=43"},"modified":"2020-01-23T10:27:37","modified_gmt":"2020-01-23T13:27:37","slug":"atividades","status":"publish","type":"page","link":"https:\/\/www.ufsm.br\/pet\/agronomia\/atividades","title":{"rendered":"Atividades"},"content":{"rendered":"\t\t<div data-elementor-type=\"wp-page\" data-elementor-id=\"43\" class=\"elementor elementor-43\">\n\t\t\t\t\t\t<section class=\"elementor-section elementor-top-section elementor-element elementor-element-09854c7 elementor-section-boxed elementor-section-height-default elementor-section-height-default\" data-id=\"09854c7\" data-element_type=\"section\">\n\t\t\t\t\t\t<div class=\"elementor-container elementor-column-gap-default\">\n\t\t\t\t\t<div class=\"elementor-column elementor-col-100 elementor-top-column elementor-element elementor-element-33e68c9\" data-id=\"33e68c9\" data-element_type=\"column\">\n\t\t\t<div class=\"elementor-widget-wrap elementor-element-populated\">\n\t\t\t\t\t\t<div class=\"elementor-element elementor-element-abdb952 elementor-widget elementor-widget-toggle\" data-id=\"abdb952\" data-element_type=\"widget\" data-widget_type=\"toggle.default\">\n\t\t\t\t<div class=\"elementor-widget-container\">\n\t\t\t\t\t<div class=\"elementor-toggle\">\n\t\t\t\t\t\t\t<div class=\"elementor-toggle-item\">\n\t\t\t\t\t<div id=\"elementor-tab-title-1801\" class=\"elementor-tab-title\" data-tab=\"1\" role=\"button\" aria-controls=\"elementor-tab-content-1801\" aria-expanded=\"false\">\n\t\t\t\t\t\t\t\t\t\t\t\t<span class=\"elementor-toggle-icon elementor-toggle-icon-left\" aria-hidden=\"true\">\n\t\t\t\t\t\t\t\t\t\t\t\t\t\t\t<span class=\"elementor-toggle-icon-closed\"><i class=\"fas fa-caret-right\"><\/i><\/span>\n\t\t\t\t\t\t\t\t<span class=\"elementor-toggle-icon-opened\"><i class=\"elementor-toggle-icon-opened fas fa-caret-up\"><\/i><\/span>\n\t\t\t\t\t\t\t\t\t\t\t\t\t<\/span>\n\t\t\t\t\t\t\t\t\t\t\t\t<a class=\"elementor-toggle-title\" tabindex=\"0\">Ensino<\/a>\n\t\t\t\t\t<\/div>\n\n\t\t\t\t\t<div id=\"elementor-tab-content-1801\" class=\"elementor-tab-content elementor-clearfix\" data-tab=\"1\" role=\"region\" aria-labelledby=\"elementor-tab-title-1801\"><p><strong>&#8211; Simp\u00f3sios de Atualiza\u00e7\u00e3o em Grandes Culturas:<\/strong>\u00a0Essa atividade \u00e9 realizada uma vez a cada ano, nas depend\u00eancias do Centro de Ci\u00eancias Rurais da UFSM e a cada edi\u00e7\u00e3o uma cultura \u00e9 contemplada, respeitando um ciclo de culturas, sendo elas: soja, milho, cereais de inverno e arroz, respectivamente, onde profissionais atuantes na \u00e1rea abordam diversos temas como fertilidade, manejo de doen\u00e7as, plantas daninhas e pragas, colheita, entre outros. A realiza\u00e7\u00e3o \u00e9 durante tr\u00eas dias no turno da noite para que haja maior ades\u00e3o por parte dos estudantes, produtores e profissionais.<\/p><p><strong>&#8211; Curso de Apresenta\u00e7\u00e3o Oral de Trabalhos Acad\u00eamicos (CAOTA):<\/strong>\u00a0O curso \u00e9 ministrado uma vez por ano pelos integrantes do grupo para a comunidade acad\u00eamica, durante tr\u00eas noites, abordando temas que tratam aspectos relacionados \u00e0 organiza\u00e7\u00e3o da apresenta\u00e7\u00e3o, bem como da postura frente ao p\u00fablico nas diversas situa\u00e7\u00f5es em que um acad\u00eamico \u00e9 submetido durante a gradua\u00e7\u00e3o. No final do curso os participantes fazem uma apresenta\u00e7\u00e3o de algum tema escolhido por eles, onde s\u00e3o avaliados mediante sugest\u00f5es dos integrantes do grupo PET Agronomia.<\/p><table style=\"border-collapse: collapse;width: 100%\"><tbody><tr><td style=\"width: 50%\"><img decoding=\"async\" src=\"https:\/\/www.ufsm.br\/pro-reitorias\/prograd\/pet\/agronomia\/wp-content\/uploads\/sites\/779\/2020\/01\/image13.jpg\" \/><\/td><td style=\"width: 50%\"><img decoding=\"async\" src=\"https:\/\/www.ufsm.br\/pro-reitorias\/prograd\/pet\/agronomia\/wp-content\/uploads\/sites\/779\/2020\/01\/image12.jpg\" \/><\/td><\/tr><\/tbody><\/table><p><strong>&#8211; Semin\u00e1rios:<\/strong>\u00a0Essa atividade consiste na apresenta\u00e7\u00e3o de semin\u00e1rios de diversos temas da \u00e1rea de atua\u00e7\u00e3o do (a) Engenheiro Agr\u00f4nomo, com dura\u00e7\u00e3o de aproximadamente 30 minutos, pelos bolsistas PET para o grupo e demais interessados, sendo um ou dois a cada m\u00eas. Os semin\u00e1rios cumprem uma das propostas do programa, que prepara os membros do grupo para apresenta\u00e7\u00f5es tanto em sala de aula quanto em situa\u00e7\u00f5es fora da Universidade, aliado ao objetivo de levar conhecimentos \u00fateis aos demais acad\u00eamicos do Curso.\u00a0<\/p><p>\u00a0<\/p><table style=\"border-collapse: collapse;width: 100%\"><tbody><tr><td style=\"width: 33.3333%\"><img decoding=\"async\" class=\"alignnone\" src=\"https:\/\/www.ufsm.br\/pro-reitorias\/prograd\/pet\/agronomia\/wp-content\/uploads\/sites\/779\/2020\/01\/image16.jpg\" width=\"248\" height=\"186\" \/><\/td><td style=\"width: 33.3333%\"><img decoding=\"async\" src=\"https:\/\/www.ufsm.br\/pro-reitorias\/prograd\/pet\/agronomia\/wp-content\/uploads\/sites\/779\/2020\/01\/image15.jpg\" \/><\/td><td style=\"width: 33.3333%\"><img decoding=\"async\" src=\"https:\/\/www.ufsm.br\/pro-reitorias\/prograd\/pet\/agronomia\/wp-content\/uploads\/sites\/779\/2020\/01\/image17.jpg\" \/><\/td><\/tr><\/tbody><\/table><p>\u00a0<\/p><p><strong>-Minicursos\/Cursos:<\/strong>\u00a0S\u00e3o ofertados a toda comunidade acad\u00eamica e aos integrantes do grupo PET, minicursos que abordam diversos assuntos que acrescentem e ampliem as habilidades profissional de um (a) Engenheiro Agr\u00f4nomo como, por exemplo, Regulagem de Colhedora, Programas Estat\u00edsticos, Regulagem de pulverizadores, Excel, Negocia\u00e7\u00f5es e vendas, dentre outros, todos abordando principalmente aspectos pr\u00e1ticos do assunto. A fun\u00e7\u00e3o do grupo nesta atividade \u00e9 organizar o espa\u00e7o, a infraestrutura e buscar pessoas com compet\u00eancia e experi\u00eancia na \u00e1rea que possam ministrar esses cursos.<\/p><table style=\"border-collapse: collapse;width: 100%\"><tbody><tr><td style=\"width: 50%\"><img decoding=\"async\" src=\"https:\/\/www.ufsm.br\/pro-reitorias\/prograd\/pet\/agronomia\/wp-content\/uploads\/sites\/779\/2020\/01\/image19.jpg\" \/><\/td><td style=\"width: 50%\"><img decoding=\"async\" src=\"https:\/\/www.ufsm.br\/pro-reitorias\/prograd\/pet\/agronomia\/wp-content\/uploads\/sites\/779\/2020\/01\/image18.jpg\" \/><\/td><\/tr><\/tbody><\/table><p>\u00a0<\/p><p><strong>\u00a0Discuss\u00e3o Tem\u00e1tica:<\/strong>\u00a0Esse espa\u00e7o de discuss\u00e3o e realizado preferencialmente na segunda semana de cada m\u00eas, com um tema de relev\u00e2ncia sugerido por dois integrantes do grupo, onde estes enviam por e-mail um tema e cada integrante procura buscar informa\u00e7\u00f5es que acrescentam pontos para discuss\u00e3o com o grupo, onde cada um exp\u00f5e seus argumentos e pontos de vista em rela\u00e7\u00e3o ao referido tema. Esta discuss\u00e3o \u00e9 realizada em reuni\u00e3o e se estende por aproximadamente uma hora.<\/p><p><strong>&#8211; Curso dos Novos:<\/strong>\u00a0Este curso \u00e9 ministrado por integrantes mais antigos do grupo para os novos integrantes do PET, a cada nova sele\u00e7\u00e3o, com uma carga hor\u00e1ria de 4 horas. Em uma breve apresenta\u00e7\u00e3o s\u00e3o explanados t\u00f3picos referentes ao Programa de Educa\u00e7\u00e3o Tutorial, bem como as atividades desenvolvidas. No final da atividade os participantes fazem sua avalia\u00e7\u00e3o e falam de suas perspectivas no grupo.<\/p><p><strong>&#8211; Viagem de Estudos:\u00a0<\/strong>Tendo em vista que durante a gradua\u00e7\u00e3o permanecemos a maior parte do tempo dentro da sala de aula, as viagens de estudo s\u00e3o uma maneira de aprender com a viv\u00eancia. Realizar visitas a outros locais nos proporcionar\u00e1 a oportunidade de obter experi\u00eancias e informa\u00e7\u00f5es novas, observar realidades diferentes e consequentemente somar ao nosso desenvolvimento acad\u00eamico. Os objetivos s\u00e3o de buscar conhecimento em diversas \u00e1reas do curso e\/ou conhecer ou ampliar conhecimento sobre sistemas de cultivo. Al\u00e9m disto, \u00e9 uma oportunidade de entrarmos em contato e firmar parcerias com outras entidades\/profissionais e ver a aplica\u00e7\u00e3o de certos temas abordados na gradua\u00e7\u00e3o em pr\u00e1ticas de campo. Por fim, estas viagens tamb\u00e9m s\u00e3o espa\u00e7os de integra\u00e7\u00e3o entre o grupo.<\/p><\/div>\n\t\t\t\t<\/div>\n\t\t\t\t\t\t\t<div class=\"elementor-toggle-item\">\n\t\t\t\t\t<div id=\"elementor-tab-title-1802\" class=\"elementor-tab-title\" data-tab=\"2\" role=\"button\" aria-controls=\"elementor-tab-content-1802\" aria-expanded=\"false\">\n\t\t\t\t\t\t\t\t\t\t\t\t<span class=\"elementor-toggle-icon elementor-toggle-icon-left\" aria-hidden=\"true\">\n\t\t\t\t\t\t\t\t\t\t\t\t\t\t\t<span class=\"elementor-toggle-icon-closed\"><i class=\"fas fa-caret-right\"><\/i><\/span>\n\t\t\t\t\t\t\t\t<span class=\"elementor-toggle-icon-opened\"><i class=\"elementor-toggle-icon-opened fas fa-caret-up\"><\/i><\/span>\n\t\t\t\t\t\t\t\t\t\t\t\t\t<\/span>\n\t\t\t\t\t\t\t\t\t\t\t\t<a class=\"elementor-toggle-title\" tabindex=\"0\">Pesquisa<\/a>\n\t\t\t\t\t<\/div>\n\n\t\t\t\t\t<div id=\"elementor-tab-content-1802\" class=\"elementor-tab-content elementor-clearfix\" data-tab=\"2\" role=\"region\" aria-labelledby=\"elementor-tab-title-1802\"><p><strong>&#8211; Pesquisa Agron\u00f4mica:\u00a0<\/strong>Al\u00e9m da atividade de pesquisa individual, onde os petianos dever\u00e3o realizar sua inicia\u00e7\u00e3o cient\u00edfica dentro de um grupo de pesquisa da institui\u00e7\u00e3o, o Grupo PET Agronomia prop\u00f5e a realiza\u00e7\u00e3o de trabalhos de pesquisa coletiva. Para viabilizar esses trabalhos, o Grupo foi dividido em quatro grupos de interesse, os quais dever\u00e3o propor e desenvolver uma pesquisa coletiva. Esta atividade vai fortalecer o v\u00ednculo entre os petianos e o seu desenvolvimento cient\u00edfico. O Objetivo dessa atividade \u00e9 inserir integrantes do Grupo PET Agronomia nas atividades de inicia\u00e7\u00e3o cient\u00edfica, incentivando-os a buscar o conhecimento nas \u00e1reas de fertilidade do solo e nutri\u00e7\u00e3o de plantas, fitopatologia, mercados e pre\u00e7os e fisiologia vegetal, de forma integrada com outras \u00e1reas do Curso. Desenvolver a interpreta\u00e7\u00e3o de textos e escrita cient\u00edfica.<\/p><p><strong>&#8211; Pesquisa Individual:<\/strong>\u00a0Cada integrante do grupo, al\u00e9m de desenvolver as atividades em comum, propostas no Programa de Educa\u00e7\u00e3o Tutorial (PET), desenvolve paralelamente atividades de pesquisa individual em diferentes laborat\u00f3rios e projetos (Fitotecnia, Defesa Fitossanit\u00e1ria, Biologia, Extens\u00e3o Rural, Solos e Engenharia Agr\u00edcola) em que est\u00e3o inseridos, essas atividades s\u00e3o de cunho volunt\u00e1rio.<\/p><p><strong>&#8211; Pesquisa UFSM Vai \u00e0 Escola:<\/strong>\u00a0Durante a atividade de Extens\u00e3o UFSM Vai \u00e0 Escola, s\u00e3o aplicados question\u00e1rios aos alunos das escolas visitadas, esses question\u00e1rios buscam averiguar o grau de conhecimento dos mesmos ao tratar-se de ensino superior p\u00fablico, principalmente da UFSM, como as maneiras de ingresso, seus direitos e deveres estudantis. Al\u00e9m disso, tamb\u00e9m procura-se entender as predominantes adversidades que os estudantes t\u00eam para ingressar na universidade. Os dados obtidos s\u00e3o tabulados e \u00e9 feito um resumo que \u00e9 apresentado para a comunidade, na Jornada Acad\u00eamica Integrada (JAI), por exemplo.<\/p><p><strong>&#8211; Pesquisa de interdisciplinariedade no projeto pedag\u00f3gico do curso de agronomia (PPC):\u00a0<\/strong>Realizar a\u00e7\u00f5es\/atividades que permitam inserir no PPC do Curso de Agronomia aspectos interdisciplinares, de forma a tornar o PPC mais din\u00e2mico e coerente com as demandas profissionais atuais. Esta atividade ser\u00e1 desenvolvida em parceria com o N\u00facleo Docente Estruturante (NDE), Coordena\u00e7\u00e3o do Curso de Agronomia da UFSM, Colegiado do Curso de Agronomia, Diret\u00f3rio Acad\u00eamico e Departamentos relacionados ao curso. Seus objetivos s\u00e3o de contribuir para o progresso e constru\u00e7\u00e3o de uma nova proposta pedag\u00f3gica para o Curso de Agronomia.<\/p><p><strong>&#8211; Pesquisa de Egressos do PET Agronomia:\u00a0<\/strong>Visa realizar pesquisa sobre a contribui\u00e7\u00e3o do PET Agronomia aos seus egressos, de forma a contabilizar a realidade dos egressos do grupo e conhecer a import\u00e2ncia da experi\u00eancia PET na sua vida profissional. Seus objetivos s\u00e3o de conhecer a contribui\u00e7\u00e3o do PET Agronomia, durante seus 25 anos de atua\u00e7\u00e3o, na forma\u00e7\u00e3o profissional dos egressos. A realiza\u00e7\u00e3o da atividade\u00a0se dar\u00e1 por meio de pesquisa de levantamento de dados com os egressos do PET Agronomia da UFSM. Question\u00e1rios e depoimentos ser\u00e3o coletados de um publico aleat\u00f3rio significativo. Os resultados ser\u00e3o divulgados na forma de semin\u00e1rios e publica\u00e7\u00f5es de resumos.<\/p><\/div>\n\t\t\t\t<\/div>\n\t\t\t\t\t\t\t<div class=\"elementor-toggle-item\">\n\t\t\t\t\t<div id=\"elementor-tab-title-1803\" class=\"elementor-tab-title\" data-tab=\"3\" role=\"button\" aria-controls=\"elementor-tab-content-1803\" aria-expanded=\"false\">\n\t\t\t\t\t\t\t\t\t\t\t\t<span class=\"elementor-toggle-icon elementor-toggle-icon-left\" aria-hidden=\"true\">\n\t\t\t\t\t\t\t\t\t\t\t\t\t\t\t<span class=\"elementor-toggle-icon-closed\"><i class=\"fas fa-caret-right\"><\/i><\/span>\n\t\t\t\t\t\t\t\t<span class=\"elementor-toggle-icon-opened\"><i class=\"elementor-toggle-icon-opened fas fa-caret-up\"><\/i><\/span>\n\t\t\t\t\t\t\t\t\t\t\t\t\t<\/span>\n\t\t\t\t\t\t\t\t\t\t\t\t<a class=\"elementor-toggle-title\" tabindex=\"0\">Extens\u00e3o<\/a>\n\t\t\t\t\t<\/div>\n\n\t\t\t\t\t<div id=\"elementor-tab-content-1803\" class=\"elementor-tab-content elementor-clearfix\" data-tab=\"3\" role=\"region\" aria-labelledby=\"elementor-tab-title-1803\"><p><strong>&#8211; Projeto Agricultura Urbana Semeando Cidadania:<\/strong>\u00a0O projeto Agricultura Urbana: semeando cidadania tem o prop\u00f3sito de realizar atividades com vi\u00e9s de Educa\u00e7\u00e3o Socioambiental que contribuam para a sensibiliza\u00e7\u00e3o dos educandos e educadores de escolas p\u00fablicas em prol do compromisso social que se tem para com o meio ambiente e a sociedade. Neste sentido, prop\u00f5em-se atividades com diferentes temas, como por exemplo, o cooperativismo, a produ\u00e7\u00e3o de produtos org\u00e2nicos na escola, o processo de reciclagem e o entendimento sobre solos (urbanos, conserva\u00e7\u00e3o, etc.). O grupo PET Agronomia compreende que \u00e9 importante a realiza\u00e7\u00e3o de pr\u00e1ticas escolares para a obten\u00e7\u00e3o de informa\u00e7\u00f5es e conhecimentos que ir\u00e3o contribuir na forma\u00e7\u00e3o pessoal e profissional de cada um dos agentes envolvidos. Enaltecendo a import\u00e2ncia do comprometimento enquanto cidad\u00e3os perante o seu pr\u00f3prio futuro, desenvolvendo pequenas, m\u00e9dias e grandes a\u00e7\u00f5es colaborativas em prol de um bem comum, a preserva\u00e7\u00e3o e o cuidado para com os recursos naturais, o cultivo de alimentos org\u00e2nicos de forma mais sustent\u00e1vel, a import\u00e2ncia da realiza\u00e7\u00e3o da separa\u00e7\u00e3o dos res\u00edduos secos e org\u00e2nicos, dentre tantos outros aspectos.<\/p><p>Tem por Objetivo proporcionar informa\u00e7\u00f5es e conhecimentos que contribuir\u00e3o para o processo formativo dos alunos e professores participantes. Promover o entendimento de alguns conceitos, concep\u00e7\u00f5es, processos, fen\u00f4menos, dentre outros. Estimular o desenvolvimento de habilidades e compet\u00eancias colaborativas, como: planejar em equipe, saber se comunicar eficientemente. Desenvolver esp\u00edrito de lideran\u00e7a grupal e saber dialogar em grupo. Desenvolver o respeito perante as qualidades e\/ou compet\u00eancias individuais e grupais.\u00a0<\/p><table style=\"border-collapse: collapse;width: 100%\"><tbody><tr><td style=\"width: 50%\"><img decoding=\"async\" src=\"https:\/\/www.ufsm.br\/pro-reitorias\/prograd\/pet\/agronomia\/wp-content\/uploads\/sites\/779\/2020\/01\/image35.jpg\" \/><\/td><td style=\"width: 50%\"><img decoding=\"async\" src=\"https:\/\/www.ufsm.br\/pro-reitorias\/prograd\/pet\/agronomia\/wp-content\/uploads\/sites\/779\/2020\/01\/image34.jpg\" \/><\/td><\/tr><\/tbody><\/table><p>\u00a0<\/p><p><strong>&#8211; UFSM Vai \u00e0 Escola:\u00a0<\/strong>Esta atividade de extens\u00e3o \u00e9 realizada pelo Grupo PET Agronomia h\u00e1 16 anos, onde os integrantes do grupo se deslocam para escolas de ensino m\u00e9dio com o intuito de divulgar a Universidade Federal de Santa Maria, bem como as vantagens do ensino p\u00fablico oferecido na institui\u00e7\u00e3o. As escolas atingidas com essa atividade s\u00e3o preferencialmente as que est\u00e3o localizadas em regi\u00f5es mais distantes no Estado, em que informa\u00e7\u00f5es sobre a UFSM s\u00e3o muitas vezes desconhecidas ou pouco detalhadas. Na oportunidade, al\u00e9m da apresenta\u00e7\u00e3o de toda a estrutura e Cursos que a Universidade disp\u00f5e, tamb\u00e9m s\u00e3o evidenciados os benef\u00edcios que a Institui\u00e7\u00e3o oferece aos acad\u00eamicos, como moradia estudantil e bolsa de estudos, restaurante universit\u00e1rio, entre outros. O objetivo \u00e9 oportunizar aos membros do grupo o desenvolvimento e aperfei\u00e7oamento de habilidades orat\u00f3rias frente a diferentes realidades, al\u00e9m de divulgar a Universidade e instigar os estudantes a ingressarem no ensino p\u00fablico superior. A atividade visa tamb\u00e9m \u00e0 capta\u00e7\u00e3o das expectativas que os estudantes de ensino m\u00e9dio t\u00eam em rela\u00e7\u00e3o \u00e0 universidade.<\/p><table style=\"border-collapse: collapse;width: 100%\"><tbody><tr><td style=\"width: 50%\"><img decoding=\"async\" src=\"https:\/\/www.ufsm.br\/pro-reitorias\/prograd\/pet\/agronomia\/wp-content\/uploads\/sites\/779\/2020\/01\/image41.jpg\" \/><\/td><td style=\"width: 50%\"><img decoding=\"async\" src=\"https:\/\/www.ufsm.br\/pro-reitorias\/prograd\/pet\/agronomia\/wp-content\/uploads\/sites\/779\/2020\/01\/image45.jpg\" \/><\/td><\/tr><\/tbody><\/table><p><strong>&#8211; Circula\u00e7\u00e3o:\u00a0<\/strong>A cidade de Santa Maria, devido a sua import\u00e2ncia na regi\u00e3o, possui uma grande estrutura de sa\u00fade, incluindo grandes hospitais de abrang\u00eancia regional e que s\u00e3o tratados como hospitais de refer\u00eancia em rela\u00e7\u00e3o aos servi\u00e7os prestados. Esses centros de sa\u00fade recebem emerg\u00eancias, realizam cirurgias, tratam pessoas com c\u00e2ncer, entre diversos outros, e, desse modo, necessitam de um banco de sangue capaz de atender a todos esses casos. Al\u00e9m de sangue, os pacientes necessitam de plaquetas e tamb\u00e9m, em alguns casos, de doa\u00e7\u00e3o de medula \u00f3ssea. O Circula\u00e7\u00e3o consiste em um projeto dos grupos PETs da Universidade Federal de Santa Maria para buscar a conscientiza\u00e7\u00e3o da doa\u00e7\u00e3o de sangue, plaquetas e medula \u00f3ssea da comunidade de Santa Maria. O objetivo do projeto \u00e9 promover a multidisciplinaridade, desenvolver a pr\u00f3-atividade, criar discuss\u00f5es sobre problema sociais, fomentar a interdisciplinaridade entre os grupos PET, cursos e universidades de Santa Maria, entre outros. Por fim arrecadar doa\u00e7\u00f5es de sangue, plaquetas e medula \u00f3ssea da comunidade de Santa Maria.<\/p><p><strong>&#8211; Descubra UFSM:<\/strong>\u00a0O grupo PET Agronomia presta auxilio durante nessa atividade, que \u00e9 realizada pela universidade todos os anos. Na oportunidade s\u00e3o organizados espa\u00e7os multidisciplinares de todos os cursos da UFSM, com objetivo de haver uma intera\u00e7\u00e3o da comunidade universit\u00e1ria com a comunidade externa, em especial com alunos de ensino m\u00e9dio. O grupo participa no espa\u00e7o destinado ao Curso de Agronomia, apresentando aos visitantes as diversas \u00e1reas de atua\u00e7\u00e3o do Engenheiro Agr\u00f4nomo, assim como as disciplinas e temas abordados durante a gradua\u00e7\u00e3o. Tem por objetivo divulgar o Curso de Agronomia da UFSM para os visitantes, a fim de esclarecer v\u00e1rios aspectos relativos ao curso e incentivar aqueles que t\u00eam interesse a optarem pela \u00e1rea, al\u00e9m de promover a intera\u00e7\u00e3o dos petianos com o p\u00fablico que prestigiar\u00e1 o evento.<\/p><p><strong>&#8211; Publica\u00e7\u00e3o de Textos em Jornais:\u00a0<\/strong>A publica\u00e7\u00e3o de textos em jornais \u00e9 uma atividade de extens\u00e3o que consistir\u00e1 na reda\u00e7\u00e3o quinzenal de textos pelos integrantes do grupo para os jornais de diversos locais do estado do Rio Grande do Sul. Os textos abrangem assuntos diversificados e cotidianos dos produtores e as diferentes atividades agr\u00edcolas que caracterizam cada regi\u00e3o. Objetivando levar a informa\u00e7\u00e3o aos leitores sobre alternativas de manejos mais sustent\u00e1veis, curiosidades e novidades tecnol\u00f3gicas que possam auxiliar os agricultores na condu\u00e7\u00e3o de suas propriedades. Para os petianos, a atividade aprimora a escrita e transmite o conhecimento t\u00e9cnico obtido em sala de aula e em leituras complementares, dando uma vis\u00e3o geral sobre os diversos temas que o curso de Agronomia engloba. Visa informar os leitores, aumentar o conhecimento tanto dos membros quanto de produtores, incentivar uma agricultura sustent\u00e1vel, aprimorar a escrita e o aprendizado t\u00e9cnico de cada integrante do grupo PET Agronomia.<\/p><p>&#8211;\u00a0<strong>PET Web:\u00a0<\/strong>Todas as atividades realizadas pelo grupo PET Agronomia ser\u00e3o divulgadas no site e na p\u00e1gina do facebook. Conjuntamente ser\u00e1 criado um canal no youtube para o grupo, onde tamb\u00e9m ser\u00e3o postados v\u00eddeos afim de divulgar os trabalhos realizados, publica\u00e7\u00f5es, eventos, dicas e atualiza\u00e7\u00f5es sobre o Curso de Agronomia. Neste sentido, o grupo PET Agronomia ter\u00e1 mais um canal de comunica\u00e7\u00e3o e divulga\u00e7\u00e3o de atividades e informa\u00e7\u00f5es t\u00e9cnicas para os acad\u00eamicos do Curso de Agronomia. O objetivo \u00e9 de permitir que os integrantes do grupo PET Agronomia adquiram conhecimento e experi\u00eancia na cria\u00e7\u00e3o e manuten\u00e7\u00e3o de um canal de v\u00eddeos na internet. Qualificar a divulga\u00e7\u00e3o de atividades e informa\u00e7\u00f5es t\u00e9cnicas pelo PET Agronomia. Contribuir para a forma\u00e7\u00e3o dos acad\u00eamicos do Curso de Agronomia da UFSM.<\/p><\/div>\n\t\t\t\t<\/div>\n\t\t\t\t\t\t\t\t<\/div>\n\t\t\t\t<\/div>\n\t\t\t\t<\/div>\n\t\t\t\t\t<\/div>\n\t\t<\/div>\n\t\t\t\t\t<\/div>\n\t\t<\/section>\n\t\t\t\t<\/div>\n\t\t","protected":false},"excerpt":{"rendered":"<p>Ensino &#8211; Simp\u00f3sios de Atualiza\u00e7\u00e3o em Grandes Culturas:\u00a0Essa atividade \u00e9 realizada uma vez a cada ano, nas depend\u00eancias do Centro de Ci\u00eancias Rurais da UFSM e a cada edi\u00e7\u00e3o uma cultura \u00e9 contemplada, respeitando um ciclo de culturas, sendo elas: soja, milho, cereais de inverno e arroz, respectivamente, onde profissionais atuantes na \u00e1rea abordam diversos [&hellip;]<\/p>\n","protected":false},"author":2223,"featured_media":0,"parent":0,"menu_order":0,"comment_status":"closed","ping_status":"closed","template":"","meta":{"footnotes":""},"categories":[],"tags":[],"class_list":["post-43","page","type-page","status-publish","hentry"],"acf":[],"_links":{"self":[{"href":"https:\/\/www.ufsm.br\/pet\/agronomia\/wp-json\/wp\/v2\/pages\/43","targetHints":{"allow":["GET"]}}],"collection":[{"href":"https:\/\/www.ufsm.br\/pet\/agronomia\/wp-json\/wp\/v2\/pages"}],"about":[{"href":"https:\/\/www.ufsm.br\/pet\/agronomia\/wp-json\/wp\/v2\/types\/page"}],"author":[{"embeddable":true,"href":"https:\/\/www.ufsm.br\/pet\/agronomia\/wp-json\/wp\/v2\/users\/2223"}],"replies":[{"embeddable":true,"href":"https:\/\/www.ufsm.br\/pet\/agronomia\/wp-json\/wp\/v2\/comments?post=43"}],"version-history":[{"count":0,"href":"https:\/\/www.ufsm.br\/pet\/agronomia\/wp-json\/wp\/v2\/pages\/43\/revisions"}],"wp:attachment":[{"href":"https:\/\/www.ufsm.br\/pet\/agronomia\/wp-json\/wp\/v2\/media?parent=43"}],"wp:term":[{"taxonomy":"category","embeddable":true,"href":"https:\/\/www.ufsm.br\/pet\/agronomia\/wp-json\/wp\/v2\/categories?post=43"},{"taxonomy":"post_tag","embeddable":true,"href":"https:\/\/www.ufsm.br\/pet\/agronomia\/wp-json\/wp\/v2\/tags?post=43"}],"curies":[{"name":"wp","href":"https:\/\/api.w.org\/{rel}","templated":true}]}}