{"id":1221,"date":"2023-04-16T22:04:11","date_gmt":"2023-04-17T01:04:11","guid":{"rendered":"https:\/\/www.ufsm.br\/pet\/ciencia-da-computacao\/?page_id=1221"},"modified":"2023-11-23T12:01:22","modified_gmt":"2023-11-23T15:01:22","slug":"conviva-1","status":"publish","type":"page","link":"https:\/\/www.ufsm.br\/pet\/ciencia-da-computacao\/conviva-1","title":{"rendered":"P\u00e1gina 1 &#8211; P\u00e1gina Inicial"},"content":{"rendered":"\t\t<div data-elementor-type=\"wp-page\" data-elementor-id=\"1221\" class=\"elementor elementor-1221\">\n\t\t\t\t\t\t<section class=\"elementor-section elementor-top-section elementor-element elementor-element-229e476 elementor-section-boxed elementor-section-height-default elementor-section-height-default\" data-id=\"229e476\" data-element_type=\"section\">\n\t\t\t\t\t\t<div class=\"elementor-container elementor-column-gap-default\">\n\t\t\t\t\t<div class=\"elementor-column elementor-col-100 elementor-top-column elementor-element elementor-element-ed0f8c4\" data-id=\"ed0f8c4\" data-element_type=\"column\">\n\t\t\t<div class=\"elementor-widget-wrap elementor-element-populated\">\n\t\t\t\t\t\t<div class=\"elementor-element elementor-element-e7b531b elementor-widget elementor-widget-image\" data-id=\"e7b531b\" data-element_type=\"widget\" data-widget_type=\"image.default\">\n\t\t\t\t<div class=\"elementor-widget-container\">\n\t\t\t\t\t\t\t\t\t\t\t\t\t<img decoding=\"async\" src=\"https:\/\/www.ufsm.br\/app\/uploads\/sites\/786\/elementor\/thumbs\/Marca-Conviva-q5xzhorldatut8ol7f1k0kkiw61i92eay02xfz1y24.png\" title=\"Marca Conviva\" alt=\"Marca Conviva\" loading=\"lazy\" \/>\t\t\t\t\t\t\t\t\t\t\t\t\t<\/div>\n\t\t\t\t<\/div>\n\t\t\t\t\t<\/div>\n\t\t<\/div>\n\t\t\t\t\t<\/div>\n\t\t<\/section>\n\t\t\t\t<section class=\"elementor-section elementor-top-section elementor-element elementor-element-4240487e elementor-section-boxed elementor-section-height-default elementor-section-height-default\" data-id=\"4240487e\" data-element_type=\"section\">\n\t\t\t\t\t\t<div class=\"elementor-container elementor-column-gap-default\">\n\t\t\t\t\t<div class=\"elementor-column elementor-col-100 elementor-top-column elementor-element elementor-element-6e02875e\" data-id=\"6e02875e\" data-element_type=\"column\">\n\t\t\t<div class=\"elementor-widget-wrap elementor-element-populated\">\n\t\t\t\t\t\t<div class=\"elementor-element elementor-element-2a0f0bc5 elementor-widget elementor-widget-text-editor\" data-id=\"2a0f0bc5\" data-element_type=\"widget\" data-settings=\"{&quot;_animation&quot;:&quot;none&quot;}\" data-widget_type=\"text-editor.default\">\n\t\t\t\t<div class=\"elementor-widget-container\">\n\t\t\t\t\t\t\t<p><!-- wp:image --><\/p>\n<figure class=\"wp-block-image\"><\/figure>\n<p><!-- \/wp:image --><\/p>\n<p><!-- wp:separator --><\/p>\n<hr class=\"wp-block-separator has-alpha-channel-opacity\" \/>\n<p><!-- \/wp:separator --><\/p>\n<p><!-- wp:paragraph {\"align\":\"center\",\"fontSize\":\"large\"} --><\/p>\n<p class=\"has-text-align-center has-large-font-size\" style=\"padding-left: 40px\"><span style=\"font-size: 10pt\">Voc\u00ea que convive o HIV direta ou indiretamente, est\u00e1 convidado a navegar pelo Website Conviva.<br \/>Neste site voc\u00ea encontrar\u00e1 conceitos sobre ades\u00e3o e de outros fatores que podem interferir no<br \/>tratamento. Ainda, encontrar\u00e1 situa\u00e7\u00f5es da vida cotidiana de quem convive com HIV.<br \/>Clique nos bot\u00f5es abaixo para iniciar a navega\u00e7\u00e3o.<\/span><\/p>\n<p><!-- \/wp:paragraph --><\/p>\n<p><!-- wp:separator --><\/p>\n<hr class=\"wp-block-separator has-alpha-channel-opacity\" \/>\n<p><!-- \/wp:separator --><\/p>\n<p><!-- wp:pullquote --><\/p>\n<figure class=\"wp-block-pullquote\">\n<blockquote>\n<p><strong>Objetivo: Promover a ades\u00e3o ao tratamento antirretroviral de adultos que vivem com HIV.<\/strong><\/p>\n<\/blockquote>\n<\/figure>\n<p><!-- \/wp:pullquote --><\/p>\t\t\t\t\t\t<\/div>\n\t\t\t\t<\/div>\n\t\t\t\t<section class=\"elementor-section elementor-inner-section elementor-element elementor-element-b674251 elementor-section-boxed elementor-section-height-default elementor-section-height-default\" data-id=\"b674251\" data-element_type=\"section\">\n\t\t\t\t\t\t<div class=\"elementor-container elementor-column-gap-default\">\n\t\t\t\t\t<div class=\"elementor-column elementor-col-100 elementor-inner-column elementor-element elementor-element-e443d83\" data-id=\"e443d83\" data-element_type=\"column\">\n\t\t\t<div class=\"elementor-widget-wrap elementor-element-populated\">\n\t\t\t\t\t\t<div class=\"elementor-element elementor-element-625a282 elementor-align-center elementor-widget elementor-widget-button\" data-id=\"625a282\" data-element_type=\"widget\" data-widget_type=\"button.default\">\n\t\t\t\t<div class=\"elementor-widget-container\">\n\t\t\t\t\t\t\t<div class=\"elementor-button-wrapper\">\n\t\t\t\t\t<a class=\"elementor-button elementor-button-link elementor-size-lg elementor-animation-grow\" href=\"https:\/\/www.ufsm.br\/pet\/ciencia-da-computacao\/conviva-2\">\n\t\t\t\t\t\t<span class=\"elementor-button-content-wrapper\">\n\t\t\t\t\t\t\t\t\t<span class=\"elementor-button-text\">Acessar Conte\u00fado<\/span>\n\t\t\t\t\t<\/span>\n\t\t\t\t\t<\/a>\n\t\t\t\t<\/div>\n\t\t\t\t\t\t<\/div>\n\t\t\t\t<\/div>\n\t\t\t\t<div class=\"elementor-element elementor-element-b0bae4d elementor-align-center elementor-widget elementor-widget-button\" data-id=\"b0bae4d\" data-element_type=\"widget\" data-widget_type=\"button.default\">\n\t\t\t\t<div class=\"elementor-widget-container\">\n\t\t\t\t\t\t\t<div class=\"elementor-button-wrapper\">\n\t\t\t\t\t<a class=\"elementor-button elementor-button-link elementor-size-lg elementor-animation-grow\" href=\"https:\/\/www.ufsm.br\/pet\/ciencia-da-computacao\/conviva-19\">\n\t\t\t\t\t\t<span class=\"elementor-button-content-wrapper\">\n\t\t\t\t\t\t\t\t\t<span class=\"elementor-button-text\">Conhecer Equipe Idealizadora<\/span>\n\t\t\t\t\t<\/span>\n\t\t\t\t\t<\/a>\n\t\t\t\t<\/div>\n\t\t\t\t\t\t<\/div>\n\t\t\t\t<\/div>\n\t\t\t\t\t<\/div>\n\t\t<\/div>\n\t\t\t\t\t<\/div>\n\t\t<\/section>\n\t\t\t\t\t<\/div>\n\t\t<\/div>\n\t\t\t\t\t<\/div>\n\t\t<\/section>\n\t\t\t\t<section class=\"elementor-section elementor-top-section elementor-element elementor-element-5d1deed elementor-section-boxed elementor-section-height-default elementor-section-height-default\" data-id=\"5d1deed\" data-element_type=\"section\">\n\t\t\t\t\t\t<div class=\"elementor-container elementor-column-gap-default\">\n\t\t\t\t\t<div class=\"elementor-column elementor-col-100 elementor-top-column elementor-element elementor-element-9b293e7\" data-id=\"9b293e7\" data-element_type=\"column\">\n\t\t\t<div class=\"elementor-widget-wrap\">\n\t\t\t\t\t\t\t<\/div>\n\t\t<\/div>\n\t\t\t\t\t<\/div>\n\t\t<\/section>\n\t\t\t\t<section class=\"elementor-section elementor-top-section elementor-element elementor-element-90fdb1b elementor-section-boxed elementor-section-height-default elementor-section-height-default\" data-id=\"90fdb1b\" data-element_type=\"section\">\n\t\t\t\t\t\t<div class=\"elementor-container elementor-column-gap-default\">\n\t\t\t\t\t<div class=\"elementor-column elementor-col-100 elementor-top-column elementor-element elementor-element-f59e497\" data-id=\"f59e497\" data-element_type=\"column\">\n\t\t\t<div class=\"elementor-widget-wrap elementor-element-populated\">\n\t\t\t\t\t\t<div class=\"elementor-element elementor-element-e85a2b5 elementor-widget elementor-widget-image\" data-id=\"e85a2b5\" data-element_type=\"widget\" data-widget_type=\"image.default\">\n\t\t\t\t<div class=\"elementor-widget-container\">\n\t\t\t\t\t\t\t\t\t\t\t\t\t<img fetchpriority=\"high\" decoding=\"async\" width=\"799\" height=\"89\" src=\"https:\/\/www.ufsm.br\/app\/uploads\/sites\/786\/2023\/05\/Among-Us.url_.png\" class=\"attachment-large size-large wp-image-1302\" alt=\"\" srcset=\"https:\/\/www.ufsm.br\/app\/uploads\/sites\/786\/2023\/05\/Among-Us.url_.png 799w, https:\/\/www.ufsm.br\/app\/uploads\/sites\/786\/2023\/05\/Among-Us.url_-300x33.png 300w, https:\/\/www.ufsm.br\/app\/uploads\/sites\/786\/2023\/05\/Among-Us.url_-768x86.png 768w\" sizes=\"(max-width: 799px) 100vw, 799px\" \/>\t\t\t\t\t\t\t\t\t\t\t\t\t<\/div>\n\t\t\t\t<\/div>\n\t\t\t\t\t<\/div>\n\t\t<\/div>\n\t\t\t\t\t<\/div>\n\t\t<\/section>\n\t\t\t\t<\/div>\n\t\t","protected":false},"excerpt":{"rendered":"<p>Voc\u00ea que convive o HIV direta ou indiretamente, est\u00e1 convidado a navegar pelo Website Conviva.Neste site voc\u00ea encontrar\u00e1 conceitos sobre ades\u00e3o e de outros fatores que podem interferir notratamento. Ainda, encontrar\u00e1 situa\u00e7\u00f5es da vida cotidiana de quem convive com HIV.Clique nos bot\u00f5es abaixo para iniciar a navega\u00e7\u00e3o. Objetivo: Promover a ades\u00e3o ao tratamento antirretroviral de [&hellip;]<\/p>\n","protected":false},"author":6761,"featured_media":1299,"parent":0,"menu_order":0,"comment_status":"closed","ping_status":"closed","template":"","meta":{"footnotes":""},"categories":[65],"tags":[],"class_list":["post-1221","page","type-page","status-publish","has-post-thumbnail","hentry","category-projeto-conviva"],"acf":[],"_links":{"self":[{"href":"https:\/\/www.ufsm.br\/pet\/ciencia-da-computacao\/wp-json\/wp\/v2\/pages\/1221","targetHints":{"allow":["GET"]}}],"collection":[{"href":"https:\/\/www.ufsm.br\/pet\/ciencia-da-computacao\/wp-json\/wp\/v2\/pages"}],"about":[{"href":"https:\/\/www.ufsm.br\/pet\/ciencia-da-computacao\/wp-json\/wp\/v2\/types\/page"}],"author":[{"embeddable":true,"href":"https:\/\/www.ufsm.br\/pet\/ciencia-da-computacao\/wp-json\/wp\/v2\/users\/6761"}],"replies":[{"embeddable":true,"href":"https:\/\/www.ufsm.br\/pet\/ciencia-da-computacao\/wp-json\/wp\/v2\/comments?post=1221"}],"version-history":[{"count":0,"href":"https:\/\/www.ufsm.br\/pet\/ciencia-da-computacao\/wp-json\/wp\/v2\/pages\/1221\/revisions"}],"wp:featuredmedia":[{"embeddable":true,"href":"https:\/\/www.ufsm.br\/pet\/ciencia-da-computacao\/wp-json\/wp\/v2\/media\/1299"}],"wp:attachment":[{"href":"https:\/\/www.ufsm.br\/pet\/ciencia-da-computacao\/wp-json\/wp\/v2\/media?parent=1221"}],"wp:term":[{"taxonomy":"category","embeddable":true,"href":"https:\/\/www.ufsm.br\/pet\/ciencia-da-computacao\/wp-json\/wp\/v2\/categories?post=1221"},{"taxonomy":"post_tag","embeddable":true,"href":"https:\/\/www.ufsm.br\/pet\/ciencia-da-computacao\/wp-json\/wp\/v2\/tags?post=1221"}],"curies":[{"name":"wp","href":"https:\/\/api.w.org\/{rel}","templated":true}]}}