{"id":1230,"date":"2023-04-16T22:31:26","date_gmt":"2023-04-17T01:31:26","guid":{"rendered":"https:\/\/www.ufsm.br\/pet\/ciencia-da-computacao\/?page_id=1230"},"modified":"2023-11-27T12:23:05","modified_gmt":"2023-11-27T15:23:05","slug":"conviva-7","status":"publish","type":"page","link":"https:\/\/www.ufsm.br\/pet\/ciencia-da-computacao\/conviva-7","title":{"rendered":"P\u00e1gina 7 &#8211; Menu 2"},"content":{"rendered":"\t\t<div data-elementor-type=\"wp-page\" data-elementor-id=\"1230\" class=\"elementor elementor-1230\">\n\t\t\t\t\t\t<section class=\"elementor-section elementor-top-section elementor-element elementor-element-561bbf1d elementor-section-boxed elementor-section-height-default elementor-section-height-default\" data-id=\"561bbf1d\" data-element_type=\"section\">\n\t\t\t\t\t\t<div class=\"elementor-container elementor-column-gap-default\">\n\t\t\t\t\t<div class=\"elementor-column elementor-col-100 elementor-top-column elementor-element elementor-element-4ee52aad\" data-id=\"4ee52aad\" data-element_type=\"column\">\n\t\t\t<div class=\"elementor-widget-wrap elementor-element-populated\">\n\t\t\t\t\t\t<div class=\"elementor-element elementor-element-3e200d1 elementor-widget elementor-widget-image\" data-id=\"3e200d1\" data-element_type=\"widget\" data-widget_type=\"image.default\">\n\t\t\t\t<div class=\"elementor-widget-container\">\n\t\t\t\t\t\t\t\t\t\t\t\t\t<img fetchpriority=\"high\" decoding=\"async\" width=\"300\" height=\"244\" src=\"https:\/\/www.ufsm.br\/app\/uploads\/sites\/786\/2023\/05\/Marca-Conviva-300x244.png\" class=\"attachment-medium size-medium wp-image-1299\" alt=\"\" srcset=\"https:\/\/www.ufsm.br\/app\/uploads\/sites\/786\/2023\/05\/Marca-Conviva-300x244.png 300w, https:\/\/www.ufsm.br\/app\/uploads\/sites\/786\/2023\/05\/Marca-Conviva-1024x833.png 1024w, https:\/\/www.ufsm.br\/app\/uploads\/sites\/786\/2023\/05\/Marca-Conviva-768x625.png 768w, https:\/\/www.ufsm.br\/app\/uploads\/sites\/786\/2023\/05\/Marca-Conviva-1536x1249.png 1536w, https:\/\/www.ufsm.br\/app\/uploads\/sites\/786\/2023\/05\/Marca-Conviva-2048x1666.png 2048w\" sizes=\"(max-width: 300px) 100vw, 300px\" \/>\t\t\t\t\t\t\t\t\t\t\t\t\t<\/div>\n\t\t\t\t<\/div>\n\t\t\t\t<div class=\"elementor-element elementor-element-1a51a5d6 elementor-widget elementor-widget-text-editor\" data-id=\"1a51a5d6\" data-element_type=\"widget\" data-widget_type=\"text-editor.default\">\n\t\t\t\t<div class=\"elementor-widget-container\">\n\t\t\t\t\t\t\t<p><!-- wp:image --><\/p>\n<figure class=\"wp-block-image\"><img alt=\"\" \/><\/figure>\n<p><!-- \/wp:image --><\/p>\n<p><!-- wp:paragraph {\"align\":\"center\",\"fontSize\":\"large\"} --><\/p>\n<p class=\"has-text-align-center has-large-font-size\"><strong>Contextualizando<\/strong><\/p>\n<p><!-- \/wp:paragraph --><\/p>\n<p><!-- wp:separator --><\/p>\n<hr class=\"wp-block-separator has-alpha-channel-opacity\" \/>\n<p><!-- \/wp:separator --><\/p>\n<p><!-- wp:paragraph {\"align\":\"center\"} --><\/p>\n<p class=\"has-text-align-center\"><img decoding=\"async\" class=\"emoji\" role=\"img\" src=\"https:\/\/s.w.org\/images\/core\/emoji\/14.0.0\/svg\/25aa.svg\" alt=\"\u25aa\" \/> A ades\u00e3o \u00e9 fundamental para que o tratamento seja eficaz. Para que se tenha ades\u00e3o pode ser necess\u00e1rio um bom suporte social, que a autoefic\u00e1cia seja suficiente para ultrapassar as situa\u00e7\u00f5es que impe\u00e7am seu correto tratamento e tenha qualidade de\u00a0vida para ter ades\u00e3o ao tratamento.<\/p>\n<p><!-- \/wp:paragraph --><\/p>\n<p><!-- wp:paragraph {\"align\":\"center\"} --><\/p>\n<p class=\"has-text-align-center\"><br \/><img decoding=\"async\" class=\"emoji\" role=\"img\" src=\"https:\/\/s.w.org\/images\/core\/emoji\/14.0.0\/svg\/25aa.svg\" alt=\"\u25aa\" \/> As situa\u00e7\u00f5es da vida (SV) que podem impedir voc\u00ea de ter uma boa ades\u00e3o est\u00e3o listadas abaixo, dessa forma voc\u00ea pode clicar em cada uma delas para navegar e verificar se voc\u00ea est\u00e1 enfrentando algo semelhante no seu cotidiano e tentar seguir as dicas para enfrentar cada uma das SV apresentadas.<\/p>\n<p><!-- \/wp:paragraph --><\/p>\n<p><!-- wp:separator --><\/p>\n<hr class=\"wp-block-separator has-alpha-channel-opacity\" \/>\n<p><!-- \/wp:separator --><\/p>\n<p><!-- wp:paragraph --><\/p>\n<p><!-- \/wp:paragraph --><\/p>\n<p><!-- wp:buttons {\"layout\":{\"type\":\"flex\",\"justifyContent\":\"center\",\"verticalAlignment\":\"center\"}} --><\/p>\n<div class=\"wp-block-buttons\">\n<p><!-- wp:button {\"width\":50} --><\/p>\n<\/div>\n<figure class=\"wp-block-image\"><\/figure>\n<p><!-- \/wp:button --><\/p><!-- \/wp:buttons -->\t\t\t\t\t\t<\/div>\n\t\t\t\t<\/div>\n\t\t\t\t\t<\/div>\n\t\t<\/div>\n\t\t\t\t\t<\/div>\n\t\t<\/section>\n\t\t\t\t<section class=\"elementor-section elementor-top-section elementor-element elementor-element-f25a834 elementor-section-boxed elementor-section-height-default elementor-section-height-default\" data-id=\"f25a834\" data-element_type=\"section\">\n\t\t\t\t\t\t<div class=\"elementor-container elementor-column-gap-default\">\n\t\t\t\t\t<div class=\"elementor-column elementor-col-100 elementor-top-column elementor-element elementor-element-85b61cc\" data-id=\"85b61cc\" data-element_type=\"column\">\n\t\t\t<div class=\"elementor-widget-wrap elementor-element-populated\">\n\t\t\t\t\t\t<div class=\"elementor-element elementor-element-d2f30b1 elementor-widget elementor-widget-text-editor\" data-id=\"d2f30b1\" data-element_type=\"widget\" data-widget_type=\"text-editor.default\">\n\t\t\t\t<div class=\"elementor-widget-container\">\n\t\t\t\t\t\t\t<p>&nbsp;<\/p>\n<table style=\"border-collapse: collapse;width: 100%;height: 71px\">\n<tbody>\n<tr style=\"height: 15px\">\n<td style=\"width: 16.343%;height: 15px;text-align: center\">\u00a0<\/td>\n<td style=\"width: 83.657%;height: 15px;text-align: center\">\n<h4><span style=\"color: #7c1324\"><strong><span style=\"font-size: 12pt\">Situa\u00e7\u00f5es da Vida<\/span><\/strong><\/span><\/h4>\n<\/td>\n<\/tr>\n<tr style=\"height: 56px\">\n<td style=\"width: 16.343%;text-align: center;height: 56px\"><a href=\"https:\/\/www.ufsm.br\/pet\/ciencia-da-computacao\/conviva-8\"><span style=\"color: #7c1324\"><strong>SV 1<\/strong><\/span><\/a><\/td>\n<td style=\"width: 83.657%;height: 56px;text-align: center\">\n<p style=\"text-align: left\"><span style=\"color: #ffffff\"><b><a href=\"https:\/\/www.ufsm.br\/pet\/ciencia-da-computacao\/conviva-8\"><u style=\"color: #7c1324\">Estigma e Preconceito<\/u><\/a><\/b><\/span><\/p>\n<\/td>\n<\/tr>\n<tr>\n<td style=\"width: 16.343%;text-align: center\"><a href=\"https:\/\/www.ufsm.br\/pet\/ciencia-da-computacao\/conviva-9\"><span style=\"color: #7c1324\"><strong>SV 2<\/strong><\/span><\/a><\/td>\n<td style=\"width: 83.657%;text-align: center\">\n<p style=\"text-align: left\"><span style=\"color: #33cccc\"><strong><a href=\"https:\/\/www.ufsm.br\/pet\/ciencia-da-computacao\/conviva-9\"><u style=\"color: #7c1324\">Medicamentos ARVS<\/u><\/a><\/strong><\/span><\/p>\n<\/td>\n<\/tr>\n<tr>\n<td style=\"width: 16.343%;text-align: center\"><a href=\"https:\/\/www.ufsm.br\/pet\/ciencia-da-computacao\/conviva-10\"><span style=\"color: #7c1324\"><strong>SV 3<\/strong><\/span><\/a><\/td>\n<td style=\"width: 83.657%;text-align: center\">\n<p style=\"text-align: left\"><span style=\"color: #33cccc\"><strong><a href=\"https:\/\/www.ufsm.br\/pet\/ciencia-da-computacao\/conviva-10\"><u style=\"color: #7c1324\">Efeitos Colaterais<\/u><\/a><\/strong><\/span><\/p>\n<\/td>\n<\/tr>\n<tr>\n<td style=\"width: 16.343%;text-align: center\"><a href=\"https:\/\/www.ufsm.br\/pet\/ciencia-da-computacao\/conviva-11\"><span style=\"color: #7c1324\"><strong>SV 4<\/strong><\/span><\/a><\/td>\n<td style=\"width: 83.657%;text-align: center\">\n<p style=\"text-align: left\"><span style=\"color: #33cccc\"><strong><a href=\"https:\/\/www.ufsm.br\/pet\/ciencia-da-computacao\/conviva-11\"><u style=\"color: #7c1324\">Sentimentos Negativos<\/u><\/a><\/strong><\/span><\/p>\n<\/td>\n<\/tr>\n<tr>\n<td style=\"width: 16.343%;text-align: center\"><a href=\"https:\/\/www.ufsm.br\/pet\/ciencia-da-computacao\/conviva-12\"><span style=\"color: #7c1324\"><strong>SV 5<\/strong><\/span><\/a><\/td>\n<td style=\"width: 83.657%;text-align: center\">\n<p style=\"text-align: left\"><span style=\"color: #33cccc\"><strong><a href=\"https:\/\/www.ufsm.br\/pet\/ciencia-da-computacao\/conviva-12\"><u style=\"color: #7c1324\">Estigma e Preconceito<\/u><\/a><\/strong><\/span><\/p>\n<\/td>\n<\/tr>\n<tr>\n<td style=\"width: 16.343%;text-align: center\"><a href=\"https:\/\/www.ufsm.br\/pet\/ciencia-da-computacao\/conviva-13\"><span style=\"color: #7c1324\"><strong>SV 6<\/strong><\/span><\/a><\/td>\n<td style=\"width: 83.657%;text-align: center\">\n<p style=\"text-align: left\"><span style=\"color: #33cccc\"><strong><a href=\"https:\/\/www.ufsm.br\/pet\/ciencia-da-computacao\/conviva-13\"><u style=\"color: #7c1324\">Desinforma\u00e7\u00f5es ou Nega\u00e7\u00e3o do Estado de Sa\u00fade<\/u><\/a><\/strong><\/span><\/p>\n<\/td>\n<\/tr>\n<tr>\n<td style=\"width: 16.343%;text-align: center\"><a href=\"https:\/\/www.ufsm.br\/pet\/ciencia-da-computacao\/conviva-14\"><span style=\"color: #7c1324\"><strong>SV 7<\/strong><\/span><\/a><\/td>\n<td style=\"width: 83.657%;text-align: center\">\n<p style=\"text-align: left\"><span style=\"color: #ffffff\"><strong><a href=\"https:\/\/www.ufsm.br\/pet\/ciencia-da-computacao\/conviva-14\"><u style=\"color: #7c1324\">Dificuldades de Comunica\u00e7\u00e3o Entre Usu\u00e1rio e Equipe de Sa\u00fade<\/u><\/a><\/strong><\/span><\/p>\n<\/td>\n<\/tr>\n<tr>\n<td style=\"width: 16.343%;text-align: center\"><a href=\"https:\/\/www.ufsm.br\/pet\/ciencia-da-computacao\/conviva-15\"><span style=\"color: #7c1324\"><strong>SV 8<\/strong><\/span><\/a><\/td>\n<td style=\"width: 83.657%;text-align: center\">\n<p style=\"text-align: left\"><span style=\"color: #00ffff\"><a href=\"https:\/\/www.ufsm.br\/pet\/ciencia-da-computacao\/conviva-15\"><u style=\"color: #7c1324\"><b>H\u00e1bitos Saud\u00e1veis que Melhoram a Sa\u00fade e QV<\/b><\/u><\/a><\/span><\/p>\n<\/td>\n<\/tr>\n<tr>\n<td style=\"width: 16.343%;text-align: center\"><a href=\"https:\/\/www.ufsm.br\/pet\/ciencia-da-computacao\/conviva-16\"><span style=\"color: #7c1324\"><strong>SV 9<\/strong><\/span><\/a><\/td>\n<td style=\"width: 83.657%;text-align: center\">\n<p style=\"text-align: left\"><span style=\"color: #ffffff\"><strong><a href=\"https:\/\/www.ufsm.br\/pet\/ciencia-da-computacao\/conviva-16\"><u style=\"color: #7c1324\">Preocupa\u00e7\u00f5es Quanto aos Efeitos dos ARVS<\/u><\/a><\/strong><\/span><\/p>\n<\/td>\n<\/tr>\n<tr>\n<td style=\"width: 16.343%;text-align: center\"><a href=\"https:\/\/www.ufsm.br\/pet\/ciencia-da-computacao\/conviva-17\"><span style=\"color: #7c1324\"><strong>SV 10<\/strong><\/span><\/a><\/td>\n<td style=\"width: 83.657%;text-align: center\">\n<p style=\"text-align: left\"><span style=\"color: #ffffff\"><strong><a href=\"https:\/\/www.ufsm.br\/pet\/ciencia-da-computacao\/conviva-17\"><u style=\"color: #7c1324\">Preocupa\u00e7\u00f5es Quanto \u00e0 Sa\u00fade, Tratamento e Medo da Morte<\/u><\/a><\/strong><\/span><\/p>\n<\/td>\n<\/tr>\n<tr>\n<td style=\"width: 16.343%;text-align: center\"><a href=\"https:\/\/www.ufsm.br\/pet\/ciencia-da-computacao\/conviva-18\"><span style=\"color: #7c1324\"><strong>SV 11<\/strong><\/span><\/a><\/td>\n<td style=\"width: 83.657%;text-align: center\">\n<p style=\"text-align: left\"><span style=\"color: #ffffff\"><strong><a href=\"https:\/\/www.ufsm.br\/pet\/ciencia-da-computacao\/conviva-18\"><u style=\"color: #7c1324\">Ades\u00e3o \u00e0 Prescri\u00e7\u00e3o Torna o Organismo mais Forte e Saud\u00e1vel<\/u><\/a><\/strong><\/span><\/p>\n<\/td>\n<\/tr>\n<\/tbody>\n<\/table>\t\t\t\t\t\t<\/div>\n\t\t\t\t<\/div>\n\t\t\t\t\t<\/div>\n\t\t<\/div>\n\t\t\t\t\t<\/div>\n\t\t<\/section>\n\t\t\t\t<section class=\"elementor-section elementor-top-section elementor-element elementor-element-15781e3 elementor-section-boxed elementor-section-height-default elementor-section-height-default\" data-id=\"15781e3\" data-element_type=\"section\">\n\t\t\t\t\t\t<div class=\"elementor-container elementor-column-gap-default\">\n\t\t\t\t\t<div class=\"elementor-column elementor-col-33 elementor-top-column elementor-element elementor-element-3c484d9\" data-id=\"3c484d9\" data-element_type=\"column\">\n\t\t\t<div class=\"elementor-widget-wrap elementor-element-populated\">\n\t\t\t\t\t\t<div class=\"elementor-element elementor-element-c41c9e4 elementor-align-center elementor-widget elementor-widget-button\" data-id=\"c41c9e4\" data-element_type=\"widget\" data-widget_type=\"button.default\">\n\t\t\t\t<div class=\"elementor-widget-container\">\n\t\t\t\t\t\t\t<div class=\"elementor-button-wrapper\">\n\t\t\t\t\t<a class=\"elementor-button elementor-button-link elementor-size-sm elementor-animation-grow\" href=\"https:\/\/www.ufsm.br\/pet\/ciencia-da-computacao\/conviva-1\">\n\t\t\t\t\t\t<span class=\"elementor-button-content-wrapper\">\n\t\t\t\t\t\t<span class=\"elementor-button-icon\">\n\t\t\t\t<i aria-hidden=\"true\" class=\"fas fa-home\"><\/i>\t\t\t<\/span>\n\t\t\t\t\t\t\t\t\t<span class=\"elementor-button-text\">Voltar para a P\u00e1gina Inicial<\/span>\n\t\t\t\t\t<\/span>\n\t\t\t\t\t<\/a>\n\t\t\t\t<\/div>\n\t\t\t\t\t\t<\/div>\n\t\t\t\t<\/div>\n\t\t\t\t\t<\/div>\n\t\t<\/div>\n\t\t\t\t<div class=\"elementor-column elementor-col-33 elementor-top-column elementor-element elementor-element-0a04338\" data-id=\"0a04338\" data-element_type=\"column\">\n\t\t\t<div class=\"elementor-widget-wrap elementor-element-populated\">\n\t\t\t\t\t\t<div class=\"elementor-element elementor-element-4901d02 elementor-align-center elementor-widget elementor-widget-button\" data-id=\"4901d02\" data-element_type=\"widget\" data-widget_type=\"button.default\">\n\t\t\t\t<div class=\"elementor-widget-container\">\n\t\t\t\t\t\t\t<div class=\"elementor-button-wrapper\">\n\t\t\t\t\t<a class=\"elementor-button elementor-button-link elementor-size-sm elementor-animation-grow\" href=\"https:\/\/www.ufsm.br\/pet\/ciencia-da-computacao\/conviva-2\">\n\t\t\t\t\t\t<span class=\"elementor-button-content-wrapper\">\n\t\t\t\t\t\t<span class=\"elementor-button-icon\">\n\t\t\t\t<i aria-hidden=\"true\" class=\"fas fa-align-justify\"><\/i>\t\t\t<\/span>\n\t\t\t\t\t\t\t\t\t<span class=\"elementor-button-text\">Voltar aos Conceitos           <\/span>\n\t\t\t\t\t<\/span>\n\t\t\t\t\t<\/a>\n\t\t\t\t<\/div>\n\t\t\t\t\t\t<\/div>\n\t\t\t\t<\/div>\n\t\t\t\t\t<\/div>\n\t\t<\/div>\n\t\t\t\t<div class=\"elementor-column elementor-col-33 elementor-top-column elementor-element elementor-element-0937c83\" data-id=\"0937c83\" data-element_type=\"column\">\n\t\t\t<div class=\"elementor-widget-wrap elementor-element-populated\">\n\t\t\t\t\t\t<div class=\"elementor-element elementor-element-e6fcd03 elementor-align-center elementor-widget elementor-widget-button\" data-id=\"e6fcd03\" data-element_type=\"widget\" data-widget_type=\"button.default\">\n\t\t\t\t<div class=\"elementor-widget-container\">\n\t\t\t\t\t\t\t<div class=\"elementor-button-wrapper\">\n\t\t\t\t\t<a class=\"elementor-button elementor-button-link elementor-size-sm elementor-animation-grow\" href=\"https:\/\/www.ufsm.br\/pet\/ciencia-da-computacao\/conviva-8\">\n\t\t\t\t\t\t<span class=\"elementor-button-content-wrapper\">\n\t\t\t\t\t\t<span class=\"elementor-button-icon\">\n\t\t\t\t<i aria-hidden=\"true\" class=\"fas fa-arrow-right\"><\/i>\t\t\t<\/span>\n\t\t\t\t\t\t\t\t\t<span class=\"elementor-button-text\">Pr\u00f3xima Situa\u00e7\u00e3o de Vida<\/span>\n\t\t\t\t\t<\/span>\n\t\t\t\t\t<\/a>\n\t\t\t\t<\/div>\n\t\t\t\t\t\t<\/div>\n\t\t\t\t<\/div>\n\t\t\t\t\t<\/div>\n\t\t<\/div>\n\t\t\t\t\t<\/div>\n\t\t<\/section>\n\t\t\t\t<section class=\"elementor-section elementor-top-section elementor-element elementor-element-0471dda elementor-section-boxed elementor-section-height-default elementor-section-height-default\" data-id=\"0471dda\" data-element_type=\"section\">\n\t\t\t\t\t\t<div class=\"elementor-container elementor-column-gap-default\">\n\t\t\t\t\t<div class=\"elementor-column elementor-col-100 elementor-top-column elementor-element elementor-element-2be3d81\" data-id=\"2be3d81\" data-element_type=\"column\">\n\t\t\t<div class=\"elementor-widget-wrap elementor-element-populated\">\n\t\t\t\t\t\t<div class=\"elementor-element elementor-element-e79c2ae elementor-widget elementor-widget-image\" data-id=\"e79c2ae\" data-element_type=\"widget\" data-widget_type=\"image.default\">\n\t\t\t\t<div class=\"elementor-widget-container\">\n\t\t\t\t\t\t\t\t\t\t\t\t\t<img decoding=\"async\" width=\"799\" height=\"89\" src=\"https:\/\/www.ufsm.br\/app\/uploads\/sites\/786\/2023\/05\/Among-Us.url_.png\" class=\"attachment-large size-large wp-image-1302\" alt=\"\" srcset=\"https:\/\/www.ufsm.br\/app\/uploads\/sites\/786\/2023\/05\/Among-Us.url_.png 799w, https:\/\/www.ufsm.br\/app\/uploads\/sites\/786\/2023\/05\/Among-Us.url_-300x33.png 300w, https:\/\/www.ufsm.br\/app\/uploads\/sites\/786\/2023\/05\/Among-Us.url_-768x86.png 768w\" sizes=\"(max-width: 799px) 100vw, 799px\" \/>\t\t\t\t\t\t\t\t\t\t\t\t\t<\/div>\n\t\t\t\t<\/div>\n\t\t\t\t\t<\/div>\n\t\t<\/div>\n\t\t\t\t\t<\/div>\n\t\t<\/section>\n\t\t\t\t<\/div>\n\t\t","protected":false},"excerpt":{"rendered":"<p>Contextualizando A ades\u00e3o \u00e9 fundamental para que o tratamento seja eficaz. Para que se tenha ades\u00e3o pode ser necess\u00e1rio um bom suporte social, que a autoefic\u00e1cia seja suficiente para ultrapassar as situa\u00e7\u00f5es que impe\u00e7am seu correto tratamento e tenha qualidade de\u00a0vida para ter ades\u00e3o ao tratamento. As situa\u00e7\u00f5es da vida (SV) que podem impedir voc\u00ea [&hellip;]<\/p>\n","protected":false},"author":6761,"featured_media":0,"parent":0,"menu_order":0,"comment_status":"closed","ping_status":"closed","template":"","meta":{"footnotes":""},"categories":[65],"tags":[],"class_list":["post-1230","page","type-page","status-publish","hentry","category-projeto-conviva"],"acf":[],"_links":{"self":[{"href":"https:\/\/www.ufsm.br\/pet\/ciencia-da-computacao\/wp-json\/wp\/v2\/pages\/1230","targetHints":{"allow":["GET"]}}],"collection":[{"href":"https:\/\/www.ufsm.br\/pet\/ciencia-da-computacao\/wp-json\/wp\/v2\/pages"}],"about":[{"href":"https:\/\/www.ufsm.br\/pet\/ciencia-da-computacao\/wp-json\/wp\/v2\/types\/page"}],"author":[{"embeddable":true,"href":"https:\/\/www.ufsm.br\/pet\/ciencia-da-computacao\/wp-json\/wp\/v2\/users\/6761"}],"replies":[{"embeddable":true,"href":"https:\/\/www.ufsm.br\/pet\/ciencia-da-computacao\/wp-json\/wp\/v2\/comments?post=1230"}],"version-history":[{"count":0,"href":"https:\/\/www.ufsm.br\/pet\/ciencia-da-computacao\/wp-json\/wp\/v2\/pages\/1230\/revisions"}],"wp:attachment":[{"href":"https:\/\/www.ufsm.br\/pet\/ciencia-da-computacao\/wp-json\/wp\/v2\/media?parent=1230"}],"wp:term":[{"taxonomy":"category","embeddable":true,"href":"https:\/\/www.ufsm.br\/pet\/ciencia-da-computacao\/wp-json\/wp\/v2\/categories?post=1230"},{"taxonomy":"post_tag","embeddable":true,"href":"https:\/\/www.ufsm.br\/pet\/ciencia-da-computacao\/wp-json\/wp\/v2\/tags?post=1230"}],"curies":[{"name":"wp","href":"https:\/\/api.w.org\/{rel}","templated":true}]}}