{"id":1233,"date":"2023-04-16T22:37:58","date_gmt":"2023-04-17T01:37:58","guid":{"rendered":"https:\/\/www.ufsm.br\/pet\/ciencia-da-computacao\/?page_id=1233"},"modified":"2023-11-23T10:54:07","modified_gmt":"2023-11-23T13:54:07","slug":"conviva-9","status":"publish","type":"page","link":"https:\/\/www.ufsm.br\/pet\/ciencia-da-computacao\/conviva-9","title":{"rendered":"P\u00e1gina 9 &#8211; SV2 Medicamentos Antirretrovirais"},"content":{"rendered":"\t\t<div data-elementor-type=\"wp-page\" data-elementor-id=\"1233\" class=\"elementor elementor-1233\">\n\t\t\t\t\t\t<section class=\"elementor-section elementor-top-section elementor-element elementor-element-4b414a62 elementor-section-boxed elementor-section-height-default elementor-section-height-default\" data-id=\"4b414a62\" data-element_type=\"section\">\n\t\t\t\t\t\t<div class=\"elementor-container elementor-column-gap-default\">\n\t\t\t\t\t<div class=\"elementor-column elementor-col-100 elementor-top-column elementor-element elementor-element-2e77ab81\" data-id=\"2e77ab81\" data-element_type=\"column\">\n\t\t\t<div class=\"elementor-widget-wrap elementor-element-populated\">\n\t\t\t\t\t\t<div class=\"elementor-element elementor-element-16b0c026 elementor-widget elementor-widget-image\" data-id=\"16b0c026\" data-element_type=\"widget\" data-widget_type=\"image.default\">\n\t\t\t\t<div class=\"elementor-widget-container\">\n\t\t\t\t\t\t\t\t\t\t\t\t\t<img fetchpriority=\"high\" decoding=\"async\" width=\"300\" height=\"244\" src=\"https:\/\/www.ufsm.br\/app\/uploads\/sites\/786\/2023\/05\/Marca-Conviva-300x244.png\" class=\"attachment-medium size-medium wp-image-1299\" alt=\"\" srcset=\"https:\/\/www.ufsm.br\/app\/uploads\/sites\/786\/2023\/05\/Marca-Conviva-300x244.png 300w, https:\/\/www.ufsm.br\/app\/uploads\/sites\/786\/2023\/05\/Marca-Conviva-1024x833.png 1024w, https:\/\/www.ufsm.br\/app\/uploads\/sites\/786\/2023\/05\/Marca-Conviva-768x625.png 768w, https:\/\/www.ufsm.br\/app\/uploads\/sites\/786\/2023\/05\/Marca-Conviva-1536x1249.png 1536w, https:\/\/www.ufsm.br\/app\/uploads\/sites\/786\/2023\/05\/Marca-Conviva-2048x1666.png 2048w\" sizes=\"(max-width: 300px) 100vw, 300px\" \/>\t\t\t\t\t\t\t\t\t\t\t\t\t<\/div>\n\t\t\t\t<\/div>\n\t\t\t\t<section class=\"elementor-section elementor-inner-section elementor-element elementor-element-4b50d8a2 elementor-section-boxed elementor-section-height-default elementor-section-height-default\" data-id=\"4b50d8a2\" data-element_type=\"section\">\n\t\t\t\t\t\t<div class=\"elementor-container elementor-column-gap-default\">\n\t\t\t\t\t<div class=\"elementor-column elementor-col-50 elementor-inner-column elementor-element elementor-element-10782d27\" data-id=\"10782d27\" data-element_type=\"column\">\n\t\t\t<div class=\"elementor-widget-wrap elementor-element-populated\">\n\t\t\t\t\t\t<div class=\"elementor-element elementor-element-31c671f elementor-widget elementor-widget-image\" data-id=\"31c671f\" data-element_type=\"widget\" data-widget_type=\"image.default\">\n\t\t\t\t<div class=\"elementor-widget-container\">\n\t\t\t\t\t\t\t\t\t\t\t\t\t<img decoding=\"async\" width=\"300\" height=\"300\" src=\"https:\/\/www.ufsm.br\/app\/uploads\/sites\/786\/2023\/05\/figura6-300x300.png\" class=\"attachment-medium size-medium wp-image-1334\" alt=\"\" srcset=\"https:\/\/www.ufsm.br\/app\/uploads\/sites\/786\/2023\/05\/figura6-300x300.png 300w, https:\/\/www.ufsm.br\/app\/uploads\/sites\/786\/2023\/05\/figura6-1024x1024.png 1024w, https:\/\/www.ufsm.br\/app\/uploads\/sites\/786\/2023\/05\/figura6-150x150.png 150w, https:\/\/www.ufsm.br\/app\/uploads\/sites\/786\/2023\/05\/figura6-768x768.png 768w, https:\/\/www.ufsm.br\/app\/uploads\/sites\/786\/2023\/05\/figura6.png 1200w\" sizes=\"(max-width: 300px) 100vw, 300px\" \/>\t\t\t\t\t\t\t\t\t\t\t\t\t<\/div>\n\t\t\t\t<\/div>\n\t\t\t\t\t<\/div>\n\t\t<\/div>\n\t\t\t\t<div class=\"elementor-column elementor-col-50 elementor-inner-column elementor-element elementor-element-2606446b\" data-id=\"2606446b\" data-element_type=\"column\">\n\t\t\t<div class=\"elementor-widget-wrap elementor-element-populated\">\n\t\t\t\t\t\t<div class=\"elementor-element elementor-element-7021178c elementor-widget elementor-widget-text-editor\" data-id=\"7021178c\" data-element_type=\"widget\" data-widget_type=\"text-editor.default\">\n\t\t\t\t<div class=\"elementor-widget-container\">\n\t\t\t\t\t\t\t<p><!-- wp:group {\"layout\":{\"type\":\"constrained\"}} \/--><\/p>\n<p>&nbsp;<\/p>\n<p>&nbsp;<\/p>\n<p style=\"text-align: center\"><strong><em><span style=\"color: #000000;font-size: 16px;text-align: right\">Se voc\u00ea tiver que tomar muitos\u00a0comprimidos ou o medicamento\u00a0tiver gosto ruim ou cheiro forte.\t\t\t\t\t\t<\/div>\n\t\t\t\t<\/div>\n\t\t\t\t\t<\/div>\n\t\t<\/div>\n\t\t\t\t\t<\/div>\n\t\t<\/section>\n\t\t\t\t<div class=\"elementor-element elementor-element-66571691 elementor-widget elementor-widget-text-editor\" data-id=\"66571691\" data-element_type=\"widget\" data-widget_type=\"text-editor.default\">\n\t\t\t\t<div class=\"elementor-widget-container\">\n\t\t\t\t\t\t\t<p><strong><img decoding=\"async\" class=\"alignleft wp-image-1294\" src=\"https:\/\/www.ufsm.br\/app\/uploads\/sites\/786\/2023\/05\/Icone-Proposta01-150x150.png\" alt=\"\" width=\"85\" height=\"85\" srcset=\"https:\/\/www.ufsm.br\/app\/uploads\/sites\/786\/2023\/05\/Icone-Proposta01-150x150.png 150w, https:\/\/www.ufsm.br\/app\/uploads\/sites\/786\/2023\/05\/Icone-Proposta01-300x300.png 300w, https:\/\/www.ufsm.br\/app\/uploads\/sites\/786\/2023\/05\/Icone-Proposta01-1024x1024.png 1024w, https:\/\/www.ufsm.br\/app\/uploads\/sites\/786\/2023\/05\/Icone-Proposta01-768x768.png 768w, https:\/\/www.ufsm.br\/app\/uploads\/sites\/786\/2023\/05\/Icone-Proposta01-1536x1536.png 1536w, https:\/\/www.ufsm.br\/app\/uploads\/sites\/786\/2023\/05\/Icone-Proposta01-2048x2048.png 2048w\" sizes=\"(max-width: 85px) 100vw, 85px\" \/><br><\/strong><strong>Proposi\u00e7\u00e3o de solu\u00e7\u00e3o:<\/strong>&nbsp;O tratamento medicamentoso&nbsp;est\u00e1 em constante evolu\u00e7\u00e3o para ser mais eficaz e&nbsp;facilitar seu uso. Atualmente, o n\u00famero de comprimidos diminuiu, pois&nbsp;englobam mais de um tipo de antirretroviral em um&nbsp;\u00fanico comprimido. Al\u00e9m disso, houve melhora quanto&nbsp;ao gosto e ao cheiro.&nbsp;Converse com um membro da equipe de sa\u00fade (pode&nbsp;ser enfermeiro, farmac\u00eautico, m\u00e9dico, psic\u00f3logo, ou&nbsp;outro profissional com quem voc\u00ea tenha v\u00ednculo) a fim&nbsp;de encontrar os medicamentos adequados e obter mais&nbsp;informa\u00e7\u00f5es sobre isso.<\/p>\n<p><img loading=\"lazy\" decoding=\"async\" class=\"alignleft wp-image-1297\" src=\"https:\/\/www.ufsm.br\/app\/uploads\/sites\/786\/2023\/05\/Icone-Atencao01-150x150.png\" alt=\"\" width=\"85\" height=\"85\" srcset=\"https:\/\/www.ufsm.br\/app\/uploads\/sites\/786\/2023\/05\/Icone-Atencao01-150x150.png 150w, https:\/\/www.ufsm.br\/app\/uploads\/sites\/786\/2023\/05\/Icone-Atencao01-300x300.png 300w, https:\/\/www.ufsm.br\/app\/uploads\/sites\/786\/2023\/05\/Icone-Atencao01-1024x1024.png 1024w, https:\/\/www.ufsm.br\/app\/uploads\/sites\/786\/2023\/05\/Icone-Atencao01-768x768.png 768w, https:\/\/www.ufsm.br\/app\/uploads\/sites\/786\/2023\/05\/Icone-Atencao01-1536x1536.png 1536w, https:\/\/www.ufsm.br\/app\/uploads\/sites\/786\/2023\/05\/Icone-Atencao01-2048x2048.png 2048w\" sizes=\"(max-width: 85px) 100vw, 85px\" \/><br><span style=\"font-weight: 400\">Mas lembre-se: N\u00e3o deixe de realizar seu tratamento!<\/span><\/p>\t\t\t\t\t\t<\/div>\n\t\t\t\t<\/div>\n\t\t\t\t<section class=\"elementor-section elementor-inner-section elementor-element elementor-element-34fb52e5 elementor-section-content-middle elementor-section-boxed elementor-section-height-default elementor-section-height-default\" data-id=\"34fb52e5\" data-element_type=\"section\">\n\t\t\t\t\t\t<div class=\"elementor-container elementor-column-gap-default\">\n\t\t\t\t\t<div class=\"elementor-column elementor-col-33 elementor-inner-column elementor-element elementor-element-c9a40a7\" data-id=\"c9a40a7\" data-element_type=\"column\">\n\t\t\t<div class=\"elementor-widget-wrap elementor-element-populated\">\n\t\t\t\t\t\t<div class=\"elementor-element elementor-element-74688d65 elementor-align-center elementor-widget elementor-widget-button\" data-id=\"74688d65\" data-element_type=\"widget\" data-widget_type=\"button.default\">\n\t\t\t\t<div class=\"elementor-widget-container\">\n\t\t\t\t\t\t\t<div class=\"elementor-button-wrapper\">\n\t\t\t\t\t<a class=\"elementor-button elementor-button-link elementor-size-sm elementor-animation-grow\" href=\"https:\/\/www.ufsm.br\/pet\/ciencia-da-computacao\/conviva-1\">\n\t\t\t\t\t\t<span class=\"elementor-button-content-wrapper\">\n\t\t\t\t\t\t<span class=\"elementor-button-icon\">\n\t\t\t\t<i aria-hidden=\"true\" class=\"fas fa-home\"><\/i>\t\t\t<\/span>\n\t\t\t\t\t\t\t\t\t<span class=\"elementor-button-text\">Voltar para a P\u00e1gina Inicial<\/span>\n\t\t\t\t\t<\/span>\n\t\t\t\t\t<\/a>\n\t\t\t\t<\/div>\n\t\t\t\t\t\t<\/div>\n\t\t\t\t<\/div>\n\t\t\t\t\t<\/div>\n\t\t<\/div>\n\t\t\t\t<div class=\"elementor-column elementor-col-33 elementor-inner-column elementor-element elementor-element-72b4d128\" data-id=\"72b4d128\" data-element_type=\"column\">\n\t\t\t<div class=\"elementor-widget-wrap elementor-element-populated\">\n\t\t\t\t\t\t<div class=\"elementor-element elementor-element-2cdac0bf elementor-align-center elementor-widget elementor-widget-button\" data-id=\"2cdac0bf\" data-element_type=\"widget\" data-widget_type=\"button.default\">\n\t\t\t\t<div class=\"elementor-widget-container\">\n\t\t\t\t\t\t\t<div class=\"elementor-button-wrapper\">\n\t\t\t\t\t<a class=\"elementor-button elementor-button-link elementor-size-sm elementor-animation-grow\" href=\"https:\/\/www.ufsm.br\/pet\/ciencia-da-computacao\/conviva-7\">\n\t\t\t\t\t\t<span class=\"elementor-button-content-wrapper\">\n\t\t\t\t\t\t<span class=\"elementor-button-icon\">\n\t\t\t\t<i aria-hidden=\"true\" class=\"fas fa-align-justify\"><\/i>\t\t\t<\/span>\n\t\t\t\t\t\t\t\t\t<span class=\"elementor-button-text\">Voltar ao Menu             <\/span>\n\t\t\t\t\t<\/span>\n\t\t\t\t\t<\/a>\n\t\t\t\t<\/div>\n\t\t\t\t\t\t<\/div>\n\t\t\t\t<\/div>\n\t\t\t\t\t<\/div>\n\t\t<\/div>\n\t\t\t\t<div class=\"elementor-column elementor-col-33 elementor-inner-column elementor-element elementor-element-2d27adf8\" data-id=\"2d27adf8\" data-element_type=\"column\">\n\t\t\t<div class=\"elementor-widget-wrap elementor-element-populated\">\n\t\t\t\t\t\t<div class=\"elementor-element elementor-element-67f4e205 elementor-align-center elementor-widget elementor-widget-button\" data-id=\"67f4e205\" data-element_type=\"widget\" data-widget_type=\"button.default\">\n\t\t\t\t<div class=\"elementor-widget-container\">\n\t\t\t\t\t\t\t<div class=\"elementor-button-wrapper\">\n\t\t\t\t\t<a class=\"elementor-button elementor-button-link elementor-size-sm elementor-animation-grow\" href=\"https:\/\/www.ufsm.br\/pet\/ciencia-da-computacao\/conviva-10\">\n\t\t\t\t\t\t<span class=\"elementor-button-content-wrapper\">\n\t\t\t\t\t\t<span class=\"elementor-button-icon\">\n\t\t\t\t<i aria-hidden=\"true\" class=\"fas fa-arrow-right\"><\/i>\t\t\t<\/span>\n\t\t\t\t\t\t\t\t\t<span class=\"elementor-button-text\">Pr\u00f3xima Situa\u00e7\u00e3o de Vida<\/span>\n\t\t\t\t\t<\/span>\n\t\t\t\t\t<\/a>\n\t\t\t\t<\/div>\n\t\t\t\t\t\t<\/div>\n\t\t\t\t<\/div>\n\t\t\t\t\t<\/div>\n\t\t<\/div>\n\t\t\t\t\t<\/div>\n\t\t<\/section>\n\t\t\t\t<div class=\"elementor-element elementor-element-26253fcb elementor-widget elementor-widget-image\" data-id=\"26253fcb\" data-element_type=\"widget\" data-widget_type=\"image.default\">\n\t\t\t\t<div class=\"elementor-widget-container\">\n\t\t\t\t\t\t\t\t\t\t\t\t\t<img loading=\"lazy\" decoding=\"async\" width=\"799\" height=\"89\" src=\"https:\/\/www.ufsm.br\/app\/uploads\/sites\/786\/2023\/05\/Among-Us.url_.png\" class=\"attachment-large size-large wp-image-1302\" alt=\"\" srcset=\"https:\/\/www.ufsm.br\/app\/uploads\/sites\/786\/2023\/05\/Among-Us.url_.png 799w, https:\/\/www.ufsm.br\/app\/uploads\/sites\/786\/2023\/05\/Among-Us.url_-300x33.png 300w, https:\/\/www.ufsm.br\/app\/uploads\/sites\/786\/2023\/05\/Among-Us.url_-768x86.png 768w\" sizes=\"(max-width: 799px) 100vw, 799px\" \/>\t\t\t\t\t\t\t\t\t\t\t\t\t<\/div>\n\t\t\t\t<\/div>\n\t\t\t\t\t<\/div>\n\t\t<\/div>\n\t\t\t\t\t<\/div>\n\t\t<\/section>\n\t\t\t\t<\/div>\n\t\t","protected":false},"excerpt":{"rendered":"<p>&nbsp; &nbsp; Se voc\u00ea tiver que tomar muitos\u00a0comprimidos ou o medicamento\u00a0tiver gosto ruim ou cheiro forte. Proposi\u00e7\u00e3o de solu\u00e7\u00e3o:&nbsp;O tratamento medicamentoso&nbsp;est\u00e1 em constante evolu\u00e7\u00e3o para ser mais eficaz e&nbsp;facilitar seu uso. Atualmente, o n\u00famero de comprimidos diminuiu, pois&nbsp;englobam mais de um tipo de antirretroviral em um&nbsp;\u00fanico comprimido. Al\u00e9m disso, houve melhora quanto&nbsp;ao gosto e ao [&hellip;]<\/p>\n","protected":false},"author":6761,"featured_media":0,"parent":0,"menu_order":0,"comment_status":"closed","ping_status":"closed","template":"","meta":{"footnotes":""},"categories":[65],"tags":[],"class_list":["post-1233","page","type-page","status-publish","hentry","category-projeto-conviva"],"acf":[],"_links":{"self":[{"href":"https:\/\/www.ufsm.br\/pet\/ciencia-da-computacao\/wp-json\/wp\/v2\/pages\/1233","targetHints":{"allow":["GET"]}}],"collection":[{"href":"https:\/\/www.ufsm.br\/pet\/ciencia-da-computacao\/wp-json\/wp\/v2\/pages"}],"about":[{"href":"https:\/\/www.ufsm.br\/pet\/ciencia-da-computacao\/wp-json\/wp\/v2\/types\/page"}],"author":[{"embeddable":true,"href":"https:\/\/www.ufsm.br\/pet\/ciencia-da-computacao\/wp-json\/wp\/v2\/users\/6761"}],"replies":[{"embeddable":true,"href":"https:\/\/www.ufsm.br\/pet\/ciencia-da-computacao\/wp-json\/wp\/v2\/comments?post=1233"}],"version-history":[{"count":0,"href":"https:\/\/www.ufsm.br\/pet\/ciencia-da-computacao\/wp-json\/wp\/v2\/pages\/1233\/revisions"}],"wp:attachment":[{"href":"https:\/\/www.ufsm.br\/pet\/ciencia-da-computacao\/wp-json\/wp\/v2\/media?parent=1233"}],"wp:term":[{"taxonomy":"category","embeddable":true,"href":"https:\/\/www.ufsm.br\/pet\/ciencia-da-computacao\/wp-json\/wp\/v2\/categories?post=1233"},{"taxonomy":"post_tag","embeddable":true,"href":"https:\/\/www.ufsm.br\/pet\/ciencia-da-computacao\/wp-json\/wp\/v2\/tags?post=1233"}],"curies":[{"name":"wp","href":"https:\/\/api.w.org\/{rel}","templated":true}]}}