{"id":1234,"date":"2023-04-16T22:38:38","date_gmt":"2023-04-17T01:38:38","guid":{"rendered":"https:\/\/www.ufsm.br\/pet\/ciencia-da-computacao\/?page_id=1234"},"modified":"2023-11-23T11:12:32","modified_gmt":"2023-11-23T14:12:32","slug":"conviva-10","status":"publish","type":"page","link":"https:\/\/www.ufsm.br\/pet\/ciencia-da-computacao\/conviva-10","title":{"rendered":"P\u00e1gina 10 &#8211; SV3 Efeitos Colaterais"},"content":{"rendered":"\t\t<div data-elementor-type=\"wp-page\" data-elementor-id=\"1234\" class=\"elementor elementor-1234\">\n\t\t\t\t\t\t<section class=\"elementor-section elementor-top-section elementor-element elementor-element-30a4d312 elementor-section-boxed elementor-section-height-default elementor-section-height-default\" data-id=\"30a4d312\" data-element_type=\"section\">\n\t\t\t\t\t\t<div class=\"elementor-container elementor-column-gap-default\">\n\t\t\t\t\t<div class=\"elementor-column elementor-col-100 elementor-top-column elementor-element elementor-element-49974508\" data-id=\"49974508\" data-element_type=\"column\">\n\t\t\t<div class=\"elementor-widget-wrap elementor-element-populated\">\n\t\t\t\t\t\t<div class=\"elementor-element elementor-element-59578270 elementor-widget elementor-widget-image\" data-id=\"59578270\" data-element_type=\"widget\" data-widget_type=\"image.default\">\n\t\t\t\t<div class=\"elementor-widget-container\">\n\t\t\t\t\t\t\t\t\t\t\t\t\t<img fetchpriority=\"high\" decoding=\"async\" width=\"300\" height=\"244\" src=\"https:\/\/www.ufsm.br\/app\/uploads\/sites\/786\/2023\/05\/Marca-Conviva-300x244.png\" class=\"attachment-medium size-medium wp-image-1299\" alt=\"\" srcset=\"https:\/\/www.ufsm.br\/app\/uploads\/sites\/786\/2023\/05\/Marca-Conviva-300x244.png 300w, https:\/\/www.ufsm.br\/app\/uploads\/sites\/786\/2023\/05\/Marca-Conviva-1024x833.png 1024w, https:\/\/www.ufsm.br\/app\/uploads\/sites\/786\/2023\/05\/Marca-Conviva-768x625.png 768w, https:\/\/www.ufsm.br\/app\/uploads\/sites\/786\/2023\/05\/Marca-Conviva-1536x1249.png 1536w, https:\/\/www.ufsm.br\/app\/uploads\/sites\/786\/2023\/05\/Marca-Conviva-2048x1666.png 2048w\" sizes=\"(max-width: 300px) 100vw, 300px\" \/>\t\t\t\t\t\t\t\t\t\t\t\t\t<\/div>\n\t\t\t\t<\/div>\n\t\t\t\t<section class=\"elementor-section elementor-inner-section elementor-element elementor-element-ee06806 elementor-section-boxed elementor-section-height-default elementor-section-height-default\" data-id=\"ee06806\" data-element_type=\"section\">\n\t\t\t\t\t\t<div class=\"elementor-container elementor-column-gap-default\">\n\t\t\t\t\t<div class=\"elementor-column elementor-col-50 elementor-inner-column elementor-element elementor-element-5f9b1746\" data-id=\"5f9b1746\" data-element_type=\"column\">\n\t\t\t<div class=\"elementor-widget-wrap elementor-element-populated\">\n\t\t\t\t\t\t<div class=\"elementor-element elementor-element-708780cc elementor-widget elementor-widget-image\" data-id=\"708780cc\" data-element_type=\"widget\" data-widget_type=\"image.default\">\n\t\t\t\t<div class=\"elementor-widget-container\">\n\t\t\t\t\t\t\t\t\t\t\t\t\t<img decoding=\"async\" width=\"300\" height=\"300\" src=\"https:\/\/www.ufsm.br\/app\/uploads\/sites\/786\/2023\/05\/figura7-300x300.png\" class=\"attachment-medium size-medium wp-image-1335\" alt=\"\" srcset=\"https:\/\/www.ufsm.br\/app\/uploads\/sites\/786\/2023\/05\/figura7-300x300.png 300w, https:\/\/www.ufsm.br\/app\/uploads\/sites\/786\/2023\/05\/figura7-1024x1024.png 1024w, https:\/\/www.ufsm.br\/app\/uploads\/sites\/786\/2023\/05\/figura7-150x150.png 150w, https:\/\/www.ufsm.br\/app\/uploads\/sites\/786\/2023\/05\/figura7-768x768.png 768w, https:\/\/www.ufsm.br\/app\/uploads\/sites\/786\/2023\/05\/figura7.png 1200w\" sizes=\"(max-width: 300px) 100vw, 300px\" \/>\t\t\t\t\t\t\t\t\t\t\t\t\t<\/div>\n\t\t\t\t<\/div>\n\t\t\t\t\t<\/div>\n\t\t<\/div>\n\t\t\t\t<div class=\"elementor-column elementor-col-50 elementor-inner-column elementor-element elementor-element-248ff49c\" data-id=\"248ff49c\" data-element_type=\"column\">\n\t\t\t<div class=\"elementor-widget-wrap elementor-element-populated\">\n\t\t\t\t\t\t<div class=\"elementor-element elementor-element-7a5517c elementor-widget elementor-widget-text-editor\" data-id=\"7a5517c\" data-element_type=\"widget\" data-widget_type=\"text-editor.default\">\n\t\t\t\t<div class=\"elementor-widget-container\">\n\t\t\t\t\t\t\t<p><!-- wp:group {\"layout\":{\"type\":\"constrained\"}} \/--><\/p>\n<p>&nbsp;<\/p>\n<p>&nbsp;<\/p>\n<p style=\"text-align: center\"><strong><em><span style=\"color: #000000;font-size: 16px;text-align: right\">Se os medicamentos estiverem causando algum efeito ruim no seu corpo, como, por exemplo: n\u00e1useas, diarreia, alucina\u00e7\u00f5es, problemas no sono, dor de cabe\u00e7a, dentre outros<\/span><\/em><\/strong><\/p>\t\t\t\t\t\t<\/div>\n\t\t\t\t<\/div>\n\t\t\t\t\t<\/div>\n\t\t<\/div>\n\t\t\t\t\t<\/div>\n\t\t<\/section>\n\t\t\t\t<div class=\"elementor-element elementor-element-f93b2f2 elementor-widget elementor-widget-text-editor\" data-id=\"f93b2f2\" data-element_type=\"widget\" data-widget_type=\"text-editor.default\">\n\t\t\t\t<div class=\"elementor-widget-container\">\n\t\t\t\t\t\t\t<p><b><img decoding=\"async\" class=\"alignleft wp-image-1294\" src=\"https:\/\/www.ufsm.br\/app\/uploads\/sites\/786\/2023\/05\/Icone-Proposta01-150x150.png\" alt=\"\" width=\"85\" height=\"85\" srcset=\"https:\/\/www.ufsm.br\/app\/uploads\/sites\/786\/2023\/05\/Icone-Proposta01-150x150.png 150w, https:\/\/www.ufsm.br\/app\/uploads\/sites\/786\/2023\/05\/Icone-Proposta01-300x300.png 300w, https:\/\/www.ufsm.br\/app\/uploads\/sites\/786\/2023\/05\/Icone-Proposta01-1024x1024.png 1024w, https:\/\/www.ufsm.br\/app\/uploads\/sites\/786\/2023\/05\/Icone-Proposta01-768x768.png 768w, https:\/\/www.ufsm.br\/app\/uploads\/sites\/786\/2023\/05\/Icone-Proposta01-1536x1536.png 1536w, https:\/\/www.ufsm.br\/app\/uploads\/sites\/786\/2023\/05\/Icone-Proposta01-2048x2048.png 2048w\" sizes=\"(max-width: 85px) 100vw, 85px\" \/><br \/>Proposi\u00e7\u00e3o de solu\u00e7\u00e3o:<\/b><span style=\"font-weight: 400\"> Os efeitos colaterais costumam passar ap\u00f3s algum tempo de uso cont\u00ednuo.\u00a0<\/span><\/p>\n<p><span style=\"font-weight: 400\">Se isso n\u00e3o ocorrer, converse com a equipe de sa\u00fade (pode ser enfermeiro, farmac\u00eautico, m\u00e9dico, psic\u00f3logo, ou outro profissional com quem voc\u00ea tenha v\u00ednculo) que lhe acompanha no tratamento, pois h\u00e1 mais op\u00e7\u00f5es de medicamentos para HIV e rem\u00e9dios que podem aliviar esses efeitos.<\/span><\/p>\n<p><span style=\"font-weight: 400\"><img loading=\"lazy\" decoding=\"async\" class=\"alignleft wp-image-1297\" src=\"https:\/\/www.ufsm.br\/app\/uploads\/sites\/786\/2023\/05\/Icone-Atencao01-150x150.png\" alt=\"\" width=\"85\" height=\"85\" srcset=\"https:\/\/www.ufsm.br\/app\/uploads\/sites\/786\/2023\/05\/Icone-Atencao01-150x150.png 150w, https:\/\/www.ufsm.br\/app\/uploads\/sites\/786\/2023\/05\/Icone-Atencao01-300x300.png 300w, https:\/\/www.ufsm.br\/app\/uploads\/sites\/786\/2023\/05\/Icone-Atencao01-1024x1024.png 1024w, https:\/\/www.ufsm.br\/app\/uploads\/sites\/786\/2023\/05\/Icone-Atencao01-768x768.png 768w, https:\/\/www.ufsm.br\/app\/uploads\/sites\/786\/2023\/05\/Icone-Atencao01-1536x1536.png 1536w, https:\/\/www.ufsm.br\/app\/uploads\/sites\/786\/2023\/05\/Icone-Atencao01-2048x2048.png 2048w\" sizes=\"(max-width: 85px) 100vw, 85px\" \/><br \/><\/span><span style=\"font-weight: 400\">Mas lembre-se: N\u00e3o deixe de tom\u00e1-los!<\/span><\/p>\t\t\t\t\t\t<\/div>\n\t\t\t\t<\/div>\n\t\t\t\t<section class=\"elementor-section elementor-inner-section elementor-element elementor-element-583c00c2 elementor-section-content-middle elementor-section-boxed elementor-section-height-default elementor-section-height-default\" data-id=\"583c00c2\" data-element_type=\"section\">\n\t\t\t\t\t\t<div class=\"elementor-container elementor-column-gap-default\">\n\t\t\t\t\t<div class=\"elementor-column elementor-col-33 elementor-inner-column elementor-element elementor-element-19edbed9\" data-id=\"19edbed9\" data-element_type=\"column\">\n\t\t\t<div class=\"elementor-widget-wrap elementor-element-populated\">\n\t\t\t\t\t\t<div class=\"elementor-element elementor-element-32802b elementor-align-center elementor-widget elementor-widget-button\" data-id=\"32802b\" data-element_type=\"widget\" data-widget_type=\"button.default\">\n\t\t\t\t<div class=\"elementor-widget-container\">\n\t\t\t\t\t\t\t<div class=\"elementor-button-wrapper\">\n\t\t\t\t\t<a class=\"elementor-button elementor-button-link elementor-size-sm elementor-animation-grow\" href=\"https:\/\/www.ufsm.br\/pet\/ciencia-da-computacao\/conviva-1\">\n\t\t\t\t\t\t<span class=\"elementor-button-content-wrapper\">\n\t\t\t\t\t\t<span class=\"elementor-button-icon\">\n\t\t\t\t<i aria-hidden=\"true\" class=\"fas fa-home\"><\/i>\t\t\t<\/span>\n\t\t\t\t\t\t\t\t\t<span class=\"elementor-button-text\">Voltar para a P\u00e1gina Inicial<\/span>\n\t\t\t\t\t<\/span>\n\t\t\t\t\t<\/a>\n\t\t\t\t<\/div>\n\t\t\t\t\t\t<\/div>\n\t\t\t\t<\/div>\n\t\t\t\t\t<\/div>\n\t\t<\/div>\n\t\t\t\t<div class=\"elementor-column elementor-col-33 elementor-inner-column elementor-element elementor-element-1341cf40\" data-id=\"1341cf40\" data-element_type=\"column\">\n\t\t\t<div class=\"elementor-widget-wrap elementor-element-populated\">\n\t\t\t\t\t\t<div class=\"elementor-element elementor-element-66e6b5b7 elementor-align-center elementor-widget elementor-widget-button\" data-id=\"66e6b5b7\" data-element_type=\"widget\" data-widget_type=\"button.default\">\n\t\t\t\t<div class=\"elementor-widget-container\">\n\t\t\t\t\t\t\t<div class=\"elementor-button-wrapper\">\n\t\t\t\t\t<a class=\"elementor-button elementor-button-link elementor-size-sm elementor-animation-grow\" href=\"https:\/\/www.ufsm.br\/pet\/ciencia-da-computacao\/conviva-7\">\n\t\t\t\t\t\t<span class=\"elementor-button-content-wrapper\">\n\t\t\t\t\t\t<span class=\"elementor-button-icon\">\n\t\t\t\t<i aria-hidden=\"true\" class=\"fas fa-align-justify\"><\/i>\t\t\t<\/span>\n\t\t\t\t\t\t\t\t\t<span class=\"elementor-button-text\">Voltar ao Menu<\/span>\n\t\t\t\t\t<\/span>\n\t\t\t\t\t<\/a>\n\t\t\t\t<\/div>\n\t\t\t\t\t\t<\/div>\n\t\t\t\t<\/div>\n\t\t\t\t\t<\/div>\n\t\t<\/div>\n\t\t\t\t<div class=\"elementor-column elementor-col-33 elementor-inner-column elementor-element elementor-element-7b0993c8\" data-id=\"7b0993c8\" data-element_type=\"column\">\n\t\t\t<div class=\"elementor-widget-wrap elementor-element-populated\">\n\t\t\t\t\t\t<div class=\"elementor-element elementor-element-1f6a6331 elementor-align-center elementor-widget elementor-widget-button\" data-id=\"1f6a6331\" data-element_type=\"widget\" data-widget_type=\"button.default\">\n\t\t\t\t<div class=\"elementor-widget-container\">\n\t\t\t\t\t\t\t<div class=\"elementor-button-wrapper\">\n\t\t\t\t\t<a class=\"elementor-button elementor-button-link elementor-size-sm elementor-animation-grow\" href=\"https:\/\/www.ufsm.br\/pet\/ciencia-da-computacao\/conviva-11\">\n\t\t\t\t\t\t<span class=\"elementor-button-content-wrapper\">\n\t\t\t\t\t\t<span class=\"elementor-button-icon\">\n\t\t\t\t<i aria-hidden=\"true\" class=\"fas fa-arrow-right\"><\/i>\t\t\t<\/span>\n\t\t\t\t\t\t\t\t\t<span class=\"elementor-button-text\">Pr\u00f3xima Situa\u00e7\u00e3o de Vida<\/span>\n\t\t\t\t\t<\/span>\n\t\t\t\t\t<\/a>\n\t\t\t\t<\/div>\n\t\t\t\t\t\t<\/div>\n\t\t\t\t<\/div>\n\t\t\t\t\t<\/div>\n\t\t<\/div>\n\t\t\t\t\t<\/div>\n\t\t<\/section>\n\t\t\t\t<div class=\"elementor-element elementor-element-7ad9d000 elementor-widget elementor-widget-image\" data-id=\"7ad9d000\" data-element_type=\"widget\" data-widget_type=\"image.default\">\n\t\t\t\t<div class=\"elementor-widget-container\">\n\t\t\t\t\t\t\t\t\t\t\t\t\t<img loading=\"lazy\" decoding=\"async\" width=\"799\" height=\"89\" src=\"https:\/\/www.ufsm.br\/app\/uploads\/sites\/786\/2023\/05\/Among-Us.url_.png\" class=\"attachment-large size-large wp-image-1302\" alt=\"\" srcset=\"https:\/\/www.ufsm.br\/app\/uploads\/sites\/786\/2023\/05\/Among-Us.url_.png 799w, https:\/\/www.ufsm.br\/app\/uploads\/sites\/786\/2023\/05\/Among-Us.url_-300x33.png 300w, https:\/\/www.ufsm.br\/app\/uploads\/sites\/786\/2023\/05\/Among-Us.url_-768x86.png 768w\" sizes=\"(max-width: 799px) 100vw, 799px\" \/>\t\t\t\t\t\t\t\t\t\t\t\t\t<\/div>\n\t\t\t\t<\/div>\n\t\t\t\t\t<\/div>\n\t\t<\/div>\n\t\t\t\t\t<\/div>\n\t\t<\/section>\n\t\t\t\t<\/div>\n\t\t","protected":false},"excerpt":{"rendered":"<p>&nbsp; &nbsp; Se os medicamentos estiverem causando algum efeito ruim no seu corpo, como, por exemplo: n\u00e1useas, diarreia, alucina\u00e7\u00f5es, problemas no sono, dor de cabe\u00e7a, dentre outros Proposi\u00e7\u00e3o de solu\u00e7\u00e3o: Os efeitos colaterais costumam passar ap\u00f3s algum tempo de uso cont\u00ednuo.\u00a0 Se isso n\u00e3o ocorrer, converse com a equipe de sa\u00fade (pode ser enfermeiro, farmac\u00eautico, [&hellip;]<\/p>\n","protected":false},"author":6761,"featured_media":0,"parent":0,"menu_order":0,"comment_status":"closed","ping_status":"closed","template":"","meta":{"footnotes":""},"categories":[65],"tags":[],"class_list":["post-1234","page","type-page","status-publish","hentry","category-projeto-conviva"],"acf":[],"_links":{"self":[{"href":"https:\/\/www.ufsm.br\/pet\/ciencia-da-computacao\/wp-json\/wp\/v2\/pages\/1234","targetHints":{"allow":["GET"]}}],"collection":[{"href":"https:\/\/www.ufsm.br\/pet\/ciencia-da-computacao\/wp-json\/wp\/v2\/pages"}],"about":[{"href":"https:\/\/www.ufsm.br\/pet\/ciencia-da-computacao\/wp-json\/wp\/v2\/types\/page"}],"author":[{"embeddable":true,"href":"https:\/\/www.ufsm.br\/pet\/ciencia-da-computacao\/wp-json\/wp\/v2\/users\/6761"}],"replies":[{"embeddable":true,"href":"https:\/\/www.ufsm.br\/pet\/ciencia-da-computacao\/wp-json\/wp\/v2\/comments?post=1234"}],"version-history":[{"count":0,"href":"https:\/\/www.ufsm.br\/pet\/ciencia-da-computacao\/wp-json\/wp\/v2\/pages\/1234\/revisions"}],"wp:attachment":[{"href":"https:\/\/www.ufsm.br\/pet\/ciencia-da-computacao\/wp-json\/wp\/v2\/media?parent=1234"}],"wp:term":[{"taxonomy":"category","embeddable":true,"href":"https:\/\/www.ufsm.br\/pet\/ciencia-da-computacao\/wp-json\/wp\/v2\/categories?post=1234"},{"taxonomy":"post_tag","embeddable":true,"href":"https:\/\/www.ufsm.br\/pet\/ciencia-da-computacao\/wp-json\/wp\/v2\/tags?post=1234"}],"curies":[{"name":"wp","href":"https:\/\/api.w.org\/{rel}","templated":true}]}}