{"id":1240,"date":"2023-04-16T22:49:40","date_gmt":"2023-04-17T01:49:40","guid":{"rendered":"https:\/\/www.ufsm.br\/pet\/ciencia-da-computacao\/?page_id=1240"},"modified":"2023-11-23T10:53:32","modified_gmt":"2023-11-23T13:53:32","slug":"conviva-16","status":"publish","type":"page","link":"https:\/\/www.ufsm.br\/pet\/ciencia-da-computacao\/conviva-16","title":{"rendered":"P\u00e1gina 16 &#8211; SV9 Preocupa\u00e7\u00f5es quanto aos Efeitos dos Antirretrovirais"},"content":{"rendered":"\t\t<div data-elementor-type=\"wp-page\" data-elementor-id=\"1240\" class=\"elementor elementor-1240\">\n\t\t\t\t\t\t<section class=\"elementor-section elementor-top-section elementor-element elementor-element-3357f4c8 elementor-section-boxed elementor-section-height-default elementor-section-height-default\" data-id=\"3357f4c8\" data-element_type=\"section\">\n\t\t\t\t\t\t<div class=\"elementor-container elementor-column-gap-default\">\n\t\t\t\t\t<div class=\"elementor-column elementor-col-100 elementor-top-column elementor-element elementor-element-1041438c\" data-id=\"1041438c\" data-element_type=\"column\">\n\t\t\t<div class=\"elementor-widget-wrap elementor-element-populated\">\n\t\t\t\t\t\t<div class=\"elementor-element elementor-element-18d12cf7 elementor-widget elementor-widget-image\" data-id=\"18d12cf7\" data-element_type=\"widget\" data-widget_type=\"image.default\">\n\t\t\t\t<div class=\"elementor-widget-container\">\n\t\t\t\t\t\t\t\t\t\t\t\t\t<img fetchpriority=\"high\" decoding=\"async\" width=\"300\" height=\"244\" src=\"https:\/\/www.ufsm.br\/app\/uploads\/sites\/786\/2023\/05\/Marca-Conviva-300x244.png\" class=\"attachment-medium size-medium wp-image-1299\" alt=\"\" srcset=\"https:\/\/www.ufsm.br\/app\/uploads\/sites\/786\/2023\/05\/Marca-Conviva-300x244.png 300w, https:\/\/www.ufsm.br\/app\/uploads\/sites\/786\/2023\/05\/Marca-Conviva-1024x833.png 1024w, https:\/\/www.ufsm.br\/app\/uploads\/sites\/786\/2023\/05\/Marca-Conviva-768x625.png 768w, https:\/\/www.ufsm.br\/app\/uploads\/sites\/786\/2023\/05\/Marca-Conviva-1536x1249.png 1536w, https:\/\/www.ufsm.br\/app\/uploads\/sites\/786\/2023\/05\/Marca-Conviva-2048x1666.png 2048w\" sizes=\"(max-width: 300px) 100vw, 300px\" \/>\t\t\t\t\t\t\t\t\t\t\t\t\t<\/div>\n\t\t\t\t<\/div>\n\t\t\t\t<section class=\"elementor-section elementor-inner-section elementor-element elementor-element-d190853 elementor-section-boxed elementor-section-height-default elementor-section-height-default\" data-id=\"d190853\" data-element_type=\"section\">\n\t\t\t\t\t\t<div class=\"elementor-container elementor-column-gap-default\">\n\t\t\t\t\t<div class=\"elementor-column elementor-col-100 elementor-inner-column elementor-element elementor-element-3e43008b\" data-id=\"3e43008b\" data-element_type=\"column\">\n\t\t\t<div class=\"elementor-widget-wrap elementor-element-populated\">\n\t\t\t\t\t\t<div class=\"elementor-element elementor-element-5ea81ae7 elementor-widget elementor-widget-image\" data-id=\"5ea81ae7\" data-element_type=\"widget\" data-widget_type=\"image.default\">\n\t\t\t\t<div class=\"elementor-widget-container\">\n\t\t\t\t\t\t\t\t\t\t\t\t\t<img decoding=\"async\" width=\"300\" height=\"300\" src=\"https:\/\/www.ufsm.br\/app\/uploads\/sites\/786\/2023\/05\/figura13-300x300.png\" class=\"attachment-medium size-medium wp-image-1341\" alt=\"\" srcset=\"https:\/\/www.ufsm.br\/app\/uploads\/sites\/786\/2023\/05\/figura13-300x300.png 300w, https:\/\/www.ufsm.br\/app\/uploads\/sites\/786\/2023\/05\/figura13-1024x1024.png 1024w, https:\/\/www.ufsm.br\/app\/uploads\/sites\/786\/2023\/05\/figura13-150x150.png 150w, https:\/\/www.ufsm.br\/app\/uploads\/sites\/786\/2023\/05\/figura13-768x768.png 768w, https:\/\/www.ufsm.br\/app\/uploads\/sites\/786\/2023\/05\/figura13.png 1200w\" sizes=\"(max-width: 300px) 100vw, 300px\" \/>\t\t\t\t\t\t\t\t\t\t\t\t\t<\/div>\n\t\t\t\t<\/div>\n\t\t\t\t\t<\/div>\n\t\t<\/div>\n\t\t\t\t\t<\/div>\n\t\t<\/section>\n\t\t\t\t<div class=\"elementor-element elementor-element-50e04e72 elementor-widget elementor-widget-text-editor\" data-id=\"50e04e72\" data-element_type=\"widget\" data-widget_type=\"text-editor.default\">\n\t\t\t\t<div class=\"elementor-widget-container\">\n\t\t\t\t\t\t\t<p><strong><img decoding=\"async\" class=\"alignleft wp-image-1294\" src=\"https:\/\/www.ufsm.br\/app\/uploads\/sites\/786\/2023\/05\/Icone-Proposta01-150x150.png\" alt=\"\" width=\"85\" height=\"85\" srcset=\"https:\/\/www.ufsm.br\/app\/uploads\/sites\/786\/2023\/05\/Icone-Proposta01-150x150.png 150w, https:\/\/www.ufsm.br\/app\/uploads\/sites\/786\/2023\/05\/Icone-Proposta01-300x300.png 300w, https:\/\/www.ufsm.br\/app\/uploads\/sites\/786\/2023\/05\/Icone-Proposta01-1024x1024.png 1024w, https:\/\/www.ufsm.br\/app\/uploads\/sites\/786\/2023\/05\/Icone-Proposta01-768x768.png 768w, https:\/\/www.ufsm.br\/app\/uploads\/sites\/786\/2023\/05\/Icone-Proposta01-1536x1536.png 1536w, https:\/\/www.ufsm.br\/app\/uploads\/sites\/786\/2023\/05\/Icone-Proposta01-2048x2048.png 2048w\" sizes=\"(max-width: 85px) 100vw, 85px\" \/><\/strong><span style=\"font-weight: 400\">Se voc\u00ea est\u00e1 preocupado que os medicamentos e os efeitos colaterais dificultem a sua vida, ou que modifiquem o seu corpo, essas preocupa\u00e7\u00f5es podem comprometer a sua qualidade de vida.<\/span><\/p>\t\t\t\t\t\t<\/div>\n\t\t\t\t<\/div>\n\t\t\t\t<section class=\"elementor-section elementor-inner-section elementor-element elementor-element-19acc3da elementor-section-content-middle elementor-section-boxed elementor-section-height-default elementor-section-height-default\" data-id=\"19acc3da\" data-element_type=\"section\">\n\t\t\t\t\t\t<div class=\"elementor-container elementor-column-gap-default\">\n\t\t\t\t\t<div class=\"elementor-column elementor-col-33 elementor-inner-column elementor-element elementor-element-7951feb7\" data-id=\"7951feb7\" data-element_type=\"column\">\n\t\t\t<div class=\"elementor-widget-wrap elementor-element-populated\">\n\t\t\t\t\t\t<div class=\"elementor-element elementor-element-6c69ee86 elementor-align-center elementor-widget elementor-widget-button\" data-id=\"6c69ee86\" data-element_type=\"widget\" data-widget_type=\"button.default\">\n\t\t\t\t<div class=\"elementor-widget-container\">\n\t\t\t\t\t\t\t<div class=\"elementor-button-wrapper\">\n\t\t\t\t\t<a class=\"elementor-button elementor-button-link elementor-size-sm elementor-animation-grow\" href=\"https:\/\/www.ufsm.br\/pet\/ciencia-da-computacao\/conviva-1\">\n\t\t\t\t\t\t<span class=\"elementor-button-content-wrapper\">\n\t\t\t\t\t\t<span class=\"elementor-button-icon\">\n\t\t\t\t<i aria-hidden=\"true\" class=\"fas fa-home\"><\/i>\t\t\t<\/span>\n\t\t\t\t\t\t\t\t\t<span class=\"elementor-button-text\">Voltar para a P\u00e1gina Inicial<\/span>\n\t\t\t\t\t<\/span>\n\t\t\t\t\t<\/a>\n\t\t\t\t<\/div>\n\t\t\t\t\t\t<\/div>\n\t\t\t\t<\/div>\n\t\t\t\t\t<\/div>\n\t\t<\/div>\n\t\t\t\t<div class=\"elementor-column elementor-col-33 elementor-inner-column elementor-element elementor-element-6582841f\" data-id=\"6582841f\" data-element_type=\"column\">\n\t\t\t<div class=\"elementor-widget-wrap elementor-element-populated\">\n\t\t\t\t\t\t<div class=\"elementor-element elementor-element-4f2b5988 elementor-align-center elementor-widget elementor-widget-button\" data-id=\"4f2b5988\" data-element_type=\"widget\" data-widget_type=\"button.default\">\n\t\t\t\t<div class=\"elementor-widget-container\">\n\t\t\t\t\t\t\t<div class=\"elementor-button-wrapper\">\n\t\t\t\t\t<a class=\"elementor-button elementor-button-link elementor-size-sm elementor-animation-grow\" href=\"https:\/\/www.ufsm.br\/pet\/ciencia-da-computacao\/conviva-7\">\n\t\t\t\t\t\t<span class=\"elementor-button-content-wrapper\">\n\t\t\t\t\t\t<span class=\"elementor-button-icon\">\n\t\t\t\t<i aria-hidden=\"true\" class=\"fas fa-align-justify\"><\/i>\t\t\t<\/span>\n\t\t\t\t\t\t\t\t\t<span class=\"elementor-button-text\">Voltar ao Menu             <\/span>\n\t\t\t\t\t<\/span>\n\t\t\t\t\t<\/a>\n\t\t\t\t<\/div>\n\t\t\t\t\t\t<\/div>\n\t\t\t\t<\/div>\n\t\t\t\t\t<\/div>\n\t\t<\/div>\n\t\t\t\t<div class=\"elementor-column elementor-col-33 elementor-inner-column elementor-element elementor-element-3debb600\" data-id=\"3debb600\" data-element_type=\"column\">\n\t\t\t<div class=\"elementor-widget-wrap elementor-element-populated\">\n\t\t\t\t\t\t<div class=\"elementor-element elementor-element-58ee1b70 elementor-align-center elementor-widget elementor-widget-button\" data-id=\"58ee1b70\" data-element_type=\"widget\" data-widget_type=\"button.default\">\n\t\t\t\t<div class=\"elementor-widget-container\">\n\t\t\t\t\t\t\t<div class=\"elementor-button-wrapper\">\n\t\t\t\t\t<a class=\"elementor-button elementor-button-link elementor-size-sm elementor-animation-grow\" href=\"https:\/\/www.ufsm.br\/pet\/ciencia-da-computacao\/conviva-17\">\n\t\t\t\t\t\t<span class=\"elementor-button-content-wrapper\">\n\t\t\t\t\t\t<span class=\"elementor-button-icon\">\n\t\t\t\t<i aria-hidden=\"true\" class=\"fas fa-arrow-right\"><\/i>\t\t\t<\/span>\n\t\t\t\t\t\t\t\t\t<span class=\"elementor-button-text\">Pr\u00f3xima Situa\u00e7\u00e3o de Vida<\/span>\n\t\t\t\t\t<\/span>\n\t\t\t\t\t<\/a>\n\t\t\t\t<\/div>\n\t\t\t\t\t\t<\/div>\n\t\t\t\t<\/div>\n\t\t\t\t\t<\/div>\n\t\t<\/div>\n\t\t\t\t\t<\/div>\n\t\t<\/section>\n\t\t\t\t<div class=\"elementor-element elementor-element-415a02f1 elementor-widget elementor-widget-image\" data-id=\"415a02f1\" data-element_type=\"widget\" data-widget_type=\"image.default\">\n\t\t\t\t<div class=\"elementor-widget-container\">\n\t\t\t\t\t\t\t\t\t\t\t\t\t<img loading=\"lazy\" decoding=\"async\" width=\"799\" height=\"89\" src=\"https:\/\/www.ufsm.br\/app\/uploads\/sites\/786\/2023\/05\/Among-Us.url_.png\" class=\"attachment-large size-large wp-image-1302\" alt=\"\" srcset=\"https:\/\/www.ufsm.br\/app\/uploads\/sites\/786\/2023\/05\/Among-Us.url_.png 799w, https:\/\/www.ufsm.br\/app\/uploads\/sites\/786\/2023\/05\/Among-Us.url_-300x33.png 300w, https:\/\/www.ufsm.br\/app\/uploads\/sites\/786\/2023\/05\/Among-Us.url_-768x86.png 768w\" sizes=\"(max-width: 799px) 100vw, 799px\" \/>\t\t\t\t\t\t\t\t\t\t\t\t\t<\/div>\n\t\t\t\t<\/div>\n\t\t\t\t\t<\/div>\n\t\t<\/div>\n\t\t\t\t\t<\/div>\n\t\t<\/section>\n\t\t\t\t<\/div>\n\t\t","protected":false},"excerpt":{"rendered":"<p>Se voc\u00ea est\u00e1 preocupado que os medicamentos e os efeitos colaterais dificultem a sua vida, ou que modifiquem o seu corpo, essas preocupa\u00e7\u00f5es podem comprometer a sua qualidade de vida. Voltar para a P\u00e1gina Inicial Voltar ao Menu Pr\u00f3xima Situa\u00e7\u00e3o de Vida<\/p>\n","protected":false},"author":6761,"featured_media":0,"parent":0,"menu_order":0,"comment_status":"closed","ping_status":"closed","template":"","meta":{"footnotes":""},"categories":[65],"tags":[],"class_list":["post-1240","page","type-page","status-publish","hentry","category-projeto-conviva"],"acf":[],"_links":{"self":[{"href":"https:\/\/www.ufsm.br\/pet\/ciencia-da-computacao\/wp-json\/wp\/v2\/pages\/1240","targetHints":{"allow":["GET"]}}],"collection":[{"href":"https:\/\/www.ufsm.br\/pet\/ciencia-da-computacao\/wp-json\/wp\/v2\/pages"}],"about":[{"href":"https:\/\/www.ufsm.br\/pet\/ciencia-da-computacao\/wp-json\/wp\/v2\/types\/page"}],"author":[{"embeddable":true,"href":"https:\/\/www.ufsm.br\/pet\/ciencia-da-computacao\/wp-json\/wp\/v2\/users\/6761"}],"replies":[{"embeddable":true,"href":"https:\/\/www.ufsm.br\/pet\/ciencia-da-computacao\/wp-json\/wp\/v2\/comments?post=1240"}],"version-history":[{"count":0,"href":"https:\/\/www.ufsm.br\/pet\/ciencia-da-computacao\/wp-json\/wp\/v2\/pages\/1240\/revisions"}],"wp:attachment":[{"href":"https:\/\/www.ufsm.br\/pet\/ciencia-da-computacao\/wp-json\/wp\/v2\/media?parent=1240"}],"wp:term":[{"taxonomy":"category","embeddable":true,"href":"https:\/\/www.ufsm.br\/pet\/ciencia-da-computacao\/wp-json\/wp\/v2\/categories?post=1240"},{"taxonomy":"post_tag","embeddable":true,"href":"https:\/\/www.ufsm.br\/pet\/ciencia-da-computacao\/wp-json\/wp\/v2\/tags?post=1240"}],"curies":[{"name":"wp","href":"https:\/\/api.w.org\/{rel}","templated":true}]}}