{"id":1242,"date":"2023-04-16T22:54:02","date_gmt":"2023-04-17T01:54:02","guid":{"rendered":"https:\/\/www.ufsm.br\/pet\/ciencia-da-computacao\/?page_id=1242"},"modified":"2023-11-23T10:55:15","modified_gmt":"2023-11-23T13:55:15","slug":"conviva-18","status":"publish","type":"page","link":"https:\/\/www.ufsm.br\/pet\/ciencia-da-computacao\/conviva-18","title":{"rendered":"P\u00e1gina 18 &#8211; SV11 Ades\u00e3o \u00e0 Prescri\u00e7\u00e3o torna o Organismo mais Forte e Saud\u00e1vel"},"content":{"rendered":"\t\t<div data-elementor-type=\"wp-page\" data-elementor-id=\"1242\" class=\"elementor elementor-1242\">\n\t\t\t\t\t\t<section class=\"elementor-section elementor-top-section elementor-element elementor-element-18f408c6 elementor-section-boxed elementor-section-height-default elementor-section-height-default\" data-id=\"18f408c6\" data-element_type=\"section\">\n\t\t\t\t\t\t<div class=\"elementor-container elementor-column-gap-default\">\n\t\t\t\t\t<div class=\"elementor-column elementor-col-100 elementor-top-column elementor-element elementor-element-457afd2c\" data-id=\"457afd2c\" data-element_type=\"column\">\n\t\t\t<div class=\"elementor-widget-wrap elementor-element-populated\">\n\t\t\t\t\t\t<div class=\"elementor-element elementor-element-54e41e50 elementor-widget elementor-widget-image\" data-id=\"54e41e50\" data-element_type=\"widget\" data-widget_type=\"image.default\">\n\t\t\t\t<div class=\"elementor-widget-container\">\n\t\t\t\t\t\t\t\t\t\t\t\t\t<img fetchpriority=\"high\" decoding=\"async\" width=\"300\" height=\"244\" src=\"https:\/\/www.ufsm.br\/app\/uploads\/sites\/786\/2023\/05\/Marca-Conviva-300x244.png\" class=\"attachment-medium size-medium wp-image-1299\" alt=\"\" srcset=\"https:\/\/www.ufsm.br\/app\/uploads\/sites\/786\/2023\/05\/Marca-Conviva-300x244.png 300w, https:\/\/www.ufsm.br\/app\/uploads\/sites\/786\/2023\/05\/Marca-Conviva-1024x833.png 1024w, https:\/\/www.ufsm.br\/app\/uploads\/sites\/786\/2023\/05\/Marca-Conviva-768x625.png 768w, https:\/\/www.ufsm.br\/app\/uploads\/sites\/786\/2023\/05\/Marca-Conviva-1536x1249.png 1536w, https:\/\/www.ufsm.br\/app\/uploads\/sites\/786\/2023\/05\/Marca-Conviva-2048x1666.png 2048w\" sizes=\"(max-width: 300px) 100vw, 300px\" \/>\t\t\t\t\t\t\t\t\t\t\t\t\t<\/div>\n\t\t\t\t<\/div>\n\t\t\t\t<section class=\"elementor-section elementor-inner-section elementor-element elementor-element-16a959b2 elementor-section-boxed elementor-section-height-default elementor-section-height-default\" data-id=\"16a959b2\" data-element_type=\"section\">\n\t\t\t\t\t\t<div class=\"elementor-container elementor-column-gap-default\">\n\t\t\t\t\t<div class=\"elementor-column elementor-col-100 elementor-inner-column elementor-element elementor-element-3fd89080\" data-id=\"3fd89080\" data-element_type=\"column\">\n\t\t\t<div class=\"elementor-widget-wrap elementor-element-populated\">\n\t\t\t\t\t\t<div class=\"elementor-element elementor-element-7f7566fe elementor-widget elementor-widget-image\" data-id=\"7f7566fe\" data-element_type=\"widget\" data-widget_type=\"image.default\">\n\t\t\t\t<div class=\"elementor-widget-container\">\n\t\t\t\t\t\t\t\t\t\t\t\t\t<img decoding=\"async\" width=\"300\" height=\"300\" src=\"https:\/\/www.ufsm.br\/app\/uploads\/sites\/786\/2023\/05\/figura14-300x300.png\" class=\"attachment-medium size-medium wp-image-1343\" alt=\"\" srcset=\"https:\/\/www.ufsm.br\/app\/uploads\/sites\/786\/2023\/05\/figura14-300x300.png 300w, https:\/\/www.ufsm.br\/app\/uploads\/sites\/786\/2023\/05\/figura14-1024x1024.png 1024w, https:\/\/www.ufsm.br\/app\/uploads\/sites\/786\/2023\/05\/figura14-150x150.png 150w, https:\/\/www.ufsm.br\/app\/uploads\/sites\/786\/2023\/05\/figura14-768x768.png 768w, https:\/\/www.ufsm.br\/app\/uploads\/sites\/786\/2023\/05\/figura14.png 1200w\" sizes=\"(max-width: 300px) 100vw, 300px\" \/>\t\t\t\t\t\t\t\t\t\t\t\t\t<\/div>\n\t\t\t\t<\/div>\n\t\t\t\t\t<\/div>\n\t\t<\/div>\n\t\t\t\t\t<\/div>\n\t\t<\/section>\n\t\t\t\t<div class=\"elementor-element elementor-element-abb731c elementor-widget elementor-widget-text-editor\" data-id=\"abb731c\" data-element_type=\"widget\" data-widget_type=\"text-editor.default\">\n\t\t\t\t<div class=\"elementor-widget-container\">\n\t\t\t\t\t\t\t<p><strong><img decoding=\"async\" class=\"alignleft wp-image-1294\" src=\"https:\/\/www.ufsm.br\/app\/uploads\/sites\/786\/2023\/05\/Icone-Proposta01-150x150.png\" alt=\"\" width=\"85\" height=\"85\" srcset=\"https:\/\/www.ufsm.br\/app\/uploads\/sites\/786\/2023\/05\/Icone-Proposta01-150x150.png 150w, https:\/\/www.ufsm.br\/app\/uploads\/sites\/786\/2023\/05\/Icone-Proposta01-300x300.png 300w, https:\/\/www.ufsm.br\/app\/uploads\/sites\/786\/2023\/05\/Icone-Proposta01-1024x1024.png 1024w, https:\/\/www.ufsm.br\/app\/uploads\/sites\/786\/2023\/05\/Icone-Proposta01-768x768.png 768w, https:\/\/www.ufsm.br\/app\/uploads\/sites\/786\/2023\/05\/Icone-Proposta01-1536x1536.png 1536w, https:\/\/www.ufsm.br\/app\/uploads\/sites\/786\/2023\/05\/Icone-Proposta01-2048x2048.png 2048w\" sizes=\"(max-width: 85px) 100vw, 85px\" \/><\/strong><span style=\"font-weight: 400\">Se voc\u00ea est\u00e1 preocupado com sua sa\u00fade sexual por causa da quantidade de v\u00edrus circulando no seu organismo, lembre-se de que uma boa ades\u00e3o ao tratamento significa que a carga viral pode ficar indetect\u00e1vel e intransmiss\u00edvel.<\/span><\/p><p>\u00a0<\/p><p><span style=\"font-weight: 400\">Ou seja, voc\u00ea n\u00e3o passar\u00e1 HIV para outra pessoa por\u00a0meio do sexo. Mesmo assim, o uso do preservativo \u00e9\u00a0recomendado!\u00a0\u200b<\/span><\/p><p><span style=\"font-weight: 400\">\u200bN\u00e3o deixe que o HIV atrapalhe sua vida sexual e sua\u00a0qualidade de vida!\u200b<\/span><\/p>\t\t\t\t\t\t<\/div>\n\t\t\t\t<\/div>\n\t\t\t\t<section class=\"elementor-section elementor-inner-section elementor-element elementor-element-132b727e elementor-section-content-middle elementor-section-boxed elementor-section-height-default elementor-section-height-default\" data-id=\"132b727e\" data-element_type=\"section\">\n\t\t\t\t\t\t<div class=\"elementor-container elementor-column-gap-default\">\n\t\t\t\t\t<div class=\"elementor-column elementor-col-33 elementor-inner-column elementor-element elementor-element-49879027\" data-id=\"49879027\" data-element_type=\"column\">\n\t\t\t<div class=\"elementor-widget-wrap elementor-element-populated\">\n\t\t\t\t\t\t<div class=\"elementor-element elementor-element-5ec70733 elementor-align-center elementor-widget elementor-widget-button\" data-id=\"5ec70733\" data-element_type=\"widget\" data-widget_type=\"button.default\">\n\t\t\t\t<div class=\"elementor-widget-container\">\n\t\t\t\t\t\t\t<div class=\"elementor-button-wrapper\">\n\t\t\t\t\t<a class=\"elementor-button elementor-button-link elementor-size-sm elementor-animation-grow\" href=\"https:\/\/www.ufsm.br\/pet\/ciencia-da-computacao\/conviva-1\">\n\t\t\t\t\t\t<span class=\"elementor-button-content-wrapper\">\n\t\t\t\t\t\t<span class=\"elementor-button-icon\">\n\t\t\t\t<i aria-hidden=\"true\" class=\"fas fa-home\"><\/i>\t\t\t<\/span>\n\t\t\t\t\t\t\t\t\t<span class=\"elementor-button-text\">Voltar para a P\u00e1gina Inicial<\/span>\n\t\t\t\t\t<\/span>\n\t\t\t\t\t<\/a>\n\t\t\t\t<\/div>\n\t\t\t\t\t\t<\/div>\n\t\t\t\t<\/div>\n\t\t\t\t\t<\/div>\n\t\t<\/div>\n\t\t\t\t<div class=\"elementor-column elementor-col-33 elementor-inner-column elementor-element elementor-element-54748e7b\" data-id=\"54748e7b\" data-element_type=\"column\">\n\t\t\t<div class=\"elementor-widget-wrap elementor-element-populated\">\n\t\t\t\t\t\t<div class=\"elementor-element elementor-element-5ea9a355 elementor-align-center elementor-widget elementor-widget-button\" data-id=\"5ea9a355\" data-element_type=\"widget\" data-widget_type=\"button.default\">\n\t\t\t\t<div class=\"elementor-widget-container\">\n\t\t\t\t\t\t\t<div class=\"elementor-button-wrapper\">\n\t\t\t\t\t<a class=\"elementor-button elementor-button-link elementor-size-sm elementor-animation-grow\" href=\"https:\/\/www.ufsm.br\/pet\/ciencia-da-computacao\/conviva-7\">\n\t\t\t\t\t\t<span class=\"elementor-button-content-wrapper\">\n\t\t\t\t\t\t<span class=\"elementor-button-icon\">\n\t\t\t\t<i aria-hidden=\"true\" class=\"fas fa-align-justify\"><\/i>\t\t\t<\/span>\n\t\t\t\t\t\t\t\t\t<span class=\"elementor-button-text\">Voltar ao Menu             <\/span>\n\t\t\t\t\t<\/span>\n\t\t\t\t\t<\/a>\n\t\t\t\t<\/div>\n\t\t\t\t\t\t<\/div>\n\t\t\t\t<\/div>\n\t\t\t\t\t<\/div>\n\t\t<\/div>\n\t\t\t\t<div class=\"elementor-column elementor-col-33 elementor-inner-column elementor-element elementor-element-2d6e5832\" data-id=\"2d6e5832\" data-element_type=\"column\">\n\t\t\t<div class=\"elementor-widget-wrap elementor-element-populated\">\n\t\t\t\t\t\t<div class=\"elementor-element elementor-element-1a4a8a3e elementor-align-center elementor-widget elementor-widget-button\" data-id=\"1a4a8a3e\" data-element_type=\"widget\" data-widget_type=\"button.default\">\n\t\t\t\t<div class=\"elementor-widget-container\">\n\t\t\t\t\t\t\t<div class=\"elementor-button-wrapper\">\n\t\t\t\t\t<a class=\"elementor-button elementor-button-link elementor-size-sm elementor-animation-grow\" href=\"https:\/\/www.ufsm.br\/pet\/ciencia-da-computacao\/conviva-19\">\n\t\t\t\t\t\t<span class=\"elementor-button-content-wrapper\">\n\t\t\t\t\t\t<span class=\"elementor-button-icon\">\n\t\t\t\t<i aria-hidden=\"true\" class=\"fas fa-arrow-right\"><\/i>\t\t\t<\/span>\n\t\t\t\t\t\t\t\t\t<span class=\"elementor-button-text\">Ver os Cr\u00e9ditos<\/span>\n\t\t\t\t\t<\/span>\n\t\t\t\t\t<\/a>\n\t\t\t\t<\/div>\n\t\t\t\t\t\t<\/div>\n\t\t\t\t<\/div>\n\t\t\t\t\t<\/div>\n\t\t<\/div>\n\t\t\t\t\t<\/div>\n\t\t<\/section>\n\t\t\t\t<div class=\"elementor-element elementor-element-5ab5d95b elementor-widget elementor-widget-image\" data-id=\"5ab5d95b\" data-element_type=\"widget\" data-widget_type=\"image.default\">\n\t\t\t\t<div class=\"elementor-widget-container\">\n\t\t\t\t\t\t\t\t\t\t\t\t\t<img loading=\"lazy\" decoding=\"async\" width=\"799\" height=\"89\" src=\"https:\/\/www.ufsm.br\/app\/uploads\/sites\/786\/2023\/05\/Among-Us.url_.png\" class=\"attachment-large size-large wp-image-1302\" alt=\"\" srcset=\"https:\/\/www.ufsm.br\/app\/uploads\/sites\/786\/2023\/05\/Among-Us.url_.png 799w, https:\/\/www.ufsm.br\/app\/uploads\/sites\/786\/2023\/05\/Among-Us.url_-300x33.png 300w, https:\/\/www.ufsm.br\/app\/uploads\/sites\/786\/2023\/05\/Among-Us.url_-768x86.png 768w\" sizes=\"(max-width: 799px) 100vw, 799px\" \/>\t\t\t\t\t\t\t\t\t\t\t\t\t<\/div>\n\t\t\t\t<\/div>\n\t\t\t\t\t<\/div>\n\t\t<\/div>\n\t\t\t\t\t<\/div>\n\t\t<\/section>\n\t\t\t\t<\/div>\n\t\t","protected":false},"excerpt":{"rendered":"<p>Se voc\u00ea est\u00e1 preocupado com sua sa\u00fade sexual por causa da quantidade de v\u00edrus circulando no seu organismo, lembre-se de que uma boa ades\u00e3o ao tratamento significa que a carga viral pode ficar indetect\u00e1vel e intransmiss\u00edvel. \u00a0 Ou seja, voc\u00ea n\u00e3o passar\u00e1 HIV para outra pessoa por\u00a0meio do sexo. Mesmo assim, o uso do preservativo [&hellip;]<\/p>\n","protected":false},"author":6761,"featured_media":0,"parent":0,"menu_order":0,"comment_status":"closed","ping_status":"closed","template":"","meta":{"footnotes":""},"categories":[65],"tags":[],"class_list":["post-1242","page","type-page","status-publish","hentry","category-projeto-conviva"],"acf":[],"_links":{"self":[{"href":"https:\/\/www.ufsm.br\/pet\/ciencia-da-computacao\/wp-json\/wp\/v2\/pages\/1242","targetHints":{"allow":["GET"]}}],"collection":[{"href":"https:\/\/www.ufsm.br\/pet\/ciencia-da-computacao\/wp-json\/wp\/v2\/pages"}],"about":[{"href":"https:\/\/www.ufsm.br\/pet\/ciencia-da-computacao\/wp-json\/wp\/v2\/types\/page"}],"author":[{"embeddable":true,"href":"https:\/\/www.ufsm.br\/pet\/ciencia-da-computacao\/wp-json\/wp\/v2\/users\/6761"}],"replies":[{"embeddable":true,"href":"https:\/\/www.ufsm.br\/pet\/ciencia-da-computacao\/wp-json\/wp\/v2\/comments?post=1242"}],"version-history":[{"count":0,"href":"https:\/\/www.ufsm.br\/pet\/ciencia-da-computacao\/wp-json\/wp\/v2\/pages\/1242\/revisions"}],"wp:attachment":[{"href":"https:\/\/www.ufsm.br\/pet\/ciencia-da-computacao\/wp-json\/wp\/v2\/media?parent=1242"}],"wp:term":[{"taxonomy":"category","embeddable":true,"href":"https:\/\/www.ufsm.br\/pet\/ciencia-da-computacao\/wp-json\/wp\/v2\/categories?post=1242"},{"taxonomy":"post_tag","embeddable":true,"href":"https:\/\/www.ufsm.br\/pet\/ciencia-da-computacao\/wp-json\/wp\/v2\/tags?post=1242"}],"curies":[{"name":"wp","href":"https:\/\/api.w.org\/{rel}","templated":true}]}}