{"id":1243,"date":"2023-04-16T22:54:40","date_gmt":"2023-04-17T01:54:40","guid":{"rendered":"https:\/\/www.ufsm.br\/pet\/ciencia-da-computacao\/?page_id=1243"},"modified":"2023-11-23T11:01:32","modified_gmt":"2023-11-23T14:01:32","slug":"conviva-19","status":"publish","type":"page","link":"https:\/\/www.ufsm.br\/pet\/ciencia-da-computacao\/conviva-19","title":{"rendered":"P\u00e1gina 19 &#8211; Sobre N\u00f3s"},"content":{"rendered":"\t\t<div data-elementor-type=\"wp-page\" data-elementor-id=\"1243\" class=\"elementor elementor-1243\">\n\t\t\t\t\t\t<section class=\"elementor-section elementor-top-section elementor-element elementor-element-c7b20a4 elementor-section-boxed elementor-section-height-default elementor-section-height-default\" data-id=\"c7b20a4\" data-element_type=\"section\">\n\t\t\t\t\t\t<div class=\"elementor-container elementor-column-gap-default\">\n\t\t\t\t\t<div class=\"elementor-column elementor-col-100 elementor-top-column elementor-element elementor-element-52c9f59\" data-id=\"52c9f59\" data-element_type=\"column\">\n\t\t\t<div class=\"elementor-widget-wrap elementor-element-populated\">\n\t\t\t\t\t\t<div class=\"elementor-element elementor-element-92c133a elementor-widget elementor-widget-image\" data-id=\"92c133a\" data-element_type=\"widget\" data-widget_type=\"image.default\">\n\t\t\t\t<div class=\"elementor-widget-container\">\n\t\t\t\t\t\t\t\t\t\t\t\t\t<img decoding=\"async\" src=\"https:\/\/www.ufsm.br\/app\/uploads\/sites\/786\/elementor\/thumbs\/Marca-Conviva-q5xzhorldatut8ol7f1k0kkiw61i92eay02xfz1y24.png\" title=\"Marca Conviva\" alt=\"Marca Conviva\" loading=\"lazy\" \/>\t\t\t\t\t\t\t\t\t\t\t\t\t<\/div>\n\t\t\t\t<\/div>\n\t\t\t\t<div class=\"elementor-element elementor-element-6fc4c57 elementor-widget elementor-widget-text-editor\" data-id=\"6fc4c57\" data-element_type=\"widget\" data-widget_type=\"text-editor.default\">\n\t\t\t\t<div class=\"elementor-widget-container\">\n\t\t\t\t\t\t\t<p style=\"color: #000000;font-size: 16px\">Esta tecnologia educativa \u00e9 produto de uma tese de doutorado e de uma disserta\u00e7\u00e3o de mestrado desenvolvidas na linha de pesquisa \u201cAdes\u00e3o ao tratamento antirretroviral do HIV e s\u00edfilis\u201d do Grupo de Pesquisa Cuidado \u00e1 Sa\u00fade das Pessoas, Fam\u00edlias e Sociedade. A disserta\u00e7\u00e3o intitulada \u201cWebsite para a promo\u00e7\u00e3o da ades\u00e3o ao tratamento antirretroviral de adultos que vivem com HIV: avalia\u00e7\u00e3o pelo p\u00fablico-alvo\u201d est\u00e1 vinculada ao Programa de P\u00f3s Gradua\u00e7\u00e3o em Enfermagem da Universidade Federal de Santa Maria.<\/p>\n<p style=\"color: #000000;font-size: 16px\"><span style=\"font-weight: bolder\">Cr\u00e9ditos<\/span><\/p>\n<div style=\"color: #000000;font-size: 16px\">\n<p><span style=\"font-weight: bolder\">Autores:<\/span><\/p>\n<p>Marcelo Ribeiro Primeira&nbsp;&#8211; Doutorado<\/p>\n<p>Aiod\u00ealle dos Santos Machado &#8211; Mestrado<\/p>\n<p>Stela Maris de Mello Padoin \u2013 Docente UFSM<\/p>\n<\/div>\n<div style=\"color: #000000;font-size: 16px\">\n<p><span style=\"font-weight: bolder\">Ilustra\u00e7\u00f5es:<\/span><\/p>\n<p>Matheus Tanuri Pascotini<\/p>\n<\/div>\n<div style=\"color: #000000;font-size: 16px\">\n<p><span style=\"font-weight: bolder\">Programa\u00e7\u00e3o do <\/span><span style=\"font-weight: bolder\"><em>website<\/em><\/span><span style=\"font-weight: bolder\">:<\/span><\/p>\n<p>Giovani Rubert Librelotto&nbsp;\u2013&nbsp;Docente&nbsp;UFSM<\/p>\n<p>Gilson Garcia da Silva J\u00fanior \u2013 Bolsista PET Ci\u00eancia da Computa\u00e7\u00e3o<\/p>\n<p>Jonathan Weber Nogueira \u2013 Bolsista PET Ci\u00eancia da Computa\u00e7\u00e3o<\/p>\n<p>Ramon Godoy Izidoro \u2013 Bolsista PET Ci\u00eancia da Computa\u00e7\u00e3o<\/p>\n<\/div>\n<p style=\"color: #000000;font-size: 16px\"><span style=\"font-weight: bolder\">Representantes p\u00fablico-alvo:<\/span><\/p>\n<div style=\"color: #000000;font-size: 16px\">\n<p><span style=\"font-weight: bolder\">Equipe de revis\u00e3o textual:<\/span><\/p>\n<p>Let\u00edcia de Mello Padoin &#8211; Publicit\u00e1ria&nbsp;<\/p>\n<p>Isabele Corr\u00eaa Vasconcelos Fontes Pereira &#8211; Forma\u00e7\u00e3o&nbsp;<\/p>\n<\/div>\n<div style=\"color: #000000;font-size: 16px\">\n<p><span style=\"font-weight: bolder\">Equipe de apoio:<\/span><\/p>\n<p><span style=\"font-weight: 400\">Gabriela Coden Polletti &#8211; Bolsista IC\/CNPq<\/span><\/p>\n<p>M\u00e1rcia Gabriela Rodrigues de Lima &#8211;&nbsp;Secretaria de Munic\u00edpio da Sa\u00fade &#8211; Santa Maria<\/p>\n<p>Maclaine Ross &#8211;&nbsp;4\u00aa Coordenadoria Regional de Sa\u00fade &#8211; RS<\/p>\n<\/div>\n<div style=\"color: #000000;font-size: 16px\">\n<p><span style=\"font-weight: bolder\">Financiamento:&nbsp;<\/span><\/p>\n<p>Conselho Nacional de Desenvolvimento Cient\u00edfico e Tecnol\u00f3gico &#8211; CNPq<\/p>\n<p>Empresa Brasileira&nbsp;de Servi\u00e7os Hospitalares &#8211; EBSER<\/p>\n<\/div>\t\t\t\t\t\t<\/div>\n\t\t\t\t<\/div>\n\t\t\t\t\t<\/div>\n\t\t<\/div>\n\t\t\t\t\t<\/div>\n\t\t<\/section>\n\t\t\t\t<section class=\"elementor-section elementor-top-section elementor-element elementor-element-213d982e elementor-section-boxed elementor-section-height-default elementor-section-height-default\" data-id=\"213d982e\" data-element_type=\"section\">\n\t\t\t\t\t\t<div class=\"elementor-container elementor-column-gap-default\">\n\t\t\t\t\t<div class=\"elementor-column elementor-col-100 elementor-top-column elementor-element elementor-element-6588b7af\" data-id=\"6588b7af\" data-element_type=\"column\">\n\t\t\t<div class=\"elementor-widget-wrap elementor-element-populated\">\n\t\t\t\t\t\t<div class=\"elementor-element elementor-element-02e9f55 elementor-align-center elementor-widget elementor-widget-button\" data-id=\"02e9f55\" data-element_type=\"widget\" data-widget_type=\"button.default\">\n\t\t\t\t<div class=\"elementor-widget-container\">\n\t\t\t\t\t\t\t<div class=\"elementor-button-wrapper\">\n\t\t\t\t\t<a class=\"elementor-button elementor-button-link elementor-size-sm elementor-animation-grow\" href=\"https:\/\/www.ufsm.br\/pet\/ciencia-da-computacao\/conviva-1\">\n\t\t\t\t\t\t<span class=\"elementor-button-content-wrapper\">\n\t\t\t\t\t\t<span class=\"elementor-button-icon\">\n\t\t\t\t<i aria-hidden=\"true\" class=\"fas fa-home\"><\/i>\t\t\t<\/span>\n\t\t\t\t\t\t\t\t\t<span class=\"elementor-button-text\">Voltar para a P\u00e1gina inicial<\/span>\n\t\t\t\t\t<\/span>\n\t\t\t\t\t<\/a>\n\t\t\t\t<\/div>\n\t\t\t\t\t\t<\/div>\n\t\t\t\t<\/div>\n\t\t\t\t\t<\/div>\n\t\t<\/div>\n\t\t\t\t\t<\/div>\n\t\t<\/section>\n\t\t\t\t<\/div>\n\t\t","protected":false},"excerpt":{"rendered":"<p>Esta tecnologia educativa \u00e9 produto de uma tese de doutorado e de uma disserta\u00e7\u00e3o de mestrado desenvolvidas na linha de pesquisa \u201cAdes\u00e3o ao tratamento antirretroviral do HIV e s\u00edfilis\u201d do Grupo de Pesquisa Cuidado \u00e1 Sa\u00fade das Pessoas, Fam\u00edlias e Sociedade. A disserta\u00e7\u00e3o intitulada \u201cWebsite para a promo\u00e7\u00e3o da ades\u00e3o ao tratamento antirretroviral de adultos [&hellip;]<\/p>\n","protected":false},"author":6761,"featured_media":0,"parent":0,"menu_order":0,"comment_status":"closed","ping_status":"closed","template":"","meta":{"footnotes":""},"categories":[65],"tags":[],"class_list":["post-1243","page","type-page","status-publish","hentry","category-projeto-conviva"],"acf":[],"_links":{"self":[{"href":"https:\/\/www.ufsm.br\/pet\/ciencia-da-computacao\/wp-json\/wp\/v2\/pages\/1243","targetHints":{"allow":["GET"]}}],"collection":[{"href":"https:\/\/www.ufsm.br\/pet\/ciencia-da-computacao\/wp-json\/wp\/v2\/pages"}],"about":[{"href":"https:\/\/www.ufsm.br\/pet\/ciencia-da-computacao\/wp-json\/wp\/v2\/types\/page"}],"author":[{"embeddable":true,"href":"https:\/\/www.ufsm.br\/pet\/ciencia-da-computacao\/wp-json\/wp\/v2\/users\/6761"}],"replies":[{"embeddable":true,"href":"https:\/\/www.ufsm.br\/pet\/ciencia-da-computacao\/wp-json\/wp\/v2\/comments?post=1243"}],"version-history":[{"count":0,"href":"https:\/\/www.ufsm.br\/pet\/ciencia-da-computacao\/wp-json\/wp\/v2\/pages\/1243\/revisions"}],"wp:attachment":[{"href":"https:\/\/www.ufsm.br\/pet\/ciencia-da-computacao\/wp-json\/wp\/v2\/media?parent=1243"}],"wp:term":[{"taxonomy":"category","embeddable":true,"href":"https:\/\/www.ufsm.br\/pet\/ciencia-da-computacao\/wp-json\/wp\/v2\/categories?post=1243"},{"taxonomy":"post_tag","embeddable":true,"href":"https:\/\/www.ufsm.br\/pet\/ciencia-da-computacao\/wp-json\/wp\/v2\/tags?post=1243"}],"curies":[{"name":"wp","href":"https:\/\/api.w.org\/{rel}","templated":true}]}}