{"id":1880,"date":"2024-09-18T13:08:57","date_gmt":"2024-09-18T16:08:57","guid":{"rendered":"https:\/\/www.ufsm.br\/pet\/ciencia-da-computacao\/?page_id=1880"},"modified":"2024-09-23T10:03:47","modified_gmt":"2024-09-23T13:03:47","slug":"canal-de-comunicacao-aprontando","status":"publish","type":"page","link":"https:\/\/www.ufsm.br\/pet\/ciencia-da-computacao\/canal-de-comunicacao-aprontando","title":{"rendered":"Canal de Comunica\u00e7\u00e3o &#8211; Aprontando"},"content":{"rendered":"\t\t<div data-elementor-type=\"wp-page\" data-elementor-id=\"1880\" class=\"elementor elementor-1880\">\n\t\t\t\t\t\t<section class=\"elementor-section elementor-top-section elementor-element elementor-element-30d24e38 elementor-section-boxed elementor-section-height-default elementor-section-height-default\" data-id=\"30d24e38\" data-element_type=\"section\">\n\t\t\t\t\t\t<div class=\"elementor-container elementor-column-gap-default\">\n\t\t\t\t\t<div class=\"elementor-column elementor-col-100 elementor-top-column elementor-element elementor-element-1bbab493\" data-id=\"1bbab493\" data-element_type=\"column\">\n\t\t\t<div class=\"elementor-widget-wrap elementor-element-populated\">\n\t\t\t\t\t\t<div class=\"elementor-element elementor-element-2aba6a4e elementor-widget elementor-widget-image\" data-id=\"2aba6a4e\" data-element_type=\"widget\" data-widget_type=\"image.default\">\n\t\t\t\t<div class=\"elementor-widget-container\">\n\t\t\t\t\t\t\t\t\t\t\t\t\t<img decoding=\"async\" src=\"https:\/\/www.ufsm.br\/app\/uploads\/sites\/786\/elementor\/thumbs\/Identidade-Visual-Aprontando-qs8gmejn5rcym79jryixp5lv3ipliiyhbyelxqejnq.png\" title=\"Identidade Visual Aprontando\" alt=\"Identidade Visual Aprontando\" loading=\"lazy\" \/>\t\t\t\t\t\t\t\t\t\t\t\t\t<\/div>\n\t\t\t\t<\/div>\n\t\t\t\t\t<\/div>\n\t\t<\/div>\n\t\t\t\t\t<\/div>\n\t\t<\/section>\n\t\t\t\t<section class=\"elementor-section elementor-top-section elementor-element elementor-element-1297ce53 elementor-section-boxed elementor-section-height-default elementor-section-height-default\" data-id=\"1297ce53\" data-element_type=\"section\">\n\t\t\t\t\t\t<div class=\"elementor-container elementor-column-gap-default\">\n\t\t\t\t\t<div class=\"elementor-column elementor-col-100 elementor-top-column elementor-element elementor-element-66419613\" data-id=\"66419613\" data-element_type=\"column\">\n\t\t\t<div class=\"elementor-widget-wrap elementor-element-populated\">\n\t\t\t\t\t\t<div class=\"elementor-element elementor-element-1577eef elementor-widget elementor-widget-heading\" data-id=\"1577eef\" data-element_type=\"widget\" data-widget_type=\"heading.default\">\n\t\t\t\t<div class=\"elementor-widget-container\">\n\t\t\t<h2 class=\"elementor-heading-title elementor-size-default\">Canal da comunica\u00e7\u00e3o\n<\/h2>\t\t<\/div>\n\t\t\t\t<\/div>\n\t\t\t\t<section class=\"elementor-section elementor-inner-section elementor-element elementor-element-7c0baba4 elementor-section-boxed elementor-section-height-default elementor-section-height-default\" data-id=\"7c0baba4\" data-element_type=\"section\">\n\t\t\t\t\t\t<div class=\"elementor-container elementor-column-gap-default\">\n\t\t\t\t\t<div class=\"elementor-column elementor-col-50 elementor-inner-column elementor-element elementor-element-56c20759\" data-id=\"56c20759\" data-element_type=\"column\">\n\t\t\t<div class=\"elementor-widget-wrap elementor-element-populated\">\n\t\t\t\t\t\t<div class=\"elementor-element elementor-element-a69e1f6 elementor-widget__width-initial elementor-widget elementor-widget-image\" data-id=\"a69e1f6\" data-element_type=\"widget\" data-widget_type=\"image.default\">\n\t\t\t\t<div class=\"elementor-widget-container\">\n\t\t\t\t\t\t\t\t\t\t\t\t\t<img fetchpriority=\"high\" decoding=\"async\" width=\"1024\" height=\"1024\" src=\"https:\/\/www.ufsm.br\/app\/uploads\/sites\/786\/2024\/08\/Slide-23-1024x1024.png\" class=\"attachment-large size-large wp-image-1836\" alt=\"\" srcset=\"https:\/\/www.ufsm.br\/app\/uploads\/sites\/786\/2024\/08\/Slide-23-1024x1024.png 1024w, https:\/\/www.ufsm.br\/app\/uploads\/sites\/786\/2024\/08\/Slide-23-300x300.png 300w, https:\/\/www.ufsm.br\/app\/uploads\/sites\/786\/2024\/08\/Slide-23-150x150.png 150w, https:\/\/www.ufsm.br\/app\/uploads\/sites\/786\/2024\/08\/Slide-23-768x768.png 768w, https:\/\/www.ufsm.br\/app\/uploads\/sites\/786\/2024\/08\/Slide-23.png 1450w\" sizes=\"(max-width: 1024px) 100vw, 1024px\" \/>\t\t\t\t\t\t\t\t\t\t\t\t\t<\/div>\n\t\t\t\t<\/div>\n\t\t\t\t<div class=\"elementor-element elementor-element-4fbfdc9 elementor-widget elementor-widget-spacer\" data-id=\"4fbfdc9\" data-element_type=\"widget\" data-widget_type=\"spacer.default\">\n\t\t\t\t<div class=\"elementor-widget-container\">\n\t\t\t\t\t<div class=\"elementor-spacer\">\n\t\t\t<div class=\"elementor-spacer-inner\"><\/div>\n\t\t<\/div>\n\t\t\t\t<\/div>\n\t\t\t\t<\/div>\n\t\t\t\t<div class=\"elementor-element elementor-element-1b4342a elementor-widget__width-initial elementor-widget elementor-widget-image\" data-id=\"1b4342a\" data-element_type=\"widget\" data-widget_type=\"image.default\">\n\t\t\t\t<div class=\"elementor-widget-container\">\n\t\t\t\t\t\t\t\t\t\t\t\t\t<img decoding=\"async\" width=\"621\" height=\"593\" src=\"https:\/\/www.ufsm.br\/app\/uploads\/sites\/786\/2024\/08\/Icone--e1723058723695.png\" class=\"attachment-large size-large wp-image-1859\" alt=\"\" srcset=\"https:\/\/www.ufsm.br\/app\/uploads\/sites\/786\/2024\/08\/Icone--e1723058723695.png 621w, https:\/\/www.ufsm.br\/app\/uploads\/sites\/786\/2024\/08\/Icone--e1723058723695-300x286.png 300w\" sizes=\"(max-width: 621px) 100vw, 621px\" \/>\t\t\t\t\t\t\t\t\t\t\t\t\t<\/div>\n\t\t\t\t<\/div>\n\t\t\t\t<div class=\"elementor-element elementor-element-6b05b8b elementor-widget elementor-widget-spacer\" data-id=\"6b05b8b\" data-element_type=\"widget\" data-widget_type=\"spacer.default\">\n\t\t\t\t<div class=\"elementor-widget-container\">\n\t\t\t\t\t<div class=\"elementor-spacer\">\n\t\t\t<div class=\"elementor-spacer-inner\"><\/div>\n\t\t<\/div>\n\t\t\t\t<\/div>\n\t\t\t\t<\/div>\n\t\t\t\t<div class=\"elementor-element elementor-element-34e2d08 elementor-widget__width-initial elementor-widget elementor-widget-image\" data-id=\"34e2d08\" data-element_type=\"widget\" data-widget_type=\"image.default\">\n\t\t\t\t<div class=\"elementor-widget-container\">\n\t\t\t\t\t\t\t\t\t\t\t\t\t<img decoding=\"async\" width=\"621\" height=\"593\" src=\"https:\/\/www.ufsm.br\/app\/uploads\/sites\/786\/2024\/08\/Icone--e1723058723695.png\" class=\"attachment-large size-large wp-image-1859\" alt=\"\" srcset=\"https:\/\/www.ufsm.br\/app\/uploads\/sites\/786\/2024\/08\/Icone--e1723058723695.png 621w, https:\/\/www.ufsm.br\/app\/uploads\/sites\/786\/2024\/08\/Icone--e1723058723695-300x286.png 300w\" sizes=\"(max-width: 621px) 100vw, 621px\" \/>\t\t\t\t\t\t\t\t\t\t\t\t\t<\/div>\n\t\t\t\t<\/div>\n\t\t\t\t\t<\/div>\n\t\t<\/div>\n\t\t\t\t<div class=\"elementor-column elementor-col-50 elementor-inner-column elementor-element elementor-element-656380bd\" data-id=\"656380bd\" data-element_type=\"column\">\n\t\t\t<div class=\"elementor-widget-wrap elementor-element-populated\">\n\t\t\t\t\t\t<div class=\"elementor-element elementor-element-d89c6fa elementor-widget elementor-widget-spacer\" data-id=\"d89c6fa\" data-element_type=\"widget\" data-widget_type=\"spacer.default\">\n\t\t\t\t<div class=\"elementor-widget-container\">\n\t\t\t\t\t<div class=\"elementor-spacer\">\n\t\t\t<div class=\"elementor-spacer-inner\"><\/div>\n\t\t<\/div>\n\t\t\t\t<\/div>\n\t\t\t\t<\/div>\n\t\t\t\t<div class=\"elementor-element elementor-element-3f58dba elementor-widget elementor-widget-text-editor\" data-id=\"3f58dba\" data-element_type=\"widget\" data-widget_type=\"text-editor.default\">\n\t\t\t\t<div class=\"elementor-widget-container\">\n\t\t\t\t\t\t\t<p><span style=\"font-weight: 400\">O canal de comunica\u00e7\u00e3o do diagn\u00f3stico de HIV \u00e9 o meio utilizado para transmitir a mensagem. A escolha do canal depender\u00e1 do contexto em que voc\u00ea desenvolver\u00e1 a comunica\u00e7\u00e3o, ou seja, das situa\u00e7\u00f5es em que o pr\u00f3prio profissional est\u00e1 envolvido no servi\u00e7o, das situa\u00e7\u00f5es da fam\u00edlia e da crian\u00e7a. Alguns exemplos desses meios s\u00e3o: brinquedos; desenhos; jogos; livros infantis; v\u00eddeos; ferramentas da inform\u00e1tica (redes sociais, sites, entre outros); question\u00e1rios; materiais informativos (manuais, folhetos, entre outros).<\/span><\/p><p><span style=\"font-weight: 400\">A escolha do canal depende tamb\u00e9m da disponibilidade de tecnologias e materiais para definir as estrat\u00e9gias mais adequadas a cada servi\u00e7o de sa\u00fade. Voc\u00ea poder\u00e1 buscar algum desses meios para utilizar, ou produzir algum material se considerar necess\u00e1rio. Ao escolher um ou mais desses meios de comunica\u00e7\u00e3o, observe se as informa\u00e7\u00f5es s\u00e3o confi\u00e1veis. A mensagem deve ser transmitida de modo claro, honesto, emp\u00e1tico, esperan\u00e7oso e dispon\u00edvel. Quando os familiares e a crian\u00e7a recebem material com informa\u00e7\u00f5es assustadoras, consideram-nas inadequadas e n\u00e3o conseguem concluir a leitura.\u00a0<\/span><\/p><p>\u00a0<\/p><p><span style=\"font-weight: 400\">Os familiares valorizam a indica\u00e7\u00e3o de materiais informativos e fontes de apoio (grupos de apoio) para compreender os aspectos cl\u00ednicos e sociais da infec\u00e7\u00e3o <\/span><span style=\"font-weight: 400\">pelo HIV.<\/span><span style=\"font-weight: 400\">\u00a0<\/span><\/p><p><span style=\"font-weight: 400\">O uso de recursos visuais facilita a comunica\u00e7\u00e3o, proporciona melhor entendimento e transmite mais seguran\u00e7a.<\/span><\/p>\t\t\t\t\t\t<\/div>\n\t\t\t\t<\/div>\n\t\t\t\t\t<\/div>\n\t\t<\/div>\n\t\t\t\t\t<\/div>\n\t\t<\/section>\n\t\t\t\t<section class=\"elementor-section elementor-inner-section elementor-element elementor-element-e8f9caa elementor-section-boxed elementor-section-height-default elementor-section-height-default\" data-id=\"e8f9caa\" data-element_type=\"section\">\n\t\t\t\t\t\t<div class=\"elementor-container elementor-column-gap-default\">\n\t\t\t\t\t<div class=\"elementor-column elementor-col-50 elementor-inner-column elementor-element elementor-element-50eb62f\" data-id=\"50eb62f\" data-element_type=\"column\">\n\t\t\t<div class=\"elementor-widget-wrap elementor-element-populated\">\n\t\t\t\t\t\t<div class=\"elementor-element elementor-element-d5637a6 elementor-widget__width-initial elementor-widget elementor-widget-image\" data-id=\"d5637a6\" data-element_type=\"widget\" data-widget_type=\"image.default\">\n\t\t\t\t<div class=\"elementor-widget-container\">\n\t\t\t\t\t\t\t\t\t\t\t\t\t<img decoding=\"async\" width=\"1024\" height=\"770\" src=\"https:\/\/www.ufsm.br\/app\/uploads\/sites\/786\/2024\/08\/Slide-24a-e1726675566966-1024x770.png\" class=\"attachment-large size-large wp-image-1837\" alt=\"\" srcset=\"https:\/\/www.ufsm.br\/app\/uploads\/sites\/786\/2024\/08\/Slide-24a-e1726675566966-1024x770.png 1024w, https:\/\/www.ufsm.br\/app\/uploads\/sites\/786\/2024\/08\/Slide-24a-e1726675566966-300x226.png 300w, https:\/\/www.ufsm.br\/app\/uploads\/sites\/786\/2024\/08\/Slide-24a-e1726675566966-768x577.png 768w, https:\/\/www.ufsm.br\/app\/uploads\/sites\/786\/2024\/08\/Slide-24a-e1726675566966.png 1169w\" sizes=\"(max-width: 1024px) 100vw, 1024px\" \/>\t\t\t\t\t\t\t\t\t\t\t\t\t<\/div>\n\t\t\t\t<\/div>\n\t\t\t\t<div class=\"elementor-element elementor-element-03ec7d7 elementor-widget elementor-widget-spacer\" data-id=\"03ec7d7\" data-element_type=\"widget\" data-widget_type=\"spacer.default\">\n\t\t\t\t<div class=\"elementor-widget-container\">\n\t\t\t\t\t<div class=\"elementor-spacer\">\n\t\t\t<div class=\"elementor-spacer-inner\"><\/div>\n\t\t<\/div>\n\t\t\t\t<\/div>\n\t\t\t\t<\/div>\n\t\t\t\t<div class=\"elementor-element elementor-element-0957842 elementor-widget__width-initial elementor-widget elementor-widget-image\" data-id=\"0957842\" data-element_type=\"widget\" data-widget_type=\"image.default\">\n\t\t\t\t<div class=\"elementor-widget-container\">\n\t\t\t\t\t\t\t\t\t\t\t\t\t<img decoding=\"async\" width=\"621\" height=\"593\" src=\"https:\/\/www.ufsm.br\/app\/uploads\/sites\/786\/2024\/08\/Icone--e1723058723695.png\" class=\"attachment-large size-large wp-image-1859\" alt=\"\" srcset=\"https:\/\/www.ufsm.br\/app\/uploads\/sites\/786\/2024\/08\/Icone--e1723058723695.png 621w, https:\/\/www.ufsm.br\/app\/uploads\/sites\/786\/2024\/08\/Icone--e1723058723695-300x286.png 300w\" sizes=\"(max-width: 621px) 100vw, 621px\" \/>\t\t\t\t\t\t\t\t\t\t\t\t\t<\/div>\n\t\t\t\t<\/div>\n\t\t\t\t<div class=\"elementor-element elementor-element-217bf05 elementor-widget__width-initial elementor-widget elementor-widget-image\" data-id=\"217bf05\" data-element_type=\"widget\" data-widget_type=\"image.default\">\n\t\t\t\t<div class=\"elementor-widget-container\">\n\t\t\t\t\t\t\t\t\t\t\t\t\t<img loading=\"lazy\" decoding=\"async\" width=\"1024\" height=\"964\" src=\"https:\/\/www.ufsm.br\/app\/uploads\/sites\/786\/2024\/08\/Slide-24b-1024x964.png\" class=\"attachment-large size-large wp-image-1838\" alt=\"\" srcset=\"https:\/\/www.ufsm.br\/app\/uploads\/sites\/786\/2024\/08\/Slide-24b-1024x964.png 1024w, https:\/\/www.ufsm.br\/app\/uploads\/sites\/786\/2024\/08\/Slide-24b-300x283.png 300w, https:\/\/www.ufsm.br\/app\/uploads\/sites\/786\/2024\/08\/Slide-24b-768x723.png 768w, https:\/\/www.ufsm.br\/app\/uploads\/sites\/786\/2024\/08\/Slide-24b-1536x1446.png 1536w, https:\/\/www.ufsm.br\/app\/uploads\/sites\/786\/2024\/08\/Slide-24b-2048x1929.png 2048w\" sizes=\"(max-width: 1024px) 100vw, 1024px\" \/>\t\t\t\t\t\t\t\t\t\t\t\t\t<\/div>\n\t\t\t\t<\/div>\n\t\t\t\t\t<\/div>\n\t\t<\/div>\n\t\t\t\t<div class=\"elementor-column elementor-col-50 elementor-inner-column elementor-element elementor-element-1bdacbb\" data-id=\"1bdacbb\" data-element_type=\"column\">\n\t\t\t<div class=\"elementor-widget-wrap elementor-element-populated\">\n\t\t\t\t\t\t<div class=\"elementor-element elementor-element-4471e2a elementor-widget elementor-widget-text-editor\" data-id=\"4471e2a\" data-element_type=\"widget\" data-widget_type=\"text-editor.default\">\n\t\t\t\t<div class=\"elementor-widget-container\">\n\t\t\t\t\t\t\t<p>\u00a0<\/p><p><span style=\"font-weight: 400\">Avalie a quantidade, a qualidade e a velocidade do conte\u00fado a ser transmitido. Para isso, informe detalhes conforme as necessidades expressas por quem est\u00e1 recebendo as informa\u00e7\u00f5es. Considere a hist\u00f3ria familiar, a condi\u00e7\u00e3o de sa\u00fade e emocional, a prontid\u00e3o.\u00a0<\/span><\/p><p>\u00a0<\/p><p>\u00a0<\/p><p><span style=\"font-weight: 400\">A<\/span><span style=\"font-weight: 400\"> quantidade e qualidade das informa\u00e7\u00f5es fornecidas, seja pelos profissionais ou pelos familiares, aumentam conforme a maturidade da crian\u00e7a.<\/span><\/p><p><span style=\"font-weight: 400\">\u00a0<\/span><\/p><p><span style=\"font-weight: 400\">Caso voc\u00ea identifique que a crian\u00e7a j\u00e1 sabe ou suspeita que tenha HIV, voc\u00ea pode esclarecer para a fam\u00edlia que eles j\u00e1 podem falar abertamente com a crian\u00e7a sobre isso. Ent\u00e3o, verifique como eles se sentem diante disso, pergunte se gostariam de conversar sozinhos com a crian\u00e7a ou se precisam que este seja um momento compartilhado com algum profissional para apoi\u00e1-los. Voc\u00ea n\u00e3o deve for\u00e7\u00e1-los a comunicar, mas pode ajud\u00e1-los a se preparar. Ser\u00e3o abordadas algumas estrat\u00e9gias no decorrer do Guia.<\/span><\/p>\t\t\t\t\t\t<\/div>\n\t\t\t\t<\/div>\n\t\t\t\t\t<\/div>\n\t\t<\/div>\n\t\t\t\t\t<\/div>\n\t\t<\/section>\n\t\t\t\t\t<\/div>\n\t\t<\/div>\n\t\t\t\t\t<\/div>\n\t\t<\/section>\n\t\t\t\t<section class=\"elementor-section elementor-top-section elementor-element elementor-element-7d30f5b elementor-section-boxed elementor-section-height-default elementor-section-height-default\" data-id=\"7d30f5b\" data-element_type=\"section\">\n\t\t\t\t\t\t<div class=\"elementor-container elementor-column-gap-default\">\n\t\t\t\t\t<div class=\"elementor-column elementor-col-100 elementor-top-column elementor-element elementor-element-4f06ffce\" data-id=\"4f06ffce\" data-element_type=\"column\">\n\t\t\t<div class=\"elementor-widget-wrap elementor-element-populated\">\n\t\t\t\t\t\t<div class=\"elementor-element elementor-element-618b2886 elementor-widget elementor-widget-image\" data-id=\"618b2886\" data-element_type=\"widget\" data-widget_type=\"image.default\">\n\t\t\t\t<div class=\"elementor-widget-container\">\n\t\t\t\t\t\t\t\t\t\t\t\t\t<img decoding=\"async\" src=\"https:\/\/www.ufsm.br\/app\/uploads\/sites\/786\/elementor\/thumbs\/unnamed-qs8bfqreijb1o7f2nd8lqzpjjptn3bfyq3nl4gfb32.jpg\" title=\"rodap\u00e9\" alt=\"rodap\u00e9\" loading=\"lazy\" \/>\t\t\t\t\t\t\t\t\t\t\t\t\t<\/div>\n\t\t\t\t<\/div>\n\t\t\t\t\t<\/div>\n\t\t<\/div>\n\t\t\t\t\t<\/div>\n\t\t<\/section>\n\t\t\t\t<\/div>\n\t\t","protected":false},"excerpt":{"rendered":"<p>Canal da comunica\u00e7\u00e3o O canal de comunica\u00e7\u00e3o do diagn\u00f3stico de HIV \u00e9 o meio utilizado para transmitir a mensagem. A escolha do canal depender\u00e1 do contexto em que voc\u00ea desenvolver\u00e1 a comunica\u00e7\u00e3o, ou seja, das situa\u00e7\u00f5es em que o pr\u00f3prio profissional est\u00e1 envolvido no servi\u00e7o, das situa\u00e7\u00f5es da fam\u00edlia e da crian\u00e7a. Alguns exemplos desses [&hellip;]<\/p>\n","protected":false},"author":7780,"featured_media":1862,"parent":0,"menu_order":0,"comment_status":"closed","ping_status":"closed","template":"","meta":{"footnotes":""},"categories":[106],"tags":[],"class_list":["post-1880","page","type-page","status-publish","has-post-thumbnail","hentry","category-aprontando-hiv-na-infancia"],"acf":[],"_links":{"self":[{"href":"https:\/\/www.ufsm.br\/pet\/ciencia-da-computacao\/wp-json\/wp\/v2\/pages\/1880","targetHints":{"allow":["GET"]}}],"collection":[{"href":"https:\/\/www.ufsm.br\/pet\/ciencia-da-computacao\/wp-json\/wp\/v2\/pages"}],"about":[{"href":"https:\/\/www.ufsm.br\/pet\/ciencia-da-computacao\/wp-json\/wp\/v2\/types\/page"}],"author":[{"embeddable":true,"href":"https:\/\/www.ufsm.br\/pet\/ciencia-da-computacao\/wp-json\/wp\/v2\/users\/7780"}],"replies":[{"embeddable":true,"href":"https:\/\/www.ufsm.br\/pet\/ciencia-da-computacao\/wp-json\/wp\/v2\/comments?post=1880"}],"version-history":[{"count":0,"href":"https:\/\/www.ufsm.br\/pet\/ciencia-da-computacao\/wp-json\/wp\/v2\/pages\/1880\/revisions"}],"wp:featuredmedia":[{"embeddable":true,"href":"https:\/\/www.ufsm.br\/pet\/ciencia-da-computacao\/wp-json\/wp\/v2\/media\/1862"}],"wp:attachment":[{"href":"https:\/\/www.ufsm.br\/pet\/ciencia-da-computacao\/wp-json\/wp\/v2\/media?parent=1880"}],"wp:term":[{"taxonomy":"category","embeddable":true,"href":"https:\/\/www.ufsm.br\/pet\/ciencia-da-computacao\/wp-json\/wp\/v2\/categories?post=1880"},{"taxonomy":"post_tag","embeddable":true,"href":"https:\/\/www.ufsm.br\/pet\/ciencia-da-computacao\/wp-json\/wp\/v2\/tags?post=1880"}],"curies":[{"name":"wp","href":"https:\/\/api.w.org\/{rel}","templated":true}]}}