{"id":1892,"date":"2024-09-22T17:41:01","date_gmt":"2024-09-22T20:41:01","guid":{"rendered":"https:\/\/www.ufsm.br\/pet\/ciencia-da-computacao\/?page_id=1892"},"modified":"2024-09-23T12:30:07","modified_gmt":"2024-09-23T15:30:07","slug":"revelacao-receptor-familia-aprontando","status":"publish","type":"page","link":"https:\/\/www.ufsm.br\/pet\/ciencia-da-computacao\/revelacao-receptor-familia-aprontando","title":{"rendered":"Revela\u00e7\u00e3o &#8211; Receptor fam\u00edlia &#8211; Aprontando"},"content":{"rendered":"\t\t<div data-elementor-type=\"wp-page\" data-elementor-id=\"1892\" class=\"elementor elementor-1892\">\n\t\t\t\t\t\t<section class=\"elementor-section elementor-top-section elementor-element elementor-element-202cf1b6 elementor-section-boxed elementor-section-height-default elementor-section-height-default\" data-id=\"202cf1b6\" data-element_type=\"section\">\n\t\t\t\t\t\t<div class=\"elementor-container elementor-column-gap-default\">\n\t\t\t\t\t<div class=\"elementor-column elementor-col-100 elementor-top-column elementor-element elementor-element-14c28d63\" data-id=\"14c28d63\" data-element_type=\"column\">\n\t\t\t<div class=\"elementor-widget-wrap elementor-element-populated\">\n\t\t\t\t\t\t<div class=\"elementor-element elementor-element-36b76cb0 elementor-widget elementor-widget-image\" data-id=\"36b76cb0\" data-element_type=\"widget\" data-widget_type=\"image.default\">\n\t\t\t\t<div class=\"elementor-widget-container\">\n\t\t\t\t\t\t\t\t\t\t\t\t\t<img decoding=\"async\" src=\"https:\/\/www.ufsm.br\/app\/uploads\/sites\/786\/elementor\/thumbs\/Identidade-Visual-Aprontando-qs8gmejn5rcym79jryixp5lv3ipliiyhbyelxqejnq.png\" title=\"Identidade Visual Aprontando\" alt=\"Identidade Visual Aprontando\" loading=\"lazy\" \/>\t\t\t\t\t\t\t\t\t\t\t\t\t<\/div>\n\t\t\t\t<\/div>\n\t\t\t\t<div class=\"elementor-element elementor-element-49483ac elementor-widget elementor-widget-image\" data-id=\"49483ac\" data-element_type=\"widget\" data-widget_type=\"image.default\">\n\t\t\t\t<div class=\"elementor-widget-container\">\n\t\t\t\t\t\t\t\t\t\t\t\t\t<img fetchpriority=\"high\" decoding=\"async\" width=\"300\" height=\"249\" src=\"https:\/\/www.ufsm.br\/app\/uploads\/sites\/786\/2024\/08\/Icone-Revelacao-300x249.png\" class=\"attachment-medium size-medium wp-image-1863\" alt=\"\" srcset=\"https:\/\/www.ufsm.br\/app\/uploads\/sites\/786\/2024\/08\/Icone-Revelacao-300x249.png 300w, https:\/\/www.ufsm.br\/app\/uploads\/sites\/786\/2024\/08\/Icone-Revelacao-1024x851.png 1024w, https:\/\/www.ufsm.br\/app\/uploads\/sites\/786\/2024\/08\/Icone-Revelacao-768x638.png 768w, https:\/\/www.ufsm.br\/app\/uploads\/sites\/786\/2024\/08\/Icone-Revelacao-1536x1276.png 1536w, https:\/\/www.ufsm.br\/app\/uploads\/sites\/786\/2024\/08\/Icone-Revelacao-2048x1701.png 2048w\" sizes=\"(max-width: 300px) 100vw, 300px\" \/>\t\t\t\t\t\t\t\t\t\t\t\t\t<\/div>\n\t\t\t\t<\/div>\n\t\t\t\t\t<\/div>\n\t\t<\/div>\n\t\t\t\t\t<\/div>\n\t\t<\/section>\n\t\t\t\t<section class=\"elementor-section elementor-top-section elementor-element elementor-element-76cc979 elementor-section-boxed elementor-section-height-default elementor-section-height-default\" data-id=\"76cc979\" data-element_type=\"section\">\n\t\t\t\t\t\t<div class=\"elementor-container elementor-column-gap-default\">\n\t\t\t\t\t<div class=\"elementor-column elementor-col-100 elementor-top-column elementor-element elementor-element-8b66576\" data-id=\"8b66576\" data-element_type=\"column\">\n\t\t\t<div class=\"elementor-widget-wrap elementor-element-populated\">\n\t\t\t\t\t\t<div class=\"elementor-element elementor-element-72dac18 elementor-widget elementor-widget-heading\" data-id=\"72dac18\" data-element_type=\"widget\" data-widget_type=\"heading.default\">\n\t\t\t\t<div class=\"elementor-widget-container\">\n\t\t\t<h2 class=\"elementor-heading-title elementor-size-default\">Quando o receptor for a fam\u00edlia, o emissor ser\u00e1 o profissional<\/h2>\t\t<\/div>\n\t\t\t\t<\/div>\n\t\t\t\t\t<\/div>\n\t\t<\/div>\n\t\t\t\t\t<\/div>\n\t\t<\/section>\n\t\t\t\t<section class=\"elementor-section elementor-top-section elementor-element elementor-element-82ce566 elementor-section-boxed elementor-section-height-default elementor-section-height-default\" data-id=\"82ce566\" data-element_type=\"section\">\n\t\t\t\t\t\t<div class=\"elementor-container elementor-column-gap-default\">\n\t\t\t\t\t<div class=\"elementor-column elementor-col-100 elementor-top-column elementor-element elementor-element-393182c\" data-id=\"393182c\" data-element_type=\"column\">\n\t\t\t<div class=\"elementor-widget-wrap elementor-element-populated\">\n\t\t\t\t\t\t<div class=\"elementor-element elementor-element-e255e7d elementor-widget elementor-widget-image\" data-id=\"e255e7d\" data-element_type=\"widget\" data-widget_type=\"image.default\">\n\t\t\t\t<div class=\"elementor-widget-container\">\n\t\t\t\t\t\t\t\t\t\t\t\t\t<img decoding=\"async\" width=\"768\" height=\"418\" src=\"https:\/\/www.ufsm.br\/app\/uploads\/sites\/786\/2024\/08\/Slide-35-768x418.png\" class=\"attachment-medium_large size-medium_large wp-image-1848\" alt=\"\" srcset=\"https:\/\/www.ufsm.br\/app\/uploads\/sites\/786\/2024\/08\/Slide-35-768x418.png 768w, https:\/\/www.ufsm.br\/app\/uploads\/sites\/786\/2024\/08\/Slide-35-300x163.png 300w, https:\/\/www.ufsm.br\/app\/uploads\/sites\/786\/2024\/08\/Slide-35-1024x558.png 1024w, https:\/\/www.ufsm.br\/app\/uploads\/sites\/786\/2024\/08\/Slide-35-1536x837.png 1536w, https:\/\/www.ufsm.br\/app\/uploads\/sites\/786\/2024\/08\/Slide-35-2048x1116.png 2048w\" sizes=\"(max-width: 768px) 100vw, 768px\" \/>\t\t\t\t\t\t\t\t\t\t\t\t\t<\/div>\n\t\t\t\t<\/div>\n\t\t\t\t<div class=\"elementor-element elementor-element-25d9351 elementor-widget elementor-widget-text-editor\" data-id=\"25d9351\" data-element_type=\"widget\" data-widget_type=\"text-editor.default\">\n\t\t\t\t<div class=\"elementor-widget-container\">\n\t\t\t\t\t\t\t<p dir=\"ltr\" style=\"line-height: 1.284;text-align: justify;margin-top: 0pt;margin-bottom: 0pt\"><span style=\"font-size: 18pt;font-family: 'Times New Roman',serif;color: #000000;background-color: transparent;font-weight: 400;font-style: normal;font-variant: normal;text-decoration: none;vertical-align: baseline\">Voc\u00ea precisa considerar a organiza\u00e7\u00e3o da sua equipe de trabalho. Reconhe\u00e7a que a comunica\u00e7\u00e3o deve, preferencialmente, envolver uma equipe multiprofissional. O acompanhamento da comunica\u00e7\u00e3o envolve conversas que podem ocorrer em diferentes momentos, n\u00e3o de forma s\u00edncrona.\u00a0<\/span><\/p><p dir=\"ltr\" style=\"line-height: 1.284;text-align: justify;margin-top: 18pt;margin-bottom: 0pt\"><span style=\"font-size: 18pt;font-family: 'Times New Roman',serif;color: #000000;background-color: transparent;font-weight: 400;font-style: normal;font-variant: normal;text-decoration: none;vertical-align: baseline\">H\u00e1 consenso de que a comunica\u00e7\u00e3o que compete ao m\u00e9dico \u00e9 aquela de teor mais t\u00e9cnico, como o resultado dos exames, o diagn\u00f3stico em si e o progn\u00f3stico. Depois que o m\u00e9dico comunica o diagn\u00f3stico para a fam\u00edlia, os demais profissionais que comp\u00f5em a equipe do servi\u00e7o mant\u00eam este acompanhamento do processo de comunica\u00e7\u00e3o.\u00a0<\/span><\/p><p dir=\"ltr\" style=\"line-height: 1.284;text-align: justify;margin-top: 18pt;margin-bottom: 0pt\"><span style=\"font-size: 18pt;font-family: 'Times New Roman',serif;color: #000000;background-color: transparent;font-weight: 400;font-style: normal;font-variant: normal;text-decoration: none;vertical-align: baseline\">O acompanhamento multiprofissional envolver\u00e1 orienta\u00e7\u00f5es, esclarecimento de d\u00favidas, apoio, encorajamento para que a fam\u00edlia decida contar ou n\u00e3o a outras pessoas de sua rede de apoio, bem como sensibiliza\u00e7\u00e3o sobre o direito da crian\u00e7a de saber seu diagn\u00f3stico. Priorize o profissional que tiver maior v\u00ednculo com a fam\u00edlia, isto facilitar\u00e1 a aceita\u00e7\u00e3o do diagn\u00f3stico. A equipe dever\u00e1 apoi\u00e1-lo para atender \u00e0s demandas decorrentes da comunica\u00e7\u00e3o. Considere a import\u00e2ncia da integra\u00e7\u00e3o entre os servi\u00e7os de sa\u00fade que atendem a crian\u00e7a e sua fam\u00edlia.<\/span><\/p>\t\t\t\t\t\t<\/div>\n\t\t\t\t<\/div>\n\t\t\t\t\t<\/div>\n\t\t<\/div>\n\t\t\t\t\t<\/div>\n\t\t<\/section>\n\t\t\t\t<section class=\"elementor-section elementor-top-section elementor-element elementor-element-5e7685d elementor-section-boxed elementor-section-height-default elementor-section-height-default\" data-id=\"5e7685d\" data-element_type=\"section\">\n\t\t\t\t\t\t<div class=\"elementor-container elementor-column-gap-default\">\n\t\t\t\t\t<div class=\"elementor-column elementor-col-50 elementor-top-column elementor-element elementor-element-02a4354\" data-id=\"02a4354\" data-element_type=\"column\">\n\t\t\t<div class=\"elementor-widget-wrap elementor-element-populated\">\n\t\t\t\t\t\t<div class=\"elementor-element elementor-element-5c71a6e elementor-widget elementor-widget-image\" data-id=\"5c71a6e\" data-element_type=\"widget\" data-widget_type=\"image.default\">\n\t\t\t\t<div class=\"elementor-widget-container\">\n\t\t\t\t\t\t\t\t\t\t\t\t\t<img decoding=\"async\" src=\"https:\/\/www.ufsm.br\/app\/uploads\/sites\/786\/elementor\/thumbs\/Icone--e1723058723695-qs9txfxg9s940beddsv6ck8q13ue2d2jgnxmgqkxfg.png\" title=\"Icone !\" alt=\"Icone !\" loading=\"lazy\" \/>\t\t\t\t\t\t\t\t\t\t\t\t\t<\/div>\n\t\t\t\t<\/div>\n\t\t\t\t\t<\/div>\n\t\t<\/div>\n\t\t\t\t<div class=\"elementor-column elementor-col-50 elementor-top-column elementor-element elementor-element-6c76293\" data-id=\"6c76293\" data-element_type=\"column\">\n\t\t\t<div class=\"elementor-widget-wrap elementor-element-populated\">\n\t\t\t\t\t\t<div class=\"elementor-element elementor-element-e1938e9 elementor-widget elementor-widget-spacer\" data-id=\"e1938e9\" data-element_type=\"widget\" data-widget_type=\"spacer.default\">\n\t\t\t\t<div class=\"elementor-widget-container\">\n\t\t\t\t\t<div class=\"elementor-spacer\">\n\t\t\t<div class=\"elementor-spacer-inner\"><\/div>\n\t\t<\/div>\n\t\t\t\t<\/div>\n\t\t\t\t<\/div>\n\t\t\t\t<div class=\"elementor-element elementor-element-f06d8f7 elementor-widget elementor-widget-text-editor\" data-id=\"f06d8f7\" data-element_type=\"widget\" data-widget_type=\"text-editor.default\">\n\t\t\t\t<div class=\"elementor-widget-container\">\n\t\t\t\t\t\t\t<p><span style=\"font-weight: 400\">A informa\u00e7\u00e3o do diagn\u00f3stico e progn\u00f3stico da crian\u00e7a provoca maior sofrimento na fam\u00edlia quando comunicada por profissionais que n\u00e3o acompanham a crian\u00e7a.<\/span><\/p>\t\t\t\t\t\t<\/div>\n\t\t\t\t<\/div>\n\t\t\t\t\t<\/div>\n\t\t<\/div>\n\t\t\t\t\t<\/div>\n\t\t<\/section>\n\t\t\t\t<section class=\"elementor-section elementor-top-section elementor-element elementor-element-48d6d7c elementor-section-boxed elementor-section-height-default elementor-section-height-default\" data-id=\"48d6d7c\" data-element_type=\"section\">\n\t\t\t\t\t\t<div class=\"elementor-container elementor-column-gap-default\">\n\t\t\t\t\t<div class=\"elementor-column elementor-col-100 elementor-top-column elementor-element elementor-element-4841b2f\" data-id=\"4841b2f\" data-element_type=\"column\">\n\t\t\t<div class=\"elementor-widget-wrap elementor-element-populated\">\n\t\t\t\t\t\t<div class=\"elementor-element elementor-element-8c6ccd3 elementor-widget elementor-widget-image\" data-id=\"8c6ccd3\" data-element_type=\"widget\" data-widget_type=\"image.default\">\n\t\t\t\t<div class=\"elementor-widget-container\">\n\t\t\t\t\t\t\t\t\t\t\t\t\t<img decoding=\"async\" width=\"768\" height=\"402\" src=\"https:\/\/www.ufsm.br\/app\/uploads\/sites\/786\/2024\/08\/Slide-36-768x402.png\" class=\"attachment-medium_large size-medium_large wp-image-1849\" alt=\"\" srcset=\"https:\/\/www.ufsm.br\/app\/uploads\/sites\/786\/2024\/08\/Slide-36-768x402.png 768w, https:\/\/www.ufsm.br\/app\/uploads\/sites\/786\/2024\/08\/Slide-36-300x157.png 300w, https:\/\/www.ufsm.br\/app\/uploads\/sites\/786\/2024\/08\/Slide-36-1024x536.png 1024w, https:\/\/www.ufsm.br\/app\/uploads\/sites\/786\/2024\/08\/Slide-36-1536x804.png 1536w, https:\/\/www.ufsm.br\/app\/uploads\/sites\/786\/2024\/08\/Slide-36-2048x1072.png 2048w\" sizes=\"(max-width: 768px) 100vw, 768px\" \/>\t\t\t\t\t\t\t\t\t\t\t\t\t<\/div>\n\t\t\t\t<\/div>\n\t\t\t\t\t<\/div>\n\t\t<\/div>\n\t\t\t\t\t<\/div>\n\t\t<\/section>\n\t\t\t\t<section class=\"elementor-section elementor-top-section elementor-element elementor-element-c01ec8f elementor-section-boxed elementor-section-height-default elementor-section-height-default\" data-id=\"c01ec8f\" data-element_type=\"section\">\n\t\t\t\t\t\t<div class=\"elementor-container elementor-column-gap-default\">\n\t\t\t\t\t<div class=\"elementor-column elementor-col-100 elementor-top-column elementor-element elementor-element-2cff2ed\" data-id=\"2cff2ed\" data-element_type=\"column\">\n\t\t\t<div class=\"elementor-widget-wrap elementor-element-populated\">\n\t\t\t\t\t\t<div class=\"elementor-element elementor-element-ae38133 elementor-widget elementor-widget-text-editor\" data-id=\"ae38133\" data-element_type=\"widget\" data-widget_type=\"text-editor.default\">\n\t\t\t\t<div class=\"elementor-widget-container\">\n\t\t\t\t\t\t\t<p dir=\"ltr\" style=\"line-height: 1.284;text-align: justify;margin-top: 0pt;margin-bottom: 0pt\"><span style=\"font-size: 18pt;font-family: 'Times New Roman',serif;color: #000000;background-color: transparent;font-weight: 400;font-style: normal;font-variant: normal;text-decoration: none;vertical-align: baseline\">Os familiares valorizam o apoio da equipe, com a sensa\u00e7\u00e3o de mais pessoas envolvidas no mesmo compromisso. A comunica\u00e7\u00e3o para a fam\u00edlia deve, preferencialmente, ser realizada aos pais, e quando a crian\u00e7a estiver sob os cuidados de outra pessoa, verifique quem \u00e9 o respons\u00e1vel legal. Para comunicar, priorize a presen\u00e7a de quem tem mais v\u00ednculo com a crian\u00e7a.\u00a0<\/span><\/p>\t\t\t\t\t\t<\/div>\n\t\t\t\t<\/div>\n\t\t\t\t\t<\/div>\n\t\t<\/div>\n\t\t\t\t\t<\/div>\n\t\t<\/section>\n\t\t\t\t<section class=\"elementor-section elementor-top-section elementor-element elementor-element-1d036e2 elementor-section-boxed elementor-section-height-default elementor-section-height-default\" data-id=\"1d036e2\" data-element_type=\"section\">\n\t\t\t\t\t\t<div class=\"elementor-container elementor-column-gap-default\">\n\t\t\t\t\t<div class=\"elementor-column elementor-col-50 elementor-top-column elementor-element elementor-element-8b33b8c\" data-id=\"8b33b8c\" data-element_type=\"column\">\n\t\t\t<div class=\"elementor-widget-wrap elementor-element-populated\">\n\t\t\t\t\t\t<div class=\"elementor-element elementor-element-a545744 elementor-widget elementor-widget-image\" data-id=\"a545744\" data-element_type=\"widget\" data-widget_type=\"image.default\">\n\t\t\t\t<div class=\"elementor-widget-container\">\n\t\t\t\t\t\t\t\t\t\t\t\t\t<img decoding=\"async\" src=\"https:\/\/www.ufsm.br\/app\/uploads\/sites\/786\/elementor\/thumbs\/Icone--e1723058723695-qs9txfxg9s940beddsv6ck8q13ue2d2jgnxmgqkxfg.png\" title=\"Icone !\" alt=\"Icone !\" loading=\"lazy\" \/>\t\t\t\t\t\t\t\t\t\t\t\t\t<\/div>\n\t\t\t\t<\/div>\n\t\t\t\t\t<\/div>\n\t\t<\/div>\n\t\t\t\t<div class=\"elementor-column elementor-col-50 elementor-top-column elementor-element elementor-element-6134449\" data-id=\"6134449\" data-element_type=\"column\">\n\t\t\t<div class=\"elementor-widget-wrap elementor-element-populated\">\n\t\t\t\t\t\t<div class=\"elementor-element elementor-element-3c4f0d4 elementor-widget elementor-widget-spacer\" data-id=\"3c4f0d4\" data-element_type=\"widget\" data-widget_type=\"spacer.default\">\n\t\t\t\t<div class=\"elementor-widget-container\">\n\t\t\t\t\t<div class=\"elementor-spacer\">\n\t\t\t<div class=\"elementor-spacer-inner\"><\/div>\n\t\t<\/div>\n\t\t\t\t<\/div>\n\t\t\t\t<\/div>\n\t\t\t\t<div class=\"elementor-element elementor-element-c011500 elementor-widget elementor-widget-text-editor\" data-id=\"c011500\" data-element_type=\"widget\" data-widget_type=\"text-editor.default\">\n\t\t\t\t<div class=\"elementor-widget-container\">\n\t\t\t\t\t\t\t<p><span style=\"font-weight: 400\">A presen\u00e7a de acompanhante, de acordo com a vontade daqueles que receber\u00e3o a not\u00edcia, facilita a comunica\u00e7\u00e3o. Indica-se que escolham pessoas que possam oferecer apoio, como outros familiares ou pessoas de confian\u00e7a.<\/span><\/p>\t\t\t\t\t\t<\/div>\n\t\t\t\t<\/div>\n\t\t\t\t\t<\/div>\n\t\t<\/div>\n\t\t\t\t\t<\/div>\n\t\t<\/section>\n\t\t\t\t<section class=\"elementor-section elementor-top-section elementor-element elementor-element-d953745 elementor-section-boxed elementor-section-height-default elementor-section-height-default\" data-id=\"d953745\" data-element_type=\"section\">\n\t\t\t\t\t\t<div class=\"elementor-container elementor-column-gap-default\">\n\t\t\t\t\t<div class=\"elementor-column elementor-col-100 elementor-top-column elementor-element elementor-element-9c97d87\" data-id=\"9c97d87\" data-element_type=\"column\">\n\t\t\t<div class=\"elementor-widget-wrap elementor-element-populated\">\n\t\t\t\t\t\t<div class=\"elementor-element elementor-element-74d8052 elementor-widget elementor-widget-text-editor\" data-id=\"74d8052\" data-element_type=\"widget\" data-widget_type=\"text-editor.default\">\n\t\t\t\t<div class=\"elementor-widget-container\">\n\t\t\t\t\t\t\t<p><span id=\"docs-internal-guid-2ee4d39d-7fff-dc2c-9d39-85d78c3d6f1c\"><span style=\"font-size: 18pt;font-family: 'Times New Roman', serif;color: #000000;background-color: transparent;vertical-align: baseline\">Se os pais (ou respons\u00e1veis pela crian\u00e7a) desejarem comunicar para os demais membros da fam\u00edlia, voc\u00ea ou algum profissional da prefer\u00eancia deles pode oferecer apoio. Inclusive, essa comunica\u00e7\u00e3o para os demais familiares pode ser compartilhada com algum profissional do servi\u00e7o de aten\u00e7\u00e3o prim\u00e1ria \u00e0 sa\u00fade que a crian\u00e7a frequenta. <\/span><\/span><\/p>\t\t\t\t\t\t<\/div>\n\t\t\t\t<\/div>\n\t\t\t\t\t<\/div>\n\t\t<\/div>\n\t\t\t\t\t<\/div>\n\t\t<\/section>\n\t\t\t\t<section class=\"elementor-section elementor-top-section elementor-element elementor-element-60651bc elementor-section-boxed elementor-section-height-default elementor-section-height-default\" data-id=\"60651bc\" data-element_type=\"section\">\n\t\t\t\t\t\t<div class=\"elementor-container elementor-column-gap-default\">\n\t\t\t\t\t<div class=\"elementor-column elementor-col-50 elementor-top-column elementor-element elementor-element-529f8d8\" data-id=\"529f8d8\" data-element_type=\"column\">\n\t\t\t<div class=\"elementor-widget-wrap elementor-element-populated\">\n\t\t\t\t\t\t<div class=\"elementor-element elementor-element-99829dc elementor-widget elementor-widget-image\" data-id=\"99829dc\" data-element_type=\"widget\" data-widget_type=\"image.default\">\n\t\t\t\t<div class=\"elementor-widget-container\">\n\t\t\t\t\t\t\t\t\t\t\t\t\t<img decoding=\"async\" src=\"https:\/\/www.ufsm.br\/app\/uploads\/sites\/786\/elementor\/thumbs\/Icone--e1723058723695-qs9txfxg9s940beddsv6ck8q13ue2d2jgnxmgqkxfg.png\" title=\"Icone !\" alt=\"Icone !\" loading=\"lazy\" \/>\t\t\t\t\t\t\t\t\t\t\t\t\t<\/div>\n\t\t\t\t<\/div>\n\t\t\t\t\t<\/div>\n\t\t<\/div>\n\t\t\t\t<div class=\"elementor-column elementor-col-50 elementor-top-column elementor-element elementor-element-2b5f0b0\" data-id=\"2b5f0b0\" data-element_type=\"column\">\n\t\t\t<div class=\"elementor-widget-wrap elementor-element-populated\">\n\t\t\t\t\t\t<div class=\"elementor-element elementor-element-e86075c elementor-widget elementor-widget-spacer\" data-id=\"e86075c\" data-element_type=\"widget\" data-widget_type=\"spacer.default\">\n\t\t\t\t<div class=\"elementor-widget-container\">\n\t\t\t\t\t<div class=\"elementor-spacer\">\n\t\t\t<div class=\"elementor-spacer-inner\"><\/div>\n\t\t<\/div>\n\t\t\t\t<\/div>\n\t\t\t\t<\/div>\n\t\t\t\t<div class=\"elementor-element elementor-element-dbf66ee elementor-widget elementor-widget-text-editor\" data-id=\"dbf66ee\" data-element_type=\"widget\" data-widget_type=\"text-editor.default\">\n\t\t\t\t<div class=\"elementor-widget-container\">\n\t\t\t\t\t\t\t<p dir=\"ltr\" style=\"line-height: 1.08;margin-top: 10pt;margin-bottom: 0pt\"><span style=\"font-size: 27.999999999999996pt;font-family: Calibri,sans-serif;color: #000000;background-color: transparent;font-weight: 400;font-style: normal;font-variant: normal;text-decoration: none;vertical-align: baseline\">Os familiares preferem receber a not\u00edcia primeiro, para ent\u00e3o se prepararem para compartilhar com a crian\u00e7a.<\/span><\/p>\t\t\t\t\t\t<\/div>\n\t\t\t\t<\/div>\n\t\t\t\t\t<\/div>\n\t\t<\/div>\n\t\t\t\t\t<\/div>\n\t\t<\/section>\n\t\t\t\t<section class=\"elementor-section elementor-top-section elementor-element elementor-element-41a7c923 elementor-section-boxed elementor-section-height-default elementor-section-height-default\" data-id=\"41a7c923\" data-element_type=\"section\">\n\t\t\t\t\t\t<div class=\"elementor-container elementor-column-gap-default\">\n\t\t\t\t\t<div class=\"elementor-column elementor-col-100 elementor-top-column elementor-element elementor-element-83b7688\" data-id=\"83b7688\" data-element_type=\"column\">\n\t\t\t<div class=\"elementor-widget-wrap elementor-element-populated\">\n\t\t\t\t\t\t<div class=\"elementor-element elementor-element-fc4b4d9 elementor-widget elementor-widget-image\" data-id=\"fc4b4d9\" data-element_type=\"widget\" data-widget_type=\"image.default\">\n\t\t\t\t<div class=\"elementor-widget-container\">\n\t\t\t\t\t\t\t\t\t\t\t\t\t<img decoding=\"async\" src=\"https:\/\/www.ufsm.br\/app\/uploads\/sites\/786\/elementor\/thumbs\/unnamed-qs8bfqreijb1o7f2nd8lqzpjjptn3bfyq3nl4gfb32.jpg\" title=\"rodap\u00e9\" alt=\"rodap\u00e9\" loading=\"lazy\" \/>\t\t\t\t\t\t\t\t\t\t\t\t\t<\/div>\n\t\t\t\t<\/div>\n\t\t\t\t\t<\/div>\n\t\t<\/div>\n\t\t\t\t\t<\/div>\n\t\t<\/section>\n\t\t\t\t<\/div>\n\t\t","protected":false},"excerpt":{"rendered":"<p>Quando o receptor for a fam\u00edlia, o emissor ser\u00e1 o profissional Voc\u00ea precisa considerar a organiza\u00e7\u00e3o da sua equipe de trabalho. Reconhe\u00e7a que a comunica\u00e7\u00e3o deve, preferencialmente, envolver uma equipe multiprofissional. O acompanhamento da comunica\u00e7\u00e3o envolve conversas que podem ocorrer em diferentes momentos, n\u00e3o de forma s\u00edncrona.\u00a0 H\u00e1 consenso de que a comunica\u00e7\u00e3o que compete [&hellip;]<\/p>\n","protected":false},"author":8327,"featured_media":0,"parent":0,"menu_order":0,"comment_status":"closed","ping_status":"closed","template":"","meta":{"footnotes":""},"categories":[106],"tags":[],"class_list":["post-1892","page","type-page","status-publish","hentry","category-aprontando-hiv-na-infancia"],"acf":[],"_links":{"self":[{"href":"https:\/\/www.ufsm.br\/pet\/ciencia-da-computacao\/wp-json\/wp\/v2\/pages\/1892","targetHints":{"allow":["GET"]}}],"collection":[{"href":"https:\/\/www.ufsm.br\/pet\/ciencia-da-computacao\/wp-json\/wp\/v2\/pages"}],"about":[{"href":"https:\/\/www.ufsm.br\/pet\/ciencia-da-computacao\/wp-json\/wp\/v2\/types\/page"}],"author":[{"embeddable":true,"href":"https:\/\/www.ufsm.br\/pet\/ciencia-da-computacao\/wp-json\/wp\/v2\/users\/8327"}],"replies":[{"embeddable":true,"href":"https:\/\/www.ufsm.br\/pet\/ciencia-da-computacao\/wp-json\/wp\/v2\/comments?post=1892"}],"version-history":[{"count":0,"href":"https:\/\/www.ufsm.br\/pet\/ciencia-da-computacao\/wp-json\/wp\/v2\/pages\/1892\/revisions"}],"wp:attachment":[{"href":"https:\/\/www.ufsm.br\/pet\/ciencia-da-computacao\/wp-json\/wp\/v2\/media?parent=1892"}],"wp:term":[{"taxonomy":"category","embeddable":true,"href":"https:\/\/www.ufsm.br\/pet\/ciencia-da-computacao\/wp-json\/wp\/v2\/categories?post=1892"},{"taxonomy":"post_tag","embeddable":true,"href":"https:\/\/www.ufsm.br\/pet\/ciencia-da-computacao\/wp-json\/wp\/v2\/tags?post=1892"}],"curies":[{"name":"wp","href":"https:\/\/api.w.org\/{rel}","templated":true}]}}