{"id":1894,"date":"2024-09-22T17:59:53","date_gmt":"2024-09-22T20:59:53","guid":{"rendered":"https:\/\/www.ufsm.br\/pet\/ciencia-da-computacao\/?page_id=1894"},"modified":"2024-09-23T12:31:04","modified_gmt":"2024-09-23T15:31:04","slug":"revelacao-receptor-crianca-aprontando","status":"publish","type":"page","link":"https:\/\/www.ufsm.br\/pet\/ciencia-da-computacao\/revelacao-receptor-crianca-aprontando","title":{"rendered":"Revela\u00e7\u00e3o &#8211; Receptor crian\u00e7a &#8211; Aprontando"},"content":{"rendered":"\t\t<div data-elementor-type=\"wp-page\" data-elementor-id=\"1894\" class=\"elementor elementor-1894\">\n\t\t\t\t\t\t<section class=\"elementor-section elementor-top-section elementor-element elementor-element-338291ff elementor-section-boxed elementor-section-height-default elementor-section-height-default\" data-id=\"338291ff\" data-element_type=\"section\">\n\t\t\t\t\t\t<div class=\"elementor-container elementor-column-gap-default\">\n\t\t\t\t\t<div class=\"elementor-column elementor-col-100 elementor-top-column elementor-element elementor-element-105feaa1\" data-id=\"105feaa1\" data-element_type=\"column\">\n\t\t\t<div class=\"elementor-widget-wrap elementor-element-populated\">\n\t\t\t\t\t\t<div class=\"elementor-element elementor-element-5200dff7 elementor-widget elementor-widget-image\" data-id=\"5200dff7\" data-element_type=\"widget\" data-widget_type=\"image.default\">\n\t\t\t\t<div class=\"elementor-widget-container\">\n\t\t\t\t\t\t\t\t\t\t\t\t\t<img decoding=\"async\" src=\"https:\/\/www.ufsm.br\/app\/uploads\/sites\/786\/elementor\/thumbs\/Identidade-Visual-Aprontando-qs8gmejn5rcym79jryixp5lv3ipliiyhbyelxqejnq.png\" title=\"Identidade Visual Aprontando\" alt=\"Identidade Visual Aprontando\" loading=\"lazy\" \/>\t\t\t\t\t\t\t\t\t\t\t\t\t<\/div>\n\t\t\t\t<\/div>\n\t\t\t\t\t<\/div>\n\t\t<\/div>\n\t\t\t\t\t<\/div>\n\t\t<\/section>\n\t\t\t\t<section class=\"elementor-section elementor-top-section elementor-element elementor-element-c93e8b1 elementor-section-boxed elementor-section-height-default elementor-section-height-default\" data-id=\"c93e8b1\" data-element_type=\"section\">\n\t\t\t\t\t\t<div class=\"elementor-container elementor-column-gap-default\">\n\t\t\t\t\t<div class=\"elementor-column elementor-col-100 elementor-top-column elementor-element elementor-element-ebb2781\" data-id=\"ebb2781\" data-element_type=\"column\">\n\t\t\t<div class=\"elementor-widget-wrap elementor-element-populated\">\n\t\t\t\t\t\t<div class=\"elementor-element elementor-element-3b8d5df elementor-widget elementor-widget-heading\" data-id=\"3b8d5df\" data-element_type=\"widget\" data-widget_type=\"heading.default\">\n\t\t\t\t<div class=\"elementor-widget-container\">\n\t\t\t<h2 class=\"elementor-heading-title elementor-size-default\">Quando o receptor for crian\u00e7a, o emissor ser\u00e1, preferencialmente, a fam\u00edlia<\/h2>\t\t<\/div>\n\t\t\t\t<\/div>\n\t\t\t\t\t<\/div>\n\t\t<\/div>\n\t\t\t\t\t<\/div>\n\t\t<\/section>\n\t\t\t\t<section class=\"elementor-section elementor-top-section elementor-element elementor-element-c1bfbec elementor-section-boxed elementor-section-height-default elementor-section-height-default\" data-id=\"c1bfbec\" data-element_type=\"section\">\n\t\t\t\t\t\t<div class=\"elementor-container elementor-column-gap-default\">\n\t\t\t\t\t<div class=\"elementor-column elementor-col-50 elementor-top-column elementor-element elementor-element-948f9e3\" data-id=\"948f9e3\" data-element_type=\"column\">\n\t\t\t<div class=\"elementor-widget-wrap elementor-element-populated\">\n\t\t\t\t\t\t<div class=\"elementor-element elementor-element-9c1c44b elementor-widget elementor-widget-image\" data-id=\"9c1c44b\" data-element_type=\"widget\" data-widget_type=\"image.default\">\n\t\t\t\t<div class=\"elementor-widget-container\">\n\t\t\t\t\t\t\t\t\t\t\t\t\t<img fetchpriority=\"high\" decoding=\"async\" width=\"1024\" height=\"1024\" src=\"https:\/\/www.ufsm.br\/app\/uploads\/sites\/786\/2024\/08\/Slide-2-1024x1024.png\" class=\"attachment-large size-large wp-image-1864\" alt=\"\" srcset=\"https:\/\/www.ufsm.br\/app\/uploads\/sites\/786\/2024\/08\/Slide-2-1024x1024.png 1024w, https:\/\/www.ufsm.br\/app\/uploads\/sites\/786\/2024\/08\/Slide-2-300x300.png 300w, https:\/\/www.ufsm.br\/app\/uploads\/sites\/786\/2024\/08\/Slide-2-150x150.png 150w, https:\/\/www.ufsm.br\/app\/uploads\/sites\/786\/2024\/08\/Slide-2-768x768.png 768w, https:\/\/www.ufsm.br\/app\/uploads\/sites\/786\/2024\/08\/Slide-2.png 1450w\" sizes=\"(max-width: 1024px) 100vw, 1024px\" \/>\t\t\t\t\t\t\t\t\t\t\t\t\t<\/div>\n\t\t\t\t<\/div>\n\t\t\t\t\t<\/div>\n\t\t<\/div>\n\t\t\t\t<div class=\"elementor-column elementor-col-50 elementor-top-column elementor-element elementor-element-955add9\" data-id=\"955add9\" data-element_type=\"column\">\n\t\t\t<div class=\"elementor-widget-wrap elementor-element-populated\">\n\t\t\t\t\t\t<div class=\"elementor-element elementor-element-299c3f6 elementor-widget elementor-widget-text-editor\" data-id=\"299c3f6\" data-element_type=\"widget\" data-widget_type=\"text-editor.default\">\n\t\t\t\t<div class=\"elementor-widget-container\">\n\t\t\t\t\t\t\t<p dir=\"ltr\" style=\"line-height: 1.284;text-align: justify;margin-top: 0pt;margin-bottom: 0pt\"><span style=\"font-size: 18pt;font-family: 'Times New Roman',serif;color: #000000;background-color: transparent;font-weight: 400;font-style: normal;font-variant: normal;text-decoration: none;vertical-align: baseline\">A comunica\u00e7\u00e3o para a crian\u00e7a deve ser realizada pelos pais (ou respons\u00e1veis), com apoio do profissional. Entretanto, h\u00e1 situa\u00e7\u00f5es espec\u00edficas em que o pr\u00f3prio profissional comunica diretamente \u00e0 crian\u00e7a, inclusive por escolha da fam\u00edlia. Sugere-se que a equipe multiprofissional debata sobre esta decis\u00e3o.<\/span><\/p><p>\u00a0<\/p><p dir=\"ltr\" style=\"line-height: 1.284;text-align: justify;margin-top: 18pt;margin-bottom: 0pt\"><span style=\"font-size: 18pt;font-family: 'Times New Roman',serif;color: #000000;background-color: transparent;font-weight: 400;font-style: normal;font-variant: normal;text-decoration: none;vertical-align: baseline\">Certifique-se de qual \u00e9 o familiar adequado para estar com a crian\u00e7a neste momento. Verifique como o familiar escolhido se sente para comunicar \u00e0 crian\u00e7a e o apoie, discutindo sobre a mensagem e o canal de comunica\u00e7\u00e3o. Reitere \u00e0 fam\u00edlia que a comunica\u00e7\u00e3o pode ser realizada de maneira compartilhada, e incentive o familiar a ser protagonista dessa comunica\u00e7\u00e3o. Posteriormente, se necess\u00e1rio, voc\u00ea poder\u00e1 acrescentar informa\u00e7\u00f5es para que a crian\u00e7a compreenda a mensagem. <\/span><\/p>\t\t\t\t\t\t<\/div>\n\t\t\t\t<\/div>\n\t\t\t\t\t<\/div>\n\t\t<\/div>\n\t\t\t\t\t<\/div>\n\t\t<\/section>\n\t\t\t\t<section class=\"elementor-section elementor-top-section elementor-element elementor-element-7db8d9b elementor-section-boxed elementor-section-height-default elementor-section-height-default\" data-id=\"7db8d9b\" data-element_type=\"section\">\n\t\t\t\t\t\t<div class=\"elementor-container elementor-column-gap-default\">\n\t\t\t\t\t<div class=\"elementor-column elementor-col-50 elementor-top-column elementor-element elementor-element-a8e8a89\" data-id=\"a8e8a89\" data-element_type=\"column\">\n\t\t\t<div class=\"elementor-widget-wrap elementor-element-populated\">\n\t\t\t\t\t\t<div class=\"elementor-element elementor-element-4257043 elementor-widget elementor-widget-image\" data-id=\"4257043\" data-element_type=\"widget\" data-widget_type=\"image.default\">\n\t\t\t\t<div class=\"elementor-widget-container\">\n\t\t\t\t\t\t\t\t\t\t\t\t\t<img decoding=\"async\" src=\"https:\/\/www.ufsm.br\/app\/uploads\/sites\/786\/elementor\/thumbs\/Icone--e1723058723695-qs9txfxg9s940beddsv6ck8q13ue2d2jgnxmgqkxfg.png\" title=\"Icone !\" alt=\"Icone !\" loading=\"lazy\" \/>\t\t\t\t\t\t\t\t\t\t\t\t\t<\/div>\n\t\t\t\t<\/div>\n\t\t\t\t\t<\/div>\n\t\t<\/div>\n\t\t\t\t<div class=\"elementor-column elementor-col-50 elementor-top-column elementor-element elementor-element-b293d3e\" data-id=\"b293d3e\" data-element_type=\"column\">\n\t\t\t<div class=\"elementor-widget-wrap elementor-element-populated\">\n\t\t\t\t\t\t<div class=\"elementor-element elementor-element-859d21c elementor-widget elementor-widget-text-editor\" data-id=\"859d21c\" data-element_type=\"widget\" data-widget_type=\"text-editor.default\">\n\t\t\t\t<div class=\"elementor-widget-container\">\n\t\t\t\t\t\t\t<p dir=\"ltr\" style=\"line-height: 1.08;margin-top: 18pt;margin-bottom: 0pt\"><span style=\"font-size: 18pt;font-family: 'Quattrocento Sans',sans-serif;color: #000000;background-color: transparent;font-weight: 400;font-style: normal;font-variant: normal;text-decoration: none;vertical-align: baseline\">A<\/span><span style=\"font-size: 18pt;font-family: 'Times New Roman',serif;color: #000000;background-color: transparent;font-weight: 400;font-style: normal;font-variant: normal;text-decoration: none;vertical-align: baseline\">s crian\u00e7as t\u00eam a expectativa de receber a not\u00edcia na presen\u00e7a dos pais (ou respons\u00e1veis).<\/span><\/p>\t\t\t\t\t\t<\/div>\n\t\t\t\t<\/div>\n\t\t\t\t\t<\/div>\n\t\t<\/div>\n\t\t\t\t\t<\/div>\n\t\t<\/section>\n\t\t\t\t<section class=\"elementor-section elementor-top-section elementor-element elementor-element-251cb946 elementor-section-boxed elementor-section-height-default elementor-section-height-default\" data-id=\"251cb946\" data-element_type=\"section\">\n\t\t\t\t\t\t<div class=\"elementor-container elementor-column-gap-default\">\n\t\t\t\t\t<div class=\"elementor-column elementor-col-100 elementor-top-column elementor-element elementor-element-b4f9130\" data-id=\"b4f9130\" data-element_type=\"column\">\n\t\t\t<div class=\"elementor-widget-wrap elementor-element-populated\">\n\t\t\t\t\t\t<div class=\"elementor-element elementor-element-72aada7e elementor-widget elementor-widget-image\" data-id=\"72aada7e\" data-element_type=\"widget\" data-widget_type=\"image.default\">\n\t\t\t\t<div class=\"elementor-widget-container\">\n\t\t\t\t\t\t\t\t\t\t\t\t\t<img decoding=\"async\" src=\"https:\/\/www.ufsm.br\/app\/uploads\/sites\/786\/elementor\/thumbs\/unnamed-qs8bfqreijb1o7f2nd8lqzpjjptn3bfyq3nl4gfb32.jpg\" title=\"rodap\u00e9\" alt=\"rodap\u00e9\" loading=\"lazy\" \/>\t\t\t\t\t\t\t\t\t\t\t\t\t<\/div>\n\t\t\t\t<\/div>\n\t\t\t\t\t<\/div>\n\t\t<\/div>\n\t\t\t\t\t<\/div>\n\t\t<\/section>\n\t\t\t\t<\/div>\n\t\t","protected":false},"excerpt":{"rendered":"<p>Quando o receptor for crian\u00e7a, o emissor ser\u00e1, preferencialmente, a fam\u00edlia A comunica\u00e7\u00e3o para a crian\u00e7a deve ser realizada pelos pais (ou respons\u00e1veis), com apoio do profissional. Entretanto, h\u00e1 situa\u00e7\u00f5es espec\u00edficas em que o pr\u00f3prio profissional comunica diretamente \u00e0 crian\u00e7a, inclusive por escolha da fam\u00edlia. Sugere-se que a equipe multiprofissional debata sobre esta decis\u00e3o. \u00a0 [&hellip;]<\/p>\n","protected":false},"author":8327,"featured_media":0,"parent":0,"menu_order":0,"comment_status":"closed","ping_status":"closed","template":"","meta":{"footnotes":""},"categories":[106],"tags":[],"class_list":["post-1894","page","type-page","status-publish","hentry","category-aprontando-hiv-na-infancia"],"acf":[],"_links":{"self":[{"href":"https:\/\/www.ufsm.br\/pet\/ciencia-da-computacao\/wp-json\/wp\/v2\/pages\/1894","targetHints":{"allow":["GET"]}}],"collection":[{"href":"https:\/\/www.ufsm.br\/pet\/ciencia-da-computacao\/wp-json\/wp\/v2\/pages"}],"about":[{"href":"https:\/\/www.ufsm.br\/pet\/ciencia-da-computacao\/wp-json\/wp\/v2\/types\/page"}],"author":[{"embeddable":true,"href":"https:\/\/www.ufsm.br\/pet\/ciencia-da-computacao\/wp-json\/wp\/v2\/users\/8327"}],"replies":[{"embeddable":true,"href":"https:\/\/www.ufsm.br\/pet\/ciencia-da-computacao\/wp-json\/wp\/v2\/comments?post=1894"}],"version-history":[{"count":0,"href":"https:\/\/www.ufsm.br\/pet\/ciencia-da-computacao\/wp-json\/wp\/v2\/pages\/1894\/revisions"}],"wp:attachment":[{"href":"https:\/\/www.ufsm.br\/pet\/ciencia-da-computacao\/wp-json\/wp\/v2\/media?parent=1894"}],"wp:term":[{"taxonomy":"category","embeddable":true,"href":"https:\/\/www.ufsm.br\/pet\/ciencia-da-computacao\/wp-json\/wp\/v2\/categories?post=1894"},{"taxonomy":"post_tag","embeddable":true,"href":"https:\/\/www.ufsm.br\/pet\/ciencia-da-computacao\/wp-json\/wp\/v2\/tags?post=1894"}],"curies":[{"name":"wp","href":"https:\/\/api.w.org\/{rel}","templated":true}]}}