{"id":1899,"date":"2024-09-22T19:19:08","date_gmt":"2024-09-22T22:19:08","guid":{"rendered":"https:\/\/www.ufsm.br\/pet\/ciencia-da-computacao\/?page_id=1899"},"modified":"2024-09-23T12:33:18","modified_gmt":"2024-09-23T15:33:18","slug":"revelacao-falhas-comunicacao-aprontando","status":"publish","type":"page","link":"https:\/\/www.ufsm.br\/pet\/ciencia-da-computacao\/revelacao-falhas-comunicacao-aprontando","title":{"rendered":"Revela\u00e7\u00e3o &#8211; Falhas comunica\u00e7\u00e3o &#8211; Aprontando"},"content":{"rendered":"\t\t<div data-elementor-type=\"wp-page\" data-elementor-id=\"1899\" class=\"elementor elementor-1899\">\n\t\t\t\t\t\t<section class=\"elementor-section elementor-top-section elementor-element elementor-element-2018befc elementor-section-boxed elementor-section-height-default elementor-section-height-default\" data-id=\"2018befc\" data-element_type=\"section\">\n\t\t\t\t\t\t<div class=\"elementor-container elementor-column-gap-default\">\n\t\t\t\t\t<div class=\"elementor-column elementor-col-100 elementor-top-column elementor-element elementor-element-6bd35c6b\" data-id=\"6bd35c6b\" data-element_type=\"column\">\n\t\t\t<div class=\"elementor-widget-wrap elementor-element-populated\">\n\t\t\t\t\t\t<div class=\"elementor-element elementor-element-78ef39ad elementor-widget elementor-widget-image\" data-id=\"78ef39ad\" data-element_type=\"widget\" data-widget_type=\"image.default\">\n\t\t\t\t<div class=\"elementor-widget-container\">\n\t\t\t\t\t\t\t\t\t\t\t\t\t<img decoding=\"async\" src=\"https:\/\/www.ufsm.br\/app\/uploads\/sites\/786\/elementor\/thumbs\/Identidade-Visual-Aprontando-qs8gmejn5rcym79jryixp5lv3ipliiyhbyelxqejnq.png\" title=\"Identidade Visual Aprontando\" alt=\"Identidade Visual Aprontando\" loading=\"lazy\" \/>\t\t\t\t\t\t\t\t\t\t\t\t\t<\/div>\n\t\t\t\t<\/div>\n\t\t\t\t<div class=\"elementor-element elementor-element-9826daf elementor-widget elementor-widget-image\" data-id=\"9826daf\" data-element_type=\"widget\" data-widget_type=\"image.default\">\n\t\t\t\t<div class=\"elementor-widget-container\">\n\t\t\t\t\t\t\t\t\t\t\t\t\t<img fetchpriority=\"high\" decoding=\"async\" width=\"300\" height=\"249\" src=\"https:\/\/www.ufsm.br\/app\/uploads\/sites\/786\/2024\/08\/Icone-Revelacao-300x249.png\" class=\"attachment-medium size-medium wp-image-1863\" alt=\"\" srcset=\"https:\/\/www.ufsm.br\/app\/uploads\/sites\/786\/2024\/08\/Icone-Revelacao-300x249.png 300w, https:\/\/www.ufsm.br\/app\/uploads\/sites\/786\/2024\/08\/Icone-Revelacao-1024x851.png 1024w, https:\/\/www.ufsm.br\/app\/uploads\/sites\/786\/2024\/08\/Icone-Revelacao-768x638.png 768w, https:\/\/www.ufsm.br\/app\/uploads\/sites\/786\/2024\/08\/Icone-Revelacao-1536x1276.png 1536w, https:\/\/www.ufsm.br\/app\/uploads\/sites\/786\/2024\/08\/Icone-Revelacao-2048x1701.png 2048w\" sizes=\"(max-width: 300px) 100vw, 300px\" \/>\t\t\t\t\t\t\t\t\t\t\t\t\t<\/div>\n\t\t\t\t<\/div>\n\t\t\t\t\t<\/div>\n\t\t<\/div>\n\t\t\t\t\t<\/div>\n\t\t<\/section>\n\t\t\t\t<section class=\"elementor-section elementor-top-section elementor-element elementor-element-98727bc elementor-section-boxed elementor-section-height-default elementor-section-height-default\" data-id=\"98727bc\" data-element_type=\"section\">\n\t\t\t\t\t\t<div class=\"elementor-container elementor-column-gap-default\">\n\t\t\t\t\t<div class=\"elementor-column elementor-col-100 elementor-top-column elementor-element elementor-element-bbfd0e1\" data-id=\"bbfd0e1\" data-element_type=\"column\">\n\t\t\t<div class=\"elementor-widget-wrap elementor-element-populated\">\n\t\t\t\t\t\t<div class=\"elementor-element elementor-element-82b74b8 elementor-widget elementor-widget-heading\" data-id=\"82b74b8\" data-element_type=\"widget\" data-widget_type=\"heading.default\">\n\t\t\t\t<div class=\"elementor-widget-container\">\n\t\t\t<h2 class=\"elementor-heading-title elementor-size-default\">Falhas na comunica\u00e7\u00e3o<\/h2>\t\t<\/div>\n\t\t\t\t<\/div>\n\t\t\t\t\t<\/div>\n\t\t<\/div>\n\t\t\t\t\t<\/div>\n\t\t<\/section>\n\t\t\t\t<section class=\"elementor-section elementor-top-section elementor-element elementor-element-d87a47c elementor-section-boxed elementor-section-height-default elementor-section-height-default\" data-id=\"d87a47c\" data-element_type=\"section\">\n\t\t\t\t\t\t<div class=\"elementor-container elementor-column-gap-default\">\n\t\t\t\t\t<div class=\"elementor-column elementor-col-50 elementor-top-column elementor-element elementor-element-2ffaf1f\" data-id=\"2ffaf1f\" data-element_type=\"column\">\n\t\t\t<div class=\"elementor-widget-wrap elementor-element-populated\">\n\t\t\t\t\t\t<div class=\"elementor-element elementor-element-ce05e22 elementor-widget elementor-widget-image\" data-id=\"ce05e22\" data-element_type=\"widget\" data-widget_type=\"image.default\">\n\t\t\t\t<div class=\"elementor-widget-container\">\n\t\t\t\t\t\t\t\t\t\t\t\t\t<img decoding=\"async\" width=\"654\" height=\"512\" src=\"https:\/\/www.ufsm.br\/app\/uploads\/sites\/786\/2024\/09\/Slide-41copia1.png\" class=\"attachment-large size-large wp-image-1900\" alt=\"\" srcset=\"https:\/\/www.ufsm.br\/app\/uploads\/sites\/786\/2024\/09\/Slide-41copia1.png 654w, https:\/\/www.ufsm.br\/app\/uploads\/sites\/786\/2024\/09\/Slide-41copia1-300x235.png 300w\" sizes=\"(max-width: 654px) 100vw, 654px\" \/>\t\t\t\t\t\t\t\t\t\t\t\t\t<\/div>\n\t\t\t\t<\/div>\n\t\t\t\t\t<\/div>\n\t\t<\/div>\n\t\t\t\t<div class=\"elementor-column elementor-col-50 elementor-top-column elementor-element elementor-element-15d07eb\" data-id=\"15d07eb\" data-element_type=\"column\">\n\t\t\t<div class=\"elementor-widget-wrap elementor-element-populated\">\n\t\t\t\t\t\t<div class=\"elementor-element elementor-element-ac56ccd elementor-widget elementor-widget-spacer\" data-id=\"ac56ccd\" data-element_type=\"widget\" data-widget_type=\"spacer.default\">\n\t\t\t\t<div class=\"elementor-widget-container\">\n\t\t\t\t\t<div class=\"elementor-spacer\">\n\t\t\t<div class=\"elementor-spacer-inner\"><\/div>\n\t\t<\/div>\n\t\t\t\t<\/div>\n\t\t\t\t<\/div>\n\t\t\t\t<div class=\"elementor-element elementor-element-dcc3235 elementor-widget elementor-widget-text-editor\" data-id=\"dcc3235\" data-element_type=\"widget\" data-widget_type=\"text-editor.default\">\n\t\t\t\t<div class=\"elementor-widget-container\">\n\t\t\t\t\t\t\t<p dir=\"ltr\" style=\"line-height: 1.284;text-align: justify;margin-top: 0pt;margin-bottom: 0pt\"><span style=\"font-size: 18pt;font-family: 'Times New Roman',serif;color: #000000;background-color: transparent;font-weight: 400;font-style: normal;font-variant: normal;text-decoration: none;vertical-align: baseline\">A falha na comunica\u00e7\u00e3o pode ser determinada por situa\u00e7\u00f5es tanto do profissional quanto do familiar ou da crian\u00e7a. A comunica\u00e7\u00e3o sequer inicia quando os familiares n\u00e3o desejam que a crian\u00e7a saiba, ou quando o profissional se abst\u00e9m de comunicar devido \u00e0 n\u00e3o concord\u00e2ncia dos familiares.\u00a0<\/span><\/p><p dir=\"ltr\" style=\"line-height: 1.284;text-align: justify;margin-top: 18pt;margin-bottom: 0pt\">\u00a0<\/p>\t\t\t\t\t\t<\/div>\n\t\t\t\t<\/div>\n\t\t\t\t\t<\/div>\n\t\t<\/div>\n\t\t\t\t\t<\/div>\n\t\t<\/section>\n\t\t\t\t<section class=\"elementor-section elementor-top-section elementor-element elementor-element-12d248d elementor-section-boxed elementor-section-height-default elementor-section-height-default\" data-id=\"12d248d\" data-element_type=\"section\">\n\t\t\t\t\t\t<div class=\"elementor-container elementor-column-gap-default\">\n\t\t\t\t\t<div class=\"elementor-column elementor-col-50 elementor-top-column elementor-element elementor-element-1ea8c11\" data-id=\"1ea8c11\" data-element_type=\"column\">\n\t\t\t<div class=\"elementor-widget-wrap elementor-element-populated\">\n\t\t\t\t\t\t<div class=\"elementor-element elementor-element-5fa0905 elementor-widget elementor-widget-image\" data-id=\"5fa0905\" data-element_type=\"widget\" data-widget_type=\"image.default\">\n\t\t\t\t<div class=\"elementor-widget-container\">\n\t\t\t\t\t\t\t\t\t\t\t\t\t<img decoding=\"async\" width=\"1024\" height=\"858\" src=\"https:\/\/www.ufsm.br\/app\/uploads\/sites\/786\/2024\/09\/Slide-41copia2-1024x858.png\" class=\"attachment-large size-large wp-image-1901\" alt=\"\" srcset=\"https:\/\/www.ufsm.br\/app\/uploads\/sites\/786\/2024\/09\/Slide-41copia2-1024x858.png 1024w, https:\/\/www.ufsm.br\/app\/uploads\/sites\/786\/2024\/09\/Slide-41copia2-300x251.png 300w, https:\/\/www.ufsm.br\/app\/uploads\/sites\/786\/2024\/09\/Slide-41copia2-768x643.png 768w, https:\/\/www.ufsm.br\/app\/uploads\/sites\/786\/2024\/09\/Slide-41copia2.png 1329w\" sizes=\"(max-width: 1024px) 100vw, 1024px\" \/>\t\t\t\t\t\t\t\t\t\t\t\t\t<\/div>\n\t\t\t\t<\/div>\n\t\t\t\t\t<\/div>\n\t\t<\/div>\n\t\t\t\t<div class=\"elementor-column elementor-col-50 elementor-top-column elementor-element elementor-element-26afc1b\" data-id=\"26afc1b\" data-element_type=\"column\">\n\t\t\t<div class=\"elementor-widget-wrap elementor-element-populated\">\n\t\t\t\t\t\t<div class=\"elementor-element elementor-element-0f0e4de elementor-widget elementor-widget-text-editor\" data-id=\"0f0e4de\" data-element_type=\"widget\" data-widget_type=\"text-editor.default\">\n\t\t\t\t<div class=\"elementor-widget-container\">\n\t\t\t\t\t\t\t<p dir=\"ltr\" style=\"margin-bottom: 0pt;margin-top: 18pt;color: #000000;font-size: 16px;line-height: 1.284;text-align: justify\"><span style=\"font-family: 'Times New Roman', serif;color: #000000;font-size: 18pt;background-color: transparent;vertical-align: baseline\">\u00c9 importante considerar que, diante dessa falha, a crian\u00e7a pode aprender sobre seu diagn\u00f3stico de maneira indireta ou n\u00e3o intencional, como quando acidentalmente l\u00ea anota\u00e7\u00f5es dos profissionais ou dos medicamentos; ouve coment\u00e1rios sobre a doen\u00e7a; associa conte\u00fado da escola ou das m\u00eddias com seus sintomas ou tratamento; ou \u00e9 comunicada por terceiros.\u00a0<\/span><\/p><p style=\"color: #000000;font-size: 16px\">\u00a0<\/p><p dir=\"ltr\" style=\"margin-bottom: 0pt;margin-top: 18pt;font-family: rawline, sans-serif;color: #000000;font-size: 16px;font-style: normal;font-weight: 400;letter-spacing: normal;text-indent: 0px;text-transform: none;background-color: #ffffff;line-height: 1.284;text-align: justify\"><span style=\"font-family: 'Times New Roman', serif;color: #000000;font-size: 18pt;background-color: transparent;font-weight: 400;font-style: normal;font-variant: normal;text-decoration: none;vertical-align: baseline\">Al\u00e9m da descoberta acidental, h\u00e1 a subjetividade das rela\u00e7\u00f5es. Mesmo quando se consegue estabelecer todos os cuidados objetivos para evitar a comunica\u00e7\u00e3o \u00e0 crian\u00e7a e manter o segredo na fam\u00edlia e nas consultas, a crian\u00e7a percebe que algo n\u00e3o est\u00e1 sendo dito, principalmente pela da comunica\u00e7\u00e3o n\u00e3o verbal, mesmo que n\u00e3o saiba o que est\u00e1 sendo omitido. Esclare\u00e7a isso aos familiares para encoraj\u00e1-los a comunicar e evitar essa falha.<\/span><\/p>\t\t\t\t\t\t<\/div>\n\t\t\t\t<\/div>\n\t\t\t\t\t<\/div>\n\t\t<\/div>\n\t\t\t\t\t<\/div>\n\t\t<\/section>\n\t\t\t\t<section class=\"elementor-section elementor-top-section elementor-element elementor-element-674a7ab elementor-section-boxed elementor-section-height-default elementor-section-height-default\" data-id=\"674a7ab\" data-element_type=\"section\">\n\t\t\t\t\t\t<div class=\"elementor-container elementor-column-gap-default\">\n\t\t\t\t\t<div class=\"elementor-column elementor-col-50 elementor-top-column elementor-element elementor-element-d0cf537\" data-id=\"d0cf537\" data-element_type=\"column\">\n\t\t\t<div class=\"elementor-widget-wrap elementor-element-populated\">\n\t\t\t\t\t\t<div class=\"elementor-element elementor-element-992c5d3 elementor-widget elementor-widget-image\" data-id=\"992c5d3\" data-element_type=\"widget\" data-widget_type=\"image.default\">\n\t\t\t\t<div class=\"elementor-widget-container\">\n\t\t\t\t\t\t\t\t\t\t\t\t\t<img decoding=\"async\" src=\"https:\/\/www.ufsm.br\/app\/uploads\/sites\/786\/elementor\/thumbs\/Icone--e1723058723695-qs9txfxg9s940beddsv6ck8q13ue2d2jgnxmgqkxfg.png\" title=\"Icone !\" alt=\"Icone !\" loading=\"lazy\" \/>\t\t\t\t\t\t\t\t\t\t\t\t\t<\/div>\n\t\t\t\t<\/div>\n\t\t\t\t\t<\/div>\n\t\t<\/div>\n\t\t\t\t<div class=\"elementor-column elementor-col-50 elementor-top-column elementor-element elementor-element-192c8e3\" data-id=\"192c8e3\" data-element_type=\"column\">\n\t\t\t<div class=\"elementor-widget-wrap elementor-element-populated\">\n\t\t\t\t\t\t<div class=\"elementor-element elementor-element-12a257f elementor-widget elementor-widget-spacer\" data-id=\"12a257f\" data-element_type=\"widget\" data-widget_type=\"spacer.default\">\n\t\t\t\t<div class=\"elementor-widget-container\">\n\t\t\t\t\t<div class=\"elementor-spacer\">\n\t\t\t<div class=\"elementor-spacer-inner\"><\/div>\n\t\t<\/div>\n\t\t\t\t<\/div>\n\t\t\t\t<\/div>\n\t\t\t\t<div class=\"elementor-element elementor-element-f2f7bc5 elementor-widget elementor-widget-text-editor\" data-id=\"f2f7bc5\" data-element_type=\"widget\" data-widget_type=\"text-editor.default\">\n\t\t\t\t<div class=\"elementor-widget-container\">\n\t\t\t\t\t\t\t<p><span style=\"color: #000000;font-size: 16px;text-align: justify\">A principal causa de falha \u00e9 o n\u00e3o reconhecimento de que a crian\u00e7a tem o direito de saber seu diagn\u00f3stico.<\/span><\/p>\t\t\t\t\t\t<\/div>\n\t\t\t\t<\/div>\n\t\t\t\t\t<\/div>\n\t\t<\/div>\n\t\t\t\t\t<\/div>\n\t\t<\/section>\n\t\t\t\t<section class=\"elementor-section elementor-top-section elementor-element elementor-element-7fc67b4e elementor-section-boxed elementor-section-height-default elementor-section-height-default\" data-id=\"7fc67b4e\" data-element_type=\"section\">\n\t\t\t\t\t\t<div class=\"elementor-container elementor-column-gap-default\">\n\t\t\t\t\t<div class=\"elementor-column elementor-col-100 elementor-top-column elementor-element elementor-element-3fc0464\" data-id=\"3fc0464\" data-element_type=\"column\">\n\t\t\t<div class=\"elementor-widget-wrap elementor-element-populated\">\n\t\t\t\t\t\t<div class=\"elementor-element elementor-element-4bd4da77 elementor-widget elementor-widget-image\" data-id=\"4bd4da77\" data-element_type=\"widget\" data-widget_type=\"image.default\">\n\t\t\t\t<div class=\"elementor-widget-container\">\n\t\t\t\t\t\t\t\t\t\t\t\t\t<img decoding=\"async\" src=\"https:\/\/www.ufsm.br\/app\/uploads\/sites\/786\/elementor\/thumbs\/unnamed-qs8bfqreijb1o7f2nd8lqzpjjptn3bfyq3nl4gfb32.jpg\" title=\"rodap\u00e9\" alt=\"rodap\u00e9\" loading=\"lazy\" \/>\t\t\t\t\t\t\t\t\t\t\t\t\t<\/div>\n\t\t\t\t<\/div>\n\t\t\t\t\t<\/div>\n\t\t<\/div>\n\t\t\t\t\t<\/div>\n\t\t<\/section>\n\t\t\t\t<\/div>\n\t\t","protected":false},"excerpt":{"rendered":"<p>Falhas na comunica\u00e7\u00e3o A falha na comunica\u00e7\u00e3o pode ser determinada por situa\u00e7\u00f5es tanto do profissional quanto do familiar ou da crian\u00e7a. A comunica\u00e7\u00e3o sequer inicia quando os familiares n\u00e3o desejam que a crian\u00e7a saiba, ou quando o profissional se abst\u00e9m de comunicar devido \u00e0 n\u00e3o concord\u00e2ncia dos familiares.\u00a0 \u00a0 \u00c9 importante considerar que, diante dessa [&hellip;]<\/p>\n","protected":false},"author":8327,"featured_media":0,"parent":0,"menu_order":0,"comment_status":"closed","ping_status":"closed","template":"","meta":{"footnotes":""},"categories":[106],"tags":[],"class_list":["post-1899","page","type-page","status-publish","hentry","category-aprontando-hiv-na-infancia"],"acf":[],"_links":{"self":[{"href":"https:\/\/www.ufsm.br\/pet\/ciencia-da-computacao\/wp-json\/wp\/v2\/pages\/1899","targetHints":{"allow":["GET"]}}],"collection":[{"href":"https:\/\/www.ufsm.br\/pet\/ciencia-da-computacao\/wp-json\/wp\/v2\/pages"}],"about":[{"href":"https:\/\/www.ufsm.br\/pet\/ciencia-da-computacao\/wp-json\/wp\/v2\/types\/page"}],"author":[{"embeddable":true,"href":"https:\/\/www.ufsm.br\/pet\/ciencia-da-computacao\/wp-json\/wp\/v2\/users\/8327"}],"replies":[{"embeddable":true,"href":"https:\/\/www.ufsm.br\/pet\/ciencia-da-computacao\/wp-json\/wp\/v2\/comments?post=1899"}],"version-history":[{"count":0,"href":"https:\/\/www.ufsm.br\/pet\/ciencia-da-computacao\/wp-json\/wp\/v2\/pages\/1899\/revisions"}],"wp:attachment":[{"href":"https:\/\/www.ufsm.br\/pet\/ciencia-da-computacao\/wp-json\/wp\/v2\/media?parent=1899"}],"wp:term":[{"taxonomy":"category","embeddable":true,"href":"https:\/\/www.ufsm.br\/pet\/ciencia-da-computacao\/wp-json\/wp\/v2\/categories?post=1899"},{"taxonomy":"post_tag","embeddable":true,"href":"https:\/\/www.ufsm.br\/pet\/ciencia-da-computacao\/wp-json\/wp\/v2\/tags?post=1899"}],"curies":[{"name":"wp","href":"https:\/\/api.w.org\/{rel}","templated":true}]}}