{"id":1904,"date":"2024-09-22T19:57:37","date_gmt":"2024-09-22T22:57:37","guid":{"rendered":"https:\/\/www.ufsm.br\/pet\/ciencia-da-computacao\/?page_id=1904"},"modified":"2024-09-23T12:35:37","modified_gmt":"2024-09-23T15:35:37","slug":"pos-revelacao-respostas-familia-aprontando","status":"publish","type":"page","link":"https:\/\/www.ufsm.br\/pet\/ciencia-da-computacao\/pos-revelacao-respostas-familia-aprontando","title":{"rendered":"P\u00f3s-Revela\u00e7\u00e3o &#8211; Respostas Fam\u00edlia &#8211; Aprontando"},"content":{"rendered":"\t\t<div data-elementor-type=\"wp-page\" data-elementor-id=\"1904\" class=\"elementor elementor-1904\">\n\t\t\t\t\t\t<section class=\"elementor-section elementor-top-section elementor-element elementor-element-754f94de elementor-section-boxed elementor-section-height-default elementor-section-height-default\" data-id=\"754f94de\" data-element_type=\"section\">\n\t\t\t\t\t\t<div class=\"elementor-container elementor-column-gap-default\">\n\t\t\t\t\t<div class=\"elementor-column elementor-col-100 elementor-top-column elementor-element elementor-element-2913ef07\" data-id=\"2913ef07\" data-element_type=\"column\">\n\t\t\t<div class=\"elementor-widget-wrap elementor-element-populated\">\n\t\t\t\t\t\t<div class=\"elementor-element elementor-element-73a70186 elementor-widget elementor-widget-image\" data-id=\"73a70186\" data-element_type=\"widget\" data-widget_type=\"image.default\">\n\t\t\t\t<div class=\"elementor-widget-container\">\n\t\t\t\t\t\t\t\t\t\t\t\t\t<img decoding=\"async\" src=\"https:\/\/www.ufsm.br\/app\/uploads\/sites\/786\/elementor\/thumbs\/Identidade-Visual-Aprontando-qs8gmejn5rcym79jryixp5lv3ipliiyhbyelxqejnq.png\" title=\"Identidade Visual Aprontando\" alt=\"Identidade Visual Aprontando\" loading=\"lazy\" \/>\t\t\t\t\t\t\t\t\t\t\t\t\t<\/div>\n\t\t\t\t<\/div>\n\t\t\t\t<div class=\"elementor-element elementor-element-f75502b elementor-widget elementor-widget-image\" data-id=\"f75502b\" data-element_type=\"widget\" data-widget_type=\"image.default\">\n\t\t\t\t<div class=\"elementor-widget-container\">\n\t\t\t\t\t\t\t\t\t\t\t\t\t<img fetchpriority=\"high\" decoding=\"async\" width=\"300\" height=\"249\" src=\"https:\/\/www.ufsm.br\/app\/uploads\/sites\/786\/2024\/08\/Icone-Pos-Revelacao-300x249.png\" class=\"attachment-medium size-medium wp-image-1861\" alt=\"\" srcset=\"https:\/\/www.ufsm.br\/app\/uploads\/sites\/786\/2024\/08\/Icone-Pos-Revelacao-300x249.png 300w, https:\/\/www.ufsm.br\/app\/uploads\/sites\/786\/2024\/08\/Icone-Pos-Revelacao-1024x851.png 1024w, https:\/\/www.ufsm.br\/app\/uploads\/sites\/786\/2024\/08\/Icone-Pos-Revelacao-768x638.png 768w, https:\/\/www.ufsm.br\/app\/uploads\/sites\/786\/2024\/08\/Icone-Pos-Revelacao-1536x1276.png 1536w, https:\/\/www.ufsm.br\/app\/uploads\/sites\/786\/2024\/08\/Icone-Pos-Revelacao-2048x1701.png 2048w\" sizes=\"(max-width: 300px) 100vw, 300px\" \/>\t\t\t\t\t\t\t\t\t\t\t\t\t<\/div>\n\t\t\t\t<\/div>\n\t\t\t\t\t<\/div>\n\t\t<\/div>\n\t\t\t\t\t<\/div>\n\t\t<\/section>\n\t\t\t\t<section class=\"elementor-section elementor-top-section elementor-element elementor-element-7bf8460 elementor-section-boxed elementor-section-height-default elementor-section-height-default\" data-id=\"7bf8460\" data-element_type=\"section\">\n\t\t\t\t\t\t<div class=\"elementor-container elementor-column-gap-default\">\n\t\t\t\t\t<div class=\"elementor-column elementor-col-100 elementor-top-column elementor-element elementor-element-ed3aa08\" data-id=\"ed3aa08\" data-element_type=\"column\">\n\t\t\t<div class=\"elementor-widget-wrap elementor-element-populated\">\n\t\t\t\t\t\t<div class=\"elementor-element elementor-element-c2b188e elementor-widget elementor-widget-heading\" data-id=\"c2b188e\" data-element_type=\"widget\" data-widget_type=\"heading.default\">\n\t\t\t\t<div class=\"elementor-widget-container\">\n\t\t\t<h2 class=\"elementor-heading-title elementor-size-default\">Respostas da fam\u00edlia<\/h2>\t\t<\/div>\n\t\t\t\t<\/div>\n\t\t\t\t\t<\/div>\n\t\t<\/div>\n\t\t\t\t\t<\/div>\n\t\t<\/section>\n\t\t\t\t<section class=\"elementor-section elementor-top-section elementor-element elementor-element-0edf2da elementor-section-boxed elementor-section-height-default elementor-section-height-default\" data-id=\"0edf2da\" data-element_type=\"section\">\n\t\t\t\t\t\t<div class=\"elementor-container elementor-column-gap-default\">\n\t\t\t\t\t<div class=\"elementor-column elementor-col-50 elementor-top-column elementor-element elementor-element-5cad616\" data-id=\"5cad616\" data-element_type=\"column\">\n\t\t\t<div class=\"elementor-widget-wrap elementor-element-populated\">\n\t\t\t\t\t\t<div class=\"elementor-element elementor-element-537d350 elementor-widget elementor-widget-image\" data-id=\"537d350\" data-element_type=\"widget\" data-widget_type=\"image.default\">\n\t\t\t\t<div class=\"elementor-widget-container\">\n\t\t\t\t\t\t\t\t\t\t\t\t\t<img decoding=\"async\" width=\"1024\" height=\"685\" src=\"https:\/\/www.ufsm.br\/app\/uploads\/sites\/786\/2024\/08\/Slide-45-1024x685.png\" class=\"attachment-large size-large wp-image-1856\" alt=\"\" srcset=\"https:\/\/www.ufsm.br\/app\/uploads\/sites\/786\/2024\/08\/Slide-45-1024x685.png 1024w, https:\/\/www.ufsm.br\/app\/uploads\/sites\/786\/2024\/08\/Slide-45-300x201.png 300w, https:\/\/www.ufsm.br\/app\/uploads\/sites\/786\/2024\/08\/Slide-45-768x514.png 768w, https:\/\/www.ufsm.br\/app\/uploads\/sites\/786\/2024\/08\/Slide-45-1536x1027.png 1536w, https:\/\/www.ufsm.br\/app\/uploads\/sites\/786\/2024\/08\/Slide-45-2048x1370.png 2048w, https:\/\/www.ufsm.br\/app\/uploads\/sites\/786\/2024\/08\/Slide-45-272x182.png 272w\" sizes=\"(max-width: 1024px) 100vw, 1024px\" \/>\t\t\t\t\t\t\t\t\t\t\t\t\t<\/div>\n\t\t\t\t<\/div>\n\t\t\t\t\t<\/div>\n\t\t<\/div>\n\t\t\t\t<div class=\"elementor-column elementor-col-50 elementor-top-column elementor-element elementor-element-c8e4677\" data-id=\"c8e4677\" data-element_type=\"column\">\n\t\t\t<div class=\"elementor-widget-wrap elementor-element-populated\">\n\t\t\t\t\t\t<div class=\"elementor-element elementor-element-7eb49ce elementor-widget elementor-widget-text-editor\" data-id=\"7eb49ce\" data-element_type=\"widget\" data-widget_type=\"text-editor.default\">\n\t\t\t\t<div class=\"elementor-widget-container\">\n\t\t\t\t\t\t\t<p dir=\"ltr\" style=\"line-height: 1.284;text-align: justify;margin-top: 0pt;margin-bottom: 0pt\"><span style=\"font-size: 18pt;font-family: 'Times New Roman',serif;color: #000000;background-color: transparent;font-weight: 400;font-style: normal;font-variant: normal;text-decoration: none;vertical-align: baseline\">Um dos efeitos da comunica\u00e7\u00e3o do diagn\u00f3stico de infec\u00e7\u00e3o pelo HIV \u00e9 o sentimento de culpa pela infec\u00e7\u00e3o, especialmente nos pais biol\u00f3gicos. A culpa tamb\u00e9m pode estar relacionada ao sofrimento que pensam que poder\u00e3o causar \u00e0 crian\u00e7a. Se voc\u00ea identificar esse efeito na fam\u00edlia, discuta sobre estas quest\u00f5es durante os encontros ou consultas, de maneira a suaviz\u00e1-lo e criar alternativas para enfrent\u00e1-lo. Investigue as redes de apoio da fam\u00edlia.\u00a0<\/span><\/p><p dir=\"ltr\" style=\"line-height: 1.284;text-align: justify;margin-top: 18pt;margin-bottom: 0pt\"><span style=\"font-size: 18pt;font-family: 'Times New Roman',serif;color: #000000;background-color: transparent;font-weight: 400;font-style: normal;font-variant: normal;text-decoration: none;vertical-align: baseline\">Outro efeito \u00e9 o medo da n\u00e3o aceita\u00e7\u00e3o do diagn\u00f3stico pela crian\u00e7a, da sua raiva em rela\u00e7\u00e3o a seus pais\/familiares, do progn\u00f3stico e dos planos para o futuro. Al\u00e9m disso, os familiares podem se sentir confusos devido ao desconhecimento sobre quest\u00f5es cl\u00ednicas e terap\u00eauticas da infec\u00e7\u00e3o.\u00a0<\/span><\/p>\t\t\t\t\t\t<\/div>\n\t\t\t\t<\/div>\n\t\t\t\t\t<\/div>\n\t\t<\/div>\n\t\t\t\t\t<\/div>\n\t\t<\/section>\n\t\t\t\t<section class=\"elementor-section elementor-top-section elementor-element elementor-element-12d7c21 elementor-section-boxed elementor-section-height-default elementor-section-height-default\" data-id=\"12d7c21\" data-element_type=\"section\">\n\t\t\t\t\t\t<div class=\"elementor-container elementor-column-gap-default\">\n\t\t\t\t\t<div class=\"elementor-column elementor-col-50 elementor-top-column elementor-element elementor-element-da824a2\" data-id=\"da824a2\" data-element_type=\"column\">\n\t\t\t<div class=\"elementor-widget-wrap elementor-element-populated\">\n\t\t\t\t\t\t<div class=\"elementor-element elementor-element-4033a48 elementor-widget elementor-widget-image\" data-id=\"4033a48\" data-element_type=\"widget\" data-widget_type=\"image.default\">\n\t\t\t\t<div class=\"elementor-widget-container\">\n\t\t\t\t\t\t\t\t\t\t\t\t\t<img decoding=\"async\" src=\"https:\/\/www.ufsm.br\/app\/uploads\/sites\/786\/elementor\/thumbs\/Icone-1-1-e1726673221325-quang45t842deax5krugmfx5s33cbnzbfxe0f0b9do.png\" title=\"Icone +\" alt=\"Icone +\" loading=\"lazy\" \/>\t\t\t\t\t\t\t\t\t\t\t\t\t<\/div>\n\t\t\t\t<\/div>\n\t\t\t\t\t<\/div>\n\t\t<\/div>\n\t\t\t\t<div class=\"elementor-column elementor-col-50 elementor-top-column elementor-element elementor-element-a806a19\" data-id=\"a806a19\" data-element_type=\"column\">\n\t\t\t<div class=\"elementor-widget-wrap elementor-element-populated\">\n\t\t\t\t\t\t<div class=\"elementor-element elementor-element-815e943 elementor-widget elementor-widget-text-editor\" data-id=\"815e943\" data-element_type=\"widget\" data-widget_type=\"text-editor.default\">\n\t\t\t\t<div class=\"elementor-widget-container\">\n\t\t\t\t\t\t\t<p dir=\"ltr\">Voc\u00ea pode incentiv\u00e1-los a conhecer mais sobre o HIV por meio de grupos de apoio, di\u00e1logos nas consultas e leituras que lhes forne\u00e7am informa\u00e7\u00f5es para auxiliar na compreens\u00e3o.\u00a0<\/p>\t\t\t\t\t\t<\/div>\n\t\t\t\t<\/div>\n\t\t\t\t\t<\/div>\n\t\t<\/div>\n\t\t\t\t\t<\/div>\n\t\t<\/section>\n\t\t\t\t<section class=\"elementor-section elementor-top-section elementor-element elementor-element-1378870 elementor-section-boxed elementor-section-height-default elementor-section-height-default\" data-id=\"1378870\" data-element_type=\"section\">\n\t\t\t\t\t\t<div class=\"elementor-container elementor-column-gap-default\">\n\t\t\t\t\t<div class=\"elementor-column elementor-col-50 elementor-top-column elementor-element elementor-element-ae68679\" data-id=\"ae68679\" data-element_type=\"column\">\n\t\t\t<div class=\"elementor-widget-wrap elementor-element-populated\">\n\t\t\t\t\t\t<div class=\"elementor-element elementor-element-edd8f09 elementor-widget elementor-widget-image\" data-id=\"edd8f09\" data-element_type=\"widget\" data-widget_type=\"image.default\">\n\t\t\t\t<div class=\"elementor-widget-container\">\n\t\t\t\t\t\t\t\t\t\t\t\t\t<img decoding=\"async\" src=\"https:\/\/www.ufsm.br\/app\/uploads\/sites\/786\/elementor\/thumbs\/Icone--e1723058723695-qs9txfxg9s940beddsv6ck8q13ue2d2jgnxmgqkxfg.png\" title=\"Icone !\" alt=\"Icone !\" loading=\"lazy\" \/>\t\t\t\t\t\t\t\t\t\t\t\t\t<\/div>\n\t\t\t\t<\/div>\n\t\t\t\t\t<\/div>\n\t\t<\/div>\n\t\t\t\t<div class=\"elementor-column elementor-col-50 elementor-top-column elementor-element elementor-element-e387eaf\" data-id=\"e387eaf\" data-element_type=\"column\">\n\t\t\t<div class=\"elementor-widget-wrap elementor-element-populated\">\n\t\t\t\t\t\t<div class=\"elementor-element elementor-element-5a74aaf elementor-widget elementor-widget-text-editor\" data-id=\"5a74aaf\" data-element_type=\"widget\" data-widget_type=\"text-editor.default\">\n\t\t\t\t<div class=\"elementor-widget-container\">\n\t\t\t\t\t\t\t<p><span style=\"font-family: 'Quattrocento Sans', sans-serif;color: #000000;font-size: 18pt;font-weight: var( --e-global-typography-text-font-weight );background-color: transparent;text-align: var(--bs-body-text-align);vertical-align: baseline\">A<\/span><span style=\"font-family: 'Times New Roman', serif;color: #000000;font-size: 18pt;font-weight: var( --e-global-typography-text-font-weight );background-color: transparent;text-align: var(--bs-body-text-align);vertical-align: baseline\">o incentiv\u00e1-los a expressar seus sentimentos, se voc\u00ea identificar a necessidade de apoio especializado, realize encaminhamento para outros profissionais.<\/span><\/p>\t\t\t\t\t\t<\/div>\n\t\t\t\t<\/div>\n\t\t\t\t\t<\/div>\n\t\t<\/div>\n\t\t\t\t\t<\/div>\n\t\t<\/section>\n\t\t\t\t<section class=\"elementor-section elementor-top-section elementor-element elementor-element-6a7affdb elementor-section-boxed elementor-section-height-default elementor-section-height-default\" data-id=\"6a7affdb\" data-element_type=\"section\">\n\t\t\t\t\t\t<div class=\"elementor-container elementor-column-gap-default\">\n\t\t\t\t\t<div class=\"elementor-column elementor-col-100 elementor-top-column elementor-element elementor-element-619543d8\" data-id=\"619543d8\" data-element_type=\"column\">\n\t\t\t<div class=\"elementor-widget-wrap elementor-element-populated\">\n\t\t\t\t\t\t<div class=\"elementor-element elementor-element-406598f5 elementor-widget elementor-widget-image\" data-id=\"406598f5\" data-element_type=\"widget\" data-widget_type=\"image.default\">\n\t\t\t\t<div class=\"elementor-widget-container\">\n\t\t\t\t\t\t\t\t\t\t\t\t\t<img decoding=\"async\" src=\"https:\/\/www.ufsm.br\/app\/uploads\/sites\/786\/elementor\/thumbs\/unnamed-qs8bfqreijb1o7f2nd8lqzpjjptn3bfyq3nl4gfb32.jpg\" title=\"rodap\u00e9\" alt=\"rodap\u00e9\" loading=\"lazy\" \/>\t\t\t\t\t\t\t\t\t\t\t\t\t<\/div>\n\t\t\t\t<\/div>\n\t\t\t\t\t<\/div>\n\t\t<\/div>\n\t\t\t\t\t<\/div>\n\t\t<\/section>\n\t\t\t\t<\/div>\n\t\t","protected":false},"excerpt":{"rendered":"<p>Respostas da fam\u00edlia Um dos efeitos da comunica\u00e7\u00e3o do diagn\u00f3stico de infec\u00e7\u00e3o pelo HIV \u00e9 o sentimento de culpa pela infec\u00e7\u00e3o, especialmente nos pais biol\u00f3gicos. A culpa tamb\u00e9m pode estar relacionada ao sofrimento que pensam que poder\u00e3o causar \u00e0 crian\u00e7a. Se voc\u00ea identificar esse efeito na fam\u00edlia, discuta sobre estas quest\u00f5es durante os encontros ou [&hellip;]<\/p>\n","protected":false},"author":8327,"featured_media":0,"parent":0,"menu_order":0,"comment_status":"closed","ping_status":"closed","template":"","meta":{"footnotes":""},"categories":[106],"tags":[],"class_list":["post-1904","page","type-page","status-publish","hentry","category-aprontando-hiv-na-infancia"],"acf":[],"_links":{"self":[{"href":"https:\/\/www.ufsm.br\/pet\/ciencia-da-computacao\/wp-json\/wp\/v2\/pages\/1904","targetHints":{"allow":["GET"]}}],"collection":[{"href":"https:\/\/www.ufsm.br\/pet\/ciencia-da-computacao\/wp-json\/wp\/v2\/pages"}],"about":[{"href":"https:\/\/www.ufsm.br\/pet\/ciencia-da-computacao\/wp-json\/wp\/v2\/types\/page"}],"author":[{"embeddable":true,"href":"https:\/\/www.ufsm.br\/pet\/ciencia-da-computacao\/wp-json\/wp\/v2\/users\/8327"}],"replies":[{"embeddable":true,"href":"https:\/\/www.ufsm.br\/pet\/ciencia-da-computacao\/wp-json\/wp\/v2\/comments?post=1904"}],"version-history":[{"count":0,"href":"https:\/\/www.ufsm.br\/pet\/ciencia-da-computacao\/wp-json\/wp\/v2\/pages\/1904\/revisions"}],"wp:attachment":[{"href":"https:\/\/www.ufsm.br\/pet\/ciencia-da-computacao\/wp-json\/wp\/v2\/media?parent=1904"}],"wp:term":[{"taxonomy":"category","embeddable":true,"href":"https:\/\/www.ufsm.br\/pet\/ciencia-da-computacao\/wp-json\/wp\/v2\/categories?post=1904"},{"taxonomy":"post_tag","embeddable":true,"href":"https:\/\/www.ufsm.br\/pet\/ciencia-da-computacao\/wp-json\/wp\/v2\/tags?post=1904"}],"curies":[{"name":"wp","href":"https:\/\/api.w.org\/{rel}","templated":true}]}}