{"id":1905,"date":"2024-09-22T20:14:14","date_gmt":"2024-09-22T23:14:14","guid":{"rendered":"https:\/\/www.ufsm.br\/pet\/ciencia-da-computacao\/?page_id=1905"},"modified":"2024-09-23T12:35:09","modified_gmt":"2024-09-23T15:35:09","slug":"pos-revelacao-resposta-crianca-aprontando","status":"publish","type":"page","link":"https:\/\/www.ufsm.br\/pet\/ciencia-da-computacao\/pos-revelacao-resposta-crianca-aprontando","title":{"rendered":"P\u00f3s-Revela\u00e7\u00e3o &#8211; Resposta crian\u00e7a &#8211; Aprontando"},"content":{"rendered":"\t\t<div data-elementor-type=\"wp-page\" data-elementor-id=\"1905\" class=\"elementor elementor-1905\">\n\t\t\t\t\t\t<section class=\"elementor-section elementor-top-section elementor-element elementor-element-55745b5f elementor-section-boxed elementor-section-height-default elementor-section-height-default\" data-id=\"55745b5f\" data-element_type=\"section\">\n\t\t\t\t\t\t<div class=\"elementor-container elementor-column-gap-default\">\n\t\t\t\t\t<div class=\"elementor-column elementor-col-100 elementor-top-column elementor-element elementor-element-38447eb9\" data-id=\"38447eb9\" data-element_type=\"column\">\n\t\t\t<div class=\"elementor-widget-wrap elementor-element-populated\">\n\t\t\t\t\t\t<div class=\"elementor-element elementor-element-65c59fff elementor-widget elementor-widget-image\" data-id=\"65c59fff\" data-element_type=\"widget\" data-widget_type=\"image.default\">\n\t\t\t\t<div class=\"elementor-widget-container\">\n\t\t\t\t\t\t\t\t\t\t\t\t\t<img decoding=\"async\" src=\"https:\/\/www.ufsm.br\/app\/uploads\/sites\/786\/elementor\/thumbs\/Identidade-Visual-Aprontando-qs8gmejn5rcym79jryixp5lv3ipliiyhbyelxqejnq.png\" title=\"Identidade Visual Aprontando\" alt=\"Identidade Visual Aprontando\" loading=\"lazy\" \/>\t\t\t\t\t\t\t\t\t\t\t\t\t<\/div>\n\t\t\t\t<\/div>\n\t\t\t\t<div class=\"elementor-element elementor-element-9d55b14 elementor-widget elementor-widget-image\" data-id=\"9d55b14\" data-element_type=\"widget\" data-widget_type=\"image.default\">\n\t\t\t\t<div class=\"elementor-widget-container\">\n\t\t\t\t\t\t\t\t\t\t\t\t\t<img fetchpriority=\"high\" decoding=\"async\" width=\"300\" height=\"249\" src=\"https:\/\/www.ufsm.br\/app\/uploads\/sites\/786\/2024\/08\/Icone-Pos-Revelacao-300x249.png\" class=\"attachment-medium size-medium wp-image-1861\" alt=\"\" srcset=\"https:\/\/www.ufsm.br\/app\/uploads\/sites\/786\/2024\/08\/Icone-Pos-Revelacao-300x249.png 300w, https:\/\/www.ufsm.br\/app\/uploads\/sites\/786\/2024\/08\/Icone-Pos-Revelacao-1024x851.png 1024w, https:\/\/www.ufsm.br\/app\/uploads\/sites\/786\/2024\/08\/Icone-Pos-Revelacao-768x638.png 768w, https:\/\/www.ufsm.br\/app\/uploads\/sites\/786\/2024\/08\/Icone-Pos-Revelacao-1536x1276.png 1536w, https:\/\/www.ufsm.br\/app\/uploads\/sites\/786\/2024\/08\/Icone-Pos-Revelacao-2048x1701.png 2048w\" sizes=\"(max-width: 300px) 100vw, 300px\" \/>\t\t\t\t\t\t\t\t\t\t\t\t\t<\/div>\n\t\t\t\t<\/div>\n\t\t\t\t\t<\/div>\n\t\t<\/div>\n\t\t\t\t\t<\/div>\n\t\t<\/section>\n\t\t\t\t<section class=\"elementor-section elementor-top-section elementor-element elementor-element-5e51d91 elementor-section-boxed elementor-section-height-default elementor-section-height-default\" data-id=\"5e51d91\" data-element_type=\"section\">\n\t\t\t\t\t\t<div class=\"elementor-container elementor-column-gap-default\">\n\t\t\t\t\t<div class=\"elementor-column elementor-col-100 elementor-top-column elementor-element elementor-element-7a70b24\" data-id=\"7a70b24\" data-element_type=\"column\">\n\t\t\t<div class=\"elementor-widget-wrap elementor-element-populated\">\n\t\t\t\t\t\t<div class=\"elementor-element elementor-element-97479c3 elementor-widget elementor-widget-heading\" data-id=\"97479c3\" data-element_type=\"widget\" data-widget_type=\"heading.default\">\n\t\t\t\t<div class=\"elementor-widget-container\">\n\t\t\t<h2 class=\"elementor-heading-title elementor-size-default\">Respostas da crian\u00e7a<\/h2>\t\t<\/div>\n\t\t\t\t<\/div>\n\t\t\t\t\t<\/div>\n\t\t<\/div>\n\t\t\t\t\t<\/div>\n\t\t<\/section>\n\t\t\t\t<section class=\"elementor-section elementor-top-section elementor-element elementor-element-c6b3e65 elementor-section-boxed elementor-section-height-default elementor-section-height-default\" data-id=\"c6b3e65\" data-element_type=\"section\">\n\t\t\t\t\t\t<div class=\"elementor-container elementor-column-gap-default\">\n\t\t\t\t\t<div class=\"elementor-column elementor-col-50 elementor-top-column elementor-element elementor-element-7c24716\" data-id=\"7c24716\" data-element_type=\"column\">\n\t\t\t<div class=\"elementor-widget-wrap elementor-element-populated\">\n\t\t\t\t\t\t<div class=\"elementor-element elementor-element-d3de655 elementor-widget elementor-widget-image\" data-id=\"d3de655\" data-element_type=\"widget\" data-widget_type=\"image.default\">\n\t\t\t\t<div class=\"elementor-widget-container\">\n\t\t\t\t\t\t\t\t\t\t\t\t\t<img decoding=\"async\" width=\"1024\" height=\"939\" src=\"https:\/\/www.ufsm.br\/app\/uploads\/sites\/786\/2024\/08\/Slide-46-1024x939.png\" class=\"attachment-large size-large wp-image-1857\" alt=\"\" srcset=\"https:\/\/www.ufsm.br\/app\/uploads\/sites\/786\/2024\/08\/Slide-46-1024x939.png 1024w, https:\/\/www.ufsm.br\/app\/uploads\/sites\/786\/2024\/08\/Slide-46-300x275.png 300w, https:\/\/www.ufsm.br\/app\/uploads\/sites\/786\/2024\/08\/Slide-46-768x704.png 768w, https:\/\/www.ufsm.br\/app\/uploads\/sites\/786\/2024\/08\/Slide-46-1536x1408.png 1536w, https:\/\/www.ufsm.br\/app\/uploads\/sites\/786\/2024\/08\/Slide-46.png 1582w\" sizes=\"(max-width: 1024px) 100vw, 1024px\" \/>\t\t\t\t\t\t\t\t\t\t\t\t\t<\/div>\n\t\t\t\t<\/div>\n\t\t\t\t\t<\/div>\n\t\t<\/div>\n\t\t\t\t<div class=\"elementor-column elementor-col-50 elementor-top-column elementor-element elementor-element-61a9ee1\" data-id=\"61a9ee1\" data-element_type=\"column\">\n\t\t\t<div class=\"elementor-widget-wrap elementor-element-populated\">\n\t\t\t\t\t\t<div class=\"elementor-element elementor-element-6720c58 elementor-widget elementor-widget-text-editor\" data-id=\"6720c58\" data-element_type=\"widget\" data-widget_type=\"text-editor.default\">\n\t\t\t\t<div class=\"elementor-widget-container\">\n\t\t\t\t\t\t\t<p dir=\"ltr\" style=\"line-height: 1.284;text-align: justify;margin-top: 0pt;margin-bottom: 0pt\"><span style=\"font-size: 18pt;font-family: 'Times New Roman',serif;color: #000000;background-color: transparent;font-weight: 400;font-style: normal;font-variant: normal;text-decoration: none;vertical-align: baseline\">As rea\u00e7\u00f5es da crian\u00e7a dependem da sua maturidade, seu conhecimento sobre HIV e seu estado de sa\u00fade. Normalmente, a crian\u00e7a n\u00e3o apresenta sentimentos prolongados de culpa ou raiva em rela\u00e7\u00e3o aos familiares. Contudo, quando a comunica\u00e7\u00e3o \u00e9 tardia, a crian\u00e7a pode expressar frustra\u00e7\u00e3o com o adiamento, que por vezes abala sua confian\u00e7a na fam\u00edlia.\u00a0<\/span><\/p><p dir=\"ltr\" style=\"line-height: 1.284;text-align: justify;margin-top: 18pt;margin-bottom: 0pt\"><span style=\"font-size: 18pt;font-family: 'Times New Roman',serif;color: #000000;background-color: transparent;font-weight: 400;font-style: normal;font-variant: normal;text-decoration: none;vertical-align: baseline\">\u00c9 importante que voc\u00ea promova espa\u00e7os de di\u00e1logo, ou consultas compartilhadas entre crian\u00e7a e fam\u00edlia, no intuito de fortalecer seus v\u00ednculos. Estimule a crian\u00e7a a exteriorizar seus sentimentos e questionar sobre seu diagn\u00f3stico de infec\u00e7\u00e3o pelo HIV durante as consultas, a buscar conhecimento e a participar no tratamento. Al\u00e9m disso, incentive-a a realizar planos futuros e projetos de vida (faculdade, emprego, constituir fam\u00edlia).\u00a0<\/span><\/p>\t\t\t\t\t\t<\/div>\n\t\t\t\t<\/div>\n\t\t\t\t\t<\/div>\n\t\t<\/div>\n\t\t\t\t\t<\/div>\n\t\t<\/section>\n\t\t\t\t<section class=\"elementor-section elementor-top-section elementor-element elementor-element-b9bb9f2 elementor-section-boxed elementor-section-height-default elementor-section-height-default\" data-id=\"b9bb9f2\" data-element_type=\"section\">\n\t\t\t\t\t\t<div class=\"elementor-container elementor-column-gap-default\">\n\t\t\t\t\t<div class=\"elementor-column elementor-col-50 elementor-top-column elementor-element elementor-element-482eaa6\" data-id=\"482eaa6\" data-element_type=\"column\">\n\t\t\t<div class=\"elementor-widget-wrap elementor-element-populated\">\n\t\t\t\t\t\t<div class=\"elementor-element elementor-element-dd3199f elementor-widget elementor-widget-image\" data-id=\"dd3199f\" data-element_type=\"widget\" data-widget_type=\"image.default\">\n\t\t\t\t<div class=\"elementor-widget-container\">\n\t\t\t\t\t\t\t\t\t\t\t\t\t<img decoding=\"async\" src=\"https:\/\/www.ufsm.br\/app\/uploads\/sites\/786\/elementor\/thumbs\/Icone-1-1-e1726673221325-quang45t842deax5krugmfx5s33cbnzbfxe0f0b9do.png\" title=\"Icone +\" alt=\"Icone +\" loading=\"lazy\" \/>\t\t\t\t\t\t\t\t\t\t\t\t\t<\/div>\n\t\t\t\t<\/div>\n\t\t\t\t\t<\/div>\n\t\t<\/div>\n\t\t\t\t<div class=\"elementor-column elementor-col-50 elementor-top-column elementor-element elementor-element-390e906\" data-id=\"390e906\" data-element_type=\"column\">\n\t\t\t<div class=\"elementor-widget-wrap elementor-element-populated\">\n\t\t\t\t\t\t<div class=\"elementor-element elementor-element-dcee357 elementor-widget elementor-widget-text-editor\" data-id=\"dcee357\" data-element_type=\"widget\" data-widget_type=\"text-editor.default\">\n\t\t\t\t<div class=\"elementor-widget-container\">\n\t\t\t\t\t\t\t<p><span style=\"color: #000000;font-size: 16px;text-align: justify\">\u00c9 positivo compartilhar experi\u00eancias de pessoas que vivem com HIV que alcan\u00e7aram realiza\u00e7\u00f5es pessoais e profissionais.<\/span><\/p>\t\t\t\t\t\t<\/div>\n\t\t\t\t<\/div>\n\t\t\t\t\t<\/div>\n\t\t<\/div>\n\t\t\t\t\t<\/div>\n\t\t<\/section>\n\t\t\t\t<section class=\"elementor-section elementor-top-section elementor-element elementor-element-25ee23c elementor-section-boxed elementor-section-height-default elementor-section-height-default\" data-id=\"25ee23c\" data-element_type=\"section\">\n\t\t\t\t\t\t<div class=\"elementor-container elementor-column-gap-default\">\n\t\t\t\t\t<div class=\"elementor-column elementor-col-50 elementor-top-column elementor-element elementor-element-0750999\" data-id=\"0750999\" data-element_type=\"column\">\n\t\t\t<div class=\"elementor-widget-wrap elementor-element-populated\">\n\t\t\t\t\t\t<div class=\"elementor-element elementor-element-59341e5 elementor-widget elementor-widget-image\" data-id=\"59341e5\" data-element_type=\"widget\" data-widget_type=\"image.default\">\n\t\t\t\t<div class=\"elementor-widget-container\">\n\t\t\t\t\t\t\t\t\t\t\t\t\t<img decoding=\"async\" width=\"1024\" height=\"968\" src=\"https:\/\/www.ufsm.br\/app\/uploads\/sites\/786\/2024\/08\/Slide-47-1024x968.png\" class=\"attachment-large size-large wp-image-1858\" alt=\"\" srcset=\"https:\/\/www.ufsm.br\/app\/uploads\/sites\/786\/2024\/08\/Slide-47-1024x968.png 1024w, https:\/\/www.ufsm.br\/app\/uploads\/sites\/786\/2024\/08\/Slide-47-300x284.png 300w, https:\/\/www.ufsm.br\/app\/uploads\/sites\/786\/2024\/08\/Slide-47-768x726.png 768w, https:\/\/www.ufsm.br\/app\/uploads\/sites\/786\/2024\/08\/Slide-47.png 1534w\" sizes=\"(max-width: 1024px) 100vw, 1024px\" \/>\t\t\t\t\t\t\t\t\t\t\t\t\t<\/div>\n\t\t\t\t<\/div>\n\t\t\t\t\t<\/div>\n\t\t<\/div>\n\t\t\t\t<div class=\"elementor-column elementor-col-50 elementor-top-column elementor-element elementor-element-a8073f5\" data-id=\"a8073f5\" data-element_type=\"column\">\n\t\t\t<div class=\"elementor-widget-wrap elementor-element-populated\">\n\t\t\t\t\t\t<div class=\"elementor-element elementor-element-862b29b elementor-widget elementor-widget-text-editor\" data-id=\"862b29b\" data-element_type=\"widget\" data-widget_type=\"text-editor.default\">\n\t\t\t\t<div class=\"elementor-widget-container\">\n\t\t\t\t\t\t\t<p dir=\"ltr\" style=\"line-height: 1.2;margin-top: 0pt;margin-bottom: 0pt\"><span style=\"font-size: 18pt;font-family: 'Times New Roman',serif;color: #000000;background-color: transparent;font-weight: 400;font-style: normal;font-variant: normal;text-decoration: none;vertical-align: baseline\">A crian\u00e7a dever\u00e1 ser acompanhada ap\u00f3s ter recebido a comunica\u00e7\u00e3o de sua infec\u00e7\u00e3o pelo HIV. Voc\u00ea poder\u00e1 conduzir a avalia\u00e7\u00e3o p\u00f3s-comunica\u00e7\u00e3o, em dois momentos diferentes:\u00a0<\/span><\/p><p>\u00a0<\/p><ol style=\"margin-top: 0;margin-bottom: 0;padding-inline-start: 48px\"><li dir=\"ltr\" style=\"list-style-type: decimal;font-size: 18pt;font-family: Arial,sans-serif;color: #000000;background-color: transparent;font-weight: 400;font-style: normal;font-variant: normal;text-decoration: none;vertical-align: baseline;margin-left: -9pt\"><p dir=\"ltr\" style=\"line-height: 1.2;margin-top: 10pt;margin-bottom: 0pt\" role=\"presentation\"><span style=\"font-size: 18pt;font-family: 'Times New Roman',serif;color: #000000;background-color: transparent;font-weight: 400;font-style: normal;font-variant: normal;text-decoration: none;vertical-align: baseline\">Para crian\u00e7as que parecem estar adaptadas ao diagn\u00f3stico, o primeiro momento sugerido para avalia\u00e7\u00e3o de acompanhamento \u00e9 em at\u00e9 dois meses ap\u00f3s a comunica\u00e7\u00e3o. Para crian\u00e7as que parecem n\u00e3o estar se adaptando bem ao conhecimento de sua infec\u00e7\u00e3o pelo HIV, o primeiro momento sugerido \u00e9 em at\u00e9 duas semanas ap\u00f3s a comunica\u00e7\u00e3o. Voc\u00ea pode identificar essa dificuldade de adapta\u00e7\u00e3o se a crian\u00e7a chora ou fica quieta ao receber a informa\u00e7\u00e3o. Neste caso, o segundo momento ocorrer\u00e1 ap\u00f3s a constata\u00e7\u00e3o de melhor adapta\u00e7\u00e3o \u00e0 situa\u00e7\u00e3o.\u00a0<\/span><\/p><\/li><li dir=\"ltr\" style=\"list-style-type: decimal;font-size: 18pt;font-family: Arial,sans-serif;color: #000000;background-color: transparent;font-weight: 400;font-style: normal;font-variant: normal;text-decoration: none;vertical-align: baseline;margin-left: -9pt\"><p dir=\"ltr\" style=\"line-height: 1.2;margin-top: 10pt;margin-bottom: 0pt\" role=\"presentation\"><span style=\"font-size: 18pt;font-family: 'Times New Roman',serif;color: #000000;background-color: transparent;font-weight: 400;font-style: normal;font-variant: normal;text-decoration: none;vertical-align: baseline\">O segundo momento sugerido para a avalia\u00e7\u00e3o \u00e9 ap\u00f3s seis meses, quando voc\u00ea revisar\u00e1 a compreens\u00e3o da crian\u00e7a sobre sua condi\u00e7\u00e3o de sa\u00fade. Voc\u00ea poder\u00e1, ainda, explorar quaisquer mudan\u00e7as que tenham ocorrido para as crian\u00e7as e seus cuidadores ap\u00f3s a comunica\u00e7\u00e3o. Retome a discuss\u00e3o do autocuidado de acordo com a maturidade da crian\u00e7a. Para aquelas crian\u00e7as e familiares negativamente afetados pela comunica\u00e7\u00e3o, voc\u00ea precisar\u00e1 discutir estrat\u00e9gias de enfrentamento e fontes de apoio.\u00a0<\/span><\/p><\/li><\/ol>\t\t\t\t\t\t<\/div>\n\t\t\t\t<\/div>\n\t\t\t\t\t<\/div>\n\t\t<\/div>\n\t\t\t\t\t<\/div>\n\t\t<\/section>\n\t\t\t\t<section class=\"elementor-section elementor-top-section elementor-element elementor-element-a907ccf elementor-section-boxed elementor-section-height-default elementor-section-height-default\" data-id=\"a907ccf\" data-element_type=\"section\">\n\t\t\t\t\t\t<div class=\"elementor-container elementor-column-gap-default\">\n\t\t\t\t\t<div class=\"elementor-column elementor-col-50 elementor-top-column elementor-element elementor-element-cbdc33a\" data-id=\"cbdc33a\" data-element_type=\"column\">\n\t\t\t<div class=\"elementor-widget-wrap elementor-element-populated\">\n\t\t\t\t\t\t<div class=\"elementor-element elementor-element-d501532 elementor-widget elementor-widget-image\" data-id=\"d501532\" data-element_type=\"widget\" data-widget_type=\"image.default\">\n\t\t\t\t<div class=\"elementor-widget-container\">\n\t\t\t\t\t\t\t\t\t\t\t\t\t<img decoding=\"async\" src=\"https:\/\/www.ufsm.br\/app\/uploads\/sites\/786\/elementor\/thumbs\/Icone-1-1-e1726673221325-quang45t842deax5krugmfx5s33cbnzbfxe0f0b9do.png\" title=\"Icone +\" alt=\"Icone +\" loading=\"lazy\" \/>\t\t\t\t\t\t\t\t\t\t\t\t\t<\/div>\n\t\t\t\t<\/div>\n\t\t\t\t\t<\/div>\n\t\t<\/div>\n\t\t\t\t<div class=\"elementor-column elementor-col-50 elementor-top-column elementor-element elementor-element-c9ba6e0\" data-id=\"c9ba6e0\" data-element_type=\"column\">\n\t\t\t<div class=\"elementor-widget-wrap elementor-element-populated\">\n\t\t\t\t\t\t<div class=\"elementor-element elementor-element-af748c6 elementor-widget elementor-widget-spacer\" data-id=\"af748c6\" data-element_type=\"widget\" data-widget_type=\"spacer.default\">\n\t\t\t\t<div class=\"elementor-widget-container\">\n\t\t\t\t\t<div class=\"elementor-spacer\">\n\t\t\t<div class=\"elementor-spacer-inner\"><\/div>\n\t\t<\/div>\n\t\t\t\t<\/div>\n\t\t\t\t<\/div>\n\t\t\t\t<div class=\"elementor-element elementor-element-ab267af elementor-widget elementor-widget-text-editor\" data-id=\"ab267af\" data-element_type=\"widget\" data-widget_type=\"text-editor.default\">\n\t\t\t\t<div class=\"elementor-widget-container\">\n\t\t\t\t\t\t\t<p dir=\"ltr\">Algumas crian\u00e7as podem precisar de apoio e orienta\u00e7\u00e3o \u00e0 medida que se tornarem adolescentes.<\/p>\t\t\t\t\t\t<\/div>\n\t\t\t\t<\/div>\n\t\t\t\t\t<\/div>\n\t\t<\/div>\n\t\t\t\t\t<\/div>\n\t\t<\/section>\n\t\t\t\t<section class=\"elementor-section elementor-top-section elementor-element elementor-element-788b733e elementor-section-boxed elementor-section-height-default elementor-section-height-default\" data-id=\"788b733e\" data-element_type=\"section\">\n\t\t\t\t\t\t<div class=\"elementor-container elementor-column-gap-default\">\n\t\t\t\t\t<div class=\"elementor-column elementor-col-100 elementor-top-column elementor-element elementor-element-25f4850\" data-id=\"25f4850\" data-element_type=\"column\">\n\t\t\t<div class=\"elementor-widget-wrap elementor-element-populated\">\n\t\t\t\t\t\t<div class=\"elementor-element elementor-element-2fb7979d elementor-widget elementor-widget-image\" data-id=\"2fb7979d\" data-element_type=\"widget\" data-widget_type=\"image.default\">\n\t\t\t\t<div class=\"elementor-widget-container\">\n\t\t\t\t\t\t\t\t\t\t\t\t\t<img decoding=\"async\" src=\"https:\/\/www.ufsm.br\/app\/uploads\/sites\/786\/elementor\/thumbs\/unnamed-qs8bfqreijb1o7f2nd8lqzpjjptn3bfyq3nl4gfb32.jpg\" title=\"rodap\u00e9\" alt=\"rodap\u00e9\" loading=\"lazy\" \/>\t\t\t\t\t\t\t\t\t\t\t\t\t<\/div>\n\t\t\t\t<\/div>\n\t\t\t\t\t<\/div>\n\t\t<\/div>\n\t\t\t\t\t<\/div>\n\t\t<\/section>\n\t\t\t\t<\/div>\n\t\t","protected":false},"excerpt":{"rendered":"<p>Respostas da crian\u00e7a As rea\u00e7\u00f5es da crian\u00e7a dependem da sua maturidade, seu conhecimento sobre HIV e seu estado de sa\u00fade. Normalmente, a crian\u00e7a n\u00e3o apresenta sentimentos prolongados de culpa ou raiva em rela\u00e7\u00e3o aos familiares. Contudo, quando a comunica\u00e7\u00e3o \u00e9 tardia, a crian\u00e7a pode expressar frustra\u00e7\u00e3o com o adiamento, que por vezes abala sua confian\u00e7a [&hellip;]<\/p>\n","protected":false},"author":8327,"featured_media":0,"parent":0,"menu_order":0,"comment_status":"closed","ping_status":"closed","template":"","meta":{"footnotes":""},"categories":[106],"tags":[],"class_list":["post-1905","page","type-page","status-publish","hentry","category-aprontando-hiv-na-infancia"],"acf":[],"_links":{"self":[{"href":"https:\/\/www.ufsm.br\/pet\/ciencia-da-computacao\/wp-json\/wp\/v2\/pages\/1905","targetHints":{"allow":["GET"]}}],"collection":[{"href":"https:\/\/www.ufsm.br\/pet\/ciencia-da-computacao\/wp-json\/wp\/v2\/pages"}],"about":[{"href":"https:\/\/www.ufsm.br\/pet\/ciencia-da-computacao\/wp-json\/wp\/v2\/types\/page"}],"author":[{"embeddable":true,"href":"https:\/\/www.ufsm.br\/pet\/ciencia-da-computacao\/wp-json\/wp\/v2\/users\/8327"}],"replies":[{"embeddable":true,"href":"https:\/\/www.ufsm.br\/pet\/ciencia-da-computacao\/wp-json\/wp\/v2\/comments?post=1905"}],"version-history":[{"count":0,"href":"https:\/\/www.ufsm.br\/pet\/ciencia-da-computacao\/wp-json\/wp\/v2\/pages\/1905\/revisions"}],"wp:attachment":[{"href":"https:\/\/www.ufsm.br\/pet\/ciencia-da-computacao\/wp-json\/wp\/v2\/media?parent=1905"}],"wp:term":[{"taxonomy":"category","embeddable":true,"href":"https:\/\/www.ufsm.br\/pet\/ciencia-da-computacao\/wp-json\/wp\/v2\/categories?post=1905"},{"taxonomy":"post_tag","embeddable":true,"href":"https:\/\/www.ufsm.br\/pet\/ciencia-da-computacao\/wp-json\/wp\/v2\/tags?post=1905"}],"curies":[{"name":"wp","href":"https:\/\/api.w.org\/{rel}","templated":true}]}}