{"id":1906,"date":"2024-09-22T20:21:46","date_gmt":"2024-09-22T23:21:46","guid":{"rendered":"https:\/\/www.ufsm.br\/pet\/ciencia-da-computacao\/?page_id=1906"},"modified":"2024-09-23T12:36:56","modified_gmt":"2024-09-23T15:36:56","slug":"creditos-aprontando","status":"publish","type":"page","link":"https:\/\/www.ufsm.br\/pet\/ciencia-da-computacao\/creditos-aprontando","title":{"rendered":"Cr\u00e9ditos &#8211; Aprontando"},"content":{"rendered":"\t\t<div data-elementor-type=\"wp-page\" data-elementor-id=\"1906\" class=\"elementor elementor-1906\">\n\t\t\t\t\t\t<section class=\"elementor-section elementor-top-section elementor-element elementor-element-28017bc1 elementor-section-boxed elementor-section-height-default elementor-section-height-default\" data-id=\"28017bc1\" data-element_type=\"section\">\n\t\t\t\t\t\t<div class=\"elementor-container elementor-column-gap-default\">\n\t\t\t\t\t<div class=\"elementor-column elementor-col-100 elementor-top-column elementor-element elementor-element-312eb133\" data-id=\"312eb133\" data-element_type=\"column\">\n\t\t\t<div class=\"elementor-widget-wrap elementor-element-populated\">\n\t\t\t\t\t\t<div class=\"elementor-element elementor-element-70839482 elementor-widget elementor-widget-image\" data-id=\"70839482\" data-element_type=\"widget\" data-widget_type=\"image.default\">\n\t\t\t\t<div class=\"elementor-widget-container\">\n\t\t\t\t\t\t\t\t\t\t\t\t\t<img decoding=\"async\" src=\"https:\/\/www.ufsm.br\/app\/uploads\/sites\/786\/elementor\/thumbs\/Identidade-Visual-Aprontando-qs8gmejn5rcym79jryixp5lv3ipliiyhbyelxqejnq.png\" title=\"Identidade Visual Aprontando\" alt=\"Identidade Visual Aprontando\" loading=\"lazy\" \/>\t\t\t\t\t\t\t\t\t\t\t\t\t<\/div>\n\t\t\t\t<\/div>\n\t\t\t\t\t<\/div>\n\t\t<\/div>\n\t\t\t\t\t<\/div>\n\t\t<\/section>\n\t\t\t\t<section class=\"elementor-section elementor-top-section elementor-element elementor-element-acdda65 elementor-section-boxed elementor-section-height-default elementor-section-height-default\" data-id=\"acdda65\" data-element_type=\"section\">\n\t\t\t\t\t\t<div class=\"elementor-container elementor-column-gap-default\">\n\t\t\t\t\t<div class=\"elementor-column elementor-col-100 elementor-top-column elementor-element elementor-element-5f96c50\" data-id=\"5f96c50\" data-element_type=\"column\">\n\t\t\t<div class=\"elementor-widget-wrap elementor-element-populated\">\n\t\t\t\t\t\t<div class=\"elementor-element elementor-element-bab764a elementor-widget elementor-widget-heading\" data-id=\"bab764a\" data-element_type=\"widget\" data-widget_type=\"heading.default\">\n\t\t\t\t<div class=\"elementor-widget-container\">\n\t\t\t<h2 class=\"elementor-heading-title elementor-size-default\">Cr\u00e9ditos<\/h2>\t\t<\/div>\n\t\t\t\t<\/div>\n\t\t\t\t\t<\/div>\n\t\t<\/div>\n\t\t\t\t\t<\/div>\n\t\t<\/section>\n\t\t\t\t<section class=\"elementor-section elementor-top-section elementor-element elementor-element-2375aad elementor-section-boxed elementor-section-height-default elementor-section-height-default\" data-id=\"2375aad\" data-element_type=\"section\">\n\t\t\t\t\t\t<div class=\"elementor-container elementor-column-gap-default\">\n\t\t\t\t\t<div class=\"elementor-column elementor-col-100 elementor-top-column elementor-element elementor-element-7b777cb\" data-id=\"7b777cb\" data-element_type=\"column\">\n\t\t\t<div class=\"elementor-widget-wrap elementor-element-populated\">\n\t\t\t\t\t\t<div class=\"elementor-element elementor-element-d0163eb elementor-widget elementor-widget-text-editor\" data-id=\"d0163eb\" data-element_type=\"widget\" data-widget_type=\"text-editor.default\">\n\t\t\t\t<div class=\"elementor-widget-container\">\n\t\t\t\t\t\t\t<p dir=\"ltr\" style=\"line-height: 1.2;margin-top: 0pt;margin-bottom: 0pt\"><span style=\"font-size: 18pt;font-family: Arial,sans-serif;color: #1c1c1c;background-color: transparent;font-weight: bold;font-style: normal;font-variant: normal;text-decoration: none;vertical-align: baseline\">Autoras:<\/span><\/p><p dir=\"ltr\" style=\"line-height: 1.2;margin-top: 0pt;margin-bottom: 0pt\"><span style=\"font-size: 18pt;font-family: Arial,sans-serif;color: #1c1c1c;background-color: transparent;font-weight: 400;font-style: normal;font-variant: normal;text-decoration: none;vertical-align: baseline\">Liane Bah\u00fa Machado<\/span><\/p><p dir=\"ltr\" style=\"line-height: 1.2;margin-top: 0pt;margin-bottom: 0pt\"><span style=\"font-size: 18pt;font-family: Arial,sans-serif;color: #1c1c1c;background-color: transparent;font-weight: 400;font-style: normal;font-variant: normal;text-decoration: none;vertical-align: baseline\">Bruna Pase Zanon<\/span><\/p><p dir=\"ltr\" style=\"line-height: 1.2;margin-top: 0pt;margin-bottom: 0pt\"><span style=\"font-size: 18pt;font-family: Arial,sans-serif;color: #1c1c1c;background-color: transparent;font-weight: 400;font-style: normal;font-variant: normal;text-decoration: none;vertical-align: baseline\">Aline Cammarano Ribeiro<\/span><\/p><p dir=\"ltr\" style=\"line-height: 1.2;margin-top: 0pt;margin-bottom: 0pt\"><span style=\"font-size: 18pt;font-family: Arial,sans-serif;color: #1c1c1c;background-color: transparent;font-weight: 400;font-style: normal;font-variant: normal;text-decoration: none;vertical-align: baseline\">Stela Maris de Mello Padoin<\/span><\/p><p dir=\"ltr\" style=\"line-height: 1.2;margin-top: 0pt;margin-bottom: 0pt\"><span style=\"font-size: 18pt;font-family: Arial,sans-serif;color: #1c1c1c;background-color: transparent;font-weight: 400;font-style: normal;font-variant: normal;text-decoration: none;vertical-align: baseline\">Cristiane Cardoso de Paula<\/span><\/p><p><b id=\"docs-internal-guid-5cb7c256-7fff-0c15-7a3a-367b90c145bd\" style=\"font-weight: normal\">\u00a0<\/b><\/p><p dir=\"ltr\" style=\"line-height: 1.2;margin-top: 0pt;margin-bottom: 0pt\"><span style=\"font-size: 18pt;font-family: Arial,sans-serif;color: #1c1c1c;background-color: transparent;font-weight: bold;font-style: normal;font-variant: normal;text-decoration: none;vertical-align: baseline\">Colabora\u00e7\u00e3o:<\/span><\/p><p dir=\"ltr\" style=\"line-height: 1.2;margin-top: 0pt;margin-bottom: 0pt\"><span style=\"font-size: 18pt;font-family: Arial,sans-serif;color: #1c1c1c;background-color: transparent;font-weight: 400;font-style: normal;font-variant: normal;text-decoration: none;vertical-align: baseline\">\u00c9rika Eberline Pacheco dos Santos<\/span><\/p><p dir=\"ltr\" style=\"line-height: 1.2;margin-top: 0pt;margin-bottom: 0pt\"><span style=\"font-size: 18pt;font-family: Arial,sans-serif;color: #1c1c1c;background-color: transparent;font-weight: 400;font-style: normal;font-variant: normal;text-decoration: none;vertical-align: baseline\">Luiza Cremonese<\/span><\/p><p><b style=\"font-weight: normal\">\u00a0<\/b><\/p><p dir=\"ltr\" style=\"line-height: 1.2;margin-top: 0pt;margin-bottom: 0pt\"><span style=\"font-size: 18pt;font-family: Arial,sans-serif;color: #1c1c1c;background-color: transparent;font-weight: bold;font-style: normal;font-variant: normal;text-decoration: none;vertical-align: baseline\">Ilustra\u00e7\u00f5es:<\/span><\/p><p dir=\"ltr\" style=\"line-height: 1.2;margin-top: 0pt;margin-bottom: 0pt\"><span style=\"font-size: 18pt;font-family: Arial,sans-serif;color: #1c1c1c;background-color: transparent;font-weight: 400;font-style: normal;font-variant: normal;text-decoration: none;vertical-align: baseline\">Matheus Tanuri Pascotini<\/span><\/p><p><b style=\"font-weight: normal\">\u00a0<\/b><\/p><p dir=\"ltr\" style=\"line-height: 1.2;margin-top: 0pt;margin-bottom: 0pt\"><span style=\"font-size: 18pt;font-family: Arial,sans-serif;color: #1c1c1c;background-color: transparent;font-weight: bold;font-style: normal;font-variant: normal;text-decoration: none;vertical-align: baseline\">Programa\u00e7\u00e3o do\u00a0<\/span><span style=\"font-size: 18pt;font-family: Arial,sans-serif;color: #1c1c1c;background-color: transparent;font-weight: bold;font-style: italic;font-variant: normal;text-decoration: none;vertical-align: baseline\">website<\/span><span style=\"font-size: 18pt;font-family: Arial,sans-serif;color: #1c1c1c;background-color: transparent;font-weight: bold;font-style: normal;font-variant: normal;text-decoration: none;vertical-align: baseline\">:<\/span><\/p><p dir=\"ltr\" style=\"line-height: 1.2;margin-top: 0pt;margin-bottom: 0pt\"><span style=\"font-size: 18pt;font-family: Arial,sans-serif;color: #1c1c1c;background-color: transparent;font-weight: 400;font-style: normal;font-variant: normal;text-decoration: none;vertical-align: baseline\">Giovani Rubert Librelotto<\/span><\/p><p dir=\"ltr\" style=\"line-height: 1.2;margin-top: 0pt;margin-bottom: 0pt\"><span style=\"font-size: 18pt;font-family: Arial,sans-serif;color: #1c1c1c;background-color: transparent;font-weight: 400;font-style: normal;font-variant: normal;text-decoration: none;vertical-align: baseline\">Deivis Felipe Guerreiro Fagundes<\/span><\/p><p dir=\"ltr\" style=\"line-height: 1.2;margin-top: 0pt;margin-bottom: 0pt\"><span style=\"font-size: 18pt;font-family: Arial,sans-serif;color: #1c1c1c;background-color: transparent;font-weight: 400;font-style: normal;font-variant: normal;text-decoration: none;vertical-align: baseline\">Maria Clara Bohn Silva<\/span><\/p><p dir=\"ltr\" style=\"line-height: 1.2;margin-top: 0pt;margin-bottom: 0pt\"><span style=\"font-size: 18pt;font-family: Arial,sans-serif;color: #1c1c1c;background-color: transparent;font-weight: 400;font-style: normal;font-variant: normal;text-decoration: none;vertical-align: baseline\">Josiane Cristine Aggens<\/span><\/p><p><b style=\"font-weight: normal\">\u00a0<\/b><\/p><p dir=\"ltr\" style=\"line-height: 1.2;margin-top: 0pt;margin-bottom: 0pt\"><span style=\"font-size: 18pt;font-family: Arial,sans-serif;color: #1c1c1c;background-color: transparent;font-weight: bold;font-style: normal;font-variant: normal;text-decoration: none;vertical-align: baseline\">Equipe de revis\u00e3o textual:<\/span><\/p><p dir=\"ltr\" style=\"line-height: 1.2;margin-top: 0pt;margin-bottom: 0pt\"><span style=\"font-size: 18pt;font-family: Arial,sans-serif;color: #1c1c1c;background-color: transparent;font-weight: 400;font-style: normal;font-variant: normal;text-decoration: none;vertical-align: baseline\">Let\u00edcia de Mello Padoin<\/span><\/p><p dir=\"ltr\" style=\"line-height: 1.2;margin-top: 0pt;margin-bottom: 0pt\"><span style=\"font-size: 18pt;font-family: Arial,sans-serif;color: #1c1c1c;background-color: #ffffff;font-weight: 400;font-style: normal;font-variant: normal;text-decoration: none;vertical-align: baseline\">Isabele Corr\u00eaa Vasconcelos Fontes Pereira<\/span><\/p><p><b style=\"font-weight: normal\">\u00a0<\/b><\/p><p dir=\"ltr\" style=\"line-height: 1.2;margin-top: 0pt;margin-bottom: 0pt\"><span style=\"font-size: 18pt;font-family: Arial,sans-serif;color: #1c1c1c;background-color: transparent;font-weight: bold;font-style: normal;font-variant: normal;text-decoration: none;vertical-align: baseline\">Comit\u00ea de especialistas de valida\u00e7\u00e3o da tecnologia:<\/span><\/p><p><b style=\"font-weight: normal\"><br \/><br \/><\/b><\/p><p dir=\"ltr\" style=\"line-height: 1.2;margin-top: 0pt;margin-bottom: 0pt\"><span style=\"font-size: 18pt;font-family: Arial,sans-serif;color: #1c1c1c;background-color: transparent;font-weight: bold;font-style: normal;font-variant: normal;text-decoration: none;vertical-align: baseline\">Esta tecnologia educativa possui registro de obra:<\/span><span style=\"font-size: 18pt;font-family: Arial,sans-serif;color: #1c1c1c;background-color: transparent;font-weight: 400;font-style: normal;font-variant: normal;text-decoration: none;vertical-align: baseline\">\u00a0\u00a0\u00a0\u00a0\u00a0\u00a0\u00a0<\/span><\/p><p dir=\"ltr\" style=\"line-height: 1.2;margin-top: 0pt;margin-bottom: 0pt\"><span style=\"font-size: 18pt;font-family: Arial,sans-serif;color: #1c1c1c;background-color: transparent;font-weight: 400;font-style: normal;font-variant: normal;text-decoration: none;vertical-align: baseline\">\u00a0\u00a0\u00a0\u00a0<\/span><\/p><p><span style=\"font-size: 18pt;font-family: Arial, sans-serif;color: #1c1c1c;background-color: transparent;font-weight: bold;vertical-align: baseline\">Esta tecnologia foi desenvolvida em projeto de pesquisa que contou com apoio de ag\u00eancias de fomento<\/span><span style=\"font-size: 18pt;font-family: Arial, sans-serif;color: #1c1c1c;background-color: transparent;vertical-align: baseline\">:<\/span><\/p>\t\t\t\t\t\t<\/div>\n\t\t\t\t<\/div>\n\t\t\t\t\t<\/div>\n\t\t<\/div>\n\t\t\t\t\t<\/div>\n\t\t<\/section>\n\t\t\t\t<section class=\"elementor-section elementor-top-section elementor-element elementor-element-38f09be9 elementor-section-boxed elementor-section-height-default elementor-section-height-default\" data-id=\"38f09be9\" data-element_type=\"section\">\n\t\t\t\t\t\t<div class=\"elementor-container elementor-column-gap-default\">\n\t\t\t\t\t<div class=\"elementor-column elementor-col-100 elementor-top-column elementor-element elementor-element-38c83d27\" data-id=\"38c83d27\" data-element_type=\"column\">\n\t\t\t<div class=\"elementor-widget-wrap elementor-element-populated\">\n\t\t\t\t\t\t<div class=\"elementor-element elementor-element-4f3df57 elementor-widget elementor-widget-image\" data-id=\"4f3df57\" data-element_type=\"widget\" data-widget_type=\"image.default\">\n\t\t\t\t<div class=\"elementor-widget-container\">\n\t\t\t\t\t\t\t\t\t\t\t\t\t<img decoding=\"async\" src=\"https:\/\/www.ufsm.br\/app\/uploads\/sites\/786\/elementor\/thumbs\/unnamed-qs8bfqreijb1o7f2nd8lqzpjjptn3bfyq3nl4gfb32.jpg\" title=\"rodap\u00e9\" alt=\"rodap\u00e9\" loading=\"lazy\" \/>\t\t\t\t\t\t\t\t\t\t\t\t\t<\/div>\n\t\t\t\t<\/div>\n\t\t\t\t\t<\/div>\n\t\t<\/div>\n\t\t\t\t\t<\/div>\n\t\t<\/section>\n\t\t\t\t<\/div>\n\t\t","protected":false},"excerpt":{"rendered":"<p>Cr\u00e9ditos Autoras: Liane Bah\u00fa Machado Bruna Pase Zanon Aline Cammarano Ribeiro Stela Maris de Mello Padoin Cristiane Cardoso de Paula \u00a0 Colabora\u00e7\u00e3o: \u00c9rika Eberline Pacheco dos Santos Luiza Cremonese \u00a0 Ilustra\u00e7\u00f5es: Matheus Tanuri Pascotini \u00a0 Programa\u00e7\u00e3o do\u00a0website: Giovani Rubert Librelotto Deivis Felipe Guerreiro Fagundes Maria Clara Bohn Silva Josiane Cristine Aggens \u00a0 Equipe de revis\u00e3o [&hellip;]<\/p>\n","protected":false},"author":8327,"featured_media":0,"parent":0,"menu_order":0,"comment_status":"closed","ping_status":"closed","template":"","meta":{"footnotes":""},"categories":[106],"tags":[],"class_list":["post-1906","page","type-page","status-publish","hentry","category-aprontando-hiv-na-infancia"],"acf":[],"_links":{"self":[{"href":"https:\/\/www.ufsm.br\/pet\/ciencia-da-computacao\/wp-json\/wp\/v2\/pages\/1906","targetHints":{"allow":["GET"]}}],"collection":[{"href":"https:\/\/www.ufsm.br\/pet\/ciencia-da-computacao\/wp-json\/wp\/v2\/pages"}],"about":[{"href":"https:\/\/www.ufsm.br\/pet\/ciencia-da-computacao\/wp-json\/wp\/v2\/types\/page"}],"author":[{"embeddable":true,"href":"https:\/\/www.ufsm.br\/pet\/ciencia-da-computacao\/wp-json\/wp\/v2\/users\/8327"}],"replies":[{"embeddable":true,"href":"https:\/\/www.ufsm.br\/pet\/ciencia-da-computacao\/wp-json\/wp\/v2\/comments?post=1906"}],"version-history":[{"count":0,"href":"https:\/\/www.ufsm.br\/pet\/ciencia-da-computacao\/wp-json\/wp\/v2\/pages\/1906\/revisions"}],"wp:attachment":[{"href":"https:\/\/www.ufsm.br\/pet\/ciencia-da-computacao\/wp-json\/wp\/v2\/media?parent=1906"}],"wp:term":[{"taxonomy":"category","embeddable":true,"href":"https:\/\/www.ufsm.br\/pet\/ciencia-da-computacao\/wp-json\/wp\/v2\/categories?post=1906"},{"taxonomy":"post_tag","embeddable":true,"href":"https:\/\/www.ufsm.br\/pet\/ciencia-da-computacao\/wp-json\/wp\/v2\/tags?post=1906"}],"curies":[{"name":"wp","href":"https:\/\/api.w.org\/{rel}","templated":true}]}}