{"id":22,"date":"2019-05-14T17:01:42","date_gmt":"2019-05-14T20:01:42","guid":{"rendered":"https:\/\/www.ufsm.br\/template-laboratprio\/?page_id=22"},"modified":"2023-07-28T18:36:31","modified_gmt":"2023-07-28T21:36:31","slug":"informacoes-gerais","status":"publish","type":"page","link":"https:\/\/www.ufsm.br\/pet\/ciencia-da-computacao\/informacoes-gerais","title":{"rendered":"Sobre"},"content":{"rendered":"\n<div class=\"row\">\n<div class=\"large-7 columns\">\n<div class=\"row text-center\">\n<div class=\"medium-6 columns\"><strong>O que \u00e9 o PET-CC?<\/strong><\/div>\n<div class=\"medium-5 columns\">\n<div class=\"background b11\">\u00a0<\/div>\n<\/div>\n<\/div>\n<div class=\"row\">\n<div class=\"small-11 columns text-justify\">O PET Ci\u00eancia da Computa\u00e7\u00e3o \u00e9 um dos grupos da UFSM do Programa de Ensino Tutorial (PET), promovido pelo MEC. Realizamos atividades em tr\u00eas \u00e1reas principais: ensino, pesquisa e extens\u00e3o. O grupo \u00e9 composto por 17 alunos, 1 aluno colaborador e 1 tutor, todos participantes do curso de Ci\u00eancia da Computa\u00e7\u00e3o da Universidade Federal de Santa Maria.<br \/><br \/>O PET-CC localiza-se na sala 340, 3\u00ba andar do Centro de Tecnologia da UFSM. Voc\u00ea tamb\u00e9m pode entrar em contato com a gente pelo email petcc@googlegroups.com.<\/div>\n<div>\u00a0<\/div>\n<\/div>\n<\/div>\n<div class=\"large-5 columns\">\n<div class=\"row text-center\">\n<div class=\"small-12 columns\"><strong>Objetivos do grupo:<\/strong><\/div>\n<div>\u00a0<\/div>\n<\/div>\n<div class=\"row\">\n<div class=\"small-12 columns small-centered text-justify\">O PET-CC busca aumentar e intensificar as experi\u00eancias profissionais e acad\u00eamicas de seus integrantes.<br \/><br \/>E, al\u00e9m disso, promover o desenvolvimento do curso no qual est\u00e1 inserido, atrav\u00e9s da organiza\u00e7\u00e3o de eventos e cursos que coloquem em pr\u00e1tica as diretrizes almejadas pelo pr\u00f3prio PET CC, como crescimento profissional, acad\u00eamico e desenvolvimento do senso cr\u00edtico.<\/div>\n<\/div>\n<\/div>\n<\/div>\n<div>\u00a0<\/div>\n<div>\n<div><strong>Quer entender mais sobre o curso?<\/strong><\/div>\n<div>\u00a0<\/div>\n<div><a href=\"https:\/\/www.ufsm.br\/pro-reitorias\/prograd\/pet\/ciencias-da-computacao\/wp-content\/uploads\/sites\/786\/2020\/01\/cc-3.pptx\">Clique aqui<\/a> para fazer o download da apresenta\u00e7\u00e3o\u00a0<\/div>\n<\/div>\n","protected":false},"excerpt":{"rendered":"<p>O que \u00e9 o PET-CC? \u00a0 O PET Ci\u00eancia da Computa\u00e7\u00e3o \u00e9 um dos grupos da UFSM do Programa de Ensino Tutorial (PET), promovido pelo MEC. Realizamos atividades em tr\u00eas \u00e1reas principais: ensino, pesquisa e extens\u00e3o. O grupo \u00e9 composto por 17 alunos, 1 aluno colaborador e 1 tutor, todos participantes do curso de Ci\u00eancia [&hellip;]<\/p>\n","protected":false},"author":8,"featured_media":0,"parent":0,"menu_order":0,"comment_status":"closed","ping_status":"closed","template":"","meta":{"footnotes":""},"categories":[85],"tags":[],"class_list":["post-22","page","type-page","status-publish","hentry","category-estrutura"],"acf":[],"_links":{"self":[{"href":"https:\/\/www.ufsm.br\/pet\/ciencia-da-computacao\/wp-json\/wp\/v2\/pages\/22","targetHints":{"allow":["GET"]}}],"collection":[{"href":"https:\/\/www.ufsm.br\/pet\/ciencia-da-computacao\/wp-json\/wp\/v2\/pages"}],"about":[{"href":"https:\/\/www.ufsm.br\/pet\/ciencia-da-computacao\/wp-json\/wp\/v2\/types\/page"}],"author":[{"embeddable":true,"href":"https:\/\/www.ufsm.br\/pet\/ciencia-da-computacao\/wp-json\/wp\/v2\/users\/8"}],"replies":[{"embeddable":true,"href":"https:\/\/www.ufsm.br\/pet\/ciencia-da-computacao\/wp-json\/wp\/v2\/comments?post=22"}],"version-history":[{"count":0,"href":"https:\/\/www.ufsm.br\/pet\/ciencia-da-computacao\/wp-json\/wp\/v2\/pages\/22\/revisions"}],"wp:attachment":[{"href":"https:\/\/www.ufsm.br\/pet\/ciencia-da-computacao\/wp-json\/wp\/v2\/media?parent=22"}],"wp:term":[{"taxonomy":"category","embeddable":true,"href":"https:\/\/www.ufsm.br\/pet\/ciencia-da-computacao\/wp-json\/wp\/v2\/categories?post=22"},{"taxonomy":"post_tag","embeddable":true,"href":"https:\/\/www.ufsm.br\/pet\/ciencia-da-computacao\/wp-json\/wp\/v2\/tags?post=22"}],"curies":[{"name":"wp","href":"https:\/\/api.w.org\/{rel}","templated":true}]}}