{"id":67,"date":"2020-01-24T08:45:18","date_gmt":"2020-01-24T11:45:18","guid":{"rendered":"https:\/\/www.ufsm.br\/pro-reitorias\/prograd\/pet\/ciencias-da-computacao\/?page_id=67"},"modified":"2023-07-28T18:39:28","modified_gmt":"2023-07-28T21:39:28","slug":"apresentacao-pet","status":"publish","type":"page","link":"https:\/\/www.ufsm.br\/pet\/ciencia-da-computacao\/apresentacao-pet","title":{"rendered":"Apresenta\u00e7\u00e3o PET"},"content":{"rendered":"\n<p>O PET \u00e9 desenvolvido por grupos de estudantes, com tutoria de um docente, organizados a partir de forma\u00e7\u00f5es em n\u00edvel de gradua\u00e7\u00e3o nas Institui\u00e7\u00f5es de Ensino Superior do Pa\u00eds orientados pelo princ\u00edpio da indissociabilidade entre ensino, pesquisa e extens\u00e3o e da educa\u00e7\u00e3o tutorial.<\/p>\n<p>O grupo PET, uma vez criado, mant\u00e9m suas atividades por tempo indeterminado. No entanto, os seus membros possuem um tempo m\u00e1ximo de v\u00ednculo: ao bolsista de gradua\u00e7\u00e3o \u00e9 permitida a perman\u00eancia at\u00e9 a conclus\u00e3o da sua gradua\u00e7\u00e3o e, ao tutor, por um per\u00edodo de, no m\u00e1ximo, seis anos, desde que obedecidas as normas do Programa.<\/p>\n<ul>\n<li><strong>N\u00famero de grupos:<\/strong>\u00a0atualmente o PET conta com 842 grupos distribu\u00eddos entre 121 IES<\/li>\n<li><strong>Sistema:<\/strong>\u00a0Para acessar o sistema do PET:\u00a0<a href=\"http:\/\/sigpet.mec.gov.br\/\">clique aqui<\/a><\/li>\n<li><strong>D\u00favidas:<\/strong>\u00a0Para d\u00favidas sobre o PET, acesse o nosso\u00a0<a href=\"http:\/\/mec.cube.call.inf.br\/auto-atendimento\/navegacao-informacoes\/#\/Mjg0MiwyODQ2\">Fale Conosco<\/a><\/li>\n<\/ul>\n<p>Caso deseje atendimento por telefone, o n\u00famero da nossa Central de Atendimento \u00e9 0800 616161.<\/p>\n","protected":false},"excerpt":{"rendered":"<p>O PET \u00e9 desenvolvido por grupos de estudantes, com tutoria de um docente, organizados a partir de forma\u00e7\u00f5es em n\u00edvel de gradua\u00e7\u00e3o nas Institui\u00e7\u00f5es de Ensino Superior do Pa\u00eds orientados pelo princ\u00edpio da indissociabilidade entre ensino, pesquisa e extens\u00e3o e da educa\u00e7\u00e3o tutorial. O grupo PET, uma vez criado, mant\u00e9m suas atividades por tempo indeterminado. [&hellip;]<\/p>\n","protected":false},"author":2223,"featured_media":0,"parent":0,"menu_order":0,"comment_status":"closed","ping_status":"closed","template":"","meta":{"footnotes":""},"categories":[85],"tags":[],"class_list":["post-67","page","type-page","status-publish","hentry","category-estrutura"],"acf":[],"_links":{"self":[{"href":"https:\/\/www.ufsm.br\/pet\/ciencia-da-computacao\/wp-json\/wp\/v2\/pages\/67","targetHints":{"allow":["GET"]}}],"collection":[{"href":"https:\/\/www.ufsm.br\/pet\/ciencia-da-computacao\/wp-json\/wp\/v2\/pages"}],"about":[{"href":"https:\/\/www.ufsm.br\/pet\/ciencia-da-computacao\/wp-json\/wp\/v2\/types\/page"}],"author":[{"embeddable":true,"href":"https:\/\/www.ufsm.br\/pet\/ciencia-da-computacao\/wp-json\/wp\/v2\/users\/2223"}],"replies":[{"embeddable":true,"href":"https:\/\/www.ufsm.br\/pet\/ciencia-da-computacao\/wp-json\/wp\/v2\/comments?post=67"}],"version-history":[{"count":0,"href":"https:\/\/www.ufsm.br\/pet\/ciencia-da-computacao\/wp-json\/wp\/v2\/pages\/67\/revisions"}],"wp:attachment":[{"href":"https:\/\/www.ufsm.br\/pet\/ciencia-da-computacao\/wp-json\/wp\/v2\/media?parent=67"}],"wp:term":[{"taxonomy":"category","embeddable":true,"href":"https:\/\/www.ufsm.br\/pet\/ciencia-da-computacao\/wp-json\/wp\/v2\/categories?post=67"},{"taxonomy":"post_tag","embeddable":true,"href":"https:\/\/www.ufsm.br\/pet\/ciencia-da-computacao\/wp-json\/wp\/v2\/tags?post=67"}],"curies":[{"name":"wp","href":"https:\/\/api.w.org\/{rel}","templated":true}]}}