{"id":746,"date":"2022-06-19T21:51:08","date_gmt":"2022-06-20T00:51:08","guid":{"rendered":"https:\/\/www.ufsm.br\/pet\/ciencia-da-computacao\/?page_id=746"},"modified":"2023-04-11T07:38:32","modified_gmt":"2023-04-11T10:38:32","slug":"leite-de-vaca-leite-liquido","status":"publish","type":"page","link":"https:\/\/www.ufsm.br\/pet\/ciencia-da-computacao\/leite-de-vaca-leite-liquido","title":{"rendered":"Leite de vaca"},"content":{"rendered":"\n<div class=\"wp-block-media-text alignwide is-stacked-on-mobile\" style=\"grid-template-columns:30% auto\"><figure class=\"wp-block-media-text__media\"><img fetchpriority=\"high\" decoding=\"async\" width=\"600\" height=\"600\" src=\"https:\/\/www.ufsm.br\/app\/uploads\/sites\/786\/2022\/05\/40.png\" alt=\"\" class=\"wp-image-625 size-full\" srcset=\"https:\/\/www.ufsm.br\/app\/uploads\/sites\/786\/2022\/05\/40.png 600w, https:\/\/www.ufsm.br\/app\/uploads\/sites\/786\/2022\/05\/40-300x300.png 300w, https:\/\/www.ufsm.br\/app\/uploads\/sites\/786\/2022\/05\/40-150x150.png 150w\" sizes=\"(max-width: 600px) 100vw, 600px\" \/><\/figure><div class=\"wp-block-media-text__content\">\n<p class=\"has-medium-font-size\">O leite de vaca integral tamb\u00e9m \u00e9 chamado de \u201cleite de caixinha\u201d ou \u201cleite de saquinho\u201d ou \u201cdo leiteiro\u201d. A composi\u00e7\u00e3o do leite de vaca n\u00e3o \u00e9 adequada para a crian\u00e7a menor de 12 meses. <\/p>\n\n\n\n<p class=\"has-medium-font-size\">Por isso, voc\u00ea deve procurar um profissional de sa\u00fade para receber orienta\u00e7\u00f5es sobre a necessidade de suplementa\u00e7\u00e3o de vitaminas e minerais.<\/p>\n<\/div><\/div>\n\n\n\n\n\n<div class=\"wp-block-buttons is-content-justification-right is-layout-flex wp-container-core-buttons-is-layout-765c4724 wp-block-buttons-is-layout-flex\">\n<div class=\"wp-block-button\"><a class=\"wp-block-button__link wp-element-button\" href=\"https:\/\/www.ufsm.br\/pet\/ciencia-da-computacao\/voce-sabia-que-a-crianca-alimentada-com-leite-de-vaca-precisa-receber-suplementacao-de-vitaminas-e-minerais\/\">Pr\u00f3xima pergunta<\/a><\/div>\n<\/div>\n\n\n\n\n\n<p><br> <\/p>\n\n\n<div class=\"wp-block-image\">\n<figure class=\"aligncenter size-full is-resized\"><img decoding=\"async\" src=\"https:\/\/www.ufsm.br\/app\/uploads\/sites\/786\/2023\/04\/cabecalho-12.jpg\" alt=\"\" class=\"wp-image-1283\" width=\"518\" height=\"99\" srcset=\"https:\/\/www.ufsm.br\/app\/uploads\/sites\/786\/2023\/04\/cabecalho-12.jpg 691w, https:\/\/www.ufsm.br\/app\/uploads\/sites\/786\/2023\/04\/cabecalho-12-300x57.jpg 300w\" sizes=\"(max-width: 518px) 100vw, 518px\" \/><\/figure>\n<\/div>\n\n\n<p class=\"has-text-align-right has-medium-font-size\"><a href=\"https:\/\/www.ufsm.br\/pet\/ciencia-da-computacao\/sumario\" data-type=\"URL\" data-id=\"https:\/\/www.ufsm.br\/pet\/ciencia-da-computacao\/sumario\">SUM\u00c1RIO<\/a><\/p>\n","protected":false},"excerpt":{"rendered":"<p>O leite de vaca integral tamb\u00e9m \u00e9 chamado de \u201cleite de caixinha\u201d ou \u201cleite de saquinho\u201d ou \u201cdo leiteiro\u201d. A composi\u00e7\u00e3o do leite de vaca n\u00e3o \u00e9 adequada para a crian\u00e7a menor de 12 meses. Por isso, voc\u00ea deve procurar um profissional de sa\u00fade para receber orienta\u00e7\u00f5es sobre a necessidade de suplementa\u00e7\u00e3o de vitaminas e [&hellip;]<\/p>\n","protected":false},"author":4887,"featured_media":0,"parent":0,"menu_order":0,"comment_status":"closed","ping_status":"closed","template":"","meta":{"footnotes":""},"categories":[],"tags":[],"class_list":["post-746","page","type-page","status-publish","hentry"],"acf":[],"_links":{"self":[{"href":"https:\/\/www.ufsm.br\/pet\/ciencia-da-computacao\/wp-json\/wp\/v2\/pages\/746","targetHints":{"allow":["GET"]}}],"collection":[{"href":"https:\/\/www.ufsm.br\/pet\/ciencia-da-computacao\/wp-json\/wp\/v2\/pages"}],"about":[{"href":"https:\/\/www.ufsm.br\/pet\/ciencia-da-computacao\/wp-json\/wp\/v2\/types\/page"}],"author":[{"embeddable":true,"href":"https:\/\/www.ufsm.br\/pet\/ciencia-da-computacao\/wp-json\/wp\/v2\/users\/4887"}],"replies":[{"embeddable":true,"href":"https:\/\/www.ufsm.br\/pet\/ciencia-da-computacao\/wp-json\/wp\/v2\/comments?post=746"}],"version-history":[{"count":0,"href":"https:\/\/www.ufsm.br\/pet\/ciencia-da-computacao\/wp-json\/wp\/v2\/pages\/746\/revisions"}],"wp:attachment":[{"href":"https:\/\/www.ufsm.br\/pet\/ciencia-da-computacao\/wp-json\/wp\/v2\/media?parent=746"}],"wp:term":[{"taxonomy":"category","embeddable":true,"href":"https:\/\/www.ufsm.br\/pet\/ciencia-da-computacao\/wp-json\/wp\/v2\/categories?post=746"},{"taxonomy":"post_tag","embeddable":true,"href":"https:\/\/www.ufsm.br\/pet\/ciencia-da-computacao\/wp-json\/wp\/v2\/tags?post=746"}],"curies":[{"name":"wp","href":"https:\/\/api.w.org\/{rel}","templated":true}]}}